{"id":1007,"date":"2017-10-09T18:05:47","date_gmt":"2017-10-09T16:05:47","guid":{"rendered":"https:\/\/excellemd.com\/en\/?page_id=1007"},"modified":"2020-01-22T16:55:14","modified_gmt":"2020-01-22T15:55:14","slug":"paediatrics","status":"publish","type":"page","link":"https:\/\/excellemd.com\/en\/paediatrics\/","title":{"rendered":"Paediatrics"},"content":{"rendered":"<p>[vc_row][vc_column width=&#8221;1\/2&#8243;]<div id=\"ultimate-heading-699769d4a16c2513b\" class=\"uvc-heading ult-adjust-bottom-margin ultimate-heading-699769d4a16c2513b uvc-8020 \" data-hspacer=\"line_only\"  data-halign=\"center\" style=\"text-align:center\"><div class=\"uvc-main-heading ult-responsive\"  data-ultimate-target='.uvc-heading.ultimate-heading-699769d4a16c2513b h2'  data-responsive-json-new='{\"font-size\":\"desktop:30px;\",\"line-height\":\"desktop:60px;\"}' ><h2 style=\"font-family:&#039;Open Sans&#039;;font-weight:700;\">Paediatrics<\/h2><\/div><div class=\"uvc-heading-spacer line_only\" style=\"topheight:5px;\"><span class=\"uvc-headings-line\" style=\"border-style:solid;border-bottom-width:5px;border-color:#0288d1;width:200px;\"><\/span><\/div><\/div>[vc_column_text]Your child is sick and you need a consultation for a minor emergency? Or you simply are looking for a family doctor who can follow-up of your newborn, your child or your teenager? In addition to the overall care and <a href=\"https:\/\/excellemd.com\/en\/adhd\/\">ADHD <\/a>follow-up, <b style=\"color: #0288d1;\">Excelle<\/b><b style=\"color: red;\">MD<\/b> private clinic offers quick access to quality paediatric medical services. To make it easier and faster we can simultaneously offer vaccination during your appointment. Rest assure that your child\u2019s health will be the priority of our experienced medical team.[\/vc_column_text][\/vc_column][vc_column width=&#8221;1\/2&#8243;][vc_single_image image=&#8221;6192&#8243; img_size=&#8221;full&#8221;][\/vc_column][\/vc_row][vc_row][vc_column][vc_column_text]<div  class=\"vc_row wpb_row vc_row-fluid vc_custom_1464893324072 ult-vc-hide-row vc_row-has-fill\"\n     id=\"div_003d_0\" data-rtl=\"false\" data-row-effect-mobile-disable=\"true\">\n    <div class=\"upb_row_bg\" data-upb_br_animation=\"\"\n         id=\"div_003d_1\"\n         data-bg-override=\"full\"><\/div>\n    <div class=\"wpb_column vc_column_container vc_col-sm-12\">\n        <div class=\"vc_column-inner \">\n            <div class=\"wpb_wrapper\">\n                <div class=\"vc_row wpb_row vc_inner vc_row-fluid\">\n                    <div class=\"wpb_column vc_column_container vc_col-sm-12\">\n                        <div class=\"vc_column-inner \">\n                            <div class=\"wpb_wrapper\">\n                                <div id=\"ultimate-heading-1488584ea3a96d262\"\n                                     class=\"uvc-heading ult-adjust-bottom-margin ultimate-heading-1488584ea3a96d262 uvc-6023 \"\n                                     data-hspacer=\"no_spacer\" data-halign=\"center\">\n                                    <div class=\"uvc-heading-spacer no_spacer\" id=\"div_003d_2\"><\/div>\n                                    <div class=\"uvc-main-heading ult-responsive\"\n                                         data-ultimate-target=\".uvc-heading.ultimate-heading-1488584ea3a96d262 h2\"\n                                         data-responsive-json-new=\"{&quot;font-size&quot;:&quot;desktop:45px;&quot;,&quot;line-height&quot;:&quot;desktop:48px;&quot;}\">\n                                        <h2 id=\"h2_003d_0\">AVOID WAITING AND MAKE AN APPOINTMENT TO OBTAIN THE SERVICES YOU NEED<\/h2><\/div>\n                                <\/div>\n                                <div class=\" vc_custom_1468422110816 ubtn-ctn-center \"><a\n                                        class=\"ubtn-link ult-adjust-bottom-margin ubtn-center ubtn-normal \"\n                                        href=\"https:\/\/clients3.clicsante.ca\/65565\/take-appt\" target=\"_blank\">\n                                        <button type=\"button\" id=\"ubtn-7057\"\n                                                class=\"ubtn ult-adjust-bottom-margin ult-responsive ubtn-normal ubtn-no-hover-bg  none  ubtn-sep-icon ubtn-sep-icon-right-push  ubtn-center   tooltip-584ea3a96d759\"\n                                                data-hover=\"\" data-border-color=\"\" data-bg=\"#efefef\" data-hover-bg=\"\"\n                                                data-border-hover=\"\" data-shadow-hover=\"\" data-shadow-click=\"none\"\n                                                data-shadow=\"\" data-shd-shadow=\"\" data-ultimate-target=\"#ubtn-7057\"\n                                                data-responsive-json-new=\"{&quot;font-size&quot;:&quot;desktop:25px;&quot;,&quot;line-height&quot;:&quot;&quot;}\"\n                                        >\n                                            <span class=\"ubtn-data ubtn-icon\"><i class=\"Defaults-angle-right\"\n                                                                                 id=\"i_003d_0\"><\/i><\/span><span\n                                                class=\"ubtn-hover\" id=\"span_003d_0\"><\/span><span\n                                                class=\"ubtn-data ubtn-text \">MAKE AN APPOINTMENT<\/span><\/button>\n                                    <\/a><\/div>\n                            <\/div>\n                        <\/div>\n                    <\/div>\n                <\/div>\n            <\/div>\n        <\/div>\n    <\/div>\n<\/div>\n<!--div class=\"vc_row wpb_row vc_row-fluid vc_custom_1464893324072 ult-vc-hide-row vc_row-has-fill\"\n     id=\"div_003d_3\" data-rtl=\"false\" data-row-effect-mobile-disable=\"true\">\n\n    <div class=\"upb_row_bg\" data-upb_br_animation=\"\"\n         id=\"div_003d_4\"\n         data-bg-override=\"full\">\n\n        <div id=\"map1\"><\/div>\n    <\/div>\n<\/div-->\n<style>\n    .page-id-466 #div_003d_0,.page-id-133 #div_003d_0{\n        display: none;\n    }\n    #map1{\n        width: 100%;\n        height: 400px;\n    }\n    #div_003d_0 {\n        position: relative;\n        margin-bottom: 0px !important;\n        padding-top: 60px !important;\n        padding-bottom: 60px !important;\n    }\n\n    #div_003d_1 {\n        background: -webkit-linear-gradient(left, rgb(93, 179, 226) 0%, rgb(2, 110, 168) 57%);\n    }\n\n    #ultimate-heading-1488584ea3a96d262 {\n        text-align: center\n    }\n\n    #h2_003d_0 {\n        font-family: 'Open Sans';\n        font-weight: 700;\n        color: #ffffff;\n    }\n\n    #ubtn-7057 {\n        font-family: 'Open Sans';\n        font-weight: 700;\n        border: none;\n        background: #efefef;\n        color: #1e73be;\n    }\n\n    #i_003d_0 {\n        font-size: 50px;\n    }\n\n    #div_003d_3 {\n        position: relative;\n        height: 365px;\n    }\n#div_003d_4{\n    overflow: visible;\n}\n\n    #iframe_003d_0 {\n        border: 0;\n    }\n\n<\/style>\n<script src=\"https:\/\/maps.googleapis.com\/maps\/api\/js?key=AIzaSyBiZUYaoYcd-tfJ4ZTnAO7pP-HYGanWnAM\"><\/script>\n<!--script>\n    function init() {\n        var points = new google.maps.LatLng(45.567876, -73.912213);\n        var points1 = new google.maps.LatLng(45.5323839, -73.6540517);\n        var styles = [\n            {\n                \"stylers\": [\n                    {\"visibility\": \"on\"},\n                    {\"hue\": \"#29369f\"}\n                ]\n            }\n        ];\n        var bound = new google.maps.LatLngBounds();\n\n        bound.extend(points);\n        bound.extend(points1);\n        var mapOptions1 = {\n            scrollwheel: false,\n            \/\/ How zoomed in you want the map to start at (always required)\n            zoom: 10,\n            center: bound.getCenter(), \/\/ New York\n            \/\/ This is where you would paste any style found on Snazzy Maps.\n\/\/            styles: styles\n        };\n        var infowindow = new google.maps.InfoWindow({\n            content:  '<h1 >Clinique de Montr\u00e9al<\/h1>'+\n            '<div id=\"bodyContent\">'+\n            '<div> 9001 Boulevard de l\u2019Acadie, Suite 101<br\/>'+\n        'Montr\u00e9al, QC<br\/>'+\n        'H4N 3H5<br\/><br\/>'+\n        '<span class=\"enpages\">Phone<\/span> <span class=\"frpages\">T\u00e9l\u00e9phone<\/span>: 514-482-8111<br\/>'+\n        '<span class=\"enpages\">Fax<\/span> <span class=\"frpages\">T\u00e9l\u00e9copieur<\/span>: 450-473-1034<br\/>'+\n            'info@excellemd.com<br\/><\/div><\/div>'\n        });\n        var infowindow1 = new google.maps.InfoWindow({\n            content:  '<h1 >Clinique de Saint-Eustache<\/h1>'+\n            '<div id=\"bodyContent\">'+\n            '<div>460, rue du Parc suite #101<br\/>'+\t\t\t\n            'Saint-Eustache, QC<br\/>'+\n            'J7R 0C9<br\/><br\/>'+\n            '<span class=\"enpages\">Phone<\/span> <span class=\"frpages\">T\u00e9l\u00e9phone<\/span>: (450) 735-8111<br\/>'+\n        '<span class=\"enpages\">Fax<\/span> <span class=\"frpages\">T\u00e9l\u00e9copieur<\/span>: (450) 473-1034<br\/>'+\n        'info@excellemd.com<br\/><\/div>'+\n            '<\/div>'\n        });\n        \/\/ Create the Google Map using our element and options defined above\n        var map1 = new google.maps.Map(document.getElementById('map1'), mapOptions1);\n\n        \/\/ Let's also add a marker while we're at it\n        var marker=new google.maps.Marker({\n            position: points,\n            map: map1\n        })\n        marker.addListener('click', function() {\n            infowindow1.open(map1, marker);\n        });\n        var marker1=new google.maps.Marker({\n            position: points1,\n            map: map1\n        })\n        marker1.addListener('click', function() {\n            infowindow.open(map1, marker1);\n        });\n    }\n\n    \/\/ When the window has finished loading create our google map below\n    google.maps.event.addDomListener(window, 'load', init);\n<\/script-->[\/vc_column_text][\/vc_column][\/vc_row]<\/p>\n","protected":false},"excerpt":{"rendered":"<p>[vc_row][vc_column width=&#8221;1\/2&#8243;][vc_column_text]Your child is sick and you need a consultation for a minor emergency? Or you simply are looking for a family doctor who can follow-up [&hellip;]<\/p>\n","protected":false},"author":8,"featured_media":0,"parent":0,"menu_order":0,"comment_status":"closed","ping_status":"closed","template":"","meta":{"_acf_changed":false,"_kad_blocks_custom_css":"","_kad_blocks_head_custom_js":"","_kad_blocks_body_custom_js":"","_kad_blocks_footer_custom_js":"","footnotes":""},"class_list":["post-1007","page","type-page","status-publish","hentry"],"acf":[],"yoast_head":"<!-- This site is optimized with the Yoast SEO plugin v27.3 - https:\/\/yoast.com\/product\/yoast-seo-wordpress\/ -->\n<title>Paediatrics - Excelle MD<\/title>\n<meta name=\"robots\" content=\"index, follow, max-snippet:-1, max-image-preview:large, max-video-preview:-1\" \/>\n<link rel=\"canonical\" href=\"https:\/\/excellemd.com\/en\/paediatrics\/\" \/>\n<meta property=\"og:locale\" content=\"en_US\" \/>\n<meta property=\"og:type\" content=\"article\" \/>\n<meta property=\"og:title\" content=\"Paediatrics - Excelle MD\" \/>\n<meta property=\"og:description\" content=\"[vc_row][vc_column width=&#8221;1\/2&#8243;][vc_column_text]Your child is sick and you need a consultation for a minor emergency? Or you simply are looking for a family doctor who can follow-up [&hellip;]\" \/>\n<meta property=\"og:url\" content=\"https:\/\/excellemd.com\/en\/paediatrics\/\" \/>\n<meta property=\"og:site_name\" content=\"Excelle MD\" \/>\n<meta property=\"article:modified_time\" content=\"2020-01-22T15:55:14+00:00\" \/>\n<meta name=\"twitter:card\" content=\"summary_large_image\" \/>\n<meta name=\"twitter:label1\" content=\"Est. reading time\" \/>\n\t<meta name=\"twitter:data1\" content=\"1 minute\" \/>\n<script type=\"application\/ld+json\" class=\"yoast-schema-graph\">{\"@context\":\"https:\\\/\\\/schema.org\",\"@graph\":[{\"@type\":\"WebPage\",\"@id\":\"https:\\\/\\\/excellemd.com\\\/en\\\/paediatrics\\\/\",\"url\":\"https:\\\/\\\/excellemd.com\\\/en\\\/paediatrics\\\/\",\"name\":\"Paediatrics - Excelle MD\",\"isPartOf\":{\"@id\":\"https:\\\/\\\/excellemd.com\\\/#website\"},\"datePublished\":\"2017-10-09T16:05:47+00:00\",\"dateModified\":\"2020-01-22T15:55:14+00:00\",\"breadcrumb\":{\"@id\":\"https:\\\/\\\/excellemd.com\\\/en\\\/paediatrics\\\/#breadcrumb\"},\"inLanguage\":\"en-US\",\"potentialAction\":[{\"@type\":\"ReadAction\",\"target\":[\"https:\\\/\\\/excellemd.com\\\/en\\\/paediatrics\\\/\"]}]},{\"@type\":\"BreadcrumbList\",\"@id\":\"https:\\\/\\\/excellemd.com\\\/en\\\/paediatrics\\\/#breadcrumb\",\"itemListElement\":[{\"@type\":\"ListItem\",\"position\":1,\"name\":\"Accueil\",\"item\":\"https:\\\/\\\/excellemd.com\\\/en\\\/\"},{\"@type\":\"ListItem\",\"position\":2,\"name\":\"Paediatrics\"}]},{\"@type\":\"WebSite\",\"@id\":\"https:\\\/\\\/excellemd.com\\\/#website\",\"url\":\"https:\\\/\\\/excellemd.com\\\/\",\"name\":\"Excelle MD\",\"description\":\"une clinique priv\u00e9e, qui offre \u00e0 leur client\u00e8le des soins m\u00e9dicaux rapides d\u2019acc\u00e8s\",\"potentialAction\":[{\"@type\":\"SearchAction\",\"target\":{\"@type\":\"EntryPoint\",\"urlTemplate\":\"https:\\\/\\\/excellemd.com\\\/?s={search_term_string}\"},\"query-input\":{\"@type\":\"PropertyValueSpecification\",\"valueRequired\":true,\"valueName\":\"search_term_string\"}}],\"inLanguage\":\"en-US\"}]}<\/script>\n<!-- \/ Yoast SEO plugin. -->","yoast_head_json":{"title":"Paediatrics - Excelle MD","robots":{"index":"index","follow":"follow","max-snippet":"max-snippet:-1","max-image-preview":"max-image-preview:large","max-video-preview":"max-video-preview:-1"},"canonical":"https:\/\/excellemd.com\/en\/paediatrics\/","og_locale":"en_US","og_type":"article","og_title":"Paediatrics - Excelle MD","og_description":"[vc_row][vc_column width=&#8221;1\/2&#8243;][vc_column_text]Your child is sick and you need a consultation for a minor emergency? Or you simply are looking for a family doctor who can follow-up [&hellip;]","og_url":"https:\/\/excellemd.com\/en\/paediatrics\/","og_site_name":"Excelle MD","article_modified_time":"2020-01-22T15:55:14+00:00","twitter_card":"summary_large_image","twitter_misc":{"Est. reading time":"1 minute"},"schema":{"@context":"https:\/\/schema.org","@graph":[{"@type":"WebPage","@id":"https:\/\/excellemd.com\/en\/paediatrics\/","url":"https:\/\/excellemd.com\/en\/paediatrics\/","name":"Paediatrics - Excelle MD","isPartOf":{"@id":"https:\/\/excellemd.com\/#website"},"datePublished":"2017-10-09T16:05:47+00:00","dateModified":"2020-01-22T15:55:14+00:00","breadcrumb":{"@id":"https:\/\/excellemd.com\/en\/paediatrics\/#breadcrumb"},"inLanguage":"en-US","potentialAction":[{"@type":"ReadAction","target":["https:\/\/excellemd.com\/en\/paediatrics\/"]}]},{"@type":"BreadcrumbList","@id":"https:\/\/excellemd.com\/en\/paediatrics\/#breadcrumb","itemListElement":[{"@type":"ListItem","position":1,"name":"Accueil","item":"https:\/\/excellemd.com\/en\/"},{"@type":"ListItem","position":2,"name":"Paediatrics"}]},{"@type":"WebSite","@id":"https:\/\/excellemd.com\/#website","url":"https:\/\/excellemd.com\/","name":"Excelle MD","description":"une clinique priv\u00e9e, qui offre \u00e0 leur client\u00e8le des soins m\u00e9dicaux rapides d\u2019acc\u00e8s","potentialAction":[{"@type":"SearchAction","target":{"@type":"EntryPoint","urlTemplate":"https:\/\/excellemd.com\/?s={search_term_string}"},"query-input":{"@type":"PropertyValueSpecification","valueRequired":true,"valueName":"search_term_string"}}],"inLanguage":"en-US"}]}},"taxonomy_info":[],"featured_image_src_large":false,"author_info":{"display_name":"Jacques Demers","author_link":"https:\/\/excellemd.com\/en\/author\/support\/"},"comment_info":0,"_links":{"self":[{"href":"https:\/\/excellemd.com\/en\/wp-json\/wp\/v2\/pages\/1007","targetHints":{"allow":["GET"]}}],"collection":[{"href":"https:\/\/excellemd.com\/en\/wp-json\/wp\/v2\/pages"}],"about":[{"href":"https:\/\/excellemd.com\/en\/wp-json\/wp\/v2\/types\/page"}],"author":[{"embeddable":true,"href":"https:\/\/excellemd.com\/en\/wp-json\/wp\/v2\/users\/8"}],"replies":[{"embeddable":true,"href":"https:\/\/excellemd.com\/en\/wp-json\/wp\/v2\/comments?post=1007"}],"version-history":[{"count":2,"href":"https:\/\/excellemd.com\/en\/wp-json\/wp\/v2\/pages\/1007\/revisions"}],"predecessor-version":[{"id":6232,"href":"https:\/\/excellemd.com\/en\/wp-json\/wp\/v2\/pages\/1007\/revisions\/6232"}],"wp:attachment":[{"href":"https:\/\/excellemd.com\/en\/wp-json\/wp\/v2\/media?parent=1007"}],"curies":[{"name":"wp","href":"https:\/\/api.w.org\/{rel}","templated":true}]}}