{"id":11737,"date":"2023-10-17T17:29:27","date_gmt":"2023-10-17T15:29:27","guid":{"rendered":"https:\/\/excellemd.com\/?page_id=11737"},"modified":"2024-01-04T19:59:23","modified_gmt":"2024-01-04T18:59:23","slug":"ent","status":"publish","type":"page","link":"https:\/\/excellemd.com\/en\/ent\/","title":{"rendered":"ENT"},"content":{"rendered":"<p>[vc_row][vc_column][vc_column_text]<\/p>\n<p><\/p>\n\n\n<\/p>\n<section class=\"service_page_section hero orl\"><\/section>\n<p>\n\n\n<p><\/p>\n\n\n<\/p>\n<section class=\"service_page_section main_heading\">\n<h1 class=\"service_page_main_heading orl_en\">Otolaryngology<\/h1>\n<\/section>\n<p>\n\n\n<p><\/p>\n\n\n<\/p>\n<section class=\"service_page_section attention\">\n<p style=\"font-weight: bold; font-size: 20px !important;\">Warning !<\/p>\n<p style=\"font-weight: 400; font-size: 16px; margin-bottom: 0 !important;\">This service is only offered to patients over 16 years old.<\/p>\n<\/section>\n<p>\n\n\n<p><\/p>\n\n\n<\/p>\n<section class=\"service_page_section\">\n<div class=\"horizontal_split\">\n<div>\n<h3 style=\"margin-bottom: 25px;\">High-quality care for your ears, throat and nose disorders.<\/h3>\n<p>Our team specializing in Otolaryngology (ENT) is dedicated to providing you with first-rate care in a welcoming and comfortable environment. Discover how our expertise can improve your quality of life.<\/p>\n<p>We suggest that you consult an ENT in the private sector within a period which is normally <b>less than two weeks<\/b> in order to avoid delays which could exceed two years in the public sector.<\/p>\n<p>Consulting privately allows you to reduce waiting times without compromising on the quality of services.<\/p>\n<\/div>\n<!--\n<div>\n<div style=\"background-color: #f5f5f5; padding: 32px; min-width: max-content; border-radius: 4px;\">\n<p style=\"font-weight: bold; font-size: 20px !important;\">Service available at:<\/p>\n<div class=\"service_availability_wrapper\"><img decoding=\"async\" src=\"https:\/\/excellemd.com\/wp-content\/uploads\/2023\/10\/Clinic_appointment_icon.png\" \/>\n<ul class=\"service_availability\">\n<li class=\"available\">Montr\u00e9al (March\u00e9-Central)<\/li>\n<li>Saint-Eustache<\/li>\n<li>Montr\u00e9al (Sanctuaire)<\/li>\n<li>Terrebonne<\/li>\n<\/ul>\n<\/div>\n<div class=\"service_availability_wrapper\"><img decoding=\"async\" src=\"https:\/\/excellemd.com\/wp-content\/uploads\/2023\/10\/virtual_appointment_icon.png\" \/>\n<ul class=\"service_availability\">\n<li style=\"margin-bottom: 0 !important;\">Virtual consultation<\/li>\n<\/ul>\n<\/div>\n<\/div>\n<\/div>\n-->\n<\/div>\n<\/section>\n<p>\n\n\n<p><\/p>\n\n\n<\/p>\n<section class=\"service_page_section hs\">\n<div style=\"display: flex; justify-content: space-between; flex-direction: column; align-items: center; max-width: 660px; margin-left: auto; margin-right: auto; margin-bottom: 50px;\">\n<h2>SERVICES<\/h2>\n<h3>What ENT services do we offer?<\/h3>\n<p style=\"text-align: center;\">At ExcelleMD, we offer a wide range of ENT services to meet the majority of your health needs related to your nose, throat, ears and neck.<\/p>\n<\/div>\n<div class=\"horizontal_split\">\n<div class=\"side_img orl1\">\u00a0<\/div>\n<div style=\"margin-left: 1rem;\">\n<h4 style=\"margin-left: -1rem;\">Ear disorders<\/h4>\n<h5>Ear infections and diseases<\/h5>\n<p>We diagnose and treat chronic ear infections and diseases, working to restore your comfort and hearing.<\/p>\n<h5>Vertigo<\/h5>\n<p>Treatment of ear-related problems, including dizziness caused by inner ear pathologies such as:<\/p>\n<ul>\n<li>Vestibular neuronitis and labyrinthitis<\/li>\n<li>M\u00e9ni\u00e8re&#8217;s disease<\/li>\n<li>Benign paroxysmal positional vertigo (BPPV)<\/li>\n<\/ul>\n<h5>Obstruction of the ear canal<\/h5>\n<p>Hearing loss problems, whether related to obstructions in the ear canal by a foreign body or fluid in the ear.<\/p>\n<h5>Audiosensory hearing loss<\/h5>\n<p>Result of destruction of the hair cells of the cochlea or damage to the auditory nerve.<\/p>\n<\/div>\n<\/div>\n<p>\n\n\n<p><\/p>\n\n\n<\/p>\n<section class=\"service_page_section hs\">\n<div class=\"reverse_horizontal_split\">\n<div style=\"margin-left: 1rem;\">\n<h4 style=\"margin-left: -1rem;\">Throat and respiratory disorders<\/h4>\n<h5>Tonsils<\/h5>\n<p>Diagnosis and treatment of throat infections, whether of viral or bacterial origin.<\/p>\n<h5>Recurring throat problems<\/h5>\n<p>If you suffer from recurring throat problems, we will develop personalized solutions to relieve you.<\/p>\n<h4 style=\"margin-left: -1rem;\">Nose disorders<\/h4>\n<h5>Chronic sinusitis<\/h5>\n<p>We specialize in the treatment of chronic sinusitis.<\/p>\n<h5>Nasal problems<\/h5>\n<p>Treatment of nasal problems such as congestion due to septal deviations, allergies or nasal polyps.<\/p>\n<\/div>\n<div class=\"side_img orl2\">\u00a0<\/div>\n<\/div>\n<\/section>\n<p>\n\n\n<p><\/p>\n\n\n<\/p>\n<section class=\"service_page_section call_to_action\">\n<p style=\"color: white; font-size: 25px !important; font-weight: bold; text-align: center;\">MAKE AN APPOINTMENT TODAY<\/p>\n<p><a style=\"padding: 10px 25px 10px 25px; width: 300px; background-color: white; color: #0098d5; text-align: center; font-size: 18px; font-weight: 600;\" href=\"https:\/\/excellemd.com\/en\/contact-us-2\/\">MAKE AN APPOINTMENT<\/a><\/p>\n<\/section>\n<p>\n\n\n<p><\/p>\n\n\n<\/p>\n<section class=\"service_page_section\">\n<div style=\"display: flex; flex-direction: column; justify-content: center; align-items: center; margin-bottom: 25px;\">\n<h2>OUR TEAM<\/h2>\n<h3 style=\"text-align: center !important;\">Learn more about the professionals you will meet!<\/h3>\n<\/div>\n<\/section>\n<p>\n\n\n<p><\/p>\n\n\n<\/p>\n<section class=\"service_page_section\">\n<div style=\"display: flex; flex-direction: column; justify-content: center; align-items: center; margin-bottom: 25px;\">\u00a0<\/div>\n<div class=\"horizontal_split\">\n<div class=\"side_img orl3\">\u00a0<\/div>\n<div style=\"display: flex; flex-direction: column; justify-content: center; align-items: flex-start; min-height: 20rem;\">\n<h4 style=\"padding-bottom: 1.5rem;\">DR. JEAN-PIERRE SOUAID<\/h4>\n<p>An otolaryngologist (ENT) for 21 years, Dr. Souaid graduated from the Faculty of Medicine of McGill University and its residency program. After his specialization in ENT, he completed his subspecialization in Otology at Ohio State University. He has been an assistant professor at the University of Ottawa for 12 years. Dr. Souaid is a member of the Royal College of Physicians and Surgeons of Canada and is also certified by the American Board of Otolaryngology.<\/p>\n<\/div>\n<\/div>\n<\/section>\n<p>\n\n\n<p><\/p>\n\n\n<\/p>\n<section class=\"service_page_section\" style=\"margin-bottom: 64px;\">\n<div style=\"display: flex; flex-direction: column; justify-content: space-between; align-items: center;\">\n<h2 style=\"margin-bottom: 25px;\">Q&amp;A<\/h2>\n<h3 style=\"margin-bottom: 50px; text-align: center !important;\">Answers to your most frequently asked questions<\/h3>\n<\/div>\n<div class=\"questions\">\n<div class=\"retractable_section\"><button type=\"button\" aria-controls=\"details_0\"><\/button><button type=\"button\" aria-controls=\"details_0\"><br \/><\/button>\n<h5 style=\"margin: 0;\">What differentiates an ENT from a general practitioner?<\/h5>\n<p><img decoding=\"async\" src=\"https:\/\/excellemd.com\/wp-content\/uploads\/2023\/10\/ArrowDown.png\" \/><\/p>\n<div id=\"details_0\" class=\"retractable-section-details\" data-open=\"false\">\n<p>In Quebec, a general practitioner is a medical professional who treats a wide variety of health problems, ranging from common ailments to chronic illnesses. It provides front-line health care, carries out routine consultations and can refer patients to specialists, such as ENT specialists. On the other hand, an Otolaryngologist (ENT), such as Dr. Souaid, is a doctor specializing in diseases of the ear, nose and throat. They have undergone extensive training in ENT and are experts in diagnosing and treating disorders specific to these areas, such as ear infections, throat problems, hearing disorders, and many others . Additionally, an ENT can also perform surgical procedures related to these areas.<\/p>\n<\/div>\n<\/div>\n<div class=\"retractable_section has-medium-font-size\"><button type=\"button\" aria-controls=\"details_1\"><\/button><button type=\"button\" aria-controls=\"details_1\"><br \/><\/button>\n<h5 style=\"margin: 0;\">What are the waiting times in the public and private sectors?<\/h5>\n<p><img decoding=\"async\" src=\"https:\/\/excellemd.com\/wp-content\/uploads\/2023\/10\/ArrowDown.png\" \/><\/p>\n<div id=\"details_1\" class=\"retractable-section-details\" data-open=\"false\">\n<p>Waiting times to consult an Otolaryngologist (ENT) in Quebec vary considerably depending on the healthcare sector, public or private. In the public sector, delays can sometimes exceed two years due to high demand and limited resources. However, at ExcelleMD, lead times are generally much shorter, with availability for appointments every two weeks in normal times.<\/p>\n<\/div>\n<\/div>\n<div class=\"retractable_section has-medium-font-size\"><button type=\"button\" aria-controls=\"details_2\"><\/button><button type=\"button\" aria-controls=\"details_2\"><br \/><\/button>\n<h5 style=\"margin: 0;\">Do I need a reference to meet the ENT at ExcelleMD?<\/h5>\n<p><img decoding=\"async\" src=\"https:\/\/excellemd.com\/wp-content\/uploads\/2023\/10\/ArrowDown.png\" \/><\/p>\n<div id=\"details_2\" class=\"retractable-section-details\" data-open=\"false\">\n<p>No, you don&#8217;t need a request\/reference to make an appointment with our ENT. Simply contact us and make an appointment.<\/p>\n<\/div>\n<\/div>\n<\/div>\n<\/section>\n<p>\n\n\n<p><\/p>\n\n\n<br \/><script defer=\"\">\nlet services = document.querySelectorAll(\".retractable_section\");\nservices.forEach( s => {\nlet button;\nlet details;\nlet buttonArrow;\n\nbutton = s.children[0];\nbuttonArrow = s.children[0].children[1];\ndetails = s.children[1];\n\nbutton.addEventListener('click', (e) => {\nlet opened = details.getAttribute('data-open') === \"false\" ? false : true;\n\nif(opened) {\n  details.setAttribute('data-open', \"false\");\n  buttonArrow.classList.remove('open');\n} else {\ndetails.setAttribute('data-open', \"true\");\nbuttonArrow.classList.add('open');\n}\n});\n})\n<\/script><br \/>\n\n\n<p><\/p>\n<p>[\/vc_column_text][\/vc_column][\/vc_row]<\/p>","protected":false},"excerpt":{"rendered":"<p>[vc_row][vc_column][vc_column_text] Otolaryngology Warning ! This service is only offered to patients over 16 years old. High-quality care for your ears, throat and nose disorders. Our team [&hellip;]<\/p>\n","protected":false},"author":15,"featured_media":0,"parent":0,"menu_order":0,"comment_status":"closed","ping_status":"closed","template":"","meta":{"_acf_changed":false,"_kad_blocks_custom_css":"","_kad_blocks_head_custom_js":"","_kad_blocks_body_custom_js":"","_kad_blocks_footer_custom_js":"","footnotes":""},"class_list":["post-11737","page","type-page","status-publish","hentry"],"acf":[],"yoast_head":"<!-- This site is optimized with the Yoast SEO plugin v27.4 - https:\/\/yoast.com\/product\/yoast-seo-wordpress\/ -->\n<title>ENT - Excelle MD<\/title>\n<meta name=\"robots\" content=\"index, follow, max-snippet:-1, max-image-preview:large, max-video-preview:-1\" \/>\n<link rel=\"canonical\" href=\"https:\/\/excellemd.com\/en\/ent\/\" \/>\n<meta property=\"og:locale\" content=\"en_US\" \/>\n<meta property=\"og:type\" content=\"article\" \/>\n<meta property=\"og:title\" content=\"ENT - Excelle MD\" \/>\n<meta property=\"og:description\" content=\"[vc_row][vc_column][vc_column_text] Otolaryngology Warning ! This service is only offered to patients over 16 years old. High-quality care for your ears, throat and nose disorders. Our team [&hellip;]\" \/>\n<meta property=\"og:url\" content=\"https:\/\/excellemd.com\/en\/ent\/\" \/>\n<meta property=\"og:site_name\" content=\"Excelle MD\" \/>\n<meta property=\"article:modified_time\" content=\"2024-01-04T18:59:23+00:00\" \/>\n<meta property=\"og:image\" content=\"https:\/\/excellemd.com\/wp-content\/uploads\/2023\/10\/Clinic_appointment_icon.png\" \/>\n<meta name=\"twitter:card\" content=\"summary_large_image\" \/>\n<meta name=\"twitter:label1\" content=\"Est. reading time\" \/>\n\t<meta name=\"twitter:data1\" content=\"3 minutes\" \/>\n<script type=\"application\/ld+json\" class=\"yoast-schema-graph\">{\"@context\":\"https:\\\/\\\/schema.org\",\"@graph\":[{\"@type\":\"WebPage\",\"@id\":\"https:\\\/\\\/excellemd.com\\\/en\\\/ent\\\/\",\"url\":\"https:\\\/\\\/excellemd.com\\\/en\\\/ent\\\/\",\"name\":\"ENT - Excelle MD\",\"isPartOf\":{\"@id\":\"https:\\\/\\\/excellemd.com\\\/#website\"},\"primaryImageOfPage\":{\"@id\":\"https:\\\/\\\/excellemd.com\\\/en\\\/ent\\\/#primaryimage\"},\"image\":{\"@id\":\"https:\\\/\\\/excellemd.com\\\/en\\\/ent\\\/#primaryimage\"},\"thumbnailUrl\":\"https:\\\/\\\/excellemd.com\\\/wp-content\\\/uploads\\\/2023\\\/10\\\/Clinic_appointment_icon.png\",\"datePublished\":\"2023-10-17T15:29:27+00:00\",\"dateModified\":\"2024-01-04T18:59:23+00:00\",\"breadcrumb\":{\"@id\":\"https:\\\/\\\/excellemd.com\\\/en\\\/ent\\\/#breadcrumb\"},\"inLanguage\":\"en-US\",\"potentialAction\":[{\"@type\":\"ReadAction\",\"target\":[\"https:\\\/\\\/excellemd.com\\\/en\\\/ent\\\/\"]}]},{\"@type\":\"ImageObject\",\"inLanguage\":\"en-US\",\"@id\":\"https:\\\/\\\/excellemd.com\\\/en\\\/ent\\\/#primaryimage\",\"url\":\"https:\\\/\\\/excellemd.com\\\/wp-content\\\/uploads\\\/2023\\\/10\\\/Clinic_appointment_icon.png\",\"contentUrl\":\"https:\\\/\\\/excellemd.com\\\/wp-content\\\/uploads\\\/2023\\\/10\\\/Clinic_appointment_icon.png\"},{\"@type\":\"BreadcrumbList\",\"@id\":\"https:\\\/\\\/excellemd.com\\\/en\\\/ent\\\/#breadcrumb\",\"itemListElement\":[{\"@type\":\"ListItem\",\"position\":1,\"name\":\"Accueil\",\"item\":\"https:\\\/\\\/excellemd.com\\\/en\\\/\"},{\"@type\":\"ListItem\",\"position\":2,\"name\":\"ENT\"}]},{\"@type\":\"WebSite\",\"@id\":\"https:\\\/\\\/excellemd.com\\\/#website\",\"url\":\"https:\\\/\\\/excellemd.com\\\/\",\"name\":\"Excelle MD\",\"description\":\"une clinique priv\u00e9e, qui offre \u00e0 leur client\u00e8le des soins m\u00e9dicaux rapides d\u2019acc\u00e8s\",\"potentialAction\":[{\"@type\":\"SearchAction\",\"target\":{\"@type\":\"EntryPoint\",\"urlTemplate\":\"https:\\\/\\\/excellemd.com\\\/?s={search_term_string}\"},\"query-input\":{\"@type\":\"PropertyValueSpecification\",\"valueRequired\":true,\"valueName\":\"search_term_string\"}}],\"inLanguage\":\"en-US\"}]}<\/script>\n<!-- \/ Yoast SEO plugin. -->","yoast_head_json":{"title":"ENT - Excelle MD","robots":{"index":"index","follow":"follow","max-snippet":"max-snippet:-1","max-image-preview":"max-image-preview:large","max-video-preview":"max-video-preview:-1"},"canonical":"https:\/\/excellemd.com\/en\/ent\/","og_locale":"en_US","og_type":"article","og_title":"ENT - Excelle MD","og_description":"[vc_row][vc_column][vc_column_text] Otolaryngology Warning ! This service is only offered to patients over 16 years old. High-quality care for your ears, throat and nose disorders. Our team [&hellip;]","og_url":"https:\/\/excellemd.com\/en\/ent\/","og_site_name":"Excelle MD","article_modified_time":"2024-01-04T18:59:23+00:00","og_image":[{"url":"https:\/\/excellemd.com\/wp-content\/uploads\/2023\/10\/Clinic_appointment_icon.png","type":"","width":"","height":""}],"twitter_card":"summary_large_image","twitter_misc":{"Est. reading time":"3 minutes"},"schema":{"@context":"https:\/\/schema.org","@graph":[{"@type":"WebPage","@id":"https:\/\/excellemd.com\/en\/ent\/","url":"https:\/\/excellemd.com\/en\/ent\/","name":"ENT - Excelle MD","isPartOf":{"@id":"https:\/\/excellemd.com\/#website"},"primaryImageOfPage":{"@id":"https:\/\/excellemd.com\/en\/ent\/#primaryimage"},"image":{"@id":"https:\/\/excellemd.com\/en\/ent\/#primaryimage"},"thumbnailUrl":"https:\/\/excellemd.com\/wp-content\/uploads\/2023\/10\/Clinic_appointment_icon.png","datePublished":"2023-10-17T15:29:27+00:00","dateModified":"2024-01-04T18:59:23+00:00","breadcrumb":{"@id":"https:\/\/excellemd.com\/en\/ent\/#breadcrumb"},"inLanguage":"en-US","potentialAction":[{"@type":"ReadAction","target":["https:\/\/excellemd.com\/en\/ent\/"]}]},{"@type":"ImageObject","inLanguage":"en-US","@id":"https:\/\/excellemd.com\/en\/ent\/#primaryimage","url":"https:\/\/excellemd.com\/wp-content\/uploads\/2023\/10\/Clinic_appointment_icon.png","contentUrl":"https:\/\/excellemd.com\/wp-content\/uploads\/2023\/10\/Clinic_appointment_icon.png"},{"@type":"BreadcrumbList","@id":"https:\/\/excellemd.com\/en\/ent\/#breadcrumb","itemListElement":[{"@type":"ListItem","position":1,"name":"Accueil","item":"https:\/\/excellemd.com\/en\/"},{"@type":"ListItem","position":2,"name":"ENT"}]},{"@type":"WebSite","@id":"https:\/\/excellemd.com\/#website","url":"https:\/\/excellemd.com\/","name":"Excelle MD","description":"une clinique priv\u00e9e, qui offre \u00e0 leur client\u00e8le des soins m\u00e9dicaux rapides d\u2019acc\u00e8s","potentialAction":[{"@type":"SearchAction","target":{"@type":"EntryPoint","urlTemplate":"https:\/\/excellemd.com\/?s={search_term_string}"},"query-input":{"@type":"PropertyValueSpecification","valueRequired":true,"valueName":"search_term_string"}}],"inLanguage":"en-US"}]}},"taxonomy_info":[],"featured_image_src_large":false,"author_info":{"display_name":"Vikrant Datta","author_link":"https:\/\/excellemd.com\/en\/author\/vikrant-dattawell-company\/"},"comment_info":0,"_links":{"self":[{"href":"https:\/\/excellemd.com\/en\/wp-json\/wp\/v2\/pages\/11737","targetHints":{"allow":["GET"]}}],"collection":[{"href":"https:\/\/excellemd.com\/en\/wp-json\/wp\/v2\/pages"}],"about":[{"href":"https:\/\/excellemd.com\/en\/wp-json\/wp\/v2\/types\/page"}],"author":[{"embeddable":true,"href":"https:\/\/excellemd.com\/en\/wp-json\/wp\/v2\/users\/15"}],"replies":[{"embeddable":true,"href":"https:\/\/excellemd.com\/en\/wp-json\/wp\/v2\/comments?post=11737"}],"version-history":[{"count":5,"href":"https:\/\/excellemd.com\/en\/wp-json\/wp\/v2\/pages\/11737\/revisions"}],"predecessor-version":[{"id":12051,"href":"https:\/\/excellemd.com\/en\/wp-json\/wp\/v2\/pages\/11737\/revisions\/12051"}],"wp:attachment":[{"href":"https:\/\/excellemd.com\/en\/wp-json\/wp\/v2\/media?parent=11737"}],"curies":[{"name":"wp","href":"https:\/\/api.w.org\/{rel}","templated":true}]}}