{"id":11793,"date":"2023-11-24T22:18:55","date_gmt":"2023-11-24T21:18:55","guid":{"rendered":"https:\/\/excellemd.com\/?page_id=11793"},"modified":"2025-12-01T16:24:04","modified_gmt":"2025-12-01T15:24:04","slug":"surgery","status":"publish","type":"page","link":"https:\/\/excellemd.com\/en\/surgery\/","title":{"rendered":"Surgery"},"content":{"rendered":"\n<section class=\"service_page_section hero chirurgie\">\n\n<\/section>\n\n\n\n<section class=\"service_page_section main_heading\">\n<h1 class=\"service_page_main_heading surgery_en\">Surgery<\/h1>\n<\/section>\n\n\n\n<section class=\"service_page_section\">\n<div class=\"horizontal_split\">\n<div>\n<h3 style=\"margin-bottom:25px;\">Personalized surgical care.<\/h3>\n<p>ExcelleMD clinics are proud to offer you a full range of surgical services, led by highly qualified surgeons, doctors and specialized nurse practitioners.<\/p>\n<p>As the surgery department is complex, we invite you to contact us to confirm the availability of certain services in our different clinics. The locations of consultations and surgery could vary depending on the professional and the type of consultation. We will be happy to answer all your questions.<\/p>\n<p><b>You do not need a medical reference to make an appointment!<\/b><\/p>\n<\/div>\n<div style=\"flex-shrink:0;\">\n<div style=\"background-color: #F5F5F5;padding:32px;min-width:max-content;border-radius:4px;\">\n<p style=\"font-weight:700; font-size:20px !important;\">Service offered to:<\/p>\n<div class=\"service_availability_wrapper\">\n<img decoding=\"async\" src=\"https:\/\/excellemd.com\/wp-content\/uploads\/2023\/10\/Clinic_appointment_icon.png\" \/>\n<ul class=\"service_availability\">\n<li class=\"conditional en\"><span>Montr\u00e9al (March\u00e9-Central)<\/span><\/li>\n<li class=\"conditional en\"><span>Saint-Eustache<\/span><\/li>\n<li class=\"conditional en\"><span>Montr\u00e9al (Sanctuaire)<\/span><\/li>\n<li class=\"conditional en\"><span>Terrebonne<\/span><\/li>\n<\/ul>\n<\/div>\n<div class=\"service_availability_wrapper\">\n<img decoding=\"async\" src=\"https:\/\/excellemd.com\/wp-content\/uploads\/2023\/10\/virtual_appointment_icon.png\" \/>\n<ul class=\"service_availability\">\n<li style=\"margin-bottom:0 !important;\"><span>Virtual consultation<\/span><\/li>\n<\/ul>\n<\/div>\n<\/div>\n<\/div>\n<\/section>\n\n\n\n<section class=\"service_page_section hs\">\n<div style=\"display:flex;justify-content:space-between;flex-direction:column;align-items:center;max-width:660px;margin-left:auto;margin-right:auto;margin-bottom:50px;\">\n<h2>SERVICES<\/h2>\n<h3>What surgical services do we offer?<\/h3>\n<p style=\"text-align:center;\">At ExcelleMD, we offer a wide range of surgical services to meet the majority of your health needs requiring surgery.<\/p>\n<\/div>\n<div class=\"horizontal_split\">\n<div class=\"side_img chirurgie1\"><\/div>\n<div style=\"margin-left:1rem;\">\n<h4 style=\"margin-left:-1rem;\">Surgery and consultation<\/h4>\n<h5>Removal and treatments of:<\/h5>\n<ul class=\"grid_ul\">\n<li>Foreign bodies<\/li>\n<li>Scar recovery<\/li>\n<li>Lacerations<\/li>\n<li>Stitch (No face, no hands)<\/li>\n<li>Wound debridement<\/li>\n<li>Ingrown toenail<\/li>\n<li>Wart<\/li>\n<li>Skin cancer (Certain conditions apply)<\/li>\n<li>Lesions<\/li>\n<li>Breasts (Benign masses and small lesions)<\/li>\n<li>Mole, nevus, naevie<\/li>\n<li>Marisques<\/li>\n<li>Sebaceous cyst (No synovial or Bartholin cyst)<\/li>\n<li>Pilonidal sinus<\/li>\n<li>Lipoma (No hand or joint)<\/li>\n<li>Skin tag<\/li>\n<li>Even more&#8230;<\/li>\n<\/ul>\n<h5>Thyroid and parathyroid pathologies:<\/h5>\n<ul class=\"grid_ul\">\n<li>Nodules<\/li>\n<li>Hypothyroidisme<\/li>\n<li>Go\u00eetre<\/li>\n<li>Cancer<\/li>\n<li>Hyperthyro\u00efdisme<\/li>\n<\/ul>\n<h5>Anal pathologies:<\/h5>\n<ul class=\"grid_ul\">\n<li>Hemorrhoid (Hemorrhoidal ligation, hemorrhoidectomy)*<\/li>\n<li>Anal pain<\/li>\n<li>Anal fissure<\/li>\n<li>Anal incontinence*<\/li>\n<li>Anal fistula*<\/li>\n<li>Itching<\/li>\n<li>Anal abscess<\/li>\n<li>Anal bleeding<\/li>\n<li>Anal marisk excision<\/li>\n<\/ul>\n<\/div>\n<\/div>\n\n<\/section>\n\n\n\n<section class=\"service_page_section hs\">\n<div class=\"reverse_horizontal_split\">\n<div style=\"margin-left:1rem;\">\n<h5>Abscess drainage:<\/h5>\n<ul class=\"grid_ul\">\n<li>Skin<\/li>\n<li>Mammary<\/li>\n<li>Anal<\/li>\n<li>Others<\/li>\n<\/ul>\n<h5>Orthopaedics<\/h5>\n<ul>\n<li><a href=\"https:\/\/www.excellemd.com\/en\/orthopaedics\">Visit our Orthopaedics page<\/a> for more details<\/li>\n<\/ul>\n<h5>Abdominal walls \/ Hernia*:<\/h5>\n<p>Please note that we do not do lumbar\/cervical hernia treatment.<\/p>\n<ul class=\"grid_ul\">\n<li>Inguinal<\/li>\n<li>Incisional<\/li>\n<li>Epigastric<\/li>\n<li>Umbilical<\/li>\n<li>Ventral<\/li>\n<\/ul>\n<h5>Gallbladder<\/h5>\n<ul class=\"grid_ul\">\n<li>Polyps<\/li>\n<li>Calculations<\/li>\n<\/ul>\n<h5>Earlobe reconstruction<\/h5>\n<h5>Varicose veins<\/h5>\n<\/div>\n<div class=\"side_img chirurgie2\">\n<\/div>\n<\/div>\n<\/section>\n\n\n\n<section class=\"service_page_section call_to_action\">\n<p style=\"color:white;font-size:25px !important;font-weight:700;text-align:center;\">MAKE AN APPOINTMENT NOW !<\/p>\n<a href=\"https:\/\/excellemd.com\/en\/contact-us-2\/\" style=\"padding: 10px 25px 10px 25px;width:300px;background-color:white;color:#0098D5;text-align:center;font-size:18px; font-weight:600;\">MAKE AN APPOINTMENT<\/a>\n<\/section>\n\n\n\n<section class=\"service_page_section\">\n<div style=\"display:flex; flex-direction:column; justify-content: center; align-items:center;margin-bottom:25px;\">\n<h2>OUR TEAM<\/h2>\n<h3 style=\"text-align:center !important;\">Learn more about the professionals you will meet!<\/h3>\n<\/div>\n<\/section>\n\n\n\n<section class=\"service_page_section dr\">\n<div style=\"display:flex; flex-direction:column; justify-content: center; align-items:center;margin-bottom:25px;\">\n<\/div>\n<div class=\"horizontal_split\">\n<div class=\"dr side_img chirurgie3\"><\/div>\n<div style=\"display:flex; flex-direction: column; justify-content:center; align-items:flex-start;min-height:20rem;\">\n<h4 style=\"padding-bottom:1.5rem;\">DR. CAROLINE DOYON<\/h4>\n<p>Dr. Doyon holds a master&#8217;s degree in Molecular Biology as well as a master&#8217;s degree in Biomedical Sciences in addition to being qualified as a general surgeon in 2012 by the faculty of the University of Montreal and certified by the Royal College of Physicians and Surgeons from Canada. She practiced for three years in a high-volume hospital center on the south shore of Montreal before reorienting her practice as a emergency surgeon in a remote region, where she was able to broaden her range of knowledge in general surgery. She was responsible for teaching medical residents and lecturer at the Faculty of Medicine of McGill University.<\/p>\n<p>Dr. Doyon now wants to turn to a more humanist quality medicine, one that listens to patients and is based on a relationship of trust between her patients and herself.<\/p>\n<\/div>\n<\/div>\n<\/section>\n\n\n\n<section class=\"service_page_section\" style=\"margin-bottom:64px;\">\n<div style=\"display:flex; flex-direction:column; justify-content:space-between; align-items:center;\">\n<h2 style=\"margin-bottom:25px;\">Q&#038;A<\/h2>\n<h3 style=\"margin-bottom:50px; text-align:center !important;\">Answers to your most frequently asked questions<\/h3>\n<\/div>\n<div class=\"questions\">\n<div class=\"retractable_section\">\n<button aria-controls=\"details_0\" type=\"button\"><h5 style=\"margin:0;margin-right:2rem;\">What is the usual time frame for an appointment?<\/h5><img decoding=\"async\" src=\"https:\/\/excellemd.com\/wp-content\/uploads\/2023\/10\/ArrowDown.png\" \/><\/button>\n<div id=\"details_0\" class=\"retractable-section-details\" data-open=\"false\">\n<p>Normally, lead times are a few days for the <b>initial consultation<\/b>. This consultation will allow the doctor to evaluate you, confirm the diagnosis and give explanations about the surgery in addition to giving you all the information necessary for you to be able to give informed consent.<\/p>\n<p>Following this consultation, the time for <b>surgery<\/b> is approximately 2 to 4 weeks depending on your availability and that of the doctor.<\/p>\n<\/div>\n<\/div>\n<div class=\"retractable_section has-medium-font-size\">\n<button aria-controls=\"details_1\" type=\"button\"><h5 style=\"margin:0;margin-right:2rem;\">Where do the surgeries take place?<\/h5><img decoding=\"async\" src=\"https:\/\/excellemd.com\/wp-content\/uploads\/2023\/10\/ArrowDown.png\" \/><\/button>\n<div id=\"details_1\" class=\"retractable-section-details\" data-open=\"false\">\n<p>It all depends on the type of surgery and the doctor.<\/p>\n<p>Some minor surgeries could take place directly in the clinic and the majority of more complex cases will take place externally.<\/p>\n<p>We invite you to join us for more information.<\/p>\n<\/div>\n<\/div>\n<div class=\"retractable_section has-medium-font-size\">\n<button aria-controls=\"details_2\" type=\"button\"><h5 style=\"margin:0;margin-right:2rem;\">What technique is used for the treatment of hemorrhoids?<\/h5><img decoding=\"async\" src=\"https:\/\/excellemd.com\/wp-content\/uploads\/2023\/10\/ArrowDown.png\" \/><\/button>\n<div id=\"details_2\" class=\"retractable-section-details\" data-open=\"false\">\n<p>The elastic technique (hemorrhoidal ligation) or hemorrhoidectomy will be proposed depending on the evaluation.<\/p>\n<p>This <b>painless<\/b> technique consists of placing an elastic band at the base of the hemorrhoid in order to create scar tissue.<\/p>\n<p>This technique is effective, but not definitive. Maintenance treatment is necessary.<\/p>\n<\/div>\n<\/div>\n<div class=\"retractable_section has-medium-font-size\">\n<button aria-controls=\"details_3\" type=\"button\"><h5 style=\"margin:0;margin-right:2rem;\">What technique is used for the treatment of hernias?<\/h5><img decoding=\"async\" src=\"https:\/\/excellemd.com\/wp-content\/uploads\/2023\/10\/ArrowDown.png\" \/><\/button>\n<div id=\"details_3\" class=\"retractable-section-details\" data-open=\"false\">\n<p>The laparoscopic or laparotomy technique.<\/p>\n<\/div>\n<\/div>\n<\/section>\n\n\n\n<script defer=\"\">\nlet services = document.querySelectorAll(\".retractable_section\");\nservices.forEach( s => {\nlet button;\nlet details;\nlet buttonArrow;\n\nbutton = s.children[0];\nbuttonArrow = s.children[0].children[1];\ndetails = s.children[1];\n\nbutton.addEventListener('click', (e) => {\nlet opened = details.getAttribute('data-open') === \"false\" ? false : true;\n\nif(opened) {\n  details.setAttribute('data-open', \"false\");\n  buttonArrow.classList.remove('open');\n} else {\ndetails.setAttribute('data-open', \"true\");\nbuttonArrow.classList.add('open');\n}\n});\n})\n<\/script>\n","protected":false},"excerpt":{"rendered":"<p>Surgery Personalized surgical care. ExcelleMD clinics are proud to offer you a full range of surgical services, led by highly qualified surgeons, doctors and specialized nurse [&hellip;]<\/p>\n","protected":false},"author":15,"featured_media":0,"parent":0,"menu_order":0,"comment_status":"closed","ping_status":"closed","template":"","meta":{"_acf_changed":false,"_kad_blocks_custom_css":"","_kad_blocks_head_custom_js":"","_kad_blocks_body_custom_js":"","_kad_blocks_footer_custom_js":"","footnotes":""},"class_list":["post-11793","page","type-page","status-publish","hentry"],"acf":[],"yoast_head":"<!-- This site is optimized with the Yoast SEO plugin v27.4 - https:\/\/yoast.com\/product\/yoast-seo-wordpress\/ -->\n<title>Surgery - Excelle MD<\/title>\n<meta name=\"robots\" content=\"index, follow, max-snippet:-1, max-image-preview:large, max-video-preview:-1\" \/>\n<link rel=\"canonical\" href=\"https:\/\/excellemd.com\/en\/surgery\/\" \/>\n<meta property=\"og:locale\" content=\"en_US\" \/>\n<meta property=\"og:type\" content=\"article\" \/>\n<meta property=\"og:title\" content=\"Surgery - Excelle MD\" \/>\n<meta property=\"og:description\" content=\"Surgery Personalized surgical care. ExcelleMD clinics are proud to offer you a full range of surgical services, led by highly qualified surgeons, doctors and specialized nurse [&hellip;]\" \/>\n<meta property=\"og:url\" content=\"https:\/\/excellemd.com\/en\/surgery\/\" \/>\n<meta property=\"og:site_name\" content=\"Excelle MD\" \/>\n<meta property=\"article:modified_time\" content=\"2025-12-01T15:24:04+00:00\" \/>\n<meta property=\"og:image\" content=\"https:\/\/excellemd.com\/wp-content\/uploads\/2023\/10\/Clinic_appointment_icon.png\" \/>\n<meta name=\"twitter:card\" content=\"summary_large_image\" \/>\n<meta name=\"twitter:label1\" content=\"Est. reading time\" \/>\n\t<meta name=\"twitter:data1\" content=\"6 minutes\" \/>\n<script type=\"application\/ld+json\" class=\"yoast-schema-graph\">{\"@context\":\"https:\\\/\\\/schema.org\",\"@graph\":[{\"@type\":\"WebPage\",\"@id\":\"https:\\\/\\\/excellemd.com\\\/en\\\/surgery\\\/\",\"url\":\"https:\\\/\\\/excellemd.com\\\/en\\\/surgery\\\/\",\"name\":\"Surgery - Excelle MD\",\"isPartOf\":{\"@id\":\"https:\\\/\\\/excellemd.com\\\/#website\"},\"primaryImageOfPage\":{\"@id\":\"https:\\\/\\\/excellemd.com\\\/en\\\/surgery\\\/#primaryimage\"},\"image\":{\"@id\":\"https:\\\/\\\/excellemd.com\\\/en\\\/surgery\\\/#primaryimage\"},\"thumbnailUrl\":\"https:\\\/\\\/excellemd.com\\\/wp-content\\\/uploads\\\/2023\\\/10\\\/Clinic_appointment_icon.png\",\"datePublished\":\"2023-11-24T21:18:55+00:00\",\"dateModified\":\"2025-12-01T15:24:04+00:00\",\"breadcrumb\":{\"@id\":\"https:\\\/\\\/excellemd.com\\\/en\\\/surgery\\\/#breadcrumb\"},\"inLanguage\":\"en-US\",\"potentialAction\":[{\"@type\":\"ReadAction\",\"target\":[\"https:\\\/\\\/excellemd.com\\\/en\\\/surgery\\\/\"]}]},{\"@type\":\"ImageObject\",\"inLanguage\":\"en-US\",\"@id\":\"https:\\\/\\\/excellemd.com\\\/en\\\/surgery\\\/#primaryimage\",\"url\":\"https:\\\/\\\/excellemd.com\\\/wp-content\\\/uploads\\\/2023\\\/10\\\/Clinic_appointment_icon.png\",\"contentUrl\":\"https:\\\/\\\/excellemd.com\\\/wp-content\\\/uploads\\\/2023\\\/10\\\/Clinic_appointment_icon.png\"},{\"@type\":\"BreadcrumbList\",\"@id\":\"https:\\\/\\\/excellemd.com\\\/en\\\/surgery\\\/#breadcrumb\",\"itemListElement\":[{\"@type\":\"ListItem\",\"position\":1,\"name\":\"Accueil\",\"item\":\"https:\\\/\\\/excellemd.com\\\/en\\\/\"},{\"@type\":\"ListItem\",\"position\":2,\"name\":\"Surgery\"}]},{\"@type\":\"WebSite\",\"@id\":\"https:\\\/\\\/excellemd.com\\\/#website\",\"url\":\"https:\\\/\\\/excellemd.com\\\/\",\"name\":\"Excelle MD\",\"description\":\"une clinique priv\u00e9e, qui offre \u00e0 leur client\u00e8le des soins m\u00e9dicaux rapides d\u2019acc\u00e8s\",\"potentialAction\":[{\"@type\":\"SearchAction\",\"target\":{\"@type\":\"EntryPoint\",\"urlTemplate\":\"https:\\\/\\\/excellemd.com\\\/?s={search_term_string}\"},\"query-input\":{\"@type\":\"PropertyValueSpecification\",\"valueRequired\":true,\"valueName\":\"search_term_string\"}}],\"inLanguage\":\"en-US\"}]}<\/script>\n<!-- \/ Yoast SEO plugin. -->","yoast_head_json":{"title":"Surgery - Excelle MD","robots":{"index":"index","follow":"follow","max-snippet":"max-snippet:-1","max-image-preview":"max-image-preview:large","max-video-preview":"max-video-preview:-1"},"canonical":"https:\/\/excellemd.com\/en\/surgery\/","og_locale":"en_US","og_type":"article","og_title":"Surgery - Excelle MD","og_description":"Surgery Personalized surgical care. ExcelleMD clinics are proud to offer you a full range of surgical services, led by highly qualified surgeons, doctors and specialized nurse [&hellip;]","og_url":"https:\/\/excellemd.com\/en\/surgery\/","og_site_name":"Excelle MD","article_modified_time":"2025-12-01T15:24:04+00:00","og_image":[{"url":"https:\/\/excellemd.com\/wp-content\/uploads\/2023\/10\/Clinic_appointment_icon.png","type":"","width":"","height":""}],"twitter_card":"summary_large_image","twitter_misc":{"Est. reading time":"6 minutes"},"schema":{"@context":"https:\/\/schema.org","@graph":[{"@type":"WebPage","@id":"https:\/\/excellemd.com\/en\/surgery\/","url":"https:\/\/excellemd.com\/en\/surgery\/","name":"Surgery - Excelle MD","isPartOf":{"@id":"https:\/\/excellemd.com\/#website"},"primaryImageOfPage":{"@id":"https:\/\/excellemd.com\/en\/surgery\/#primaryimage"},"image":{"@id":"https:\/\/excellemd.com\/en\/surgery\/#primaryimage"},"thumbnailUrl":"https:\/\/excellemd.com\/wp-content\/uploads\/2023\/10\/Clinic_appointment_icon.png","datePublished":"2023-11-24T21:18:55+00:00","dateModified":"2025-12-01T15:24:04+00:00","breadcrumb":{"@id":"https:\/\/excellemd.com\/en\/surgery\/#breadcrumb"},"inLanguage":"en-US","potentialAction":[{"@type":"ReadAction","target":["https:\/\/excellemd.com\/en\/surgery\/"]}]},{"@type":"ImageObject","inLanguage":"en-US","@id":"https:\/\/excellemd.com\/en\/surgery\/#primaryimage","url":"https:\/\/excellemd.com\/wp-content\/uploads\/2023\/10\/Clinic_appointment_icon.png","contentUrl":"https:\/\/excellemd.com\/wp-content\/uploads\/2023\/10\/Clinic_appointment_icon.png"},{"@type":"BreadcrumbList","@id":"https:\/\/excellemd.com\/en\/surgery\/#breadcrumb","itemListElement":[{"@type":"ListItem","position":1,"name":"Accueil","item":"https:\/\/excellemd.com\/en\/"},{"@type":"ListItem","position":2,"name":"Surgery"}]},{"@type":"WebSite","@id":"https:\/\/excellemd.com\/#website","url":"https:\/\/excellemd.com\/","name":"Excelle MD","description":"une clinique priv\u00e9e, qui offre \u00e0 leur client\u00e8le des soins m\u00e9dicaux rapides d\u2019acc\u00e8s","potentialAction":[{"@type":"SearchAction","target":{"@type":"EntryPoint","urlTemplate":"https:\/\/excellemd.com\/?s={search_term_string}"},"query-input":{"@type":"PropertyValueSpecification","valueRequired":true,"valueName":"search_term_string"}}],"inLanguage":"en-US"}]}},"taxonomy_info":[],"featured_image_src_large":false,"author_info":{"display_name":"Vikrant Datta","author_link":"https:\/\/excellemd.com\/en\/author\/vikrant-dattawell-company\/"},"comment_info":0,"_links":{"self":[{"href":"https:\/\/excellemd.com\/en\/wp-json\/wp\/v2\/pages\/11793","targetHints":{"allow":["GET"]}}],"collection":[{"href":"https:\/\/excellemd.com\/en\/wp-json\/wp\/v2\/pages"}],"about":[{"href":"https:\/\/excellemd.com\/en\/wp-json\/wp\/v2\/types\/page"}],"author":[{"embeddable":true,"href":"https:\/\/excellemd.com\/en\/wp-json\/wp\/v2\/users\/15"}],"replies":[{"embeddable":true,"href":"https:\/\/excellemd.com\/en\/wp-json\/wp\/v2\/comments?post=11793"}],"version-history":[{"count":5,"href":"https:\/\/excellemd.com\/en\/wp-json\/wp\/v2\/pages\/11793\/revisions"}],"predecessor-version":[{"id":12721,"href":"https:\/\/excellemd.com\/en\/wp-json\/wp\/v2\/pages\/11793\/revisions\/12721"}],"wp:attachment":[{"href":"https:\/\/excellemd.com\/en\/wp-json\/wp\/v2\/media?parent=11793"}],"curies":[{"name":"wp","href":"https:\/\/api.w.org\/{rel}","templated":true}]}}