{"id":11883,"date":"2023-12-11T17:14:23","date_gmt":"2023-12-11T16:14:23","guid":{"rendered":"https:\/\/excellemd.com\/?page_id=11883"},"modified":"2024-03-29T17:37:39","modified_gmt":"2024-03-29T16:37:39","slug":"orthopedics","status":"publish","type":"page","link":"https:\/\/excellemd.com\/en\/orthopedics\/","title":{"rendered":"Orthopaedics"},"content":{"rendered":"\n<section class=\"service_page_section hero orthopedie\">\n\n<\/section>\n\n\n\n<section class=\"service_page_section main_heading\">\n<h1 class=\"service_page_main_heading\">Orthopedics<\/h1>\n<\/section>\n\n\n\n<section class=\"service_page_section\">\n<div class=\"horizontal_split\">\n<div>\n<h3 style=\"margin-bottom:25px;\">Personalized care for your musculoskeletal well-being<\/h3>\n<p>Explore our cutting-edge orthopedic services at ExcelleMD. Our trained professionals provide specialized care to treat a diverse range of musculoskeletal issues, from joint pain management to advanced orthopedic surgery.<\/p>\n<p>Whether you have chronic pain, sports injuries or complex orthopedic conditions, we are here to provide solutions tailored to your needs. Make an appointment today to benefit from quality orthopedic care at ExcelleMD.<\/p>\n<p><b>You do not need a medical reference to make an appointment!<\/b><\/p>\n<\/div>\n<div style=\"flex-shrink:0;\">\n<div style=\"background-color: #F5F5F5;padding:32px;min-width:max-content;border-radius:4px;\">\n<p style=\"font-weight:700; font-size:20px !important;\">Service offered to:<\/p>\n<div class=\"service_availability_wrapper\">\n<img decoding=\"async\" src=\"https:\/\/excellemd.com\/wp-content\/uploads\/2023\/10\/Clinic_appointment_icon.png\" \/>\n<ul class=\"service_availability\">\n<li class=\"en\"><span>Montr\u00e9al (March\u00e9-Central)<\/span><\/li>\n<li class=\"available en\"><span>Saint-Eustache<\/span><\/li>\n<li class=\"en\"><span>Montr\u00e9al (Sanctuaire)<\/span><\/li>\n<li class=\"en\"><span>Terrebonne<\/span><\/li>\n<\/ul>\n<\/div>\n<div class=\"service_availability_wrapper\">\n<img decoding=\"async\" src=\"https:\/\/excellemd.com\/wp-content\/uploads\/2023\/10\/virtual_appointment_icon.png\" \/>\n<ul class=\"service_availability\">\n<li style=\"margin-bottom:0 !important;\"><span>Virtual consultation<\/span><\/li>\n<\/ul>\n<\/div>\n<\/div>\n<\/div>\n<\/section>\n\n\n\n<section class=\"service_page_section hs\">\n<div style=\"display:flex;justify-content:space-between;flex-direction:column;align-items:center;max-width:660px;margin-left:auto;margin-right:auto;margin-bottom:50px;\">\n<h2>SERVICES<\/h2>\n<h3>What orthopedic services do we offer?<\/h3>\n<p style=\"text-align:center;\">Entrust your musculoskeletal health to the expert hands of Dr. Alexandre Renaud. Make an appointment for a personalized consultation and discover the solutions adapted to your needs.<\/p>\n<\/div>\n<div class=\"horizontal_split\">\n<div class=\"side_img orthopedie1\"><\/div>\n<div style=\"margin-left:1rem;\">\n<h4 style=\"margin-left:-1rem;\">Consultations<\/h4>\n<h5>Adult orthopedic surgery consultations<\/h5>\n<ul>\n<li>Pathologies of the lower limb and upper limb.<\/li>\n<\/ul>\n<h5>Consultations in pediatric orthopedic surgery<\/h5>\n<ul>\n<li>Specialized care for the youngest, ensuring healthy development<\/li>\n<\/ul>\n<h4 style=\"margin-left:-1rem;\">Medical expertise<\/h4>\n<h5>Independent medical expertise in orthopedic surgery<\/h5>\n<ul>\n<li>CNESST, private insurance, SAAQ, medico-legal disputes<\/li>\n<\/ul>\n<\/div>\n<\/div>\n\n<\/section>\n\n\n\n<section class=\"service_page_section hs\">\n<div class=\"reverse_horizontal_split\">\n<div style=\"margin-left:1rem;\">\n<h4 style=\"margin-left:-1rem;\">Infiltrations<\/h4>\n<h5>Infiltrations under ultrasound<\/h5>\n<ul>\n<li>Precision in the treatment of pathologies, both at the level of the lower limb and the upper limb<\/li>\n<\/ul>\n<h4 style=\"margin-left:-1rem;\">Surgeries<\/h4>\n<h5>Minor surgeries (in clinic)<\/h5>\n<ul>\n<li>Carpal tunnel<\/li>\n<li>Trigger finger<\/li>\n<li>Arthro-synovial cyst<\/li>\n<li>Bursectomy<\/li>\n<\/ul>\n<h5>Major surgeries (in the operating room)<\/h5>\n<ul>\n<li>Total hip replacement<\/li>\n<li>Unicompartmental knee prosthesis<\/li>\n<li>Total knee prosthesis<\/li>\n<li>Anterior cruciate ligament reconstruction<\/li>\n<li>Meniscal suture \/ menisectomy<\/li>\n<li>Hallux valgus<\/li>\n<li>Hallux rigidus<\/li>\n<li>Hammer\/claw toe<\/li>\n<li>Morton&#8217;s neuroma<\/li>\n<li>Decompression of the ulnar nerve<\/li>\n<\/ul>\n<\/div>\n<div class=\"side_img orthopedie2\">\n<\/div>\n<\/div>\n<\/section>\n\n\n\n<section class=\"service_page_section call_to_action\">\n<p style=\"color:white;font-size:25px !important;font-weight:700;text-align:center;\">MAKE AN APPOINTMENT NOW !<\/p>\n<a href=\"https:\/\/excellemd.com\/en\/contact-us-2\/\" style=\"padding: 10px 25px 10px 25px;width:300px;background-color:white;color:#0098D5;text-align:center;font-size:18px; font-weight:600;\">MAKE AN APPOINTMENT<\/a>\n<\/section>\n\n\n\n<section class=\"service_page_section\">\n<div style=\"display:flex; flex-direction:column; justify-content: center; align-items:center;margin-bottom:25px;\">\n<h2>OUR TEAM<\/h2>\n<h3 style=\"text-align:center !important;\">Learn more about the professionals you will meet!<\/h3>\n<\/div>\n<\/section>\n\n\n\n<section class=\"service_page_section dr\">\n<div style=\"display:flex; flex-direction:column; justify-content: center; align-items:center;margin-bottom:25px;\">\n<\/div>\n<div class=\"horizontal_split\">\n<div class=\"dr side_img orthopedie3\"><\/div>\n<div style=\"display:flex; flex-direction: column; justify-content:center; align-items:flex-start;min-height:20rem;\">\n<h4 style=\"padding-bottom:1.5rem;\">DR. ALEXANDRE RENAUD<\/h4>\n<p>Dr. Alexandre Renaud began his university training with a Bachelor&#8217;s degree in physiotherapy at the University of Montreal. He then continued his studies for a Doctor of Medicine at the University of Montreal while working as a part-time physiotherapist in the field of sports medicine for 4 years. Dr. Renaud graduated from his Doctorate in Medicine in 2010 by being nominated on the Dean&#8217;s Honor List highlighting the excellence of his academic record during his medical studies.<\/p><p> He subsequently began postdoctoral studies in orthopedic surgery residency in the \u00c9douard-Samson orthopedics program at the University of Montreal, from which he graduated in 2015. Between 2010 and 2014, Dr. Renaud synchronously completed a Master&#8217;s degree in biomedical sciences on knee arthroplasty after obtaining a training grant from the Quebec Research Fund.<\/p>\n<\/div>\n<\/div>\n<\/section>\n\n\n\n<section class=\"service_page_section\" style=\"margin-bottom:64px;\">\n<div style=\"display:flex; flex-direction:column; justify-content:space-between; align-items:center;\">\n<h2 style=\"margin-bottom:25px;\">Q&#038;A<\/h2>\n<h3 style=\"margin-bottom:50px; text-align:center !important;\">Answers to your most frequently asked questions<\/h3>\n<\/div>\n<div class=\"questions\">\n<div class=\"retractable_section\">\n<button aria-controls=\"details_0\" type=\"button\"><h5 style=\"margin:0;margin-right:2rem;\">Is personalized surgery possible during a total knee replacement?<\/h5><img decoding=\"async\" src=\"https:\/\/excellemd.com\/wp-content\/uploads\/2023\/10\/ArrowDown.png\" \/><\/button>\n<div id=\"details_0\" class=\"retractable-section-details\" data-open=\"false\">\n<p>Personalized kinematic alignment can be achieved during total knee replacement using computer navigation assistance rather than conventional instrumentation. Navigation assistance allows the surgeon to reproduce the anatomy of your knee with great precision.<\/p>\n<\/div>\n<\/div>\n<div class=\"retractable_section has-medium-font-size\">\n<button aria-controls=\"details_1\" type=\"button\"><h5 style=\"margin:0;margin-right:2rem;\">Will I have movement restrictions following total hip replacement surgery?<\/h5><img decoding=\"async\" src=\"https:\/\/excellemd.com\/wp-content\/uploads\/2023\/10\/ArrowDown.png\" \/><\/button>\n<div id=\"details_1\" class=\"retractable-section-details\" data-open=\"false\">\n<p>During hip prosthesis surgery, a large diameter head will be installed, regardless of your size, ensuring that you will not have any movement restrictions following surgery or limitations in your activities. The goal of hip replacement surgery is to restore your mobility and quality of life without any restrictions on movement or activity.<\/p>\n<\/div>\n<\/div>\n<div class=\"retractable_section has-medium-font-size\">\n<button aria-controls=\"details_2\" type=\"button\"><h5 style=\"margin:0;margin-right:2rem;\">Should I be hospitalized following my hip or knee replacement?<\/h5><img decoding=\"async\" src=\"https:\/\/excellemd.com\/wp-content\/uploads\/2023\/10\/ArrowDown.png\" \/><\/button>\n<div id=\"details_2\" class=\"retractable-section-details\" data-open=\"false\">\n<p>Dr Renaud operates on his patients using an ERAS (enhanced recovery after surgery) protocol, reducing surgical stress and promoting rapid and optimal post-operative recovery. Thus, the majority of Dr. Renaud&#8217;s patients undergo day surgery for hip and knee prostheses. The patient leaves the same day as the surgery walking with technical assistance just a few hours after the procedure is completed without having to be hospitalized.<\/p>\n<\/div>\n<\/div>\n<div class=\"retractable_section has-medium-font-size\">\n<button aria-controls=\"details_3\" type=\"button\"><h5 style=\"margin:0;margin-right:2rem;\">How do I determine if I am a candidate for a unicompartmental prosthesis or a total knee prosthesis?<\/h5><img decoding=\"async\" src=\"https:\/\/excellemd.com\/wp-content\/uploads\/2023\/10\/ArrowDown.png\" \/><\/button>\n<div id=\"details_3\" class=\"retractable-section-details\" data-open=\"false\">\n<p>It depends on whether the osteoarthritis present in the knee affects one or more compartments. During your meeting with Dr. Renaud, he will be able to inform you about your condition and will explain the therapeutic options available to you following your assessment. He will be able to offer you surgery adapted to your condition with durable implants and a minimally invasive surgical technique.<\/p>\n<\/div>\n<\/div>\n<div class=\"retractable_section has-medium-font-size\">\n<button aria-controls=\"details_4\" type=\"button\"><h5 style=\"margin:0;margin-right:2rem;\">What surgical technique is used for the correction of hallux valgus?<\/h5><img decoding=\"async\" src=\"https:\/\/excellemd.com\/wp-content\/uploads\/2023\/10\/ArrowDown.png\" \/><\/button>\n<div id=\"details_4\" class=\"retractable-section-details\" data-open=\"false\">\n<p>A minimally invasive percutaneous surgical technique is used for the correction of hallux valgus. The correction is done via an incision varying between 5 and 10 millimeters. Following surgery, a pin will remain in place for a period of 4 weeks, before being removed painlessly in an outpatient clinic.<\/p>\n<\/div>\n<\/div>\n<\/section>\n\n\n\n<script defer=\"\">\nlet services = document.querySelectorAll(\".retractable_section\");\nservices.forEach( s => {\nlet button;\nlet details;\nlet buttonArrow;\n\nbutton = s.children[0];\nbuttonArrow = s.children[0].children[1];\ndetails = s.children[1];\n\nbutton.addEventListener('click', (e) => {\nlet opened = details.getAttribute('data-open') === \"false\" ? false : true;\n\nif(opened) {\n  details.setAttribute('data-open', \"false\");\n  buttonArrow.classList.remove('open');\n} else {\ndetails.setAttribute('data-open', \"true\");\nbuttonArrow.classList.add('open');\n}\n});\n})\n<\/script>\n","protected":false},"excerpt":{"rendered":"<p>Orthopedics Personalized care for your musculoskeletal well-being Explore our cutting-edge orthopedic services at ExcelleMD. Our trained professionals provide specialized care to treat a diverse range of [&hellip;]<\/p>\n","protected":false},"author":15,"featured_media":0,"parent":0,"menu_order":0,"comment_status":"closed","ping_status":"closed","template":"","meta":{"_acf_changed":false,"_kad_blocks_custom_css":"","_kad_blocks_head_custom_js":"","_kad_blocks_body_custom_js":"","_kad_blocks_footer_custom_js":"","footnotes":""},"class_list":["post-11883","page","type-page","status-publish","hentry"],"acf":[],"yoast_head":"<!-- This site is optimized with the Yoast SEO plugin v27.3 - https:\/\/yoast.com\/product\/yoast-seo-wordpress\/ -->\n<title>Orthopaedics - Excelle MD<\/title>\n<meta name=\"robots\" content=\"index, follow, max-snippet:-1, max-image-preview:large, max-video-preview:-1\" \/>\n<link rel=\"canonical\" href=\"https:\/\/excellemd.com\/en\/orthopedics\/\" \/>\n<meta property=\"og:locale\" content=\"en_US\" \/>\n<meta property=\"og:type\" content=\"article\" \/>\n<meta property=\"og:title\" content=\"Orthopaedics - Excelle MD\" \/>\n<meta property=\"og:description\" content=\"Orthopedics Personalized care for your musculoskeletal well-being Explore our cutting-edge orthopedic services at ExcelleMD. Our trained professionals provide specialized care to treat a diverse range of [&hellip;]\" \/>\n<meta property=\"og:url\" content=\"https:\/\/excellemd.com\/en\/orthopedics\/\" \/>\n<meta property=\"og:site_name\" content=\"Excelle MD\" \/>\n<meta property=\"article:modified_time\" content=\"2024-03-29T16:37:39+00:00\" \/>\n<meta property=\"og:image\" content=\"https:\/\/excellemd.com\/wp-content\/uploads\/2023\/10\/Clinic_appointment_icon.png\" \/>\n<meta name=\"twitter:card\" content=\"summary_large_image\" \/>\n<meta name=\"twitter:label1\" content=\"Est. reading time\" \/>\n\t<meta name=\"twitter:data1\" content=\"4 minutes\" \/>\n<script type=\"application\/ld+json\" class=\"yoast-schema-graph\">{\"@context\":\"https:\\\/\\\/schema.org\",\"@graph\":[{\"@type\":\"WebPage\",\"@id\":\"https:\\\/\\\/excellemd.com\\\/en\\\/orthopedics\\\/\",\"url\":\"https:\\\/\\\/excellemd.com\\\/en\\\/orthopedics\\\/\",\"name\":\"Orthopaedics - Excelle MD\",\"isPartOf\":{\"@id\":\"https:\\\/\\\/excellemd.com\\\/#website\"},\"primaryImageOfPage\":{\"@id\":\"https:\\\/\\\/excellemd.com\\\/en\\\/orthopedics\\\/#primaryimage\"},\"image\":{\"@id\":\"https:\\\/\\\/excellemd.com\\\/en\\\/orthopedics\\\/#primaryimage\"},\"thumbnailUrl\":\"https:\\\/\\\/excellemd.com\\\/wp-content\\\/uploads\\\/2023\\\/10\\\/Clinic_appointment_icon.png\",\"datePublished\":\"2023-12-11T16:14:23+00:00\",\"dateModified\":\"2024-03-29T16:37:39+00:00\",\"breadcrumb\":{\"@id\":\"https:\\\/\\\/excellemd.com\\\/en\\\/orthopedics\\\/#breadcrumb\"},\"inLanguage\":\"en-US\",\"potentialAction\":[{\"@type\":\"ReadAction\",\"target\":[\"https:\\\/\\\/excellemd.com\\\/en\\\/orthopedics\\\/\"]}]},{\"@type\":\"ImageObject\",\"inLanguage\":\"en-US\",\"@id\":\"https:\\\/\\\/excellemd.com\\\/en\\\/orthopedics\\\/#primaryimage\",\"url\":\"https:\\\/\\\/excellemd.com\\\/wp-content\\\/uploads\\\/2023\\\/10\\\/Clinic_appointment_icon.png\",\"contentUrl\":\"https:\\\/\\\/excellemd.com\\\/wp-content\\\/uploads\\\/2023\\\/10\\\/Clinic_appointment_icon.png\"},{\"@type\":\"BreadcrumbList\",\"@id\":\"https:\\\/\\\/excellemd.com\\\/en\\\/orthopedics\\\/#breadcrumb\",\"itemListElement\":[{\"@type\":\"ListItem\",\"position\":1,\"name\":\"Accueil\",\"item\":\"https:\\\/\\\/excellemd.com\\\/en\\\/\"},{\"@type\":\"ListItem\",\"position\":2,\"name\":\"Orthopaedics\"}]},{\"@type\":\"WebSite\",\"@id\":\"https:\\\/\\\/excellemd.com\\\/#website\",\"url\":\"https:\\\/\\\/excellemd.com\\\/\",\"name\":\"Excelle MD\",\"description\":\"une clinique priv\u00e9e, qui offre \u00e0 leur client\u00e8le des soins m\u00e9dicaux rapides d\u2019acc\u00e8s\",\"potentialAction\":[{\"@type\":\"SearchAction\",\"target\":{\"@type\":\"EntryPoint\",\"urlTemplate\":\"https:\\\/\\\/excellemd.com\\\/?s={search_term_string}\"},\"query-input\":{\"@type\":\"PropertyValueSpecification\",\"valueRequired\":true,\"valueName\":\"search_term_string\"}}],\"inLanguage\":\"en-US\"}]}<\/script>\n<!-- \/ Yoast SEO plugin. -->","yoast_head_json":{"title":"Orthopaedics - Excelle MD","robots":{"index":"index","follow":"follow","max-snippet":"max-snippet:-1","max-image-preview":"max-image-preview:large","max-video-preview":"max-video-preview:-1"},"canonical":"https:\/\/excellemd.com\/en\/orthopedics\/","og_locale":"en_US","og_type":"article","og_title":"Orthopaedics - Excelle MD","og_description":"Orthopedics Personalized care for your musculoskeletal well-being Explore our cutting-edge orthopedic services at ExcelleMD. Our trained professionals provide specialized care to treat a diverse range of [&hellip;]","og_url":"https:\/\/excellemd.com\/en\/orthopedics\/","og_site_name":"Excelle MD","article_modified_time":"2024-03-29T16:37:39+00:00","og_image":[{"url":"https:\/\/excellemd.com\/wp-content\/uploads\/2023\/10\/Clinic_appointment_icon.png","type":"","width":"","height":""}],"twitter_card":"summary_large_image","twitter_misc":{"Est. reading time":"4 minutes"},"schema":{"@context":"https:\/\/schema.org","@graph":[{"@type":"WebPage","@id":"https:\/\/excellemd.com\/en\/orthopedics\/","url":"https:\/\/excellemd.com\/en\/orthopedics\/","name":"Orthopaedics - Excelle MD","isPartOf":{"@id":"https:\/\/excellemd.com\/#website"},"primaryImageOfPage":{"@id":"https:\/\/excellemd.com\/en\/orthopedics\/#primaryimage"},"image":{"@id":"https:\/\/excellemd.com\/en\/orthopedics\/#primaryimage"},"thumbnailUrl":"https:\/\/excellemd.com\/wp-content\/uploads\/2023\/10\/Clinic_appointment_icon.png","datePublished":"2023-12-11T16:14:23+00:00","dateModified":"2024-03-29T16:37:39+00:00","breadcrumb":{"@id":"https:\/\/excellemd.com\/en\/orthopedics\/#breadcrumb"},"inLanguage":"en-US","potentialAction":[{"@type":"ReadAction","target":["https:\/\/excellemd.com\/en\/orthopedics\/"]}]},{"@type":"ImageObject","inLanguage":"en-US","@id":"https:\/\/excellemd.com\/en\/orthopedics\/#primaryimage","url":"https:\/\/excellemd.com\/wp-content\/uploads\/2023\/10\/Clinic_appointment_icon.png","contentUrl":"https:\/\/excellemd.com\/wp-content\/uploads\/2023\/10\/Clinic_appointment_icon.png"},{"@type":"BreadcrumbList","@id":"https:\/\/excellemd.com\/en\/orthopedics\/#breadcrumb","itemListElement":[{"@type":"ListItem","position":1,"name":"Accueil","item":"https:\/\/excellemd.com\/en\/"},{"@type":"ListItem","position":2,"name":"Orthopaedics"}]},{"@type":"WebSite","@id":"https:\/\/excellemd.com\/#website","url":"https:\/\/excellemd.com\/","name":"Excelle MD","description":"une clinique priv\u00e9e, qui offre \u00e0 leur client\u00e8le des soins m\u00e9dicaux rapides d\u2019acc\u00e8s","potentialAction":[{"@type":"SearchAction","target":{"@type":"EntryPoint","urlTemplate":"https:\/\/excellemd.com\/?s={search_term_string}"},"query-input":{"@type":"PropertyValueSpecification","valueRequired":true,"valueName":"search_term_string"}}],"inLanguage":"en-US"}]}},"taxonomy_info":[],"featured_image_src_large":false,"author_info":{"display_name":"Vikrant Datta","author_link":"https:\/\/excellemd.com\/en\/author\/vikrant-dattawell-company\/"},"comment_info":0,"_links":{"self":[{"href":"https:\/\/excellemd.com\/en\/wp-json\/wp\/v2\/pages\/11883","targetHints":{"allow":["GET"]}}],"collection":[{"href":"https:\/\/excellemd.com\/en\/wp-json\/wp\/v2\/pages"}],"about":[{"href":"https:\/\/excellemd.com\/en\/wp-json\/wp\/v2\/types\/page"}],"author":[{"embeddable":true,"href":"https:\/\/excellemd.com\/en\/wp-json\/wp\/v2\/users\/15"}],"replies":[{"embeddable":true,"href":"https:\/\/excellemd.com\/en\/wp-json\/wp\/v2\/comments?post=11883"}],"version-history":[{"count":5,"href":"https:\/\/excellemd.com\/en\/wp-json\/wp\/v2\/pages\/11883\/revisions"}],"predecessor-version":[{"id":12224,"href":"https:\/\/excellemd.com\/en\/wp-json\/wp\/v2\/pages\/11883\/revisions\/12224"}],"wp:attachment":[{"href":"https:\/\/excellemd.com\/en\/wp-json\/wp\/v2\/media?parent=11883"}],"curies":[{"name":"wp","href":"https:\/\/api.w.org\/{rel}","templated":true}]}}