{"id":12014,"date":"2023-12-29T15:11:21","date_gmt":"2023-12-29T14:11:21","guid":{"rendered":"https:\/\/excellemd.com\/?page_id=12014"},"modified":"2025-05-23T21:20:30","modified_gmt":"2025-05-23T19:20:30","slug":"womans-health","status":"publish","type":"page","link":"https:\/\/excellemd.com\/en\/womans-health\/","title":{"rendered":"WOMEN&#8217;S HEALTH"},"content":{"rendered":"\n<p><\/p>\n\n\n\n<section class=\"service_page_section hero sante_de_la_femme\">\n\n<\/section>\n\n\n\n<section class=\"service_page_section\">\n<h1 class=\"service_page_main_heading\">WOMEN&#8217;S HEALTH<\/h1>\n<\/section>\n\n\n\n<section class=\"service_page_section\">\n<div class=\"horizontal_split\">\n<div>\n<h3 style=\"margin-bottom:25px;\">Personalized care for women<\/h3>\n<p>Welcome to our dedicated women&#8217;s health service, where we are committed to providing comprehensive, personalized care to meet your specific needs. Our competent medical team is here to support you at every stage of your life.<\/p>\n<p>We are dedicated to your well-being, providing quality care so that every woman feels heard, supported and confident at every stage of her life.<\/p>\n<p><a href=\"https:\/\/excellemd.com\/en\/make-appointment\/\" style=\"color: #0094D5;\">Make an appointment today<\/a> for exceptional care in a warm and respectful environment.<\/p>\n<\/div>\n<div style=\"background-color: #F5F5F5;padding:32px;min-width:max-content;\">\n<p>Service available at: <\/p>\n<div class=\"service_availability_wrapper\">\n<img decoding=\"async\" src=\"https:\/\/excellemd.com\/wp-content\/uploads\/2023\/10\/Clinic_appointment_icon.png\" \/>\n<ul class=\"service_availability\">\n<li class=\"available\"><span>Montr\u00e9al (March\u00e9-Central)<\/span><\/li>\n<li class=\"available\"><span>Saint-Eustache<\/span><\/li>\n<li class=\"available\"><span>Montr\u00e9al (Sanctuaire)<\/span><\/li>\n<li class=\"available\"><span>Terrebonne<\/span><\/li>\n<\/ul>\n<\/div>\n<div class=\"service_availability_wrapper\">\n<img decoding=\"async\" src=\"https:\/\/excellemd.com\/wp-content\/uploads\/2023\/10\/virtual_appointment_icon.png\" \/>\n<ul class=\"service_availability\">\n<li class=\"available\"><span>Virtual consultation<\/span><\/li>\n<\/ul>\n<\/div>\n<\/div>\n<\/section>\n\n\n\n<section class=\"service_page_section\">\n<div style=\"display:flex;justify-content:space-between;flex-direction:column;align-items:center;max-width:660px;margin-left:auto;margin-right:auto;margin-bottom:50px;\">\n<h2>SERVICES<\/h2>\n<h3>Services dedicated to women<\/h3>\n<p>Attentive listening, informed advice, and tailor-made solutions to meet your unique needs.<\/p>\n<\/div>\n<div class=\"wp-block-anchor-block-standard\" id=\"section_contraception\" data-anchor-padding=\"\" style=\"--data-anchor-padding: 0px\"><\/div>\n<div class=\"wp-block-spacer\" aria-hidden=\"true\" style=\"height:70px\"><\/div>\n<div class=\"horizontal_split\">\n<div class=\"side_img sdf1\"><\/div>\n<div style=\"margin-left:1rem;\">\n<h4 style=\"margin-left:-1rem;\">Contraception<\/h4>\n<h5>Consultation and education on contraception<\/h5>\n<p>Personalized advice and discussions on available options<\/p>\n<h5>IUD insertion\/removal<\/h5>\n<p>The insertion of an IUD usually includes two meetings, the first which makes it possible to clearly identify the contraceptive choice and identify the risk factors and carry out the necessary tests such as cytology (Pap test) if not carried out in the last two years as well as the screening for certain STBBIs such as chlamydia and gonorrhea as well as validating contraindications. The second meeting is usually taken during menstruation to allow the installation of the IUD.<\/p>\n<h5>Contraceptive implant insertion\/removal<\/h5>\n<\/div>\n<\/div>\n\n<\/section>\n\n\n\n<div style=\"height:50px\" aria-hidden=\"true\" class=\"wp-block-spacer\"><\/div>\n\n\n\n<div class=\"wp-block-anchor-block-standard\" id=\"section_pregnancy\" data-anchor-padding=\"\" style=\"--data-anchor-padding: 0px\"><\/div>\n\n\n\n<div style=\"height:70px\" aria-hidden=\"true\" class=\"wp-block-spacer\"><\/div>\n\n\n\n<section class=\"service_page_section\">\n<div class=\"reverse_horizontal_split\">\n<div style=\"margin-left:1rem;\">\n<h4 style=\"margin-left:-1rem;\">Pregnancy<\/h4>\n<h5>Pregnancy planning<\/h5>\n<p>Personalized pre-conception advice to assist you in this important stage of your life.<\/p>\n<h5>Pregnancy monitoringe<\/h4>\n<p>Preparing for the birth of a child is a special moment and you deserve a medical team that is competent, professional and human to support you in this important stage. This is why ExcelleMD clinics offer you personalized pregnancy monitoring and rapid access to prenatal care (follow-up appointments, blood tests and ultrasounds) in order to facilitate all stages of your pregnancy and ensure that your experience is as positive as possible. and serene.<\/p>\n<p>You can then be referred to the hospital doctor of your choice. You will also have access to a follow-up visit during your postpartum period. If desired, the clinic also offers a newborn care service.\n<\/p>\n<h5>Miscarriage Treatment<\/h5>\n<\/div>\n<div class=\"side_img sdf2\">\n<\/div>\n<\/div>\n<\/section>\n\n\n\n<div class=\"wp-block-anchor-block-standard\" id=\"section_menopause\" data-anchor-padding=\"\" style=\"--data-anchor-padding: 0px\"><\/div>\n\n\n\n<div style=\"height:70px\" aria-hidden=\"true\" class=\"wp-block-spacer\"><\/div>\n\n\n\n<section class=\"service_page_section\">\n<div class=\"horizontal_split\">\n<div class=\"side_img sdf3\"><\/div>\n<div style=\"margin-left:1rem;\">\n<h4 style=\"margin-left:-1rem;\">Menopause<\/h4>\n<h5>Treatment of menopausal symptoms<\/h5>\n<ul>\n<li>Genitourinary syndrome of menopause<\/li>\n<li>Vasomotor symptoms (hot flashes, night sweats)<\/li>\n<li>Prescription of hormone therapy as needed.<\/li>\n<\/ul>\n<\/div>\n<\/div>\n<\/section>\n\n\n\n<div class=\"wp-block-anchor-block-standard\" id=\"section_gynecology\" data-anchor-padding=\"\" style=\"--data-anchor-padding: 0px\"><\/div>\n\n\n\n<div style=\"height:70px\" aria-hidden=\"true\" class=\"wp-block-spacer\"><\/div>\n\n\n\n<section class=\"service_page_section\">\n<div class=\"reverse_horizontal_split\">\n<div style=\"margin-left:1rem;\">\n<h4 style=\"margin-left:-1rem;\">Gynecological health<\/h4>\n<h5>Screening and treatment for sexually transmitted and sexually transmitted infections\nblood (STI)<\/h5>\n<p>You can consult for screening and treatment of STBBIs. YOU\nwill also be able to have the necessary requests to take the tests\napplicable in the clinic or to the public.<\/p>\n<h5>Benign vulvar disorder<\/h5>\n<ul>\n<li>Lichen sclerosus<\/li>\n<li>Simple chronic lichen<\/li>\n<li>Contact dermatitis<\/li>\n<\/ul>\n<h5>Investigation of abnormal uterine bleeding<\/h5>\n<h5>Endometrial biopsy<\/h5>\n<\/div>\n<div class=\"side_img sdf4\">\n<\/div>\n<\/div>\n<\/section>\n\n\n\n<section class=\"service_page_section call_to_action\" style=\"margin-bottom:50px;\">\n<p style=\"color:white;font-size:25px !important;font-weight:700;text-align:center;\">MAKE AN APPOINTMENT TODAY<\/p>\n<a href=\"https:\/\/excellemd.com\/en\/make-appointment\/\" style=\"padding: 10px 25px 10px 25px;width:300px;background-color:white;color:#0098D5;text-align:center;font-size:18px; font-weight:600;\">PRENDRE RENDEZ-VOUS<\/a>\n<\/section>\n\n\n\n<!--<section class=\"service_page_section\">\n<div style=\"display:flex; flex-direction:column; justify-content: center; align-items:center;margin-bottom:25px;\">\n<h2>NOTRE \u00c9QUIPE<\/h2>\n<h3 style=\"text-align:center !important;\">Apprenez-en plus sur les professionnels que vous rencontrerez !<\/h3>\n<\/div>\n<\/section>-->\n\n\n\n<!--<section class=\"service_page_section\">\n<div style=\"display:flex; flex-direction:column; justify-content: center; align-items:center;margin-bottom:25px;\">\n<\/div>\n<div class=\"horizontal_split\">\n<div class=\"side_img orl3\"><\/div>\n<div style=\"display:flex; flex-direction: column; justify-content:center; align-items:flex-start;min-height:20rem;\">\n<h4 style=\"padding-bottom:1.5rem;\">DR. JEAN-PIERRE SOUAID<\/h4>\n<p>Oto-Rhino-Laryngologiste (ORL) depuis 21 ans, Dr. Souaid est dipl\u00f4m\u00e9 de la Facult\u00e9 de M\u00e9decine de l\u2019Universit\u00e9 McGill et de son programme de r\u00e9sidence. Apr\u00e8s sa sp\u00e9cialisation en ORL, il a compl\u00e9t\u00e9 sa sous-sp\u00e9cialisation en Otologie \u00e0 l\u2019Universit\u00e9 Ohio State. Il est professeur assistant \u00e0 l\u2019Universit\u00e9 d\u2019Ottawa depuis 12 ans. Dr Souaid est membre du Coll\u00e8ge Royal des M\u00e9decins et Chirurgiens du Canada et est \u00e9galement certifi\u00e9 par l\u2019American Board of Otolaryngology.<\/p>\n<\/div>\n<\/div>\n<\/section>-->\n\n\n\n<section class=\"service_page_section\" style=\"margin-bottom:50px;\">\n<div style=\"display:flex; flex-direction:column; justify-content:space-between; align-items:center;\">\n<h2 style=\"margin-bottom:25px;\">Q&#038;A<\/h2>\n<h3 style=\"margin-bottom:50px; text-align:center !important;\">Answers to your most frequently asked questions<\/h3>\n<\/div>\n<div class=\"questions\">\n<div class=\"retractable_section\">\n<button aria-controls=\"details_0\" type=\"button\"><span>How effective is the hormonal IUD?<\/span><img decoding=\"async\" src=\"https:\/\/excellemd.com\/wp-content\/uploads\/2023\/10\/ArrowDown.png\" \/><\/button>\n<div id=\"details_0\" class=\"retractable-section-details\" data-open=\"false\">\n<p>The hormonal IUD is 99.8% effective. This means that if 1000 people wore a hormonal IUD for a year, only 2 of them would get pregnant.<\/p>\n<\/div>\n<\/div>\n<div class=\"retractable_section has-medium-font-size\">\n<button aria-controls=\"details_1\" type=\"button\"><span>What are the side effects of the hormonal IUD?<\/span><img decoding=\"async\" src=\"https:\/\/excellemd.com\/wp-content\/uploads\/2023\/10\/ArrowDown.png\" \/><\/button>\n<div id=\"details_1\" class=\"retractable-section-details\" data-open=\"false\">\n<p>You may have light bleeding for the first three months. Your periods may become lighter, shorter or more irregular. After one year, on average 25% of people will stop having their periods as long as the hormonal IUD is in place. Other rare side effects include acne, headaches, and breast tenderness. Only 5% of people experience these side effects. Talk to your healthcare professional if you have a history of depression or are concerned about possible weight gain.<\/p>\n<\/div>\n<\/div>\n<div class=\"retractable_section has-medium-font-size\">\n<button aria-controls=\"details_2\" type=\"button\"><span>What is the implant?<\/span><img decoding=\"async\" src=\"https:\/\/excellemd.com\/wp-content\/uploads\/2023\/10\/ArrowDown.png\" \/><\/button>\n<div id=\"details_2\" class=\"retractable-section-details\" data-open=\"false\">\n<p>The implant (Nexplanon) is a method of contraception. It is a small (4 cm) plastic rod containing a hormone (progesterone) that a healthcare professional places under the skin of your upper arm. It has been approved by Health Canada for use for up to 3 years.<\/p>\n\n<\/div>\n<\/div>\n\n<div class=\"retractable_section has-medium-font-size\">\n<button aria-controls=\"details_3\" type=\"button\"><span>What are the factors that affect fertility?<\/span><img decoding=\"async\" src=\"https:\/\/excellemd.com\/wp-content\/uploads\/2023\/10\/ArrowDown.png\" \/><\/button>\n<div id=\"details_3\" class=\"retractable-section-details\" data-open=\"false\">\n<p>Most people don&#8217;t know if they are fertile or not unless they start trying to conceive or a pregnancy occurs unexpectedly. For men, the quantity of sperm (sperm count) or the ability of sperm to move (sperm motility) can be influenced by stress, family history, medical conditions, environmental factors and lifestyle habits ( e.g. smoking, use of drugs and alcohol, etc.). You produce sperm throughout your life after puberty, although their numbers decrease with age. For women, your fertility may be affected by stress, family history, illness, rapid weight gain or weight loss, lifestyle factors (for example, smoking, drug and alcohol use, etc.), breastfeeding and the use of hormonal contraceptives. Your fertility declines as you age and eventually stops completely (menopause). This usually happens between the ages of 45 and 60.<\/p>\n\n<\/div>\n<\/div>\n\n<div class=\"retractable_section has-medium-font-size\">\n<button aria-controls=\"details_4\" type=\"button\"><span>What to do if you have post-menopausal vaginal bleeding?<\/span><img decoding=\"async\" src=\"https:\/\/excellemd.com\/wp-content\/uploads\/2023\/10\/ArrowDown.png\" \/><\/button>\n<div id=\"details_4\" class=\"retractable-section-details\" data-open=\"false\">\n<p>If you experience postmenopausal vaginal bleeding, it is important to see a healthcare professional immediately. Although it can be caused by benign factors, such as hormonal changes or vaginal atrophy problems, it can also be a sign of more serious problems, such as infections, polyps, or even more serious medical conditions. like uterine cancer.<\/p>\n\n<\/div>\n<\/div>\n<\/section>\n\n\n\n<script defer=\"\">\nlet services = document.querySelectorAll(\".retractable_section\");\nservices.forEach( s => {\nlet button;\nlet details;\nlet buttonArrow;\n\nbutton = s.children[0];\nbuttonArrow = s.children[0].children[1];\ndetails = s.children[1];\n\nbutton.addEventListener('click', (e) => {\nlet opened = details.getAttribute('data-open') === \"false\" ? false : true;\n\nif(opened) {\n  details.setAttribute('data-open', \"false\");\n  buttonArrow.classList.remove('open');\n} else {\ndetails.setAttribute('data-open', \"true\");\nbuttonArrow.classList.add('open');\n}\n});\n})\n<\/script>\n","protected":false},"excerpt":{"rendered":"<p>WOMEN&#8217;S HEALTH Personalized care for women Welcome to our dedicated women&#8217;s health service, where we are committed to providing comprehensive, personalized care to meet your specific [&hellip;]<\/p>\n","protected":false},"author":15,"featured_media":0,"parent":0,"menu_order":0,"comment_status":"closed","ping_status":"closed","template":"","meta":{"_acf_changed":false,"_kad_blocks_custom_css":"","_kad_blocks_head_custom_js":"","_kad_blocks_body_custom_js":"","_kad_blocks_footer_custom_js":"","footnotes":""},"class_list":["post-12014","page","type-page","status-publish","hentry"],"acf":[],"yoast_head":"<!-- This site is optimized with the Yoast SEO plugin v27.5 - https:\/\/yoast.com\/product\/yoast-seo-wordpress\/ -->\n<title>WOMEN&#039;S HEALTH - Excelle MD<\/title>\n<meta name=\"robots\" content=\"index, follow, max-snippet:-1, max-image-preview:large, max-video-preview:-1\" \/>\n<link rel=\"canonical\" href=\"https:\/\/excellemd.com\/en\/womans-health\/\" \/>\n<meta property=\"og:locale\" content=\"en_US\" \/>\n<meta property=\"og:type\" content=\"article\" \/>\n<meta property=\"og:title\" content=\"WOMEN&#039;S HEALTH - Excelle MD\" \/>\n<meta property=\"og:description\" content=\"WOMEN&#8217;S HEALTH Personalized care for women Welcome to our dedicated women&#8217;s health service, where we are committed to providing comprehensive, personalized care to meet your specific [&hellip;]\" \/>\n<meta property=\"og:url\" content=\"https:\/\/excellemd.com\/en\/womans-health\/\" \/>\n<meta property=\"og:site_name\" content=\"Excelle MD\" \/>\n<meta property=\"article:modified_time\" content=\"2025-05-23T19:20:30+00:00\" \/>\n<meta property=\"og:image\" content=\"https:\/\/excellemd.com\/wp-content\/uploads\/2023\/10\/Clinic_appointment_icon.png\" \/>\n<meta name=\"twitter:card\" content=\"summary_large_image\" \/>\n<meta name=\"twitter:label1\" content=\"Est. reading time\" \/>\n\t<meta name=\"twitter:data1\" content=\"6 minutes\" \/>\n<script type=\"application\/ld+json\" class=\"yoast-schema-graph\">{\"@context\":\"https:\\\/\\\/schema.org\",\"@graph\":[{\"@type\":\"WebPage\",\"@id\":\"https:\\\/\\\/excellemd.com\\\/en\\\/womans-health\\\/\",\"url\":\"https:\\\/\\\/excellemd.com\\\/en\\\/womans-health\\\/\",\"name\":\"WOMEN'S HEALTH - Excelle MD\",\"isPartOf\":{\"@id\":\"https:\\\/\\\/excellemd.com\\\/#website\"},\"primaryImageOfPage\":{\"@id\":\"https:\\\/\\\/excellemd.com\\\/en\\\/womans-health\\\/#primaryimage\"},\"image\":{\"@id\":\"https:\\\/\\\/excellemd.com\\\/en\\\/womans-health\\\/#primaryimage\"},\"thumbnailUrl\":\"https:\\\/\\\/excellemd.com\\\/wp-content\\\/uploads\\\/2023\\\/10\\\/Clinic_appointment_icon.png\",\"datePublished\":\"2023-12-29T14:11:21+00:00\",\"dateModified\":\"2025-05-23T19:20:30+00:00\",\"breadcrumb\":{\"@id\":\"https:\\\/\\\/excellemd.com\\\/en\\\/womans-health\\\/#breadcrumb\"},\"inLanguage\":\"en-US\",\"potentialAction\":[{\"@type\":\"ReadAction\",\"target\":[\"https:\\\/\\\/excellemd.com\\\/en\\\/womans-health\\\/\"]}]},{\"@type\":\"ImageObject\",\"inLanguage\":\"en-US\",\"@id\":\"https:\\\/\\\/excellemd.com\\\/en\\\/womans-health\\\/#primaryimage\",\"url\":\"https:\\\/\\\/excellemd.com\\\/wp-content\\\/uploads\\\/2023\\\/10\\\/Clinic_appointment_icon.png\",\"contentUrl\":\"https:\\\/\\\/excellemd.com\\\/wp-content\\\/uploads\\\/2023\\\/10\\\/Clinic_appointment_icon.png\"},{\"@type\":\"BreadcrumbList\",\"@id\":\"https:\\\/\\\/excellemd.com\\\/en\\\/womans-health\\\/#breadcrumb\",\"itemListElement\":[{\"@type\":\"ListItem\",\"position\":1,\"name\":\"Accueil\",\"item\":\"https:\\\/\\\/excellemd.com\\\/en\\\/\"},{\"@type\":\"ListItem\",\"position\":2,\"name\":\"WOMEN&rsquo;S HEALTH\"}]},{\"@type\":\"WebSite\",\"@id\":\"https:\\\/\\\/excellemd.com\\\/#website\",\"url\":\"https:\\\/\\\/excellemd.com\\\/\",\"name\":\"Excelle MD\",\"description\":\"une clinique priv\u00e9e, qui offre \u00e0 leur client\u00e8le des soins m\u00e9dicaux rapides d\u2019acc\u00e8s\",\"potentialAction\":[{\"@type\":\"SearchAction\",\"target\":{\"@type\":\"EntryPoint\",\"urlTemplate\":\"https:\\\/\\\/excellemd.com\\\/?s={search_term_string}\"},\"query-input\":{\"@type\":\"PropertyValueSpecification\",\"valueRequired\":true,\"valueName\":\"search_term_string\"}}],\"inLanguage\":\"en-US\"}]}<\/script>\n<!-- \/ Yoast SEO plugin. -->","yoast_head_json":{"title":"WOMEN'S HEALTH - Excelle MD","robots":{"index":"index","follow":"follow","max-snippet":"max-snippet:-1","max-image-preview":"max-image-preview:large","max-video-preview":"max-video-preview:-1"},"canonical":"https:\/\/excellemd.com\/en\/womans-health\/","og_locale":"en_US","og_type":"article","og_title":"WOMEN'S HEALTH - Excelle MD","og_description":"WOMEN&#8217;S HEALTH Personalized care for women Welcome to our dedicated women&#8217;s health service, where we are committed to providing comprehensive, personalized care to meet your specific [&hellip;]","og_url":"https:\/\/excellemd.com\/en\/womans-health\/","og_site_name":"Excelle MD","article_modified_time":"2025-05-23T19:20:30+00:00","og_image":[{"url":"https:\/\/excellemd.com\/wp-content\/uploads\/2023\/10\/Clinic_appointment_icon.png","type":"","width":"","height":""}],"twitter_card":"summary_large_image","twitter_misc":{"Est. reading time":"6 minutes"},"schema":{"@context":"https:\/\/schema.org","@graph":[{"@type":"WebPage","@id":"https:\/\/excellemd.com\/en\/womans-health\/","url":"https:\/\/excellemd.com\/en\/womans-health\/","name":"WOMEN'S HEALTH - Excelle MD","isPartOf":{"@id":"https:\/\/excellemd.com\/#website"},"primaryImageOfPage":{"@id":"https:\/\/excellemd.com\/en\/womans-health\/#primaryimage"},"image":{"@id":"https:\/\/excellemd.com\/en\/womans-health\/#primaryimage"},"thumbnailUrl":"https:\/\/excellemd.com\/wp-content\/uploads\/2023\/10\/Clinic_appointment_icon.png","datePublished":"2023-12-29T14:11:21+00:00","dateModified":"2025-05-23T19:20:30+00:00","breadcrumb":{"@id":"https:\/\/excellemd.com\/en\/womans-health\/#breadcrumb"},"inLanguage":"en-US","potentialAction":[{"@type":"ReadAction","target":["https:\/\/excellemd.com\/en\/womans-health\/"]}]},{"@type":"ImageObject","inLanguage":"en-US","@id":"https:\/\/excellemd.com\/en\/womans-health\/#primaryimage","url":"https:\/\/excellemd.com\/wp-content\/uploads\/2023\/10\/Clinic_appointment_icon.png","contentUrl":"https:\/\/excellemd.com\/wp-content\/uploads\/2023\/10\/Clinic_appointment_icon.png"},{"@type":"BreadcrumbList","@id":"https:\/\/excellemd.com\/en\/womans-health\/#breadcrumb","itemListElement":[{"@type":"ListItem","position":1,"name":"Accueil","item":"https:\/\/excellemd.com\/en\/"},{"@type":"ListItem","position":2,"name":"WOMEN&rsquo;S HEALTH"}]},{"@type":"WebSite","@id":"https:\/\/excellemd.com\/#website","url":"https:\/\/excellemd.com\/","name":"Excelle MD","description":"une clinique priv\u00e9e, qui offre \u00e0 leur client\u00e8le des soins m\u00e9dicaux rapides d\u2019acc\u00e8s","potentialAction":[{"@type":"SearchAction","target":{"@type":"EntryPoint","urlTemplate":"https:\/\/excellemd.com\/?s={search_term_string}"},"query-input":{"@type":"PropertyValueSpecification","valueRequired":true,"valueName":"search_term_string"}}],"inLanguage":"en-US"}]}},"taxonomy_info":[],"featured_image_src_large":false,"author_info":{"display_name":"Vikrant Datta","author_link":"https:\/\/excellemd.com\/en\/author\/vikrant-dattawell-company\/"},"comment_info":0,"_links":{"self":[{"href":"https:\/\/excellemd.com\/en\/wp-json\/wp\/v2\/pages\/12014","targetHints":{"allow":["GET"]}}],"collection":[{"href":"https:\/\/excellemd.com\/en\/wp-json\/wp\/v2\/pages"}],"about":[{"href":"https:\/\/excellemd.com\/en\/wp-json\/wp\/v2\/types\/page"}],"author":[{"embeddable":true,"href":"https:\/\/excellemd.com\/en\/wp-json\/wp\/v2\/users\/15"}],"replies":[{"embeddable":true,"href":"https:\/\/excellemd.com\/en\/wp-json\/wp\/v2\/comments?post=12014"}],"version-history":[{"count":5,"href":"https:\/\/excellemd.com\/en\/wp-json\/wp\/v2\/pages\/12014\/revisions"}],"predecessor-version":[{"id":12645,"href":"https:\/\/excellemd.com\/en\/wp-json\/wp\/v2\/pages\/12014\/revisions\/12645"}],"wp:attachment":[{"href":"https:\/\/excellemd.com\/en\/wp-json\/wp\/v2\/media?parent=12014"}],"curies":[{"name":"wp","href":"https:\/\/api.w.org\/{rel}","templated":true}]}}