{"id":384,"date":"2016-12-06T14:00:17","date_gmt":"2016-12-06T13:00:17","guid":{"rendered":"http:\/\/excellemd.local:8000\/en\/?page_id=384"},"modified":"2025-06-08T16:50:20","modified_gmt":"2025-06-08T14:50:20","slug":"accueil-2","status":"publish","type":"page","link":"https:\/\/excellemd.com\/en\/","title":{"rendered":"ExcelleMD Clinic &#8211; Private Health Care"},"content":{"rendered":"<p>[vc_row disable_element=&#8221;no&#8221;][vc_column][vc_column_text]<\/p>\n\n\n<div class=\"wpb_wrapper\">\n\n    <style>\n* {box-sizing:border-box}\n\n\/* Slideshow container *\/\n.slideshow-container {\nmax-width: 1000px;\nposition: relative;\nmargin: auto;\n}\n\n\n\/* Hide the images by default *\/\n.mySlides {\ndisplay: none;\n}\n\n\/* Next & previous buttons *\/\n.prev, .next {\ncursor: pointer;\nposition: absolute;\ntop: 50%;\nwidth: auto;\nmargin-top: -22px;\npadding: 16px;\ncolor: white;\nfont-weight: bold;\nfont-size: 18px;\ntransition: 0.6s ease;\nborder-radius: 0 3px 3px 0;\nuser-select: none;\n}\n\n\/* Position the \"next button\" to the right *\/\n.next {\nright: 0;\nborder-radius: 3px 0 0 3px;\n}\n\n\/* On hover, add a black background color with a little bit see-through *\/\n.prev:hover, .next:hover {\nbackground-color: rgba(0,0,0,0.8);\n}\n\n\/* Caption text *\/\n.text {\ncolor: #f2f2f2;\nfont-size: 15px;\npadding: 8px 12px;\nposition: absolute;\nbottom: 8px;\nwidth: 100%;\ntext-align: center;\n}\n\n\/* Number text (1\/3 etc) *\/\n.numbertext {\ncolor: #f2f2f2;\nfont-size: 12px;\npadding: 8px 12px;\nposition: absolute;\ntop: 0;\n}\n\n\/* The dots\/bullets\/indicators *\/\n.dot {\ncursor: pointer;\nheight: 15px;\nwidth: 15px;\nmargin: 0 2px;\nbackground-color: #bbb;\nborder-radius: 50%;\ndisplay: inline-block;\ntransition: background-color 0.6s ease;\n}\n\n.active, .dot:hover {\nbackground-color: #717171;\n}\n\n\/* Fading animation *\/\n.fade {\n-webkit-animation-name: fade;\n-webkit-animation-duration: 1.5s;\nanimation-name: fade;\nanimation-duration: 1.5s;\n}\n\n@-webkit-keyframes fade {\nfrom {opacity: .4}\nto {opacity: 1}\n}\n\n@keyframes fade {\nfrom {opacity: .4}\nto {opacity: 1}\n}\n<\/style>\n\n<div class=\"slideshow-container\" style=\"background-color:white;margin-top:20px;padding:1rem;text-align:center;\">\n<h2 style=\"text-align: center; color: #ed1c24;\"><strong>NEW SERVICE<\/strong><\/h2>\n<!-- Full-width images with number and caption text -->\n\n<div class=\"mySlides fade\">\n<div>\n    <h2><strong>Migraine Clinic at ExcelleMD<\/strong><\/h2>\n\n    <p>&#8211; First-line assessment for episodic or chronic migraines.<\/p>\n\n    <p>&#8211; Specialized second-line evaluation, by referral, following failure of two treatment classes (antidepressants, antihypertensives, anticonvulsants).<\/p>\n\n    <p>&#8211; Medical Botox injections following the recognized PREEMPT protocol.<\/p>\n\n    <a target=\"_blank\" href=\"https:\/\/clients3.clicsante.ca\/65565\/take-appt?portalPlace=23608&#038;portalPostalCode=H3S 2E2&#038;lang=fr&#038;portalServicesUnified=223,119&#038;portalEst=429059\"><button>MAKE AN APPOINTMENT<\/button><\/a>\n<\/div>\n<\/div>\n\n<\/div>\n<br>\n\n<!-- The dots\/circles -->\n<div style=\"text-align:center\">\n<span class=\"dot active\" onclick=\"currentSlide(1)\"><\/span>\n<span class=\"dot\" onclick=\"currentSlide(2)\"><\/span>\n<\/div>\n<script>\nvar slideIndex = 1;\nshowSlides(slideIndex);\nsetInterval(function(){showSlides(slideIndex); slideIndex++;}, 10000);\n\n\/\/ Next\/previous controls\nfunction plusSlides(n) {\nshowSlides(slideIndex += n);\n}\n\n\/\/ Thumbnail image controls\nfunction currentSlide(n) {\nshowSlides(slideIndex = n);\n}\n\nfunction showSlides(n) {\nvar i;\nvar slides = document.getElementsByClassName(\"mySlides\");\nvar dots = document.getElementsByClassName(\"dot\");\nif (n > slides.length) {slideIndex = 1}\nif (n < 1) {slideIndex = slides.length}\nfor (i = 0; i < slides.length; i++) {\nslides[i].style.display = \"none\";\n}\nfor (i = 0; i < dots.length; i++) {\ndots[i].className = dots[i].className.replace(\" active\", \"\");\n}\nslides[slideIndex-1].style.display = \"block\";\ndots[slideIndex-1].className += \" active\";\n}\n<\/script>\n<\/div>\n<p>[\/vc_column_text][\/vc_column][\/vc_row][vc_row bg_type=\"bg_color\" bg_override=\"full\" css=\".vc_custom_1464890536956{background-color: #f9f9f9 !important;}\" bg_color_value=\"#f9f9f9\"][vc_column]<div id=\"ultimate-heading-427669ec75ba063dc\" class=\"uvc-heading ult-adjust-bottom-margin ultimate-heading-427669ec75ba063dc uvc-7581 h1toh2\" data-hspacer=\"line_only\"  data-halign=\"center\" style=\"text-align:center\"><div class=\"uvc-main-heading ult-responsive\"  data-ultimate-target='.uvc-heading.ultimate-heading-427669ec75ba063dc h1'  data-responsive-json-new='{\"font-size\":\"desktop:30px;\",\"line-height\":\"desktop:60px;\"}' ><h1 style=\"font-family:&#039;Open Sans&#039;;font-weight:700;\">EXCELLENCE IN PRIVATE MEDICAL CARE<\/h1><\/div><div class=\"uvc-heading-spacer line_only\" style=\"topheight:5px;\"><span class=\"uvc-headings-line\" style=\"border-style:solid;border-bottom-width:5px;border-color:#0288d1;width:200px;\"><\/span><\/div><\/div>[vc_message]Did you know?&nbsp; ExcelleMD offers the possibility of consulting a healthcare professional via <strong>telemedicine<\/strong>. For more info, contact us at&nbsp;<a href=\"tel:4507358111\">450-735-8111<\/a>[\/vc_message][vc_row_inner][vc_column_inner][vc_column_text]Our healthcare professionals and the entire ExcelleMD team is pleased to welcome you to one of our service points located in <a href=\"https:\/\/excellemd.com\/en\/excellemd-private-clinic-st-eustache\/\">Saint-Eustache<\/a>, Montreal (<a href=\"https:\/\/excellemd.com\/en\/excellemd-private-clinic-montreal-lacadie\/\">L'Acadie<\/a> &amp; <a href=\"https:\/\/excellemd.com\/en\/excellemd-private-clinic-montreal-sanctuary\/\">Outremont<\/a>),&nbsp;<a href=\"https:\/\/excellemd.com\/en\/excellemd-private-clinic-terrebonne\/\">Terrebonne<\/a>.<\/p>\n<p><span style=\"font-family: Times, serif;\"><span style=\"font-size: small;\"><span style=\"color: #595959;\"><span style=\"font-family: Arial, serif;\"><span style=\"font-size: medium;\"><span lang=\"en-CA\">Excelle MD is a private clinic <\/span><\/span><\/span><\/span><span style=\"color: #595959;\"><span style=\"font-family: Arial, serif;\"><span style=\"font-size: medium;\"><span lang=\"en-CA\">that is not part of the <\/span><\/span><\/span><\/span><span style=\"color: #595959;\"><span style=\"font-family: Arial, serif;\"><span style=\"font-size: medium;\"><span lang=\"en-CA\"><i>R\u00e9gie de l\u2019assurance maladie du Qu\u00e9bec<\/i><\/span><\/span><\/span><\/span><span style=\"color: #595959;\"><span style=\"font-family: Arial, serif;\"><span style=\"font-size: medium;\"><span lang=\"en-CA\">. Our clinic provides clients with rapid access to medical care in a warm, friendly atmosphere, offering a wide array of services, on site and with quality partners, at very competitive prices.<\/span><\/span><\/span><\/span><\/span><\/span><\/p>\n<p><span style=\"font-family: Times, serif;\"><span style=\"font-size: small;\"><span style=\"color: #595959;\"><span style=\"font-family: Arial, serif;\"><span style=\"font-size: medium;\"><span lang=\"en-CA\">We offer a range of \u00e0 la carte services in one place, letting you make the most of your time by minimizing your travel and wait times. Our entire team espouses a philosophy of attentive listening, careful follow-up, and respect. Our services include <a href=\"https:\/\/excellemd.com\/en\/minor-surgeries\/\">minor surgery<\/a>, <a href=\"https:\/\/excellemd.com\/en\/family-medicine\/\">family medicine<\/a>, sports medicine, <a href=\"https:\/\/excellemd.com\/en\/adhd\/\">management of ADD\/ADHD<\/a> (attention deficit disorder with or without hyperactivity), andropause (low testosterone), comprehensive health check-ups, <a href=\"https:\/\/excellemd.com\/en\/corporate-health-services\/\">corporate health services<\/a>, <a href=\"https:\/\/excellemd.com\/en\/screening-treatment-sexually-transmitted-desease-std\/\">screening for STDs<\/a>, and care for depression and anxiety.<\/span><\/span><\/span><\/span><\/span><\/span>[\/vc_column_text][\/vc_column_inner][\/vc_row_inner][\/vc_column][\/vc_row][vc_row bg_type=\"image\" parallax_style=\"vcpb-default\" bg_image_new=\"id^255|url^https:\/\/excellemd.com\/wp-content\/uploads\/2016\/05\/bg7.jpg|caption^null|alt^null|title^bg7|description^null\" bg_image_repeat=\"no-repeat\" bg_image_size=\"contain\" bg_image_posiiton=\"center\" bg_override=\"full\" css=\".vc_custom_1549466051350{padding-top: 30px !important;padding-bottom: 30px !important;background-position: center !important;background-repeat: no-repeat !important;background-size: cover !important;}\"][vc_column][vc_empty_space height=\"500px\" el_class=\"mobile-none\"][vc_row_inner css=\".vc_custom_1466774570078{padding-top: 25px !important;padding-bottom: 50px !important;background-image: url(https:\/\/excellemd.com\/wp-content\/uploads\/2016\/05\/white-fade3.png?id=201) !important;background-position: 0 0 !important;background-repeat: no-repeat !important;}\"][vc_column_inner]<div id=\"ultimate-heading-199469ec75ba0652f\" class=\"uvc-heading ult-adjust-bottom-margin ultimate-heading-199469ec75ba0652f uvc-4390 \" data-hspacer=\"line_only\"  data-halign=\"center\" style=\"text-align:center\"><div class=\"uvc-main-heading ult-responsive\"  data-ultimate-target='.uvc-heading.ultimate-heading-199469ec75ba0652f h2'  data-responsive-json-new='{\"font-size\":\"desktop:30px;\",\"line-height\":\"desktop:60px;\"}' ><h2 style=\"font-family:&#039;Open Sans&#039;;font-weight:700;\">SOME OF OUR SERVICES<\/h2><\/div><div class=\"uvc-heading-spacer line_only\" style=\"topheight:5px;\"><span class=\"uvc-headings-line\" style=\"border-style:solid;border-bottom-width:5px;border-color:#0288d1;width:200px;\"><\/span><\/div><\/div>[\/vc_column_inner][\/vc_row_inner][vc_row_inner css=\".vc_custom_1544642373741{margin-bottom: 0px !important;}\"][vc_column_inner el_class=\"service-btn-container\" width=\"1\/4\" css=\".vc_custom_1544642212084{padding-top: 0px !important;}\"][vc_column_text]<a class=\"service-btn\" href=\"\/en\/minor-emergencies\/\"><span class=\"label\">Minor emergencies<\/span><span class=\"icon\"><img decoding=\"async\" class=\"img-icon dual_img\" src=\"\/wp-content\/uploads\/2016\/05\/icon-urgence-mineure.png\"><\/span><\/a>[\/vc_column_text][\/vc_column_inner][vc_column_inner el_class=\"service-btn-container\" width=\"1\/4\" css=\".vc_custom_1544642216636{padding-top: 0px !important;}\"][vc_column_text]<a class=\"service-btn\" href=\"\/en\/minor-surgeries\/\"><span class=\"label\">Minor surgeries<\/span><span class=\"icon\"><img decoding=\"async\" class=\"img-icon dual_img\" src=\"\/wp-content\/uploads\/2016\/05\/icon-chirurgies-mineures.png\"><\/span><\/a>[\/vc_column_text][\/vc_column_inner][vc_column_inner el_class=\"service-btn-container\" width=\"1\/4\" css=\".vc_custom_1544642221645{padding-top: 0px !important;}\"][vc_column_text]<a class=\"service-btn\" href=\"\/en\/family-medicine\/\"><span class=\"label\">Family medecine<\/span><span class=\"icon\"><img decoding=\"async\" class=\"img-icon dual_img\" src=\"\/wp-content\/uploads\/2016\/05\/icon-medecine-sportive.png\"><\/span><\/a>[\/vc_column_text][\/vc_column_inner][vc_column_inner el_class=\"service-btn-container\" width=\"1\/4\" css=\".vc_custom_1544642227180{padding-top: 0px !important;}\"][vc_column_text]<a class=\"service-btn\" href=\"\/en\/sports-medicine\/\"><span class=\"label\">Sports medicine<\/span><span class=\"icon\"><img decoding=\"async\" class=\"img-icon dual_img\" src=\"\/wp-content\/uploads\/2016\/05\/icon-medecine-familiale.png\"><\/span><\/a>[\/vc_column_text][\/vc_column_inner][\/vc_row_inner][vc_row_inner][vc_column_inner el_class=\"service-btn-container\" width=\"1\/4\"][vc_column_text]<a class=\"service-btn\" href=\"\/en\/health-check-up\/\"><span class=\"label\">Health check-up<\/span><span class=\"icon\"><img decoding=\"async\" class=\"img-icon dual_img\" src=\"https:\/\/excellemd.com\/wp-content\/uploads\/2016\/05\/icon-bilan-sante.png\"><\/span><\/a>[\/vc_column_text][\/vc_column_inner][vc_column_inner el_class=\"service-btn-container\" width=\"1\/4\"][vc_column_text]<a class=\"service-btn\" href=\"\/en\/corporate-health-services\/\"><span class=\"label\">Corporate health services<\/span><span class=\"icon\"><img decoding=\"async\" class=\"img-icon dual_img\" src=\"\/wp-content\/uploads\/2016\/05\/icon-service-entreprise.png\"><\/span><\/a>[\/vc_column_text][\/vc_column_inner][vc_column_inner el_class=\"service-btn-container\" width=\"1\/4\"][vc_column_text]<a class=\"service-btn\" href=\"\/en\/adhd\/\"><span class=\"label\">ADHD<\/span><i class=\"Defaults-comment-o\"><\/i><\/a>[\/vc_column_text][\/vc_column_inner][vc_column_inner el_class=\"service-btn-container\" width=\"1\/4\"][vc_column_text]<a class=\"service-btn\" href=\"\/en\/hypogonadism-andropause\/\"><span class=\"label\">Andropause \/ Testostetone <\/span><i class=\"Defaults-mars\"><\/i><\/a>[\/vc_column_text][\/vc_column_inner][\/vc_row_inner][\/vc_column][\/vc_row]<\/p>","protected":false},"excerpt":{"rendered":"<p>[vc_row disable_element=&#8221;no&#8221;][vc_column][vc_column_text] NEW SERVICE Migraine Clinic at ExcelleMD &#8211; First-line assessment for episodic or chronic migraines. &#8211; Specialized second-line evaluation, by referral, following failure of two [&hellip;]<\/p>\n","protected":false},"author":8,"featured_media":0,"parent":0,"menu_order":0,"comment_status":"closed","ping_status":"open","template":"","meta":{"_acf_changed":false,"_kad_blocks_custom_css":"","_kad_blocks_head_custom_js":"","_kad_blocks_body_custom_js":"","_kad_blocks_footer_custom_js":"","footnotes":""},"class_list":["post-384","page","type-page","status-publish","hentry"],"acf":[],"yoast_head":"<!-- This site is optimized with the Yoast SEO plugin v27.4 - https:\/\/yoast.com\/product\/yoast-seo-wordpress\/ -->\n<title>ExcelleMD Clinic - Private Health Care - Excelle MD<\/title>\n<meta name=\"robots\" content=\"index, follow, max-snippet:-1, max-image-preview:large, max-video-preview:-1\" \/>\n<link rel=\"canonical\" href=\"https:\/\/excellemd.com\/en\/\" \/>\n<meta property=\"og:locale\" content=\"en_US\" \/>\n<meta property=\"og:type\" content=\"article\" \/>\n<meta property=\"og:title\" content=\"ExcelleMD Clinic - Private Health Care - Excelle MD\" \/>\n<meta property=\"og:description\" content=\"[vc_row disable_element=&#8221;no&#8221;][vc_column][vc_column_text] NEW SERVICE Migraine Clinic at ExcelleMD &#8211; First-line assessment for episodic or chronic migraines. &#8211; Specialized second-line evaluation, by referral, following failure of two [&hellip;]\" \/>\n<meta property=\"og:url\" content=\"https:\/\/excellemd.com\/en\/\" \/>\n<meta property=\"og:site_name\" content=\"Excelle MD\" \/>\n<meta property=\"article:modified_time\" content=\"2025-06-08T14:50:20+00:00\" \/>\n<meta property=\"og:image\" content=\"https:\/\/excellemd.com\/wp-content\/uploads\/2016\/06\/autres-excelleMD-clinique-privee-st-eustache.jpg\" \/>\n<meta name=\"twitter:card\" content=\"summary_large_image\" \/>\n<meta name=\"twitter:image\" content=\"https:\/\/excellemd.com\/wp-content\/uploads\/2016\/06\/autres-excelleMD-clinique-privee-st-eustache.jpg\" \/>\n<meta name=\"twitter:label1\" content=\"Est. reading time\" \/>\n\t<meta name=\"twitter:data1\" content=\"3 minutes\" \/>\n<script type=\"application\/ld+json\" class=\"yoast-schema-graph\">{\"@context\":\"https:\\\/\\\/schema.org\",\"@graph\":[{\"@type\":\"WebPage\",\"@id\":\"https:\\\/\\\/excellemd.com\\\/en\\\/\",\"url\":\"https:\\\/\\\/excellemd.com\\\/en\\\/\",\"name\":\"ExcelleMD Clinic - Private Health Care - Excelle MD\",\"isPartOf\":{\"@id\":\"https:\\\/\\\/excellemd.com\\\/#website\"},\"primaryImageOfPage\":{\"@id\":\"https:\\\/\\\/excellemd.com\\\/en\\\/#primaryimage\"},\"image\":{\"@id\":\"https:\\\/\\\/excellemd.com\\\/en\\\/#primaryimage\"},\"thumbnailUrl\":\"https:\\\/\\\/excellemd.com\\\/wp-content\\\/uploads\\\/2016\\\/05\\\/icon-bilan-sante.png\",\"datePublished\":\"2016-12-06T13:00:17+00:00\",\"dateModified\":\"2025-06-08T14:50:20+00:00\",\"breadcrumb\":{\"@id\":\"https:\\\/\\\/excellemd.com\\\/en\\\/#breadcrumb\"},\"inLanguage\":\"en-US\",\"potentialAction\":[{\"@type\":\"ReadAction\",\"target\":[\"https:\\\/\\\/excellemd.com\\\/en\\\/\"]}]},{\"@type\":\"ImageObject\",\"inLanguage\":\"en-US\",\"@id\":\"https:\\\/\\\/excellemd.com\\\/en\\\/#primaryimage\",\"url\":\"https:\\\/\\\/excellemd.com\\\/wp-content\\\/uploads\\\/2016\\\/05\\\/icon-bilan-sante.png\",\"contentUrl\":\"https:\\\/\\\/excellemd.com\\\/wp-content\\\/uploads\\\/2016\\\/05\\\/icon-bilan-sante.png\"},{\"@type\":\"BreadcrumbList\",\"@id\":\"https:\\\/\\\/excellemd.com\\\/en\\\/#breadcrumb\",\"itemListElement\":[{\"@type\":\"ListItem\",\"position\":1,\"name\":\"Accueil\",\"item\":\"https:\\\/\\\/excellemd.com\\\/en\\\/\"},{\"@type\":\"ListItem\",\"position\":2,\"name\":\"ExcelleMD Clinic &#8211; Private Health Care\"}]},{\"@type\":\"WebSite\",\"@id\":\"https:\\\/\\\/excellemd.com\\\/#website\",\"url\":\"https:\\\/\\\/excellemd.com\\\/\",\"name\":\"Excelle MD\",\"description\":\"une clinique priv\u00e9e, qui offre \u00e0 leur client\u00e8le des soins m\u00e9dicaux rapides d\u2019acc\u00e8s\",\"potentialAction\":[{\"@type\":\"SearchAction\",\"target\":{\"@type\":\"EntryPoint\",\"urlTemplate\":\"https:\\\/\\\/excellemd.com\\\/?s={search_term_string}\"},\"query-input\":{\"@type\":\"PropertyValueSpecification\",\"valueRequired\":true,\"valueName\":\"search_term_string\"}}],\"inLanguage\":\"en-US\"}]}<\/script>\n<!-- \/ Yoast SEO plugin. -->","yoast_head_json":{"title":"ExcelleMD Clinic - Private Health Care - Excelle MD","robots":{"index":"index","follow":"follow","max-snippet":"max-snippet:-1","max-image-preview":"max-image-preview:large","max-video-preview":"max-video-preview:-1"},"canonical":"https:\/\/excellemd.com\/en\/","og_locale":"en_US","og_type":"article","og_title":"ExcelleMD Clinic - Private Health Care - Excelle MD","og_description":"[vc_row disable_element=&#8221;no&#8221;][vc_column][vc_column_text] NEW SERVICE Migraine Clinic at ExcelleMD &#8211; First-line assessment for episodic or chronic migraines. &#8211; Specialized second-line evaluation, by referral, following failure of two [&hellip;]","og_url":"https:\/\/excellemd.com\/en\/","og_site_name":"Excelle MD","article_modified_time":"2025-06-08T14:50:20+00:00","og_image":[{"url":"https:\/\/excellemd.com\/wp-content\/uploads\/2016\/06\/autres-excelleMD-clinique-privee-st-eustache.jpg","type":"","width":"","height":""}],"twitter_card":"summary_large_image","twitter_image":"https:\/\/excellemd.com\/wp-content\/uploads\/2016\/06\/autres-excelleMD-clinique-privee-st-eustache.jpg","twitter_misc":{"Est. reading time":"3 minutes"},"schema":{"@context":"https:\/\/schema.org","@graph":[{"@type":"WebPage","@id":"https:\/\/excellemd.com\/en\/","url":"https:\/\/excellemd.com\/en\/","name":"ExcelleMD Clinic - Private Health Care - Excelle MD","isPartOf":{"@id":"https:\/\/excellemd.com\/#website"},"primaryImageOfPage":{"@id":"https:\/\/excellemd.com\/en\/#primaryimage"},"image":{"@id":"https:\/\/excellemd.com\/en\/#primaryimage"},"thumbnailUrl":"https:\/\/excellemd.com\/wp-content\/uploads\/2016\/05\/icon-bilan-sante.png","datePublished":"2016-12-06T13:00:17+00:00","dateModified":"2025-06-08T14:50:20+00:00","breadcrumb":{"@id":"https:\/\/excellemd.com\/en\/#breadcrumb"},"inLanguage":"en-US","potentialAction":[{"@type":"ReadAction","target":["https:\/\/excellemd.com\/en\/"]}]},{"@type":"ImageObject","inLanguage":"en-US","@id":"https:\/\/excellemd.com\/en\/#primaryimage","url":"https:\/\/excellemd.com\/wp-content\/uploads\/2016\/05\/icon-bilan-sante.png","contentUrl":"https:\/\/excellemd.com\/wp-content\/uploads\/2016\/05\/icon-bilan-sante.png"},{"@type":"BreadcrumbList","@id":"https:\/\/excellemd.com\/en\/#breadcrumb","itemListElement":[{"@type":"ListItem","position":1,"name":"Accueil","item":"https:\/\/excellemd.com\/en\/"},{"@type":"ListItem","position":2,"name":"ExcelleMD Clinic &#8211; Private Health Care"}]},{"@type":"WebSite","@id":"https:\/\/excellemd.com\/#website","url":"https:\/\/excellemd.com\/","name":"Excelle MD","description":"une clinique priv\u00e9e, qui offre \u00e0 leur client\u00e8le des soins m\u00e9dicaux rapides d\u2019acc\u00e8s","potentialAction":[{"@type":"SearchAction","target":{"@type":"EntryPoint","urlTemplate":"https:\/\/excellemd.com\/?s={search_term_string}"},"query-input":{"@type":"PropertyValueSpecification","valueRequired":true,"valueName":"search_term_string"}}],"inLanguage":"en-US"}]}},"taxonomy_info":[],"featured_image_src_large":false,"author_info":{"display_name":"Jacques Demers","author_link":"https:\/\/excellemd.com\/en\/author\/support\/"},"comment_info":0,"_links":{"self":[{"href":"https:\/\/excellemd.com\/en\/wp-json\/wp\/v2\/pages\/384","targetHints":{"allow":["GET"]}}],"collection":[{"href":"https:\/\/excellemd.com\/en\/wp-json\/wp\/v2\/pages"}],"about":[{"href":"https:\/\/excellemd.com\/en\/wp-json\/wp\/v2\/types\/page"}],"author":[{"embeddable":true,"href":"https:\/\/excellemd.com\/en\/wp-json\/wp\/v2\/users\/8"}],"replies":[{"embeddable":true,"href":"https:\/\/excellemd.com\/en\/wp-json\/wp\/v2\/comments?post=384"}],"version-history":[{"count":5,"href":"https:\/\/excellemd.com\/en\/wp-json\/wp\/v2\/pages\/384\/revisions"}],"predecessor-version":[{"id":12681,"href":"https:\/\/excellemd.com\/en\/wp-json\/wp\/v2\/pages\/384\/revisions\/12681"}],"wp:attachment":[{"href":"https:\/\/excellemd.com\/en\/wp-json\/wp\/v2\/media?parent=384"}],"curies":[{"name":"wp","href":"https:\/\/api.w.org\/{rel}","templated":true}]}}