{"id":400,"date":"2016-12-08T12:26:00","date_gmt":"2016-12-08T11:26:00","guid":{"rendered":"http:\/\/excellemd.local:8000\/en\/?page_id=400"},"modified":"2020-01-22T15:52:16","modified_gmt":"2020-01-22T14:52:16","slug":"health-check-up","status":"publish","type":"page","link":"https:\/\/excellemd.com\/en\/health-check-up\/","title":{"rendered":"Health Check-up"},"content":{"rendered":"<p>[vc_row bg_type=&#8221;bg_color&#8221; bg_override=&#8221;full&#8221; css=&#8221;.vc_custom_1465388727958{background-color: #ffffff !important;}&#8221; bg_color_value=&#8221;#ffffff&#8221;][vc_column]<div id=\"ultimate-heading-207969fcabc3f2a55\" class=\"uvc-heading ult-adjust-bottom-margin ultimate-heading-207969fcabc3f2a55 uvc-9866 \" data-hspacer=\"line_only\"  data-halign=\"center\" style=\"text-align:center\"><div class=\"uvc-main-heading ult-responsive\"  data-ultimate-target='.uvc-heading.ultimate-heading-207969fcabc3f2a55 h2'  data-responsive-json-new='{\"font-size\":\"desktop:30px;\",\"line-height\":\"desktop:60px;\"}' ><h2 style=\"font-family:&#039;Open Sans&#039;;font-weight:700;\">Health Check-up<\/h2><\/div><div class=\"uvc-heading-spacer line_only\" style=\"topheight:5px;\"><span class=\"uvc-headings-line\" style=\"border-style:solid;border-bottom-width:5px;border-color:#0288d1;width:200px;\"><\/span><\/div><\/div>[vc_row_inner][vc_column_inner width=&#8221;1\/2&#8243;][vc_column_text]<\/p>\n<p lang=\"fr-CA\"><span style=\"color: #595959;\"><span lang=\"en-CA\">The <b style=\"color: #0288d1;\">Excelle<\/b><b style=\"color: red;\">MD<\/b>\u00a0private medical clinic staff in Saint-Eustache, Montreal and Terrebonne are pleased to offer you health check-ups and complete physical examinations. We can offer you a wide range of high-quality services to follow up on your medical condition and improve your current state of health. Comprehensive medical examinations and services are offered to individuals and corporate health services members (senior executives, etc.).<\/span><\/span><\/p>\n<p lang=\"fr-CA\"><span style=\"color: #595959;\"><span lang=\"en-CA\">Your health is our team\u2019s priority. Our health care professionals will listen to you respectfully and devote their energy to your well-being in a calm, soothing atmosphere. Our team will provide you with affordable, professional service in addition to giving you an appointment within the shortest wait time possible. Our doctors skills and experience will ensure that you receive customized, personalized services based on your current and\/or future occupation.<\/span><\/span><\/p>\n<p>[\/vc_column_text][\/vc_column_inner][vc_column_inner width=&#8221;1\/2&#8243;][vc_single_image image=&#8221;221&#8243; img_size=&#8221;full&#8221;][\/vc_column_inner][\/vc_row_inner][vc_row_inner][vc_column_inner width=&#8221;1\/2&#8243;]<div id=\"ultimate-heading-494069fcabc3f2b31\" class=\"uvc-heading ult-adjust-bottom-margin ultimate-heading-494069fcabc3f2b31 uvc-1009 \" data-hspacer=\"line_only\"  data-halign=\"center\" style=\"text-align:center\"><div class=\"uvc-main-heading ult-responsive\"  data-ultimate-target='.uvc-heading.ultimate-heading-494069fcabc3f2b31 h2'  data-responsive-json-new='{\"font-size\":\"desktop:30px;\",\"line-height\":\"desktop:60px;\"}' ><h2 style=\"font-family:&#039;Open Sans&#039;;font-weight:700;\">Corporate Health Services<\/h2><\/div><div class=\"uvc-heading-spacer line_only\" style=\"topheight:5px;\"><span class=\"uvc-headings-line\" style=\"border-style:solid;border-bottom-width:5px;border-color:#0288d1;width:200px;\"><\/span><\/div><\/div>[vc_column_text]<\/p>\n<p lang=\"fr-CA\"><span style=\"color: #595959;\"><span lang=\"en-CA\">To keep you in good health, our private medical clinics in Saint-Eustache, Montr\u00e9al and Terrebonne offer comprehensive physical examinations at a reasonable price. Our team invites all professionals wishing to undergo a health check-up as soon as possible to visit the <b style=\"color: #0288d1;\">Excelle<\/b><b style=\"color: red;\">MD<\/b> clinics in Saint-Eustache, Montreal or Terrebonne. We also provide services to organizations that require annual health assessments; for example, check-ups for the organization\u2019s executives. Pre-hire exams are also part of the range of services that we offer to businesses. These are reserved for employees who require a check-up before starting a new job.<\/span><\/span><\/p>\n<p>[\/vc_column_text][\/vc_column_inner][vc_column_inner width=&#8221;1\/2&#8243;]<div id=\"ultimate-heading-555069fcabc3f2c05\" class=\"uvc-heading ult-adjust-bottom-margin ultimate-heading-555069fcabc3f2c05 uvc-5146 \" data-hspacer=\"line_only\"  data-halign=\"center\" style=\"text-align:center\"><div class=\"uvc-main-heading ult-responsive\"  data-ultimate-target='.uvc-heading.ultimate-heading-555069fcabc3f2c05 h2'  data-responsive-json-new='{\"font-size\":\"desktop:25px;\",\"line-height\":\"desktop:60px;\"}' ><h2 style=\"font-family:&#039;Open Sans&#039;;font-weight:700;\">Health Check-ups at Affordable Prices<\/h2><\/div><div class=\"uvc-heading-spacer line_only\" style=\"topheight:5px;\"><span class=\"uvc-headings-line\" style=\"border-style:solid;border-bottom-width:5px;border-color:#0288d1;width:200px;\"><\/span><\/div><\/div>[vc_column_text]<\/p>\n<p lang=\"fr-CA\"><span style=\"color: #595959;\"><span lang=\"en-CA\">The staff at the <b style=\"color: #0288d1;\">Excelle<\/b><b style=\"color: red;\">MD<\/b> clinics in Saint-Eustache , Montreal and Terrebonne can provide you with a complete medical check-up using a medical questionnaire that asks questions about your personal and family history. You will receive your results as early as 24 hours after your consultation. In addition, several types of nursing care are available on site, to complete your check-up. You will find a number of services, such as strep tests, injections, antibiotherapy, ears washing, Taro and Aclasta infusions, treatments for warts, and electrocardiograms.<\/span><\/span><\/p>\n<p lang=\"fr-CA\"><span style=\"color: #595959;\"><span lang=\"en-CA\">Additionally, for people who travel frequently as part of their job, travel health consulting services.<\/span><\/span><\/p>\n<p lang=\"fr-CA\"><span style=\"color: #595959;\"><span lang=\"en-CA\">There is a vaccination clinic for patients who wish to travel abroad worry free.<\/span><\/span><\/p>\n<p lang=\"fr-CA\"><span style=\"color: #595959;\"><span lang=\"en-CA\">The clinic also offers screening services for diabetes, high cholesterol, hypertension, and capillaries INR. In the private clinics, these screening tests.<\/span><\/span><\/p>\n<p>[\/vc_column_text][\/vc_column_inner][\/vc_row_inner][\/vc_column][\/vc_row][vc_row][vc_column][vc_column_text]<div  class=\"vc_row wpb_row vc_row-fluid vc_custom_1464893324072 ult-vc-hide-row vc_row-has-fill\"\n     id=\"div_003d_0\" data-rtl=\"false\" data-row-effect-mobile-disable=\"true\">\n    <div class=\"upb_row_bg\" data-upb_br_animation=\"\"\n         id=\"div_003d_1\"\n         data-bg-override=\"full\"><\/div>\n    <div class=\"wpb_column vc_column_container vc_col-sm-12\">\n        <div class=\"vc_column-inner \">\n            <div class=\"wpb_wrapper\">\n                <div class=\"vc_row wpb_row vc_inner vc_row-fluid\">\n                    <div class=\"wpb_column vc_column_container vc_col-sm-12\">\n                        <div class=\"vc_column-inner \">\n                            <div class=\"wpb_wrapper\">\n                                <div id=\"ultimate-heading-1488584ea3a96d262\"\n                                     class=\"uvc-heading ult-adjust-bottom-margin ultimate-heading-1488584ea3a96d262 uvc-6023 \"\n                                     data-hspacer=\"no_spacer\" data-halign=\"center\">\n                                    <div class=\"uvc-heading-spacer no_spacer\" id=\"div_003d_2\"><\/div>\n                                    <div class=\"uvc-main-heading ult-responsive\"\n                                         data-ultimate-target=\".uvc-heading.ultimate-heading-1488584ea3a96d262 h2\"\n                                         data-responsive-json-new=\"{&quot;font-size&quot;:&quot;desktop:45px;&quot;,&quot;line-height&quot;:&quot;desktop:48px;&quot;}\">\n                                        <h2 id=\"h2_003d_0\">AVOID WAITING AND MAKE AN APPOINTMENT TO OBTAIN THE SERVICES YOU NEED<\/h2><\/div>\n                                <\/div>\n                                <div class=\" vc_custom_1468422110816 ubtn-ctn-center \"><a\n                                        class=\"ubtn-link ult-adjust-bottom-margin ubtn-center ubtn-normal \"\n                                        href=\"https:\/\/clients3.clicsante.ca\/65565\/take-appt\" target=\"_blank\">\n                                        <button type=\"button\" id=\"ubtn-7057\"\n                                                class=\"ubtn ult-adjust-bottom-margin ult-responsive ubtn-normal ubtn-no-hover-bg  none  ubtn-sep-icon ubtn-sep-icon-right-push  ubtn-center   tooltip-584ea3a96d759\"\n                                                data-hover=\"\" data-border-color=\"\" data-bg=\"#efefef\" data-hover-bg=\"\"\n                                                data-border-hover=\"\" data-shadow-hover=\"\" data-shadow-click=\"none\"\n                                                data-shadow=\"\" data-shd-shadow=\"\" data-ultimate-target=\"#ubtn-7057\"\n                                                data-responsive-json-new=\"{&quot;font-size&quot;:&quot;desktop:25px;&quot;,&quot;line-height&quot;:&quot;&quot;}\"\n                                        >\n                                            <span class=\"ubtn-data ubtn-icon\"><i class=\"Defaults-angle-right\"\n                                                                                 id=\"i_003d_0\"><\/i><\/span><span\n                                                class=\"ubtn-hover\" id=\"span_003d_0\"><\/span><span\n                                                class=\"ubtn-data ubtn-text \">MAKE AN APPOINTMENT<\/span><\/button>\n                                    <\/a><\/div>\n                            <\/div>\n                        <\/div>\n                    <\/div>\n                <\/div>\n            <\/div>\n        <\/div>\n    <\/div>\n<\/div>\n<!--div class=\"vc_row wpb_row vc_row-fluid vc_custom_1464893324072 ult-vc-hide-row vc_row-has-fill\"\n     id=\"div_003d_3\" data-rtl=\"false\" data-row-effect-mobile-disable=\"true\">\n\n    <div class=\"upb_row_bg\" data-upb_br_animation=\"\"\n         id=\"div_003d_4\"\n         data-bg-override=\"full\">\n\n        <div id=\"map1\"><\/div>\n    <\/div>\n<\/div-->\n<style>\n    .page-id-466 #div_003d_0,.page-id-133 #div_003d_0{\n        display: none;\n    }\n    #map1{\n        width: 100%;\n        height: 400px;\n    }\n    #div_003d_0 {\n        position: relative;\n        margin-bottom: 0px !important;\n        padding-top: 60px !important;\n        padding-bottom: 60px !important;\n    }\n\n    #div_003d_1 {\n        background: -webkit-linear-gradient(left, rgb(93, 179, 226) 0%, rgb(2, 110, 168) 57%);\n    }\n\n    #ultimate-heading-1488584ea3a96d262 {\n        text-align: center\n    }\n\n    #h2_003d_0 {\n        font-family: 'Open Sans';\n        font-weight: 700;\n        color: #ffffff;\n    }\n\n    #ubtn-7057 {\n        font-family: 'Open Sans';\n        font-weight: 700;\n        border: none;\n        background: #efefef;\n        color: #1e73be;\n    }\n\n    #i_003d_0 {\n        font-size: 50px;\n    }\n\n    #div_003d_3 {\n        position: relative;\n        height: 365px;\n    }\n#div_003d_4{\n    overflow: visible;\n}\n\n    #iframe_003d_0 {\n        border: 0;\n    }\n\n<\/style>\n<script src=\"https:\/\/maps.googleapis.com\/maps\/api\/js?key=AIzaSyBiZUYaoYcd-tfJ4ZTnAO7pP-HYGanWnAM\"><\/script>\n<!--script>\n    function init() {\n        var points = new google.maps.LatLng(45.567876, -73.912213);\n        var points1 = new google.maps.LatLng(45.5323839, -73.6540517);\n        var styles = [\n            {\n                \"stylers\": [\n                    {\"visibility\": \"on\"},\n                    {\"hue\": \"#29369f\"}\n                ]\n            }\n        ];\n        var bound = new google.maps.LatLngBounds();\n\n        bound.extend(points);\n        bound.extend(points1);\n        var mapOptions1 = {\n            scrollwheel: false,\n            \/\/ How zoomed in you want the map to start at (always required)\n            zoom: 10,\n            center: bound.getCenter(), \/\/ New York\n            \/\/ This is where you would paste any style found on Snazzy Maps.\n\/\/            styles: styles\n        };\n        var infowindow = new google.maps.InfoWindow({\n            content:  '<h1 >Clinique de Montr\u00e9al<\/h1>'+\n            '<div id=\"bodyContent\">'+\n            '<div> 9001 Boulevard de l\u2019Acadie, Suite 101<br\/>'+\n        'Montr\u00e9al, QC<br\/>'+\n        'H4N 3H5<br\/><br\/>'+\n        '<span class=\"enpages\">Phone<\/span> <span class=\"frpages\">T\u00e9l\u00e9phone<\/span>: 514-482-8111<br\/>'+\n        '<span class=\"enpages\">Fax<\/span> <span class=\"frpages\">T\u00e9l\u00e9copieur<\/span>: 450-473-1034<br\/>'+\n            'info@excellemd.com<br\/><\/div><\/div>'\n        });\n        var infowindow1 = new google.maps.InfoWindow({\n            content:  '<h1 >Clinique de Saint-Eustache<\/h1>'+\n            '<div id=\"bodyContent\">'+\n            '<div>460, rue du Parc suite #101<br\/>'+\t\t\t\n            'Saint-Eustache, QC<br\/>'+\n            'J7R 0C9<br\/><br\/>'+\n            '<span class=\"enpages\">Phone<\/span> <span class=\"frpages\">T\u00e9l\u00e9phone<\/span>: (450) 735-8111<br\/>'+\n        '<span class=\"enpages\">Fax<\/span> <span class=\"frpages\">T\u00e9l\u00e9copieur<\/span>: (450) 473-1034<br\/>'+\n        'info@excellemd.com<br\/><\/div>'+\n            '<\/div>'\n        });\n        \/\/ Create the Google Map using our element and options defined above\n        var map1 = new google.maps.Map(document.getElementById('map1'), mapOptions1);\n\n        \/\/ Let's also add a marker while we're at it\n        var marker=new google.maps.Marker({\n            position: points,\n            map: map1\n        })\n        marker.addListener('click', function() {\n            infowindow1.open(map1, marker);\n        });\n        var marker1=new google.maps.Marker({\n            position: points1,\n            map: map1\n        })\n        marker1.addListener('click', function() {\n            infowindow.open(map1, marker1);\n        });\n    }\n\n    \/\/ When the window has finished loading create our google map below\n    google.maps.event.addDomListener(window, 'load', init);\n<\/script-->[\/vc_column_text][\/vc_column][\/vc_row]<\/p>\n","protected":false},"excerpt":{"rendered":"<p>[vc_row bg_type=&#8221;bg_color&#8221; bg_override=&#8221;full&#8221; css=&#8221;.vc_custom_1465388727958{background-color: #ffffff !important;}&#8221; bg_color_value=&#8221;#ffffff&#8221;][vc_column][vc_row_inner][vc_column_inner width=&#8221;1\/2&#8243;][vc_column_text] The ExcelleMD\u00a0private medical clinic staff in Saint-Eustache, Montreal and Terrebonne are pleased to offer you health check-ups and [&hellip;]<\/p>\n","protected":false},"author":8,"featured_media":0,"parent":0,"menu_order":0,"comment_status":"closed","ping_status":"closed","template":"","meta":{"_acf_changed":false,"_kad_blocks_custom_css":"","_kad_blocks_head_custom_js":"","_kad_blocks_body_custom_js":"","_kad_blocks_footer_custom_js":"","footnotes":""},"class_list":["post-400","page","type-page","status-publish","hentry"],"acf":[],"yoast_head":"<!-- This site is optimized with the Yoast SEO plugin v27.5 - https:\/\/yoast.com\/product\/yoast-seo-wordpress\/ -->\n<title>Health Check-up - Excelle MD<\/title>\n<meta name=\"robots\" content=\"index, follow, max-snippet:-1, max-image-preview:large, max-video-preview:-1\" \/>\n<link rel=\"canonical\" href=\"https:\/\/excellemd.com\/en\/health-check-up\/\" \/>\n<meta property=\"og:locale\" content=\"en_US\" \/>\n<meta property=\"og:type\" content=\"article\" \/>\n<meta property=\"og:title\" content=\"Health Check-up - Excelle MD\" \/>\n<meta property=\"og:description\" content=\"[vc_row bg_type=&#8221;bg_color&#8221; bg_override=&#8221;full&#8221; css=&#8221;.vc_custom_1465388727958{background-color: #ffffff !important;}&#8221; bg_color_value=&#8221;#ffffff&#8221;][vc_column][vc_row_inner][vc_column_inner width=&#8221;1\/2&#8243;][vc_column_text] The ExcelleMD\u00a0private medical clinic staff in Saint-Eustache, Montreal and Terrebonne are pleased to offer you health check-ups and [&hellip;]\" \/>\n<meta property=\"og:url\" content=\"https:\/\/excellemd.com\/en\/health-check-up\/\" \/>\n<meta property=\"og:site_name\" content=\"Excelle MD\" \/>\n<meta property=\"article:modified_time\" content=\"2020-01-22T14:52:16+00:00\" \/>\n<meta name=\"twitter:card\" content=\"summary_large_image\" \/>\n<meta name=\"twitter:label1\" content=\"Est. reading time\" \/>\n\t<meta name=\"twitter:data1\" content=\"3 minutes\" \/>\n<script type=\"application\/ld+json\" class=\"yoast-schema-graph\">{\"@context\":\"https:\\\/\\\/schema.org\",\"@graph\":[{\"@type\":\"WebPage\",\"@id\":\"https:\\\/\\\/excellemd.com\\\/en\\\/health-check-up\\\/\",\"url\":\"https:\\\/\\\/excellemd.com\\\/en\\\/health-check-up\\\/\",\"name\":\"Health Check-up - Excelle MD\",\"isPartOf\":{\"@id\":\"https:\\\/\\\/excellemd.com\\\/#website\"},\"datePublished\":\"2016-12-08T11:26:00+00:00\",\"dateModified\":\"2020-01-22T14:52:16+00:00\",\"breadcrumb\":{\"@id\":\"https:\\\/\\\/excellemd.com\\\/en\\\/health-check-up\\\/#breadcrumb\"},\"inLanguage\":\"en-US\",\"potentialAction\":[{\"@type\":\"ReadAction\",\"target\":[\"https:\\\/\\\/excellemd.com\\\/en\\\/health-check-up\\\/\"]}]},{\"@type\":\"BreadcrumbList\",\"@id\":\"https:\\\/\\\/excellemd.com\\\/en\\\/health-check-up\\\/#breadcrumb\",\"itemListElement\":[{\"@type\":\"ListItem\",\"position\":1,\"name\":\"Accueil\",\"item\":\"https:\\\/\\\/excellemd.com\\\/en\\\/\"},{\"@type\":\"ListItem\",\"position\":2,\"name\":\"Health Check-up\"}]},{\"@type\":\"WebSite\",\"@id\":\"https:\\\/\\\/excellemd.com\\\/#website\",\"url\":\"https:\\\/\\\/excellemd.com\\\/\",\"name\":\"Excelle MD\",\"description\":\"une clinique priv\u00e9e, qui offre \u00e0 leur client\u00e8le des soins m\u00e9dicaux rapides d\u2019acc\u00e8s\",\"potentialAction\":[{\"@type\":\"SearchAction\",\"target\":{\"@type\":\"EntryPoint\",\"urlTemplate\":\"https:\\\/\\\/excellemd.com\\\/?s={search_term_string}\"},\"query-input\":{\"@type\":\"PropertyValueSpecification\",\"valueRequired\":true,\"valueName\":\"search_term_string\"}}],\"inLanguage\":\"en-US\"}]}<\/script>\n<!-- \/ Yoast SEO plugin. -->","yoast_head_json":{"title":"Health Check-up - Excelle MD","robots":{"index":"index","follow":"follow","max-snippet":"max-snippet:-1","max-image-preview":"max-image-preview:large","max-video-preview":"max-video-preview:-1"},"canonical":"https:\/\/excellemd.com\/en\/health-check-up\/","og_locale":"en_US","og_type":"article","og_title":"Health Check-up - Excelle MD","og_description":"[vc_row bg_type=&#8221;bg_color&#8221; bg_override=&#8221;full&#8221; css=&#8221;.vc_custom_1465388727958{background-color: #ffffff !important;}&#8221; bg_color_value=&#8221;#ffffff&#8221;][vc_column][vc_row_inner][vc_column_inner width=&#8221;1\/2&#8243;][vc_column_text] The ExcelleMD\u00a0private medical clinic staff in Saint-Eustache, Montreal and Terrebonne are pleased to offer you health check-ups and [&hellip;]","og_url":"https:\/\/excellemd.com\/en\/health-check-up\/","og_site_name":"Excelle MD","article_modified_time":"2020-01-22T14:52:16+00:00","twitter_card":"summary_large_image","twitter_misc":{"Est. reading time":"3 minutes"},"schema":{"@context":"https:\/\/schema.org","@graph":[{"@type":"WebPage","@id":"https:\/\/excellemd.com\/en\/health-check-up\/","url":"https:\/\/excellemd.com\/en\/health-check-up\/","name":"Health Check-up - Excelle MD","isPartOf":{"@id":"https:\/\/excellemd.com\/#website"},"datePublished":"2016-12-08T11:26:00+00:00","dateModified":"2020-01-22T14:52:16+00:00","breadcrumb":{"@id":"https:\/\/excellemd.com\/en\/health-check-up\/#breadcrumb"},"inLanguage":"en-US","potentialAction":[{"@type":"ReadAction","target":["https:\/\/excellemd.com\/en\/health-check-up\/"]}]},{"@type":"BreadcrumbList","@id":"https:\/\/excellemd.com\/en\/health-check-up\/#breadcrumb","itemListElement":[{"@type":"ListItem","position":1,"name":"Accueil","item":"https:\/\/excellemd.com\/en\/"},{"@type":"ListItem","position":2,"name":"Health Check-up"}]},{"@type":"WebSite","@id":"https:\/\/excellemd.com\/#website","url":"https:\/\/excellemd.com\/","name":"Excelle MD","description":"une clinique priv\u00e9e, qui offre \u00e0 leur client\u00e8le des soins m\u00e9dicaux rapides d\u2019acc\u00e8s","potentialAction":[{"@type":"SearchAction","target":{"@type":"EntryPoint","urlTemplate":"https:\/\/excellemd.com\/?s={search_term_string}"},"query-input":{"@type":"PropertyValueSpecification","valueRequired":true,"valueName":"search_term_string"}}],"inLanguage":"en-US"}]}},"taxonomy_info":[],"featured_image_src_large":false,"author_info":{"display_name":"Jacques Demers","author_link":"https:\/\/excellemd.com\/en\/author\/support\/"},"comment_info":0,"_links":{"self":[{"href":"https:\/\/excellemd.com\/en\/wp-json\/wp\/v2\/pages\/400","targetHints":{"allow":["GET"]}}],"collection":[{"href":"https:\/\/excellemd.com\/en\/wp-json\/wp\/v2\/pages"}],"about":[{"href":"https:\/\/excellemd.com\/en\/wp-json\/wp\/v2\/types\/page"}],"author":[{"embeddable":true,"href":"https:\/\/excellemd.com\/en\/wp-json\/wp\/v2\/users\/8"}],"replies":[{"embeddable":true,"href":"https:\/\/excellemd.com\/en\/wp-json\/wp\/v2\/comments?post=400"}],"version-history":[{"count":2,"href":"https:\/\/excellemd.com\/en\/wp-json\/wp\/v2\/pages\/400\/revisions"}],"predecessor-version":[{"id":6225,"href":"https:\/\/excellemd.com\/en\/wp-json\/wp\/v2\/pages\/400\/revisions\/6225"}],"wp:attachment":[{"href":"https:\/\/excellemd.com\/en\/wp-json\/wp\/v2\/media?parent=400"}],"curies":[{"name":"wp","href":"https:\/\/api.w.org\/{rel}","templated":true}]}}