{"id":402,"date":"2016-12-08T13:37:19","date_gmt":"2016-12-08T12:37:19","guid":{"rendered":"http:\/\/excellemd.local:8000\/en\/?page_id=402"},"modified":"2020-01-22T16:58:04","modified_gmt":"2020-01-22T15:58:04","slug":"screening-treatment-sexually-transmitted-desease-std","status":"publish","type":"page","link":"https:\/\/excellemd.com\/en\/screening-treatment-sexually-transmitted-desease-std\/","title":{"rendered":"Screening \/ Treatment of Sexually Transmitted Disease (STDs)"},"content":{"rendered":"<p>[vc_row bg_type=&#8221;bg_color&#8221; bg_override=&#8221;full&#8221; css=&#8221;.vc_custom_1465388727958{background-color: #ffffff !important;}&#8221; bg_color_value=&#8221;#ffffff&#8221;][vc_column]<div id=\"ultimate-heading-264369f0d7aa69384\" class=\"uvc-heading ult-adjust-bottom-margin ultimate-heading-264369f0d7aa69384 uvc-4888 \" data-hspacer=\"line_only\"  data-halign=\"center\" style=\"text-align:center\"><div class=\"uvc-main-heading ult-responsive\"  data-ultimate-target='.uvc-heading.ultimate-heading-264369f0d7aa69384 h2'  data-responsive-json-new='{\"font-size\":\"desktop:30px;\",\"line-height\":\"desktop:60px;\"}' ><h2 style=\"font-family:&#039;Open Sans&#039;;font-weight:700;\">Screening \/ Treatment of Sexually Transmitted Desease (STDs)<\/h2><\/div><div class=\"uvc-heading-spacer line_only\" style=\"topheight:5px;\"><span class=\"uvc-headings-line\" style=\"border-style:solid;border-bottom-width:5px;border-color:#0288d1;width:200px;\"><\/span><\/div><\/div>[vc_row_inner][vc_column_inner width=&#8221;1\/2&#8243;][vc_column_text]<\/p>\n<p lang=\"fr-CA\"><span style=\"color: #595959;\"><span lang=\"en-CA\">The <b style=\"color: #0288d1;\">Excelle<\/b><b style=\"color: red;\">MD<\/b> clinics in Saint-Eustache, Montreal and Terrebonne offer a screening service for STBBIs (sexually transmitted and blood-borne infections), also known as STDs (sexually transmitted diseases).<\/span><\/span><\/p>\n<p lang=\"fr-CA\"><span style=\"color: #595959;\"><span lang=\"en-CA\">These screening tests are provided through our minor emergency services as well as through our regular family medicine services.<\/span><\/span><\/p>\n<p lang=\"fr-CA\"><span style=\"color: #595959;\"><span lang=\"en-CA\">We perform screening tests for all client groups: adolescents, young adults, and adults.<\/span><\/span><\/p>\n<p>[\/vc_column_text][\/vc_column_inner][vc_column_inner width=&#8221;1\/2&#8243;][vc_single_image image=&#8221;278&#8243; img_size=&#8221;full&#8221;][\/vc_column_inner][\/vc_row_inner][vc_row_inner][vc_column_inner][vc_table vc_table_theme=&#8221;classic_blue&#8221; allow_html=&#8221;1&#8243;][align-center]Illness,[align-center]Infection,[align-center]Symptoms,[align-center]Possible%20Outcome,[align-center]Transmission|Chlamydia,Bacteriological,%C2%B7%20%20%20%20%20%20%20None%C2%A0%20%3Cbr%20%2F%3E%0A%0A%C2%B7%20%20%20%20%20%20%20Abnormal%20discharge%20from%20orifices%3Cbr%20%2F%3E%0A%0A%C2%B7%20%20%20%20%20%20%20Pain%20when%20urinating%20and%20during%20intercourse,%C2%B7%20%20%20%20%20%20%20Infertility%3Cbr%20%2F%3E%0A%0A%C2%B7%20%20%20%20%20%20%20nfection%20with%20gonorrhea%3Cbr%20%2F%3E%0A%0A%C2%B7%20%20%20%20%20%20%20Pain%20in%20the%20lower%20abdomen%3Cbr%20%2F%3E%0A%0A%C2%B7%20%20%20%20%20%20%20Increased%20risk%20of%20contracting%20HIV,Sexually%20transmitted|Gonorrhea,Bacteriological,%C2%B7%20%20%20%20%20%20%20None%C2%A0%20%3Cbr%20%2F%3E%0A%0A%C2%B7%20%20%20%20%20%20%20Abnormal%20discharge%20from%20orifices%3Cbr%20%2F%3E%0A%0A%C2%B7%20%20%20%20%20%20%20Pain%20when%20urinating%20and%20during%20intercourse,%C2%B7%20%20%20%20%20%20%20Infertility%3Cbr%20%2F%3E%0A%0A%C2%B7%20%20%20%20%20%20%20nfection%20with%20gonorrhea%3Cbr%20%2F%3E%0A%0A%C2%B7%20%20%20%20%20%20%20Pain%20in%20the%20lower%20abdomen%3Cbr%20%2F%3E%0A%0A%C2%B7%20%20%20%20%20%20%20Increased%20risk%20of%20contracting%20HIV,Sexually%20transmitted|Syphilis,Bacteriological,%C2%B7%20%20%20%20%20%20%20None%3Cbr%20%2F%3E%0A%0A%C2%B7%20%20%20%20%20%20%20Painless%20sores%20(chancres)%20on%20the%20genitals%2C%20in%20the%20throat%2C%20or%20other%20orifices%3Cbr%20%2F%3E%0A%0A%C2%B7%20%20%20%20%20%20Fever%2C%20cough%3Cbr%20%2F%3E%0A%C2%B7%20%20%20%20%20%20Vomiting%3Cbr%20%2F%3E%0A%0A%C2%B7%20%20%20%20%20%20%20Rash%20on%20the%20hands%2C%20feet%2C%20and%20elsewhere%20on%20the%20body,%C2%B7%20%20%20%20%20%20%20Cardiac%20and%20cervical%20problems%3Cbr%20%2F%3E%0A%0A%C2%B7%20%20%20%20%20%20%20Damage%20to%20the%20bones%20and%20liver%3Cbr%20%2F%3E%0A%0A%C2%B7%20%20%20%20%20%20%20Increased%20risk%20of%20contracting%20HIV,Sexually%20transmitted%20and%20blood-borne|Trichomoniasis,Parasite,%C2%B7%20%20%20%20%20%20%20Aucun%3Cbr%20%2F%3E%0A%0A%C2%B7%20%20%20%20%20%20%20%C3%89coulements%20anormaux%20provenant%20des%20orifices%3Cbr%20%2F%3E%0A%0A%C2%B7%20%20%20%20%20%20%20Irritations%3Cbr%20%2F%3E%0A%0A%C2%B7%20%20%20%20%20%20%20Petites%20l%C3%A9sions,%C2%B7%20%20%20%20%20%20%20Infertility%3Cbr%20%2F%3E%0A%0A%C2%B7%20%20%20%20%20%20%20Chronic%20pelvic%20pain%3Cbr%20%2F%3E%0A%0A%C2%B7%20%20%20%20%20%20%20Premature%20labor%20and%20delivery%3Cbr%20%2F%3E%0A%0A%C2%B7%20%20%20%20%20%20%20Health%20problems%20for%20the%20baby,Sexually%20transmitted|HIV%2FAIDS,Virus%20that%20attacks%20the%20immune%20system,%C2%B7%20%20%20%20%20%20%20Fatigue%3Cbr%20%2F%3E%0A%0A%C2%B7%20%20%20%20%20%20%20Fever%3Cbr%20%2F%3E%0A%0A%C2%B7%20%20%20%20%20%20%20Muscle%20pain%3Cbr%20%2F%3E%0A%0A%C2%B7%20%20%20%20%20%20Significant%20loss%20of%20weight,%C2%B7%20%20%20%20%20%20%20Vulnerability%20to%20various%20diseases%3Cbr%20%2F%3E%0A%0A%C2%B7%20%20%20%20%20%20%20Death,Sexually%20transmitted%20and%20blood-borne[\/vc_table][\/vc_column_inner][\/vc_row_inner][vc_row_inner][vc_column_inner width=&#8221;1\/2&#8243;]<div id=\"ultimate-heading-194169f0d7aa694c5\" class=\"uvc-heading ult-adjust-bottom-margin ultimate-heading-194169f0d7aa694c5 uvc-3810 \" data-hspacer=\"line_only\"  data-halign=\"center\" style=\"text-align:center\"><div class=\"uvc-main-heading ult-responsive\"  data-ultimate-target='.uvc-heading.ultimate-heading-194169f0d7aa694c5 h2'  data-responsive-json-new='{\"font-size\":\"desktop:30px;\",\"line-height\":\"desktop:60px;\"}' ><h2 style=\"font-family:&#039;Open Sans&#039;;font-weight:700;\">More Facts About STBBIs<\/h2><\/div><div class=\"uvc-heading-spacer line_only\" style=\"topheight:5px;\"><span class=\"uvc-headings-line\" style=\"border-style:solid;border-bottom-width:5px;border-color:#0288d1;width:200px;\"><\/span><\/div><\/div>[vc_column_text]<\/p>\n<ul>\n<li><span style=\"color: #595959;\"><span lang=\"en-CA\">Yeast vaginitis (candida) and bacterial vaginosis are not STBBIs, but we can diagnose and treat them.<\/span><\/span><\/li>\n<li><span style=\"color: #595959;\"><span lang=\"en-CA\">Human papillomavirus (HPV) is not routinely screened for, but testing can be done in conjunction with some Pap tests, if indicated. Condylomas (genital warts) are caused by certain HPV serotypes and are diagnosed clinically. They can appear several months after the virus has been contracted. Treatments include cryotherapy.<\/span><\/span><\/li>\n<li><span style=\"color: #595959;\"><span lang=\"en-CA\">Diagnostic tests are not used to screen for pubic lice (crabs). They are diagnosed clinically.<\/span><\/span><\/li>\n<li><span style=\"color: #595959;\"><span lang=\"en-CA\">Screening for herpes is not recommended. Although the diagnosis is mainly clinical, the herpes viral culture of lesion tests can be performed if the lesion is active.<\/span><\/span><\/li>\n<li><span style=\"color: #595959;\"><span lang=\"en-CA\">Hepatitis B and C are not routinely screened for but should be considered if there are risk factors. There is a preventive vaccine for Hepatitis B but not for Hepatitis C. A blood test may be performed, if needed, to confirm Hepatitis B immunity.<\/span><\/span><\/li>\n<li><span style=\"color: #595959;\"><span lang=\"en-CA\">There can be false negatives in some cases.<\/span><\/span><\/li>\n<li><span style=\"color: #595959;\"><span lang=\"en-CA\">Serial blood tests are recommended for some STBBIs, such as HIV, where seroconversion may take several months.<\/span><\/span><\/li>\n<\/ul>\n<p>[\/vc_column_text][\/vc_column_inner][vc_column_inner width=&#8221;1\/2&#8243;]<div id=\"ultimate-heading-230769f0d7aa69566\" class=\"uvc-heading ult-adjust-bottom-margin ultimate-heading-230769f0d7aa69566 uvc-4349 \" data-hspacer=\"line_only\"  data-halign=\"center\" style=\"text-align:center\"><div class=\"uvc-main-heading ult-responsive\"  data-ultimate-target='.uvc-heading.ultimate-heading-230769f0d7aa69566 h2'  data-responsive-json-new='{\"font-size\":\"desktop:30px;\",\"line-height\":\"desktop:60px;\"}' ><h2 style=\"font-family:&#039;Open Sans&#039;;font-weight:700;\">Patient Care<\/h2><\/div><div class=\"uvc-heading-spacer line_only\" style=\"topheight:5px;\"><span class=\"uvc-headings-line\" style=\"border-style:solid;border-bottom-width:5px;border-color:#0288d1;width:200px;\"><\/span><\/div><\/div>[vc_column_text]<span style=\"color: #595959;\"><span lang=\"en-CA\">When the teams at the <b style=\"color: #0288d1;\">Excelle<\/b><b style=\"color: red;\">MD<\/b> clinics in Saint-Eustache, Montreal and Terrebonne treat patients with STBBIs, they support the patients throughout the process: from the onset of symptoms, through the potential diagnosis, all the way to remission. We can also provide you with useful tools such as contraceptive products.<\/span><\/span><\/p>\n<p><span style=\"color: #595959;\"><span lang=\"en-CA\">Our team is committed to providing a diagnostic impression and the test results as soon as possible.<\/span><\/span><\/p>\n<p><span style=\"color: #595959;\"><span lang=\"en-CA\">Your North Shore and Montreal area health specialists are your allies for a healthy sex life; they will encourage you to be familiar with and follow basic precautions.<\/span><\/span>[\/vc_column_text][\/vc_column_inner][\/vc_row_inner][\/vc_column][\/vc_row][vc_row][vc_column][vc_column_text]<div  class=\"vc_row wpb_row vc_row-fluid vc_custom_1464893324072 ult-vc-hide-row vc_row-has-fill\"\n     id=\"div_003d_0\" data-rtl=\"false\" data-row-effect-mobile-disable=\"true\">\n    <div class=\"upb_row_bg\" data-upb_br_animation=\"\"\n         id=\"div_003d_1\"\n         data-bg-override=\"full\"><\/div>\n    <div class=\"wpb_column vc_column_container vc_col-sm-12\">\n        <div class=\"vc_column-inner \">\n            <div class=\"wpb_wrapper\">\n                <div class=\"vc_row wpb_row vc_inner vc_row-fluid\">\n                    <div class=\"wpb_column vc_column_container vc_col-sm-12\">\n                        <div class=\"vc_column-inner \">\n                            <div class=\"wpb_wrapper\">\n                                <div id=\"ultimate-heading-1488584ea3a96d262\"\n                                     class=\"uvc-heading ult-adjust-bottom-margin ultimate-heading-1488584ea3a96d262 uvc-6023 \"\n                                     data-hspacer=\"no_spacer\" data-halign=\"center\">\n                                    <div class=\"uvc-heading-spacer no_spacer\" id=\"div_003d_2\"><\/div>\n                                    <div class=\"uvc-main-heading ult-responsive\"\n                                         data-ultimate-target=\".uvc-heading.ultimate-heading-1488584ea3a96d262 h2\"\n                                         data-responsive-json-new=\"{&quot;font-size&quot;:&quot;desktop:45px;&quot;,&quot;line-height&quot;:&quot;desktop:48px;&quot;}\">\n                                        <h2 id=\"h2_003d_0\">AVOID WAITING AND MAKE AN APPOINTMENT TO OBTAIN THE SERVICES YOU NEED<\/h2><\/div>\n                                <\/div>\n                                <div class=\" vc_custom_1468422110816 ubtn-ctn-center \"><a\n                                        class=\"ubtn-link ult-adjust-bottom-margin ubtn-center ubtn-normal \"\n                                        href=\"https:\/\/clients3.clicsante.ca\/65565\/take-appt\" target=\"_blank\">\n                                        <button type=\"button\" id=\"ubtn-7057\"\n                                                class=\"ubtn ult-adjust-bottom-margin ult-responsive ubtn-normal ubtn-no-hover-bg  none  ubtn-sep-icon ubtn-sep-icon-right-push  ubtn-center   tooltip-584ea3a96d759\"\n                                                data-hover=\"\" data-border-color=\"\" data-bg=\"#efefef\" data-hover-bg=\"\"\n                                                data-border-hover=\"\" data-shadow-hover=\"\" data-shadow-click=\"none\"\n                                                data-shadow=\"\" data-shd-shadow=\"\" data-ultimate-target=\"#ubtn-7057\"\n                                                data-responsive-json-new=\"{&quot;font-size&quot;:&quot;desktop:25px;&quot;,&quot;line-height&quot;:&quot;&quot;}\"\n                                        >\n                                            <span class=\"ubtn-data ubtn-icon\"><i class=\"Defaults-angle-right\"\n                                                                                 id=\"i_003d_0\"><\/i><\/span><span\n                                                class=\"ubtn-hover\" id=\"span_003d_0\"><\/span><span\n                                                class=\"ubtn-data ubtn-text \">MAKE AN APPOINTMENT<\/span><\/button>\n                                    <\/a><\/div>\n                            <\/div>\n                        <\/div>\n                    <\/div>\n                <\/div>\n            <\/div>\n        <\/div>\n    <\/div>\n<\/div>\n<!--div class=\"vc_row wpb_row vc_row-fluid vc_custom_1464893324072 ult-vc-hide-row vc_row-has-fill\"\n     id=\"div_003d_3\" data-rtl=\"false\" data-row-effect-mobile-disable=\"true\">\n\n    <div class=\"upb_row_bg\" data-upb_br_animation=\"\"\n         id=\"div_003d_4\"\n         data-bg-override=\"full\">\n\n        <div id=\"map1\"><\/div>\n    <\/div>\n<\/div-->\n<style>\n    .page-id-466 #div_003d_0,.page-id-133 #div_003d_0{\n        display: none;\n    }\n    #map1{\n        width: 100%;\n        height: 400px;\n    }\n    #div_003d_0 {\n        position: relative;\n        margin-bottom: 0px !important;\n        padding-top: 60px !important;\n        padding-bottom: 60px !important;\n    }\n\n    #div_003d_1 {\n        background: -webkit-linear-gradient(left, rgb(93, 179, 226) 0%, rgb(2, 110, 168) 57%);\n    }\n\n    #ultimate-heading-1488584ea3a96d262 {\n        text-align: center\n    }\n\n    #h2_003d_0 {\n        font-family: 'Open Sans';\n        font-weight: 700;\n        color: #ffffff;\n    }\n\n    #ubtn-7057 {\n        font-family: 'Open Sans';\n        font-weight: 700;\n        border: none;\n        background: #efefef;\n        color: #1e73be;\n    }\n\n    #i_003d_0 {\n        font-size: 50px;\n    }\n\n    #div_003d_3 {\n        position: relative;\n        height: 365px;\n    }\n#div_003d_4{\n    overflow: visible;\n}\n\n    #iframe_003d_0 {\n        border: 0;\n    }\n\n<\/style>\n<script src=\"https:\/\/maps.googleapis.com\/maps\/api\/js?key=AIzaSyBiZUYaoYcd-tfJ4ZTnAO7pP-HYGanWnAM\"><\/script>\n<!--script>\n    function init() {\n        var points = new google.maps.LatLng(45.567876, -73.912213);\n        var points1 = new google.maps.LatLng(45.5323839, -73.6540517);\n        var styles = [\n            {\n                \"stylers\": [\n                    {\"visibility\": \"on\"},\n                    {\"hue\": \"#29369f\"}\n                ]\n            }\n        ];\n        var bound = new google.maps.LatLngBounds();\n\n        bound.extend(points);\n        bound.extend(points1);\n        var mapOptions1 = {\n            scrollwheel: false,\n            \/\/ How zoomed in you want the map to start at (always required)\n            zoom: 10,\n            center: bound.getCenter(), \/\/ New York\n            \/\/ This is where you would paste any style found on Snazzy Maps.\n\/\/            styles: styles\n        };\n        var infowindow = new google.maps.InfoWindow({\n            content:  '<h1 >Clinique de Montr\u00e9al<\/h1>'+\n            '<div id=\"bodyContent\">'+\n            '<div> 9001 Boulevard de l\u2019Acadie, Suite 101<br\/>'+\n        'Montr\u00e9al, QC<br\/>'+\n        'H4N 3H5<br\/><br\/>'+\n        '<span class=\"enpages\">Phone<\/span> <span class=\"frpages\">T\u00e9l\u00e9phone<\/span>: 514-482-8111<br\/>'+\n        '<span class=\"enpages\">Fax<\/span> <span class=\"frpages\">T\u00e9l\u00e9copieur<\/span>: 450-473-1034<br\/>'+\n            'info@excellemd.com<br\/><\/div><\/div>'\n        });\n        var infowindow1 = new google.maps.InfoWindow({\n            content:  '<h1 >Clinique de Saint-Eustache<\/h1>'+\n            '<div id=\"bodyContent\">'+\n            '<div>460, rue du Parc suite #101<br\/>'+\t\t\t\n            'Saint-Eustache, QC<br\/>'+\n            'J7R 0C9<br\/><br\/>'+\n            '<span class=\"enpages\">Phone<\/span> <span class=\"frpages\">T\u00e9l\u00e9phone<\/span>: (450) 735-8111<br\/>'+\n        '<span class=\"enpages\">Fax<\/span> <span class=\"frpages\">T\u00e9l\u00e9copieur<\/span>: (450) 473-1034<br\/>'+\n        'info@excellemd.com<br\/><\/div>'+\n            '<\/div>'\n        });\n        \/\/ Create the Google Map using our element and options defined above\n        var map1 = new google.maps.Map(document.getElementById('map1'), mapOptions1);\n\n        \/\/ Let's also add a marker while we're at it\n        var marker=new google.maps.Marker({\n            position: points,\n            map: map1\n        })\n        marker.addListener('click', function() {\n            infowindow1.open(map1, marker);\n        });\n        var marker1=new google.maps.Marker({\n            position: points1,\n            map: map1\n        })\n        marker1.addListener('click', function() {\n            infowindow.open(map1, marker1);\n        });\n    }\n\n    \/\/ When the window has finished loading create our google map below\n    google.maps.event.addDomListener(window, 'load', init);\n<\/script-->[\/vc_column_text][\/vc_column][\/vc_row]<\/p>\n","protected":false},"excerpt":{"rendered":"<p>[vc_row bg_type=&#8221;bg_color&#8221; bg_override=&#8221;full&#8221; css=&#8221;.vc_custom_1465388727958{background-color: #ffffff !important;}&#8221; bg_color_value=&#8221;#ffffff&#8221;][vc_column][vc_row_inner][vc_column_inner width=&#8221;1\/2&#8243;][vc_column_text] The ExcelleMD clinics in Saint-Eustache, Montreal and Terrebonne offer a screening service for STBBIs (sexually transmitted and blood-borne [&hellip;]<\/p>\n","protected":false},"author":8,"featured_media":0,"parent":0,"menu_order":0,"comment_status":"closed","ping_status":"closed","template":"","meta":{"_acf_changed":false,"_kad_blocks_custom_css":"","_kad_blocks_head_custom_js":"","_kad_blocks_body_custom_js":"","_kad_blocks_footer_custom_js":"","footnotes":""},"class_list":["post-402","page","type-page","status-publish","hentry"],"acf":[],"yoast_head":"<!-- This site is optimized with the Yoast SEO plugin v27.4 - https:\/\/yoast.com\/product\/yoast-seo-wordpress\/ -->\n<title>Screening \/ Treatment of Sexually Transmitted Disease (STDs) - Excelle MD<\/title>\n<meta name=\"robots\" content=\"index, follow, max-snippet:-1, max-image-preview:large, max-video-preview:-1\" \/>\n<link rel=\"canonical\" href=\"https:\/\/excellemd.com\/depistage-traitement-des-infections-transmises-sexuellement-itss\/\" \/>\n<meta property=\"og:locale\" content=\"en_US\" \/>\n<meta property=\"og:type\" content=\"article\" \/>\n<meta property=\"og:title\" content=\"Screening \/ Treatment of Sexually Transmitted Disease (STDs) - Excelle MD\" \/>\n<meta property=\"og:description\" content=\"[vc_row bg_type=&#8221;bg_color&#8221; bg_override=&#8221;full&#8221; css=&#8221;.vc_custom_1465388727958{background-color: #ffffff !important;}&#8221; bg_color_value=&#8221;#ffffff&#8221;][vc_column][vc_row_inner][vc_column_inner width=&#8221;1\/2&#8243;][vc_column_text] The ExcelleMD clinics in Saint-Eustache, Montreal and Terrebonne offer a screening service for STBBIs (sexually transmitted and blood-borne [&hellip;]\" \/>\n<meta property=\"og:url\" content=\"https:\/\/excellemd.com\/depistage-traitement-des-infections-transmises-sexuellement-itss\/\" \/>\n<meta property=\"og:site_name\" content=\"Excelle MD\" \/>\n<meta property=\"article:modified_time\" content=\"2020-01-22T15:58:04+00:00\" \/>\n<meta name=\"twitter:card\" content=\"summary_large_image\" \/>\n<meta name=\"twitter:label1\" content=\"Est. reading time\" \/>\n\t<meta name=\"twitter:data1\" content=\"5 minutes\" \/>\n<script type=\"application\/ld+json\" class=\"yoast-schema-graph\">{\"@context\":\"https:\\\/\\\/schema.org\",\"@graph\":[{\"@type\":\"WebPage\",\"@id\":\"https:\\\/\\\/excellemd.com\\\/depistage-traitement-des-infections-transmises-sexuellement-itss\\\/\",\"url\":\"https:\\\/\\\/excellemd.com\\\/depistage-traitement-des-infections-transmises-sexuellement-itss\\\/\",\"name\":\"Screening \\\/ Treatment of Sexually Transmitted Disease (STDs) - Excelle MD\",\"isPartOf\":{\"@id\":\"https:\\\/\\\/excellemd.com\\\/#website\"},\"datePublished\":\"2016-12-08T12:37:19+00:00\",\"dateModified\":\"2020-01-22T15:58:04+00:00\",\"breadcrumb\":{\"@id\":\"https:\\\/\\\/excellemd.com\\\/depistage-traitement-des-infections-transmises-sexuellement-itss\\\/#breadcrumb\"},\"inLanguage\":\"en-US\",\"potentialAction\":[{\"@type\":\"ReadAction\",\"target\":[\"https:\\\/\\\/excellemd.com\\\/depistage-traitement-des-infections-transmises-sexuellement-itss\\\/\"]}]},{\"@type\":\"BreadcrumbList\",\"@id\":\"https:\\\/\\\/excellemd.com\\\/depistage-traitement-des-infections-transmises-sexuellement-itss\\\/#breadcrumb\",\"itemListElement\":[{\"@type\":\"ListItem\",\"position\":1,\"name\":\"Accueil\",\"item\":\"https:\\\/\\\/excellemd.com\\\/en\\\/\"},{\"@type\":\"ListItem\",\"position\":2,\"name\":\"Screening \\\/ Treatment of Sexually Transmitted Disease (STDs)\"}]},{\"@type\":\"WebSite\",\"@id\":\"https:\\\/\\\/excellemd.com\\\/#website\",\"url\":\"https:\\\/\\\/excellemd.com\\\/\",\"name\":\"Excelle MD\",\"description\":\"une clinique priv\u00e9e, qui offre \u00e0 leur client\u00e8le des soins m\u00e9dicaux rapides d\u2019acc\u00e8s\",\"potentialAction\":[{\"@type\":\"SearchAction\",\"target\":{\"@type\":\"EntryPoint\",\"urlTemplate\":\"https:\\\/\\\/excellemd.com\\\/?s={search_term_string}\"},\"query-input\":{\"@type\":\"PropertyValueSpecification\",\"valueRequired\":true,\"valueName\":\"search_term_string\"}}],\"inLanguage\":\"en-US\"}]}<\/script>\n<!-- \/ Yoast SEO plugin. -->","yoast_head_json":{"title":"Screening \/ Treatment of Sexually Transmitted Disease (STDs) - Excelle MD","robots":{"index":"index","follow":"follow","max-snippet":"max-snippet:-1","max-image-preview":"max-image-preview:large","max-video-preview":"max-video-preview:-1"},"canonical":"https:\/\/excellemd.com\/depistage-traitement-des-infections-transmises-sexuellement-itss\/","og_locale":"en_US","og_type":"article","og_title":"Screening \/ Treatment of Sexually Transmitted Disease (STDs) - Excelle MD","og_description":"[vc_row bg_type=&#8221;bg_color&#8221; bg_override=&#8221;full&#8221; css=&#8221;.vc_custom_1465388727958{background-color: #ffffff !important;}&#8221; bg_color_value=&#8221;#ffffff&#8221;][vc_column][vc_row_inner][vc_column_inner width=&#8221;1\/2&#8243;][vc_column_text] The ExcelleMD clinics in Saint-Eustache, Montreal and Terrebonne offer a screening service for STBBIs (sexually transmitted and blood-borne [&hellip;]","og_url":"https:\/\/excellemd.com\/depistage-traitement-des-infections-transmises-sexuellement-itss\/","og_site_name":"Excelle MD","article_modified_time":"2020-01-22T15:58:04+00:00","twitter_card":"summary_large_image","twitter_misc":{"Est. reading time":"5 minutes"},"schema":{"@context":"https:\/\/schema.org","@graph":[{"@type":"WebPage","@id":"https:\/\/excellemd.com\/depistage-traitement-des-infections-transmises-sexuellement-itss\/","url":"https:\/\/excellemd.com\/depistage-traitement-des-infections-transmises-sexuellement-itss\/","name":"Screening \/ Treatment of Sexually Transmitted Disease (STDs) - Excelle MD","isPartOf":{"@id":"https:\/\/excellemd.com\/#website"},"datePublished":"2016-12-08T12:37:19+00:00","dateModified":"2020-01-22T15:58:04+00:00","breadcrumb":{"@id":"https:\/\/excellemd.com\/depistage-traitement-des-infections-transmises-sexuellement-itss\/#breadcrumb"},"inLanguage":"en-US","potentialAction":[{"@type":"ReadAction","target":["https:\/\/excellemd.com\/depistage-traitement-des-infections-transmises-sexuellement-itss\/"]}]},{"@type":"BreadcrumbList","@id":"https:\/\/excellemd.com\/depistage-traitement-des-infections-transmises-sexuellement-itss\/#breadcrumb","itemListElement":[{"@type":"ListItem","position":1,"name":"Accueil","item":"https:\/\/excellemd.com\/en\/"},{"@type":"ListItem","position":2,"name":"Screening \/ Treatment of Sexually Transmitted Disease (STDs)"}]},{"@type":"WebSite","@id":"https:\/\/excellemd.com\/#website","url":"https:\/\/excellemd.com\/","name":"Excelle MD","description":"une clinique priv\u00e9e, qui offre \u00e0 leur client\u00e8le des soins m\u00e9dicaux rapides d\u2019acc\u00e8s","potentialAction":[{"@type":"SearchAction","target":{"@type":"EntryPoint","urlTemplate":"https:\/\/excellemd.com\/?s={search_term_string}"},"query-input":{"@type":"PropertyValueSpecification","valueRequired":true,"valueName":"search_term_string"}}],"inLanguage":"en-US"}]}},"taxonomy_info":[],"featured_image_src_large":false,"author_info":{"display_name":"Jacques Demers","author_link":"https:\/\/excellemd.com\/en\/author\/support\/"},"comment_info":0,"_links":{"self":[{"href":"https:\/\/excellemd.com\/en\/wp-json\/wp\/v2\/pages\/402","targetHints":{"allow":["GET"]}}],"collection":[{"href":"https:\/\/excellemd.com\/en\/wp-json\/wp\/v2\/pages"}],"about":[{"href":"https:\/\/excellemd.com\/en\/wp-json\/wp\/v2\/types\/page"}],"author":[{"embeddable":true,"href":"https:\/\/excellemd.com\/en\/wp-json\/wp\/v2\/users\/8"}],"replies":[{"embeddable":true,"href":"https:\/\/excellemd.com\/en\/wp-json\/wp\/v2\/comments?post=402"}],"version-history":[{"count":2,"href":"https:\/\/excellemd.com\/en\/wp-json\/wp\/v2\/pages\/402\/revisions"}],"predecessor-version":[{"id":6236,"href":"https:\/\/excellemd.com\/en\/wp-json\/wp\/v2\/pages\/402\/revisions\/6236"}],"wp:attachment":[{"href":"https:\/\/excellemd.com\/en\/wp-json\/wp\/v2\/media?parent=402"}],"curies":[{"name":"wp","href":"https:\/\/api.w.org\/{rel}","templated":true}]}}