{"id":410,"date":"2016-12-08T13:53:13","date_gmt":"2016-12-08T12:53:13","guid":{"rendered":"http:\/\/excellemd.local:8000\/en\/?page_id=410"},"modified":"2023-03-03T22:03:54","modified_gmt":"2023-03-03T21:03:54","slug":"corporate-health-services","status":"publish","type":"page","link":"https:\/\/excellemd.com\/en\/corporate-health-services\/","title":{"rendered":"Corporate Health Services"},"content":{"rendered":"<p>[vc_row bg_type=&#8221;bg_color&#8221; bg_override=&#8221;full&#8221; css=&#8221;.vc_custom_1465388727958{background-color: #ffffff !important;}&#8221; bg_color_value=&#8221;#ffffff&#8221;][vc_column]<div id=\"ultimate-heading-804669e7600524156\" class=\"uvc-heading ult-adjust-bottom-margin ultimate-heading-804669e7600524156 uvc-7107 \" data-hspacer=\"line_only\"  data-halign=\"center\" style=\"text-align:center\"><div class=\"uvc-main-heading ult-responsive\"  data-ultimate-target='.uvc-heading.ultimate-heading-804669e7600524156 h2'  data-responsive-json-new='{\"font-size\":\"desktop:30px;\",\"line-height\":\"desktop:60px;\"}' ><h2 style=\"font-family:&#039;Open Sans&#039;;font-weight:700;\">Corporate Health Services <\/h2><\/div><div class=\"uvc-heading-spacer line_only\" style=\"topheight:5px;\"><span class=\"uvc-headings-line\" style=\"border-style:solid;border-bottom-width:5px;border-color:#0288d1;width:200px;\"><\/span><\/div><\/div>[vc_row_inner][vc_column_inner width=&#8221;1\/2&#8243;][vc_column_text]<\/p>\n<p lang=\"fr-CA\"><span style=\"color: #595959;\"><span lang=\"en-CA\">Your employees\u2019 health is important to you and you are aware that it contributes greatly to your company\u2019s quality of life and productivity. You wish to hire employees who are physically fit and able to perform the tasks that are part of their job. <\/span><\/span><span style=\"color: #595959;\"><span lang=\"en-CA\"><b style=\"color: #0288d1;\">Excelle<\/b><b style=\"color: red;\">MD<\/b> clinics are your partners in success, offering health care adapted to your sector of activity.<\/span><span lang=\"en-CA\">\u00a0<\/span><span lang=\"en-CA\">An assessment can be made in a single day.<\/span><\/span><\/p>\n<p>[\/vc_column_text][\/vc_column_inner][vc_column_inner width=&#8221;1\/2&#8243;][vc_single_image image=&#8221;232&#8243; img_size=&#8221;full&#8221;][\/vc_column_inner][\/vc_row_inner][vc_row_inner][vc_column_inner width=&#8221;1\/2&#8243;]<div id=\"ultimate-heading-702369e760052422b\" class=\"uvc-heading ult-adjust-bottom-margin ultimate-heading-702369e760052422b uvc-1950 \" data-hspacer=\"line_only\"  data-halign=\"center\" style=\"text-align:center\"><div class=\"uvc-main-heading ult-responsive\"  data-ultimate-target='.uvc-heading.ultimate-heading-702369e760052422b h2'  data-responsive-json-new='{\"font-size\":\"desktop:30px;\",\"line-height\":\"desktop:60px;\"}' ><h2 style=\"font-family:&#039;Open Sans&#039;;font-weight:700;\">Pre-Hire Medical Examinations<\/h2><\/div><div class=\"uvc-heading-spacer line_only\" style=\"topheight:5px;\"><span class=\"uvc-headings-line\" style=\"border-style:solid;border-bottom-width:5px;border-color:#0288d1;width:200px;\"><\/span><\/div><\/div>[vc_column_text]<\/p>\n<p lang=\"fr-CA\"><span style=\"color: #595959;\"><span lang=\"en-CA\">This service has been used for several years by large companies and is becoming increasingly popular with all organizations. It includes a medical examination followed by a series of tests selected in relation to the type of employment; it allows the company to obtain an accurate picture of the health status of a candidate selected to be hired or of an employee.<\/span><\/span><\/p>\n<p lang=\"fr-CA\"><span style=\"color: #595959;\"><span lang=\"en-CA\">Pre-hire exams are also part of the range of services that we offer to businesses. These are reserved for employees who require a check-up before starting a new job.<\/span><span lang=\"en-CA\">\u00a0<\/span><span lang=\"en-CA\">You <\/span><span lang=\"en-CA\">will receive your results as early as 48 hours <\/span><span lang=\"en-CA\">after your consultation.<\/span><\/span><\/p>\n<p lang=\"fr-CA\"><span style=\"color: #595959;\"><span lang=\"en-CA\">We have effective procedures in place to help you select your staff and document a medical record in the event of future absences.\u00a0The pre-hire examination makes it possible to detect personal conditions likely to increase <\/span><\/span><span style=\"color: #595959;\"><span lang=\"en-CA\">work-related accidents <\/span><span lang=\"en-CA\">or <\/span><span lang=\"en-CA\">occupational diseases.<\/span><span lang=\"en-CA\"> The protocol is drawn up according to the employer\u2019s requirements and in relation to the position offered.<\/span><\/span><\/p>\n<p lang=\"fr-CA\"><span style=\"color: #595959;\"><span lang=\"en-CA\">Example <\/span><\/span><span style=\"color: #595959;\"><span lang=\"en-CA\">protocol<\/span><span lang=\"en-CA\">:<\/span><\/span><\/p>\n<ul>\n<li>Musculoskeletal medical examination<\/li>\n<li><span lang=\"en-CA\"><span style=\"color: #595959;\">Various <\/span><\/span><span style=\"color: #595959;\"><span lang=\"en-CA\">tests (depending on the employee job description) For example :<\/span><\/span>\n<ul>\n<li><span lang=\"en-CA\"><span style=\"color: #595959;\">Drug or alcohol testing<\/span><\/span><\/li>\n<li><span lang=\"en-CA\"><span style=\"color: #595959;\">Spirometry (lungs)<\/span><\/span><\/li>\n<li><span lang=\"en-CA\"><span style=\"color: #595959;\">Vision (Accuracy and\/or color blindness)<\/span><\/span><\/li>\n<li><span lang=\"en-CA\"><span style=\"color: #595959;\">Audiometry<\/span><\/span><\/li>\n<li><span lang=\"en-CA\"><span style=\"color: #595959;\">Resting <\/span><\/span><span style=\"color: #595959;\"><span lang=\"en-CA\">ECG (assessment of cardiac condition)<\/span><\/span><\/li>\n<li><span lang=\"en-CA\"><span style=\"color: #595959;\">X-rays of the lumbosacral and cervical regions and the lungs<\/span><\/span><\/li>\n<\/ul>\n<\/li>\n<\/ul>\n<p>[\/vc_column_text][\/vc_column_inner][vc_column_inner width=&#8221;1\/2&#8243;]<div id=\"ultimate-heading-343169e76005242d1\" class=\"uvc-heading ult-adjust-bottom-margin ultimate-heading-343169e76005242d1 uvc-8273 \" data-hspacer=\"line_only\"  data-halign=\"center\" style=\"text-align:center\"><div class=\"uvc-main-heading ult-responsive\"  data-ultimate-target='.uvc-heading.ultimate-heading-343169e76005242d1 h2'  data-responsive-json-new='{\"font-size\":\"desktop:30px;\",\"line-height\":\"desktop:60px;\"}' ><h2 style=\"font-family:&#039;Open Sans&#039;;font-weight:700;\">Advantages<\/h2><\/div><div class=\"uvc-heading-spacer line_only\" style=\"topheight:5px;\"><span class=\"uvc-headings-line\" style=\"border-style:solid;border-bottom-width:5px;border-color:#0288d1;width:200px;\"><\/span><\/div><\/div>[vc_column_text]<\/p>\n<p lang=\"fr-CA\"><span style=\"color: #595959;\"><span lang=\"en-CA\">Avoid waiting for exams: appointments can be made quickly and results are available between 48 and 72 business hours after the consultation.\u00a0 instead of taking weeks or even months.<\/span><\/span><\/p>\n<p lang=\"fr-CA\"><span style=\"color: #595959;\"><span lang=\"en-CA\">Determine the current state of health and the long-term potential risks.<\/span><\/span><\/p>\n<p lang=\"fr-CA\"><span style=\"color: #595959;\"><span lang=\"en-CA\">Our team will provide you with professional service in addition to giving you an appointment within the shortest possible wait time. Our doctors skills and experience will ensure that you receive customized, personalized services based on your current and\/or future occupation.<\/span><\/span><\/p>\n<p>[\/vc_column_text][\/vc_column_inner][\/vc_row_inner][\/vc_column][\/vc_row][vc_row][vc_column][\/vc_column][\/vc_row][vc_row full_width=&#8221;stretch_row_content_no_spaces&#8221; content_placement=&#8221;middle&#8221; bg_type=&#8221;grad&#8221; bg_override=&#8221;full&#8221; css=&#8221;.vc_custom_1622119674442{background-color: #ffffff !important;}&#8221; bg_grad=&#8221;background: -webkit-gradient(linear, left top, left bottom, color-stop(0%, #49B4E2), color-stop(99%, #0271A8));background: -moz-linear-gradient(left,#49B4E2 0%,#0271A8 99%);background: -webkit-linear-gradient(left,#49B4E2 0%,#0271A8 99%);background: -o-linear-gradient(left,#49B4E2 0%,#0271A8 99%);background: -ms-linear-gradient(left,#49B4E2 0%,#0271A8 99%);background: linear-gradient(left,#49B4E2 0%,#0271A8 99%);&#8221;][vc_column css=&#8221;.vc_custom_1622119847062{padding-top: 70px !important;padding-bottom: 20px !important;}&#8221;]<div id=\"ultimate-heading-705769e7600524378\" class=\"uvc-heading ult-adjust-bottom-margin ultimate-heading-705769e7600524378 uvc-4524 \" data-hspacer=\"no_spacer\"  data-halign=\"center\" style=\"text-align:center\"><div class=\"uvc-heading-spacer no_spacer\" style=\"top\"><\/div><div class=\"uvc-main-heading ult-responsive\"  data-ultimate-target='.uvc-heading.ultimate-heading-705769e7600524378 h2'  data-responsive-json-new='{\"font-size\":\"desktop:30px;\",\"line-height\":\"\"}' ><h2 style=\"font-family:&#039;Open Sans&#039;;font-weight:700;color:#ffffff;\">CALL US TODAY<\/h2><\/div><\/div><div class=\" ubtn-ctn-center \"><button type=\"button\" id=\"ubtn-9526\"  class=\"ubtn ult-adjust-bottom-margin ult-responsive ubtn-large ubtn-no-hover-bg  none  ubtn-center   tooltip-69e76005243f6\"  data-hover=\"\" data-border-color=\"\" data-bg=\"#efefef\" data-hover-bg=\"\" data-border-hover=\"\" data-shadow-hover=\"\" data-shadow-click=\"none\" data-shadow=\"\" data-shd-shadow=\"\"  data-ultimate-target='#ubtn-9526'  data-responsive-json-new='{\"font-size\":\"desktop:25px;\",\"line-height\":\"\"}'  style=\"font-family:&#039;Open Sans&#039;;font-weight:700;border:none;background: #efefef;color: #1e73be;\"><span class=\"ubtn-hover\" style=\"background-color:\"><\/span><span class=\"ubtn-data ubtn-text \" >CALL US AT 450-735-8111<\/span><\/button><\/div>[\/vc_column][\/vc_row][vc_row][vc_column][vc_column_text]<\/p>\n\n\n<div style=\"height:50px\" aria-hidden=\"true\" class=\"wp-block-spacer\"><\/div>\n\n\n<p>[\/vc_column_text][\/vc_column][\/vc_row]<\/p>","protected":false},"excerpt":{"rendered":"<p>[vc_row bg_type=&#8221;bg_color&#8221; bg_override=&#8221;full&#8221; css=&#8221;.vc_custom_1465388727958{background-color: #ffffff !important;}&#8221; bg_color_value=&#8221;#ffffff&#8221;][vc_column][vc_row_inner][vc_column_inner width=&#8221;1\/2&#8243;][vc_column_text] Your employees\u2019 health is important to you and you are aware that it contributes greatly to your company\u2019s [&hellip;]<\/p>\n","protected":false},"author":8,"featured_media":0,"parent":0,"menu_order":0,"comment_status":"closed","ping_status":"closed","template":"","meta":{"_acf_changed":false,"_kad_blocks_custom_css":"","_kad_blocks_head_custom_js":"","_kad_blocks_body_custom_js":"","_kad_blocks_footer_custom_js":"","footnotes":""},"class_list":["post-410","page","type-page","status-publish","hentry"],"acf":[],"yoast_head":"<!-- This site is optimized with the Yoast SEO plugin v27.3 - https:\/\/yoast.com\/product\/yoast-seo-wordpress\/ -->\n<title>Corporate Health Services - Excelle MD<\/title>\n<meta name=\"robots\" content=\"index, follow, max-snippet:-1, max-image-preview:large, max-video-preview:-1\" \/>\n<link rel=\"canonical\" href=\"https:\/\/excellemd.com\/en\/corporate-health-services\/\" \/>\n<meta property=\"og:locale\" content=\"en_US\" \/>\n<meta property=\"og:type\" content=\"article\" \/>\n<meta property=\"og:title\" content=\"Corporate Health Services - Excelle MD\" \/>\n<meta property=\"og:description\" content=\"[vc_row bg_type=&#8221;bg_color&#8221; bg_override=&#8221;full&#8221; css=&#8221;.vc_custom_1465388727958{background-color: #ffffff !important;}&#8221; bg_color_value=&#8221;#ffffff&#8221;][vc_column][vc_row_inner][vc_column_inner width=&#8221;1\/2&#8243;][vc_column_text] Your employees\u2019 health is important to you and you are aware that it contributes greatly to your company\u2019s [&hellip;]\" \/>\n<meta property=\"og:url\" content=\"https:\/\/excellemd.com\/en\/corporate-health-services\/\" \/>\n<meta property=\"og:site_name\" content=\"Excelle MD\" \/>\n<meta property=\"article:modified_time\" content=\"2023-03-03T21:03:54+00:00\" \/>\n<meta name=\"twitter:card\" content=\"summary_large_image\" \/>\n<meta name=\"twitter:label1\" content=\"Est. reading time\" \/>\n\t<meta name=\"twitter:data1\" content=\"4 minutes\" \/>\n<script type=\"application\/ld+json\" class=\"yoast-schema-graph\">{\"@context\":\"https:\\\/\\\/schema.org\",\"@graph\":[{\"@type\":\"WebPage\",\"@id\":\"https:\\\/\\\/excellemd.com\\\/en\\\/corporate-health-services\\\/\",\"url\":\"https:\\\/\\\/excellemd.com\\\/en\\\/corporate-health-services\\\/\",\"name\":\"Corporate Health Services - Excelle MD\",\"isPartOf\":{\"@id\":\"https:\\\/\\\/excellemd.com\\\/#website\"},\"datePublished\":\"2016-12-08T12:53:13+00:00\",\"dateModified\":\"2023-03-03T21:03:54+00:00\",\"breadcrumb\":{\"@id\":\"https:\\\/\\\/excellemd.com\\\/en\\\/corporate-health-services\\\/#breadcrumb\"},\"inLanguage\":\"en-US\",\"potentialAction\":[{\"@type\":\"ReadAction\",\"target\":[\"https:\\\/\\\/excellemd.com\\\/en\\\/corporate-health-services\\\/\"]}]},{\"@type\":\"BreadcrumbList\",\"@id\":\"https:\\\/\\\/excellemd.com\\\/en\\\/corporate-health-services\\\/#breadcrumb\",\"itemListElement\":[{\"@type\":\"ListItem\",\"position\":1,\"name\":\"Accueil\",\"item\":\"https:\\\/\\\/excellemd.com\\\/en\\\/\"},{\"@type\":\"ListItem\",\"position\":2,\"name\":\"Corporate Health Services\"}]},{\"@type\":\"WebSite\",\"@id\":\"https:\\\/\\\/excellemd.com\\\/#website\",\"url\":\"https:\\\/\\\/excellemd.com\\\/\",\"name\":\"Excelle MD\",\"description\":\"une clinique priv\u00e9e, qui offre \u00e0 leur client\u00e8le des soins m\u00e9dicaux rapides d\u2019acc\u00e8s\",\"potentialAction\":[{\"@type\":\"SearchAction\",\"target\":{\"@type\":\"EntryPoint\",\"urlTemplate\":\"https:\\\/\\\/excellemd.com\\\/?s={search_term_string}\"},\"query-input\":{\"@type\":\"PropertyValueSpecification\",\"valueRequired\":true,\"valueName\":\"search_term_string\"}}],\"inLanguage\":\"en-US\"}]}<\/script>\n<!-- \/ Yoast SEO plugin. -->","yoast_head_json":{"title":"Corporate Health Services - Excelle MD","robots":{"index":"index","follow":"follow","max-snippet":"max-snippet:-1","max-image-preview":"max-image-preview:large","max-video-preview":"max-video-preview:-1"},"canonical":"https:\/\/excellemd.com\/en\/corporate-health-services\/","og_locale":"en_US","og_type":"article","og_title":"Corporate Health Services - Excelle MD","og_description":"[vc_row bg_type=&#8221;bg_color&#8221; bg_override=&#8221;full&#8221; css=&#8221;.vc_custom_1465388727958{background-color: #ffffff !important;}&#8221; bg_color_value=&#8221;#ffffff&#8221;][vc_column][vc_row_inner][vc_column_inner width=&#8221;1\/2&#8243;][vc_column_text] Your employees\u2019 health is important to you and you are aware that it contributes greatly to your company\u2019s [&hellip;]","og_url":"https:\/\/excellemd.com\/en\/corporate-health-services\/","og_site_name":"Excelle MD","article_modified_time":"2023-03-03T21:03:54+00:00","twitter_card":"summary_large_image","twitter_misc":{"Est. reading time":"4 minutes"},"schema":{"@context":"https:\/\/schema.org","@graph":[{"@type":"WebPage","@id":"https:\/\/excellemd.com\/en\/corporate-health-services\/","url":"https:\/\/excellemd.com\/en\/corporate-health-services\/","name":"Corporate Health Services - Excelle MD","isPartOf":{"@id":"https:\/\/excellemd.com\/#website"},"datePublished":"2016-12-08T12:53:13+00:00","dateModified":"2023-03-03T21:03:54+00:00","breadcrumb":{"@id":"https:\/\/excellemd.com\/en\/corporate-health-services\/#breadcrumb"},"inLanguage":"en-US","potentialAction":[{"@type":"ReadAction","target":["https:\/\/excellemd.com\/en\/corporate-health-services\/"]}]},{"@type":"BreadcrumbList","@id":"https:\/\/excellemd.com\/en\/corporate-health-services\/#breadcrumb","itemListElement":[{"@type":"ListItem","position":1,"name":"Accueil","item":"https:\/\/excellemd.com\/en\/"},{"@type":"ListItem","position":2,"name":"Corporate Health Services"}]},{"@type":"WebSite","@id":"https:\/\/excellemd.com\/#website","url":"https:\/\/excellemd.com\/","name":"Excelle MD","description":"une clinique priv\u00e9e, qui offre \u00e0 leur client\u00e8le des soins m\u00e9dicaux rapides d\u2019acc\u00e8s","potentialAction":[{"@type":"SearchAction","target":{"@type":"EntryPoint","urlTemplate":"https:\/\/excellemd.com\/?s={search_term_string}"},"query-input":{"@type":"PropertyValueSpecification","valueRequired":true,"valueName":"search_term_string"}}],"inLanguage":"en-US"}]}},"taxonomy_info":[],"featured_image_src_large":false,"author_info":{"display_name":"Jacques Demers","author_link":"https:\/\/excellemd.com\/en\/author\/support\/"},"comment_info":0,"_links":{"self":[{"href":"https:\/\/excellemd.com\/en\/wp-json\/wp\/v2\/pages\/410","targetHints":{"allow":["GET"]}}],"collection":[{"href":"https:\/\/excellemd.com\/en\/wp-json\/wp\/v2\/pages"}],"about":[{"href":"https:\/\/excellemd.com\/en\/wp-json\/wp\/v2\/types\/page"}],"author":[{"embeddable":true,"href":"https:\/\/excellemd.com\/en\/wp-json\/wp\/v2\/users\/8"}],"replies":[{"embeddable":true,"href":"https:\/\/excellemd.com\/en\/wp-json\/wp\/v2\/comments?post=410"}],"version-history":[{"count":5,"href":"https:\/\/excellemd.com\/en\/wp-json\/wp\/v2\/pages\/410\/revisions"}],"predecessor-version":[{"id":10344,"href":"https:\/\/excellemd.com\/en\/wp-json\/wp\/v2\/pages\/410\/revisions\/10344"}],"wp:attachment":[{"href":"https:\/\/excellemd.com\/en\/wp-json\/wp\/v2\/media?parent=410"}],"curies":[{"name":"wp","href":"https:\/\/api.w.org\/{rel}","templated":true}]}}