{"id":4530,"date":"2018-10-17T06:35:18","date_gmt":"2018-10-17T04:35:18","guid":{"rendered":"https:\/\/excellemd.com\/en\/medecine-corporative\/"},"modified":"2025-05-29T13:47:48","modified_gmt":"2025-05-29T11:47:48","slug":"corporate-medicine","status":"publish","type":"page","link":"https:\/\/excellemd.com\/en\/corporate-medicine\/","title":{"rendered":"Corporate Medicine"},"content":{"rendered":"<p>[vc_row][vc_column][vc_empty_space]<div id=\"ultimate-heading-117169d83004a7845\" class=\"uvc-heading ult-adjust-bottom-margin ultimate-heading-117169d83004a7845 uvc-6935 \" data-hspacer=\"line_only\"  data-halign=\"center\" style=\"text-align:center\"><div class=\"uvc-main-heading ult-responsive\"  data-ultimate-target='.uvc-heading.ultimate-heading-117169d83004a7845 h2'  data-responsive-json-new='{\"font-size\":\"desktop:30px;\",\"line-height\":\"desktop:60px;\"}' ><h2 style=\"font-weight:normal;\">Corporate Medicine<\/h2><\/div><div class=\"uvc-heading-spacer line_only\" style=\"topheight:5px;\"><span class=\"uvc-headings-line\" style=\"border-style:solid;border-bottom-width:5px;border-color:#0288d1;width:200px;\"><\/span><\/div><\/div><div id=\"ultimate-heading-706869d83004a7936\" class=\"uvc-heading ult-adjust-bottom-margin ultimate-heading-706869d83004a7936 uvc-6023 \" data-hspacer=\"no_spacer\"  data-halign=\"center\" style=\"text-align:center\"><div class=\"uvc-heading-spacer no_spacer\" style=\"top\"><\/div><div class=\"uvc-main-heading ult-responsive\"  data-ultimate-target='.uvc-heading.ultimate-heading-706869d83004a7936 h3'  data-responsive-json-new='{\"font-size\":\"\",\"line-height\":\"desktop:60px;\"}' ><h3 style=\"font-weight:bold;\">EXECUTIVE HEALTH ASSESSEMENT<\/h3><\/div><div class=\"uvc-sub-heading ult-responsive\"  data-ultimate-target='.uvc-heading.ultimate-heading-706869d83004a7936 .uvc-sub-heading '  data-responsive-json-new='{\"font-size\":\"desktop:20px;\",\"line-height\":\"\"}'  style=\"font-style:italic;font-weight:normal;color:#0288d1;\"><i><span style=\"font-weight: 400;\"><span style=\"font-size: 3rem; top: -1.5rem; color: red;\">\u00ab <\/span><span style=\"font-size: 2rem;\">O<\/span>UR PREVENTIVE HEALTH PLANS ARE SPECIFICALLY TAILORED TO YOUR<br \/>\nPERSONAL AND FAMILY HISTORY AND YOUR RISKS FACTORS.<br \/>\n<span style=\"font-size: 2rem;\">O<\/span>UR GOAL: IMPROVE THE QUALITY OF YOUR HEALTH.<span style=\"font-size: 3rem; top: -1.5rem; color: red;\"> \u00bb<\/span><\/span><\/i><\/div><\/div>[vc_empty_space height=&#8221;16px&#8221;][\/vc_column][\/vc_row][vc_row][vc_column width=&#8221;1\/2&#8243;][vc_column_text]<span style=\"font-weight: 400;\">Nothing compares to a healthy lifestyle, regular exercise and good nutrition to achieve good health. At <b style=\"color: #0288d1;\">Excelle<\/b><b style=\"color: red;\">MD<\/b> <span lang=\"EN-CA\">, we believe that a periodic medical examination is a simple way of maintaining<\/span><span lang=\"EN-CA\">\u00a0optimal health. Our doctors will issue specific health recommendations\u00a0and preventive advice\u00a0based on your personal and family history, your risk factors and your biometric data.<\/span><\/span><\/p>\n<p><span style=\"font-weight: 400;\">All your medical data is centralized in our digital records.<\/span><\/p>\n<h2><b style=\"color: #0288d1;\">WHY EXCELLEMD?<\/b><\/h2>\n<p><span style=\"font-weight: 400;\">At <b style=\"color: #0288d1;\">Excelle<\/b><b style=\"color: red;\">MD<\/b>, caring for you and your family goes beyond your Executive Health Examination. We take care of you all read round! We understand that when it comes to taking care of minor emergencies, you don\u2019t have time to wait in a regular medical office or to go to the emergency. By consulting one of our medical provider with access to your medical profile, you will be assured to receive the best continuity of health.<\/span>[\/vc_column_text][\/vc_column][vc_column width=&#8221;1\/2&#8243;][vc_empty_space height=&#8221;50px&#8221;][vc_single_image image=&#8221;4639&#8243; img_size=&#8221;large&#8221;][\/vc_column][\/vc_row][vc_row][vc_column][vc_column_text]<\/p>\n<h2><b style=\"color: #0288d1;\">NO TIME IN YOUR BUSY SCHEDULE?<\/b><\/h2>\n<p><b style=\"color: #0288d1;\">Connect to virtual medicine.<\/b><br \/>\n<span style=\"font-weight: 400;\">Can\u2019t leave your office to meet a doctor regarding a minor emergency? No worries with <b style=\"color: #0288d1;\">Excelle<\/b><b style=\"color: red;\">MD<\/b><\/span><span style=\"font-weight: 400;\"> You will be able to access your medical provider through our secure virtual medicine application whether at the office, the comfort of your home, your cottage, etc..<\/span><\/p>\n<p>[\/vc_column_text][vc_empty_space height=&#8221;24px&#8221;][\/vc_column][\/vc_row][vc_row][vc_column width=&#8221;1\/2&#8243;][vc_empty_space height=&#8221;70px&#8221;][vc_single_image image=&#8221;4640&#8243; img_size=&#8221;large&#8221;][\/vc_column][vc_column width=&#8221;1\/2&#8243;][vc_column_text]<\/p>\n<h2><b style=\"color: #0288d1;\">EXAMPLE OF AVAILABLE EXECUTIVE HEALTH PLAN\u00a0:<\/b><\/h2>\n<p><span style=\"font-weight: 400;\"><b style=\"color: #0288d1; font-size: 1.5rem; margin-right: 0.7rem;\">\u221a <\/b> Appointment with the nurse, updating of your vaccination booklet <\/span><\/p>\n<p><span style=\"font-weight: 400;\"><b style=\"color: #0288d1; font-size: 1.5rem; margin-right: 0.7rem;\">\u221a <\/b> Medical assessment with a complete physical examination, teaching and prevention.<\/span><\/p>\n<p><span style=\"font-weight: 400;\"><b style=\"color: #0288d1; font-size: 1.5rem; margin-right: 0.7rem;\">\u221a <\/b> Resting ECG (if indicated).<\/span><\/p>\n<p><span style=\"font-weight: 400;\"><b style=\"color: #0288d1; font-size: 1.5rem; margin-right: 0.7rem;\">\u221a <\/b>Eye exam<\/span><\/p>\n<p><span style=\"font-weight: 400;\"><b style=\"color: #0288d1; font-size: 1.5rem; margin-right: 0.7rem;\">\u221a <\/b> Blood tests profile<\/span><\/p>\n<p><span style=\"font-weight: 400;\"><b style=\"color: #0288d1; font-size: 1.5rem; margin-right: 0.7rem;\">\u221a <\/b> PSA (prostate) if needed after an informed consent for men over 55 years old.<\/span><\/p>\n<p><span style=\"font-weight: 400;\"><b style=\"color: #0288d1; font-size: 1.5rem; margin-right: 0.7rem;\">\u221a <\/b>Gynecological examination (HPV), if indicated for women under the age 65.<\/span><\/p>\n<p><span style=\"font-weight: 400;\"><b style=\"color: #0288d1; font-size: 1.5rem; margin-right: 0.7rem;\">\u221a <\/b> FOBT\/RSOSi test \u2013 colon cancer screening &#8211; if indicated for patients over 50 years old.<\/span><\/p>\n<p><span style=\"font-weight: 400;\"><b style=\"color: #0288d1; font-size: 1.5rem; margin-right: 0.7rem;\">\u221a <\/b>Receive your results promptly. <\/span>[\/vc_column_text][\/vc_column][\/vc_row][vc_row][vc_column][vc_empty_space height=&#8221;24px&#8221;][\/vc_column][\/vc_row][vc_row full_width=&#8221;stretch_row_content_no_spaces&#8221; content_placement=&#8221;middle&#8221; bg_type=&#8221;grad&#8221; bg_override=&#8221;full&#8221; css=&#8221;.vc_custom_1622119674442{background-color: #ffffff !important;}&#8221; bg_grad=&#8221;background: -webkit-gradient(linear, left top, left bottom, color-stop(0%, #49B4E2), color-stop(99%, #0271A8));background: -moz-linear-gradient(left,#49B4E2 0%,#0271A8 99%);background: -webkit-linear-gradient(left,#49B4E2 0%,#0271A8 99%);background: -o-linear-gradient(left,#49B4E2 0%,#0271A8 99%);background: -ms-linear-gradient(left,#49B4E2 0%,#0271A8 99%);background: linear-gradient(left,#49B4E2 0%,#0271A8 99%);&#8221;][vc_column css=&#8221;.vc_custom_1622119847062{padding-top: 70px !important;padding-bottom: 20px !important;}&#8221;]<div id=\"ultimate-heading-812069d83004a79b7\" class=\"uvc-heading ult-adjust-bottom-margin ultimate-heading-812069d83004a79b7 uvc-7214 \" data-hspacer=\"no_spacer\"  data-halign=\"center\" style=\"text-align:center\"><div class=\"uvc-heading-spacer no_spacer\" style=\"top\"><\/div><div class=\"uvc-main-heading ult-responsive\"  data-ultimate-target='.uvc-heading.ultimate-heading-812069d83004a79b7 h2'  data-responsive-json-new='{\"font-size\":\"desktop:30px;\",\"line-height\":\"\"}' ><h2 style=\"font-family:&#039;Open Sans&#039;;font-weight:700;color:#ffffff;\">CALL US TODAY<\/h2><\/div><\/div><div class=\" ubtn-ctn-center \"><a class=\"ubtn-link ult-adjust-bottom-margin ubtn-center ubtn-large \" href=\"tel:4507358111\" ><button type=\"button\" id=\"ubtn-5304\"  class=\"ubtn ult-adjust-bottom-margin ult-responsive ubtn-large ubtn-no-hover-bg  none  ubtn-center   tooltip-69d83004a7a34\"  data-hover=\"\" data-border-color=\"\" data-bg=\"#efefef\" data-hover-bg=\"\" data-border-hover=\"\" data-shadow-hover=\"\" data-shadow-click=\"none\" data-shadow=\"\" data-shd-shadow=\"\"  data-ultimate-target='#ubtn-5304'  data-responsive-json-new='{\"font-size\":\"desktop:25px;\",\"line-height\":\"\"}'  style=\"font-family:&#039;Open Sans&#039;;font-weight:700;border:none;background: #efefef;color: #1e73be;\"><span class=\"ubtn-hover\" style=\"background-color:\"><\/span><span class=\"ubtn-data ubtn-text \" >CALL US AT 450-735-8111<\/span><\/button><\/a><\/div>[\/vc_column][\/vc_row][vc_row][vc_column][vc_column_text][\/vc_column_text][\/vc_column][\/vc_row]<\/p>\n","protected":false},"excerpt":{"rendered":"<p>[vc_row][vc_column][vc_empty_space][vc_empty_space height=&#8221;16px&#8221;][\/vc_column][\/vc_row][vc_row][vc_column width=&#8221;1\/2&#8243;][vc_column_text]Nothing compares to a healthy lifestyle, regular exercise and good nutrition to achieve good health. At ExcelleMD , we believe that a periodic medical [&hellip;]<\/p>\n","protected":false},"author":8,"featured_media":0,"parent":0,"menu_order":0,"comment_status":"closed","ping_status":"closed","template":"","meta":{"_acf_changed":false,"_kad_blocks_custom_css":"","_kad_blocks_head_custom_js":"","_kad_blocks_body_custom_js":"","_kad_blocks_footer_custom_js":"","footnotes":""},"class_list":["post-4530","page","type-page","status-publish","hentry"],"acf":[],"yoast_head":"<!-- This site is optimized with the Yoast SEO plugin v27.3 - https:\/\/yoast.com\/product\/yoast-seo-wordpress\/ -->\n<title>Corporate Medicine - Excelle MD<\/title>\n<meta name=\"robots\" content=\"index, follow, max-snippet:-1, max-image-preview:large, max-video-preview:-1\" \/>\n<link rel=\"canonical\" href=\"https:\/\/excellemd.com\/en\/corporate-medicine\/\" \/>\n<meta property=\"og:locale\" content=\"en_US\" \/>\n<meta property=\"og:type\" content=\"article\" \/>\n<meta property=\"og:title\" content=\"Corporate Medicine - Excelle MD\" \/>\n<meta property=\"og:description\" content=\"[vc_row][vc_column][vc_empty_space][vc_empty_space height=&#8221;16px&#8221;][\/vc_column][\/vc_row][vc_row][vc_column width=&#8221;1\/2&#8243;][vc_column_text]Nothing compares to a healthy lifestyle, regular exercise and good nutrition to achieve good health. At ExcelleMD , we believe that a periodic medical [&hellip;]\" \/>\n<meta property=\"og:url\" content=\"https:\/\/excellemd.com\/en\/corporate-medicine\/\" \/>\n<meta property=\"og:site_name\" content=\"Excelle MD\" \/>\n<meta property=\"article:modified_time\" content=\"2025-05-29T11:47:48+00:00\" \/>\n<meta name=\"twitter:card\" content=\"summary_large_image\" \/>\n<meta name=\"twitter:label1\" content=\"Est. reading time\" \/>\n\t<meta name=\"twitter:data1\" content=\"3 minutes\" \/>\n<script type=\"application\/ld+json\" class=\"yoast-schema-graph\">{\"@context\":\"https:\\\/\\\/schema.org\",\"@graph\":[{\"@type\":\"WebPage\",\"@id\":\"https:\\\/\\\/excellemd.com\\\/en\\\/corporate-medicine\\\/\",\"url\":\"https:\\\/\\\/excellemd.com\\\/en\\\/corporate-medicine\\\/\",\"name\":\"Corporate Medicine - Excelle MD\",\"isPartOf\":{\"@id\":\"https:\\\/\\\/excellemd.com\\\/#website\"},\"datePublished\":\"2018-10-17T04:35:18+00:00\",\"dateModified\":\"2025-05-29T11:47:48+00:00\",\"breadcrumb\":{\"@id\":\"https:\\\/\\\/excellemd.com\\\/en\\\/corporate-medicine\\\/#breadcrumb\"},\"inLanguage\":\"en-US\",\"potentialAction\":[{\"@type\":\"ReadAction\",\"target\":[\"https:\\\/\\\/excellemd.com\\\/en\\\/corporate-medicine\\\/\"]}]},{\"@type\":\"BreadcrumbList\",\"@id\":\"https:\\\/\\\/excellemd.com\\\/en\\\/corporate-medicine\\\/#breadcrumb\",\"itemListElement\":[{\"@type\":\"ListItem\",\"position\":1,\"name\":\"Accueil\",\"item\":\"https:\\\/\\\/excellemd.com\\\/en\\\/\"},{\"@type\":\"ListItem\",\"position\":2,\"name\":\"Corporate Medicine\"}]},{\"@type\":\"WebSite\",\"@id\":\"https:\\\/\\\/excellemd.com\\\/#website\",\"url\":\"https:\\\/\\\/excellemd.com\\\/\",\"name\":\"Excelle MD\",\"description\":\"une clinique priv\u00e9e, qui offre \u00e0 leur client\u00e8le des soins m\u00e9dicaux rapides d\u2019acc\u00e8s\",\"potentialAction\":[{\"@type\":\"SearchAction\",\"target\":{\"@type\":\"EntryPoint\",\"urlTemplate\":\"https:\\\/\\\/excellemd.com\\\/?s={search_term_string}\"},\"query-input\":{\"@type\":\"PropertyValueSpecification\",\"valueRequired\":true,\"valueName\":\"search_term_string\"}}],\"inLanguage\":\"en-US\"}]}<\/script>\n<!-- \/ Yoast SEO plugin. -->","yoast_head_json":{"title":"Corporate Medicine - Excelle MD","robots":{"index":"index","follow":"follow","max-snippet":"max-snippet:-1","max-image-preview":"max-image-preview:large","max-video-preview":"max-video-preview:-1"},"canonical":"https:\/\/excellemd.com\/en\/corporate-medicine\/","og_locale":"en_US","og_type":"article","og_title":"Corporate Medicine - Excelle MD","og_description":"[vc_row][vc_column][vc_empty_space][vc_empty_space height=&#8221;16px&#8221;][\/vc_column][\/vc_row][vc_row][vc_column width=&#8221;1\/2&#8243;][vc_column_text]Nothing compares to a healthy lifestyle, regular exercise and good nutrition to achieve good health. At ExcelleMD , we believe that a periodic medical [&hellip;]","og_url":"https:\/\/excellemd.com\/en\/corporate-medicine\/","og_site_name":"Excelle MD","article_modified_time":"2025-05-29T11:47:48+00:00","twitter_card":"summary_large_image","twitter_misc":{"Est. reading time":"3 minutes"},"schema":{"@context":"https:\/\/schema.org","@graph":[{"@type":"WebPage","@id":"https:\/\/excellemd.com\/en\/corporate-medicine\/","url":"https:\/\/excellemd.com\/en\/corporate-medicine\/","name":"Corporate Medicine - Excelle MD","isPartOf":{"@id":"https:\/\/excellemd.com\/#website"},"datePublished":"2018-10-17T04:35:18+00:00","dateModified":"2025-05-29T11:47:48+00:00","breadcrumb":{"@id":"https:\/\/excellemd.com\/en\/corporate-medicine\/#breadcrumb"},"inLanguage":"en-US","potentialAction":[{"@type":"ReadAction","target":["https:\/\/excellemd.com\/en\/corporate-medicine\/"]}]},{"@type":"BreadcrumbList","@id":"https:\/\/excellemd.com\/en\/corporate-medicine\/#breadcrumb","itemListElement":[{"@type":"ListItem","position":1,"name":"Accueil","item":"https:\/\/excellemd.com\/en\/"},{"@type":"ListItem","position":2,"name":"Corporate Medicine"}]},{"@type":"WebSite","@id":"https:\/\/excellemd.com\/#website","url":"https:\/\/excellemd.com\/","name":"Excelle MD","description":"une clinique priv\u00e9e, qui offre \u00e0 leur client\u00e8le des soins m\u00e9dicaux rapides d\u2019acc\u00e8s","potentialAction":[{"@type":"SearchAction","target":{"@type":"EntryPoint","urlTemplate":"https:\/\/excellemd.com\/?s={search_term_string}"},"query-input":{"@type":"PropertyValueSpecification","valueRequired":true,"valueName":"search_term_string"}}],"inLanguage":"en-US"}]}},"taxonomy_info":[],"featured_image_src_large":false,"author_info":{"display_name":"Jacques Demers","author_link":"https:\/\/excellemd.com\/en\/author\/support\/"},"comment_info":0,"_links":{"self":[{"href":"https:\/\/excellemd.com\/en\/wp-json\/wp\/v2\/pages\/4530","targetHints":{"allow":["GET"]}}],"collection":[{"href":"https:\/\/excellemd.com\/en\/wp-json\/wp\/v2\/pages"}],"about":[{"href":"https:\/\/excellemd.com\/en\/wp-json\/wp\/v2\/types\/page"}],"author":[{"embeddable":true,"href":"https:\/\/excellemd.com\/en\/wp-json\/wp\/v2\/users\/8"}],"replies":[{"embeddable":true,"href":"https:\/\/excellemd.com\/en\/wp-json\/wp\/v2\/comments?post=4530"}],"version-history":[{"count":5,"href":"https:\/\/excellemd.com\/en\/wp-json\/wp\/v2\/pages\/4530\/revisions"}],"predecessor-version":[{"id":12673,"href":"https:\/\/excellemd.com\/en\/wp-json\/wp\/v2\/pages\/4530\/revisions\/12673"}],"wp:attachment":[{"href":"https:\/\/excellemd.com\/en\/wp-json\/wp\/v2\/media?parent=4530"}],"curies":[{"name":"wp","href":"https:\/\/api.w.org\/{rel}","templated":true}]}}