{"id":5593,"date":"2019-03-21T21:26:31","date_gmt":"2019-03-21T20:26:31","guid":{"rendered":"https:\/\/excellemd.com\/en\/?page_id=5593"},"modified":"2022-06-14T21:19:22","modified_gmt":"2022-06-14T19:19:22","slug":"excellemd-private-clinic-montreal-lacadie","status":"publish","type":"page","link":"https:\/\/excellemd.com\/en\/excellemd-private-clinic-montreal-lacadie\/","title":{"rendered":"ExcelleMD Private Clinic of Montreal \/ L&#8217;Acadie"},"content":{"rendered":"<p>[vc_row][vc_column]<div id=\"ultimate-heading-858969d2568286dd2\" class=\"uvc-heading ult-adjust-bottom-margin ultimate-heading-858969d2568286dd2 uvc-1007 \" data-hspacer=\"line_only\"  data-halign=\"center\" style=\"text-align:center\"><div class=\"uvc-main-heading ult-responsive\"  data-ultimate-target='.uvc-heading.ultimate-heading-858969d2568286dd2 h2'  data-responsive-json-new='{\"font-size\":\"desktop:30px;\",\"line-height\":\"desktop:60px;\"}' ><h2 style=\"font-family:&#039;Open Sans&#039;;font-weight:700;\">ExcelleMD Private Clinic of Montreal \/ L'Acadie<\/h2><\/div><div class=\"uvc-heading-spacer line_only\" style=\"topheight:5px;\"><span class=\"uvc-headings-line\" style=\"border-style:solid;border-bottom-width:5px;border-color:#0288d1;width:200px;\"><\/span><\/div><\/div>[\/vc_column][\/vc_row][vc_row][vc_column][vc_column_text]<\/p>\n<h2 class=\"western noMarginContent\" lang=\"fr-CA\"><strong><span style=\"font-family: 'Open Sans', serif;\"><span style=\"font-size: xx-large;\"><span lang=\"en-CA\">CONTACT US<\/span><\/span><\/span><\/strong><\/h2>\n<h3><span style=\"color: #0288d1;\"><b>Excelle<\/b><span style=\"color: #ff0000;\"><b>MD<\/b><\/span>\u00a0Private Clinic \/ March\u00e9 Central<\/span><\/h3>\n<p>[\/vc_column_text][\/vc_column][\/vc_row][vc_row][vc_column width=&#8221;1\/2&#8243;][vc_column_text]<\/p>\n<p class=\"noMarginContent\" style=\"color: #595959;\"><span style=\"font-family: 'Open Sans', serif;\"><span style=\"font-size: large;\"><span lang=\"fr-CA\">9001 Boulevard de l\u2019Acadie, Suite\u00a0101<br \/>\nMontr\u00e9al, QC<br \/>\nH4N 3H5<\/span><\/span><\/span><\/p>\n<h4 class=\"western noMarginContent\" style=\"margin-bottom: 0px;\"><a href=\"tel:4507358111\"><span style=\"color: #595959;\"><span style=\"font-size: large;\"><span lang=\"en-CA\"><b>Phone:\u00a0<\/b><\/span><\/span><\/span><span style=\"color: #595959;\"><span style=\"font-family: 'Open Sans', serif;\"><span style=\"font-size: large;\"><span lang=\"en-CA\"><span style=\"color: #2891d5;\">450-735-8111<\/span><\/span><\/span><\/span><\/span><\/a><\/h4>\n<h4 class=\"western noMarginContent downLittle\"><span style=\"color: #595959;\"><span style=\"font-family: 'Open Sans', serif;\"><span style=\"font-size: large;\"><b>Fax:<\/b><\/span><\/span><\/span><span style=\"color: #595959;\"><span style=\"font-family: 'Open Sans', serif;\"><span style=\"font-size: large;\"><span lang=\"en-CA\">\u00a0\u00a0<\/span><\/span><\/span><\/span><span style=\"color: #595959;\"><span style=\"font-family: 'Open Sans', serif;\"><span style=\"font-size: large;\"><span lang=\"en-CA\">514-489-8111<\/span><\/span><\/span><\/span><\/h4>\n<p><a class=\"tel-sans-frais\" style=\"margin-top: 5px; margin-bottom: 15px; display: inline-block;\" href=\"tel:18447358111\" data-tel=\"1-844-735-8111\"><button class=\"button buttom_theme button_js action_button\" style=\"font-family: 'Open Sans'; font-weight: 400; color: #2991d6; padding: 5px 10px; font-size: 16px; background-color: #f5f5f5; border: 1px solid #2991d6;\">Click here for toll free number<\/button><\/a><br \/>\n<!--<a >Prendre rendez-vous en ligne ici<\/a>--><br \/>\n<button disabled=\"disabled\" type=\"button\">Online booking available soon<\/button><\/p>\n<p><span style=\"font-family: 'Open Sans', serif; color: #0288d1;\"><span style=\"font-size: large;\"><span lang=\"fr-CA\"><strong>OPENING HOURS (CLINIC)<\/strong><\/span><\/span><\/span><\/p>\n<p><span style=\"font-family: 'Open Sans', serif;\"><span style=\"font-size: large;\"><span lang=\"fr-CA\"><span style=\"width: 50%; display: inline-block;\">Monday<\/span><strong>\u00a08:00am\u00a0to 4:00pm<br \/>\n<\/strong><span style=\"width: 50%; display: inline-block;\">Tuesday<\/span><strong>\u00a08:00am\u00a0to 4:00pm<br \/>\n<\/strong><span style=\"width: 50%; display: inline-block;\">Wednesday<\/span><strong>\u00a08:00am\u00a0to 4:00pm<br \/>\n<\/strong><span style=\"width: 50%; display: inline-block;\">Thursday<\/span><strong>\u00a08:00am\u00a0to 4:00pm<br \/>\n<\/strong><span style=\"width: 50%; display: inline-block;\">Friday<\/span><\/span><\/span><\/span><span style=\"font-family: 'Open Sans', serif;\"><span style=\"font-size: large;\"><span lang=\"fr-CA\"><strong>\u00a08:00am\u00a0to 4:00pm<br \/>\n<\/strong><span style=\"width: 50%; display: inline-block;\">Saturday<\/span><strong>\u00a08:00am\u00a0to 3:00pm<br \/>\n<\/strong><span style=\"width: 50%; display: inline-block;\">Sunday<\/span><strong>\u00a08:00am\u00a0to 3:00pm<br \/>\n<\/strong><\/span><\/span><\/span><\/p>\n<p><span style=\"font-family: 'Open Sans', serif; color: #0288d1;\"><span style=\"font-size: large;\"><span lang=\"fr-CA\"><strong>OPENING HOURS (CALL CENTER)<\/strong><\/span><\/span><\/span><\/p>\n<p><span style=\"font-family: 'Open Sans', serif;\"><span style=\"font-size: large;\"><span lang=\"fr-CA\"><span style=\"width: 50%; display: inline-block;\">Monday<\/span><strong> 7:00am to 5:00pm<br \/>\n<\/strong><span style=\"width: 50%; display: inline-block;\">Tuesday<\/span><strong> 7:00am to 5:00pm<br \/>\n<\/strong><span style=\"width: 50%; display: inline-block;\">Wednesday<\/span><strong> 7:00am to 5:00pm<br \/>\n<\/strong><span style=\"width: 50%; display: inline-block;\">Thursday<\/span><strong> 7:00am to 5:00pm<br \/>\n<\/strong><span style=\"width: 50%; display: inline-block;\">Friday<\/span><strong>\u00a07:00am\u00a0to 5:00pm<br \/>\n<\/strong><span style=\"width: 50%; display: inline-block;\">Saturday<\/span><strong>\u00a07:30am\u00a0to 4:00pm<br \/>\n<\/strong><span style=\"width: 50%; display: inline-block;\">Sunday<\/span><strong>\u00a07:30am\u00a0to 4:00pm<\/strong><br \/>\n<\/span><\/span><\/span>[\/vc_column_text][vc_gmaps link=&#8221;#E-8_JTNDaWZyYW1lJTIwc3JjJTNEJTIyaHR0cHMlM0ElMkYlMkZ3d3cuZ29vZ2xlLmNvbSUyRm1hcHMlMkZlbWJlZCUzRnBiJTNEJTIxMW0xOCUyMTFtMTIlMjExbTMlMjExZDU1ODkuODA1ODk5NzI4MzA5JTIxMmQtNzMuNjUzMDA0OTE5ODIwNjclMjEzZDQ1LjUzMjE1ODUwMzAzNDU5NCUyMTJtMyUyMTFmMCUyMTJmMCUyMTNmMCUyMTNtMiUyMTFpMTAyNCUyMTJpNzY4JTIxNGYxMy4xJTIxM20zJTIxMW0yJTIxMXMweDRjYzkxOGY5ZjY0YmQ4OGIlMjUzQTB4YmExZmFhNzk4ZjQ2ZWY0OCUyMTJzQ2xpbmlxdWUlMkJNJTI1QzMlMjVBOWRpY2FsZSUyQlByaXYlMjVDMyUyNUE5ZSUyQk1vbnRyJTI1QzMlMjVBOWFsJTJCLSUyQkV4Y2VsbGVNRCUyMTVlMCUyMTNtMiUyMTFzZnIlMjEyc2NhJTIxNHYxNTUzMTk5NTE0MTkxJTIyJTIwd2lkdGglM0QlMjI2MDAlMjIlMjBoZWlnaHQlM0QlMjI0NTAlMjIlMjBmcmFtZWJvcmRlciUzRCUyMjAlMjIlMjBzdHlsZSUzRCUyMmJvcmRlciUzQTAlMjIlMjBhbGxvd2Z1bGxzY3JlZW4lM0UlM0MlMkZpZnJhbWUlM0U=&#8221;][\/vc_column][vc_column width=&#8221;1\/2&#8243;]\n<div class=\"wpcf7 no-js\" id=\"wpcf7-f1171-o1\" lang=\"fr-FR\" dir=\"ltr\" data-wpcf7-id=\"1171\">\n<div class=\"screen-reader-response\"><p role=\"status\" aria-live=\"polite\" aria-atomic=\"true\"><\/p> <ul><\/ul><\/div>\n<form action=\"\/en\/wp-json\/wp\/v2\/pages\/5593#wpcf7-f1171-o1\" method=\"post\" class=\"wpcf7-form init\" aria-label=\"Formulaire de contact\" enctype=\"multipart\/form-data\" novalidate=\"novalidate\" data-status=\"init\">\n<fieldset class=\"hidden-fields-container\"><input type=\"hidden\" name=\"_wpcf7\" value=\"1171\" \/><input type=\"hidden\" name=\"_wpcf7_version\" value=\"6.1.5\" \/><input type=\"hidden\" name=\"_wpcf7_locale\" value=\"fr_FR\" \/><input type=\"hidden\" name=\"_wpcf7_unit_tag\" value=\"wpcf7-f1171-o1\" \/><input type=\"hidden\" name=\"_wpcf7_container_post\" value=\"0\" \/><input type=\"hidden\" name=\"_wpcf7_posted_data_hash\" value=\"\" \/>\n<\/fieldset>\n<div class=\"vc_row \">\n\t<div class=\"vc_col-sm-6\">\n\t\t<p><label> Firstname<br \/>\n<span class=\"wpcf7-form-control-wrap\" data-name=\"Firstname\"><input size=\"40\" maxlength=\"400\" class=\"wpcf7-form-control wpcf7-text wpcf7-validates-as-required\" aria-required=\"true\" aria-invalid=\"false\" value=\"\" type=\"text\" name=\"Firstname\" \/><\/span> <\/label>\n\t\t<\/p>\n\t<\/div>\n\t<div class=\"vc_col-sm-6\">\n\t\t<p><label> Lastname<br \/>\n<span class=\"wpcf7-form-control-wrap\" data-name=\"Lastname\"><input size=\"40\" maxlength=\"400\" class=\"wpcf7-form-control wpcf7-text wpcf7-validates-as-required\" aria-required=\"true\" aria-invalid=\"false\" value=\"\" type=\"text\" name=\"Lastname\" \/><\/span> <\/label>\n\t\t<\/p>\n\t<\/div>\n<\/div>\n<p><label> Email<br \/>\n<span class=\"wpcf7-form-control-wrap\" data-name=\"your-email\"><input size=\"40\" maxlength=\"400\" class=\"wpcf7-form-control wpcf7-email wpcf7-validates-as-required wpcf7-text wpcf7-validates-as-email\" aria-required=\"true\" aria-invalid=\"false\" value=\"\" type=\"email\" name=\"your-email\" \/><\/span> <\/label>\n<\/p>\n<p><label> Phone<br \/>\n<span class=\"wpcf7-form-control-wrap\" data-name=\"your-phone\"><input size=\"40\" maxlength=\"400\" class=\"wpcf7-form-control wpcf7-text wpcf7-validates-as-required\" aria-required=\"true\" aria-invalid=\"false\" value=\"\" type=\"text\" name=\"your-phone\" \/><\/span> <\/label>\n<\/p>\n<p><label> Subject<br \/>\n<span class=\"wpcf7-form-control-wrap\" data-name=\"your-subject\"><input size=\"40\" maxlength=\"400\" class=\"wpcf7-form-control wpcf7-text\" aria-invalid=\"false\" value=\"\" type=\"text\" name=\"your-subject\" \/><\/span> <\/label>\n<\/p>\n<p><label> Choose a clinic<br \/>\n<span class=\"wpcf7-form-control-wrap\" data-name=\"clinic\"><select class=\"wpcf7-form-control wpcf7-select wpcf7-validates-as-required\" aria-required=\"true\" aria-invalid=\"false\" name=\"clinic\"><option value=\"\">&#8212;Veuillez choisir une option&#8212;<\/option><option value=\"VirtuelMED \u2013 Virtual consultation\">VirtuelMED \u2013 Virtual consultation<\/option><option value=\"ExcelleMD St-Eustache\">ExcelleMD St-Eustache<\/option><option value=\"ExcelleMD Montr\u00e9al (March\u00e9-Central \u2013 Acadie)\">ExcelleMD Montr\u00e9al (March\u00e9-Central \u2013 Acadie)<\/option><option value=\"ExcelleMD Montr\u00e9al (Mount-Royal \u2013 Sanctuaire)\">ExcelleMD Montr\u00e9al (Mount-Royal \u2013 Sanctuaire)<\/option><option value=\"ExcelleMD Terrebonne\">ExcelleMD Terrebonne<\/option><option value=\"ExcelleMD Mont-Tremblant\">ExcelleMD Mont-Tremblant<\/option><option value=\"ExcelleMD Aesthetic\">ExcelleMD Aesthetic<\/option><option value=\"Other \/ No preference \/ General questions\">Other \/ No preference \/ General questions<\/option><\/select><\/span> <\/label>\n<\/p>\n<p><label> Your Message<br \/>\n<span class=\"wpcf7-form-control-wrap\" data-name=\"your-message\"><textarea cols=\"40\" rows=\"10\" maxlength=\"2000\" class=\"wpcf7-form-control wpcf7-textarea\" aria-invalid=\"false\" name=\"your-message\"><\/textarea><\/span> <\/label>\n<\/p>\n<p><label> Include files (Photos,form,etc)(PDF only)<br \/>\n<span class=\"wpcf7-form-control-wrap\" data-name=\"files\"><input size=\"40\" class=\"wpcf7-form-control wpcf7-file\" accept=\".pdf,.png,.jpg,.jpeg\" aria-invalid=\"false\" type=\"file\" name=\"files\" \/><\/span> <\/label>\n<\/p>\n<p><input class=\"wpcf7-form-control wpcf7-submit has-spinner\" type=\"submit\" value=\"Send\" \/>\n<\/p><input type='hidden' class='wpcf7-pum' value='{\"closepopup\":false,\"closedelay\":0,\"openpopup\":false,\"openpopup_id\":0}' \/><div class=\"inv-recaptcha-holder\"><\/div><div class=\"wpcf7-response-output\" aria-hidden=\"true\"><\/div>\n<\/form>\n<\/div>\n[\/vc_column][\/vc_row]<\/p>\n","protected":false},"excerpt":{"rendered":"<p>[vc_row][vc_column][\/vc_column][\/vc_row][vc_row][vc_column][vc_column_text] CONTACT US ExcelleMD\u00a0Private Clinic \/ March\u00e9 Central [\/vc_column_text][\/vc_column][\/vc_row][vc_row][vc_column width=&#8221;1\/2&#8243;][vc_column_text] 9001 Boulevard de l\u2019Acadie, Suite\u00a0101 Montr\u00e9al, QC H4N 3H5 Phone:\u00a0450-735-8111 Fax:\u00a0\u00a0514-489-8111 Click here for toll free [&hellip;]<\/p>\n","protected":false},"author":8,"featured_media":0,"parent":0,"menu_order":0,"comment_status":"closed","ping_status":"closed","template":"","meta":{"_acf_changed":false,"_kad_blocks_custom_css":"","_kad_blocks_head_custom_js":"","_kad_blocks_body_custom_js":"","_kad_blocks_footer_custom_js":"","footnotes":""},"class_list":["post-5593","page","type-page","status-publish","hentry"],"acf":[],"yoast_head":"<!-- This site is optimized with the Yoast SEO plugin v27.3 - https:\/\/yoast.com\/product\/yoast-seo-wordpress\/ -->\n<title>Private Clinic in Montreal \/ L&#039;Acadie, Marche Central | ExcelleMD<\/title>\n<meta name=\"description\" content=\"Contact our ExcelleMD Private Clinic, located in Montreal. Make an appoint with our team of professional health care specialists.\" \/>\n<meta name=\"robots\" content=\"index, follow, max-snippet:-1, max-image-preview:large, max-video-preview:-1\" \/>\n<link rel=\"canonical\" href=\"https:\/\/excellemd.com\/en\/excellemd-private-clinic-montreal-lacadie\/\" \/>\n<meta property=\"og:locale\" content=\"en_US\" \/>\n<meta property=\"og:type\" content=\"article\" \/>\n<meta property=\"og:title\" content=\"Private Clinic in Montreal \/ L&#039;Acadie, Marche Central | ExcelleMD\" \/>\n<meta property=\"og:description\" content=\"Contact our ExcelleMD Private Clinic, located in Montreal. Make an appoint with our team of professional health care specialists.\" \/>\n<meta property=\"og:url\" content=\"https:\/\/excellemd.com\/en\/excellemd-private-clinic-montreal-lacadie\/\" \/>\n<meta property=\"og:site_name\" content=\"Excelle MD\" \/>\n<meta property=\"article:modified_time\" content=\"2022-06-14T19:19:22+00:00\" \/>\n<meta property=\"og:image\" content=\"https:\/\/excellemd.com\/wp-content\/uploads\/2016\/06\/autres-excelleMD-clinique-privee-st-eustache.jpg\" \/>\n\t<meta property=\"og:image:width\" content=\"1000\" \/>\n\t<meta property=\"og:image:height\" content=\"667\" \/>\n\t<meta property=\"og:image:type\" content=\"image\/jpeg\" \/>\n<meta name=\"twitter:card\" content=\"summary_large_image\" \/>\n<meta name=\"twitter:title\" content=\"Private Clinic in Montreal \/ L&#039;Acadie, Marche Central | ExcelleMD\" \/>\n<meta name=\"twitter:description\" content=\"Contact our ExcelleMD Private Clinic, located in Montreal. Make an appoint with our team of professional health care specialists.\" \/>\n<meta name=\"twitter:image\" content=\"https:\/\/excellemd.com\/wp-content\/uploads\/2016\/06\/autres-excelleMD-clinique-privee-st-eustache.jpg\" \/>\n<meta name=\"twitter:label1\" content=\"Est. reading time\" \/>\n\t<meta name=\"twitter:data1\" content=\"1 minute\" \/>\n<script type=\"application\/ld+json\" class=\"yoast-schema-graph\">{\"@context\":\"https:\\\/\\\/schema.org\",\"@graph\":[{\"@type\":\"WebPage\",\"@id\":\"https:\\\/\\\/excellemd.com\\\/en\\\/excellemd-private-clinic-montreal-lacadie\\\/\",\"url\":\"https:\\\/\\\/excellemd.com\\\/en\\\/excellemd-private-clinic-montreal-lacadie\\\/\",\"name\":\"Private Clinic in Montreal \\\/ L'Acadie, Marche Central | ExcelleMD\",\"isPartOf\":{\"@id\":\"https:\\\/\\\/excellemd.com\\\/#website\"},\"datePublished\":\"2019-03-21T20:26:31+00:00\",\"dateModified\":\"2022-06-14T19:19:22+00:00\",\"description\":\"Contact our ExcelleMD Private Clinic, located in Montreal. Make an appoint with our team of professional health care specialists.\",\"breadcrumb\":{\"@id\":\"https:\\\/\\\/excellemd.com\\\/en\\\/excellemd-private-clinic-montreal-lacadie\\\/#breadcrumb\"},\"inLanguage\":\"en-US\",\"potentialAction\":[{\"@type\":\"ReadAction\",\"target\":[\"https:\\\/\\\/excellemd.com\\\/en\\\/excellemd-private-clinic-montreal-lacadie\\\/\"]}]},{\"@type\":\"BreadcrumbList\",\"@id\":\"https:\\\/\\\/excellemd.com\\\/en\\\/excellemd-private-clinic-montreal-lacadie\\\/#breadcrumb\",\"itemListElement\":[{\"@type\":\"ListItem\",\"position\":1,\"name\":\"Accueil\",\"item\":\"https:\\\/\\\/excellemd.com\\\/en\\\/\"},{\"@type\":\"ListItem\",\"position\":2,\"name\":\"ExcelleMD Private Clinic of Montreal \\\/ L&#8217;Acadie\"}]},{\"@type\":\"WebSite\",\"@id\":\"https:\\\/\\\/excellemd.com\\\/#website\",\"url\":\"https:\\\/\\\/excellemd.com\\\/\",\"name\":\"Excelle MD\",\"description\":\"une clinique priv\u00e9e, qui offre \u00e0 leur client\u00e8le des soins m\u00e9dicaux rapides d\u2019acc\u00e8s\",\"potentialAction\":[{\"@type\":\"SearchAction\",\"target\":{\"@type\":\"EntryPoint\",\"urlTemplate\":\"https:\\\/\\\/excellemd.com\\\/?s={search_term_string}\"},\"query-input\":{\"@type\":\"PropertyValueSpecification\",\"valueRequired\":true,\"valueName\":\"search_term_string\"}}],\"inLanguage\":\"en-US\"}]}<\/script>\n<!-- \/ Yoast SEO plugin. -->","yoast_head_json":{"title":"Private Clinic in Montreal \/ L'Acadie, Marche Central | ExcelleMD","description":"Contact our ExcelleMD Private Clinic, located in Montreal. Make an appoint with our team of professional health care specialists.","robots":{"index":"index","follow":"follow","max-snippet":"max-snippet:-1","max-image-preview":"max-image-preview:large","max-video-preview":"max-video-preview:-1"},"canonical":"https:\/\/excellemd.com\/en\/excellemd-private-clinic-montreal-lacadie\/","og_locale":"en_US","og_type":"article","og_title":"Private Clinic in Montreal \/ L'Acadie, Marche Central | ExcelleMD","og_description":"Contact our ExcelleMD Private Clinic, located in Montreal. Make an appoint with our team of professional health care specialists.","og_url":"https:\/\/excellemd.com\/en\/excellemd-private-clinic-montreal-lacadie\/","og_site_name":"Excelle MD","article_modified_time":"2022-06-14T19:19:22+00:00","og_image":[{"width":1000,"height":667,"url":"https:\/\/excellemd.com\/wp-content\/uploads\/2016\/06\/autres-excelleMD-clinique-privee-st-eustache.jpg","type":"image\/jpeg"}],"twitter_card":"summary_large_image","twitter_title":"Private Clinic in Montreal \/ L'Acadie, Marche Central | ExcelleMD","twitter_description":"Contact our ExcelleMD Private Clinic, located in Montreal. Make an appoint with our team of professional health care specialists.","twitter_image":"https:\/\/excellemd.com\/wp-content\/uploads\/2016\/06\/autres-excelleMD-clinique-privee-st-eustache.jpg","twitter_misc":{"Est. reading time":"1 minute"},"schema":{"@context":"https:\/\/schema.org","@graph":[{"@type":"WebPage","@id":"https:\/\/excellemd.com\/en\/excellemd-private-clinic-montreal-lacadie\/","url":"https:\/\/excellemd.com\/en\/excellemd-private-clinic-montreal-lacadie\/","name":"Private Clinic in Montreal \/ L'Acadie, Marche Central | ExcelleMD","isPartOf":{"@id":"https:\/\/excellemd.com\/#website"},"datePublished":"2019-03-21T20:26:31+00:00","dateModified":"2022-06-14T19:19:22+00:00","description":"Contact our ExcelleMD Private Clinic, located in Montreal. Make an appoint with our team of professional health care specialists.","breadcrumb":{"@id":"https:\/\/excellemd.com\/en\/excellemd-private-clinic-montreal-lacadie\/#breadcrumb"},"inLanguage":"en-US","potentialAction":[{"@type":"ReadAction","target":["https:\/\/excellemd.com\/en\/excellemd-private-clinic-montreal-lacadie\/"]}]},{"@type":"BreadcrumbList","@id":"https:\/\/excellemd.com\/en\/excellemd-private-clinic-montreal-lacadie\/#breadcrumb","itemListElement":[{"@type":"ListItem","position":1,"name":"Accueil","item":"https:\/\/excellemd.com\/en\/"},{"@type":"ListItem","position":2,"name":"ExcelleMD Private Clinic of Montreal \/ L&#8217;Acadie"}]},{"@type":"WebSite","@id":"https:\/\/excellemd.com\/#website","url":"https:\/\/excellemd.com\/","name":"Excelle MD","description":"une clinique priv\u00e9e, qui offre \u00e0 leur client\u00e8le des soins m\u00e9dicaux rapides d\u2019acc\u00e8s","potentialAction":[{"@type":"SearchAction","target":{"@type":"EntryPoint","urlTemplate":"https:\/\/excellemd.com\/?s={search_term_string}"},"query-input":{"@type":"PropertyValueSpecification","valueRequired":true,"valueName":"search_term_string"}}],"inLanguage":"en-US"}]}},"taxonomy_info":[],"featured_image_src_large":false,"author_info":{"display_name":"Jacques Demers","author_link":"https:\/\/excellemd.com\/en\/author\/support\/"},"comment_info":0,"_links":{"self":[{"href":"https:\/\/excellemd.com\/en\/wp-json\/wp\/v2\/pages\/5593","targetHints":{"allow":["GET"]}}],"collection":[{"href":"https:\/\/excellemd.com\/en\/wp-json\/wp\/v2\/pages"}],"about":[{"href":"https:\/\/excellemd.com\/en\/wp-json\/wp\/v2\/types\/page"}],"author":[{"embeddable":true,"href":"https:\/\/excellemd.com\/en\/wp-json\/wp\/v2\/users\/8"}],"replies":[{"embeddable":true,"href":"https:\/\/excellemd.com\/en\/wp-json\/wp\/v2\/comments?post=5593"}],"version-history":[{"count":5,"href":"https:\/\/excellemd.com\/en\/wp-json\/wp\/v2\/pages\/5593\/revisions"}],"predecessor-version":[{"id":8447,"href":"https:\/\/excellemd.com\/en\/wp-json\/wp\/v2\/pages\/5593\/revisions\/8447"}],"wp:attachment":[{"href":"https:\/\/excellemd.com\/en\/wp-json\/wp\/v2\/media?parent=5593"}],"curies":[{"name":"wp","href":"https:\/\/api.w.org\/{rel}","templated":true}]}}