{"id":7191,"date":"2021-08-09T22:34:40","date_gmt":"2021-08-09T20:34:40","guid":{"rendered":"https:\/\/excellemd.com\/?page_id=7191"},"modified":"2023-02-09T02:46:42","modified_gmt":"2023-02-09T01:46:42","slug":"career","status":"publish","type":"page","link":"https:\/\/excellemd.com\/en\/career\/","title":{"rendered":"Careers"},"content":{"rendered":"<p>[vc_row][vc_column][\/vc_column][\/vc_row][vc_row][vc_column]<div id=\"ultimate-heading-47869d71cf9f09ba\" class=\"uvc-heading ult-adjust-bottom-margin ultimate-heading-47869d71cf9f09ba uvc-1539 \" data-hspacer=\"line_only\"  data-halign=\"center\" style=\"text-align:center\"><div class=\"uvc-main-heading ult-responsive\"  data-ultimate-target='.uvc-heading.ultimate-heading-47869d71cf9f09ba h2'  data-responsive-json-new='{\"font-size\":\"desktop:30px;\",\"line-height\":\"desktop:60px;\"}' ><h2 style=\"font-family:&#039;Open Sans&#039;;font-weight:700;margin-top:30px;\">Join our team<\/h2><\/div><div class=\"uvc-heading-spacer line_only\" style=\"topheight:5px;\"><span class=\"uvc-headings-line\" style=\"border-style:solid;border-bottom-width:5px;border-color:#0288d1;width:230px;\"><\/span><\/div><\/div>[\/vc_column][\/vc_row][vc_row][vc_column][vc_column_text]<\/p>\n<div style=\"padding-top: 30px; padding-bottom: 30px;\">\n<p style=\"text-align: center;\">Be part of a dynamic team offering a stimulating work environment and a common vision of excellence. Join ExcelleMD.<\/p>\n<p style=\"text-align: center;\"><strong>Select the position that interests you and complete the form below to apply!<\/strong><\/p>\n<\/div>\n<p>[\/vc_column_text][\/vc_column][\/vc_row][vc_row][vc_column width=&#8221;1\/2&#8243;][vc_raw_html]JTNDZGl2JTIwaWQlM0QlMjJNRCUyMiUyMHN0eWxlJTNEJTIyYmFja2dyb3VuZC1jb2xvciUzQSUyM0Y1RjVGNSUzQiUwQSUyMCUyMCUyMCUyMHBhZGRpbmctbGVmdCUzQTI0cHglM0IlMEElMjAlMjAlMjAlMjBwYWRkaW5nLXJpZ2h0JTNBMjBweCUzQiUwQSUyMCUyMCUyMCUyMHBhZGRpbmctdG9wJTNBMThweCUzQiUwQSUyMCUyMCUyMCUyMHBhZGRpbmctYm90dG9tJTNBMThweCUzQiUwQSUyMCUyMCUyMCUyMG1pbi1oZWlnaHQlM0EyOTBweCUzQiUyMCUyMiUzRSUwQSUyMCUyMCUzQ2RpdiUzRSUwQSUyMCUyMCUyMCUyMCUzQ2gzJTIwc3R5bGUlM0QlMjJmb250LXdlaWdodCUzQWJvbGRlciUzQiUyMiUzRSUwQSUyMCUyMCUyMCUyMCUyMEdlbmVyYWwlMjBkb2N0b3JzJTIwJTJGJTIwU3BlY2lhbGlzdHMlMEElMjAlMjAlMjAlMjAlM0MlMkZoMyUzRSUwQSUyMCUyMCUzQyUyRmRpdiUzRSUwQSUyMCUyMCUzQ2RpdiUyMHN0eWxlJTNEJTIycG9zaXRpb24lM0FyZWxhdGl2ZSUzQm1pbi1oZWlnaHQlM0EyMDBweCUzQiUyMiUzRSUwQSUyMCUyMCUyMCUyMCUyMCUzQ3AlM0UlMjBXZSUyMGFyZSUyMGN1cnJlbnRseSUyMGxvb2tpbmclMjBmb3IlMjBnZW5lcmFsJTIwZG9jdG9ycyUyMCUyRiUyMHNwZWNpYWxpc3RzJTNDJTJGcCUzRSUwQSUyMCUyMCUyMCUyMCUyMCUzQyUyMS0tJTIwZ3JpcyUyMHRleHQlMjA0NDQ0NDQlMjAtLSUzRSUwQSUyMCUyMCUyMCUyMCUyMCUzQyUyMS0tJTIwYmx1ZSUyMDI5OTFkNiUyMC0tJTNFJTBBJTIwJTIwJTIwJTIwJTNDYnV0dG9uJTIwaWQlM0QlMjJNR1NCdXR0b24lMjIlMjBjbGFzcyUzRCUyMmNhcmREZXNlbGVjdGVkQnV0dG9uJTIyJTIwc3R5bGUlM0QlMjJwb3NpdGlvbiUzQWFic29sdXRlJTNCdG9wJTNBODAlMjUlM0JsZWZ0JTNBMCUzQiUyMiUyMGRhdGEtZW1wbG9pJTNEJTIyTUQlMjIlM0VTZWxlY3QlMjB0aGlzJTIwcG9zaXRpb24lM0MlMkZidXR0b24lM0UlMEElMjAlMjAlM0MlMkZkaXYlM0UlMEElM0MlMkZkaXYlM0U=[\/vc_raw_html][\/vc_column][vc_column width=&#8221;1\/2&#8243;][vc_raw_html]JTNDZGl2JTIwaWQlM0QlMjJJUFMlMjIlMjBzdHlsZSUzRCUyMmJhY2tncm91bmQtY29sb3IlM0ElMjNGNUY1RjUlM0IlMEElMjAlMjAlMjAlMjBwYWRkaW5nLWxlZnQlM0EyNHB4JTNCJTBBJTIwJTIwJTIwJTIwcGFkZGluZy1yaWdodCUzQTIwcHglM0IlMEElMjAlMjAlMjAlMjBwYWRkaW5nLXRvcCUzQTE4cHglM0IlMEElMjAlMjAlMjAlMjBwYWRkaW5nLWJvdHRvbSUzQTE4cHglM0IlMEElMjAlMjAlMjAlMjBtaW4taGVpZ2h0JTNBMjkwcHglM0IlMEElMjAlMjAlMjIlM0UlMEElMjAlMjAlM0NkaXYlM0UlMEElMjAlMjAlMjAlMjAlM0NoMyUyMHN0eWxlJTNEJTIyZm9udC13ZWlnaHQlM0Fib2xkZXIlM0IlMjIlM0UlMEElMjAlMjAlMjAlMjAlMjBOdXJzZSUyMHByYWN0aXRpb25lcnMlMEElMjAlMjAlMjAlMjAlM0MlMkZoMyUzRSUwQSUyMCUyMCUzQyUyRmRpdiUzRSUwQSUyMCUyMCUzQ2RpdiUyMHN0eWxlJTNEJTIycG9zaXRpb24lM0FyZWxhdGl2ZSUzQm1pbi1oZWlnaHQlM0EyMDBweCUzQiUyMiUzRSUyMCUyMCUwQSUyMCUyMCUyMCUyMCUyMCUzQ3AlM0UlMjBXZSUyMGFyZSUyMGN1cnJlbnRseSUyMGxvb2tpbmclMjBmb3IlMjBudXJzZSUyMHByYWN0aXRpb25lcnMlM0MlMkZwJTNFJTBBJTNDJTIxLS0lMjBncmlzJTIwdGV4dCUyMDQ0NDQ0NCUyMC0tJTNFJTBBJTNDJTIxLS0lMjBibHVlJTIwMjk5MWQ2JTIwLS0lM0UlMEElM0MlMjEtLSUyMEFFQUVBRSUyMC0tJTNFJTIwJTBBJTIwJTIwJTIwJTIwJTNDYnV0dG9uJTIwaWQlM0QlMjJJUFNCdXR0b24lMjIlMjBjbGFzcyUzRCUyMmNhcmREZXNlbGVjdGVkQnV0dG9uJTIyJTIwc3R5bGUlM0QlMjJwb3NpdGlvbiUzQWFic29sdXRlJTNCdG9wJTNBODAlMjUlM0JsZWZ0JTNBMCUzQiUyMiUyMGRhdGEtZW1wbG9pJTNEJTIySVBTJTIyJTIwJTNFU2VsZWN0JTIwdGhpcyUyMHBvc2l0aW9uJTNDJTJGYnV0dG9uJTNFJTBBJTIwJTIwJTNDJTJGZGl2JTNFJTBBJTNDJTJGZGl2JTNF[\/vc_raw_html][\/vc_column][\/vc_row][vc_row][vc_column][vc_column_text]<\/p>\n<h2 style=\"text-align: center; padding-top: 30px;\"><strong>Tell us more about yourself<\/strong><\/h2>\n<p>[\/vc_column_text][\/vc_column][\/vc_row][vc_row][vc_column]\n<div class=\"wpcf7 no-js\" id=\"wpcf7-f7195-o1\" lang=\"fr-FR\" dir=\"ltr\" data-wpcf7-id=\"7195\">\n<div class=\"screen-reader-response\"><p role=\"status\" aria-live=\"polite\" aria-atomic=\"true\"><\/p> <ul><\/ul><\/div>\n<form action=\"\/en\/wp-json\/wp\/v2\/pages\/7191#wpcf7-f7195-o1\" method=\"post\" class=\"wpcf7-form init\" aria-label=\"Formulaire de contact\" enctype=\"multipart\/form-data\" novalidate=\"novalidate\" data-status=\"init\">\n<fieldset class=\"hidden-fields-container\"><input type=\"hidden\" name=\"_wpcf7\" value=\"7195\" \/><input type=\"hidden\" name=\"_wpcf7_version\" value=\"6.1.5\" \/><input type=\"hidden\" name=\"_wpcf7_locale\" value=\"fr_FR\" \/><input type=\"hidden\" name=\"_wpcf7_unit_tag\" value=\"wpcf7-f7195-o1\" \/><input type=\"hidden\" name=\"_wpcf7_container_post\" value=\"0\" \/><input type=\"hidden\" name=\"_wpcf7_posted_data_hash\" value=\"\" \/>\n<\/fieldset>\n<div style=\"display:flex\">\n\t<div style=\"width:48%\">\n\t\t<p><label> Firstname<br \/>\n<span class=\"wpcf7-form-control-wrap\" data-name=\"your-firstname\"><input size=\"40\" maxlength=\"400\" class=\"wpcf7-form-control wpcf7-text wpcf7-validates-as-required\" aria-required=\"true\" aria-invalid=\"false\" value=\"\" type=\"text\" name=\"your-firstname\" \/><\/span> <\/label>\n\t\t<\/p>\n\t<\/div>\n\t<div style=\"width:48%;margin-left:4%;\">\n\t\t<p><label> Lastname<br \/>\n<span class=\"wpcf7-form-control-wrap\" data-name=\"your-lastname\"><input size=\"40\" maxlength=\"400\" class=\"wpcf7-form-control wpcf7-text wpcf7-validates-as-required\" aria-required=\"true\" aria-invalid=\"false\" value=\"\" type=\"text\" name=\"your-lastname\" \/><\/span> <\/label>\n\t\t<\/p>\n\t<\/div>\n<\/div>\n<p><label> Email<br \/>\n<span class=\"wpcf7-form-control-wrap\" data-name=\"your-email\"><input size=\"40\" maxlength=\"400\" class=\"wpcf7-form-control wpcf7-email wpcf7-validates-as-required wpcf7-text wpcf7-validates-as-email\" aria-required=\"true\" aria-invalid=\"false\" value=\"\" type=\"email\" name=\"your-email\" \/><\/span> <\/label>\n<\/p>\n<p><label> Phone number<br \/>\n<span class=\"wpcf7-form-control-wrap\" data-name=\"your-phone\"><input size=\"40\" maxlength=\"400\" class=\"wpcf7-form-control wpcf7-text wpcf7-validates-as-required\" aria-required=\"true\" aria-invalid=\"false\" value=\"\" type=\"text\" name=\"your-phone\" \/><\/span> <\/label>\n<\/p>\n<p><label> Do you want to share something extra ? Add it here. <span style=\"color:#cccccc\">(optional)<\/span><br \/>\n<span class=\"wpcf7-form-control-wrap\" data-name=\"your-message\"><textarea cols=\"40\" rows=\"10\" maxlength=\"2000\" class=\"wpcf7-form-control wpcf7-textarea\" aria-invalid=\"false\" name=\"your-message\"><\/textarea><\/span> <\/label>\n<\/p>\n<p><label> Join your resume and other relevant documents here. <span style=\"color:#cccccc\">(5mb max - put everything in one pdf)<\/span><br \/>\n<span class=\"wpcf7-form-control-wrap\" data-name=\"file-566\"><input size=\"40\" class=\"wpcf7-form-control wpcf7-file\" id=\"application-file\" accept=\".pdf\" aria-invalid=\"false\" type=\"file\" name=\"file-566\" \/><\/span><br \/>\n<\/label>\n<\/p>\n<div>\n\t<div>\n\t\t<p><button style=\"width:200px;margin-top:30px;\">Apply<\/button>\n\t\t<\/p>\n\t<\/div>\n\t<div>\n\t<div class=\"wpcf7-response-output\" aria-hidden=\"true\"><\/div>\n\t<\/div>\n<\/div>\n<p><label><br \/>\n<span class=\"wpcf7-form-control-wrap poste\"><br \/>\n<input type=\"hidden\" name=\"poste\" value=\"\" size=\"40\" class=\"wpcf7-form-control wpcf7-text\" aria-required=\"false\" aria-invalid=\"false\" \/><br \/>\n<\/span><br \/>\n<\/label>\n<\/p><input type='hidden' class='wpcf7-pum' value='{\"closepopup\":false,\"closedelay\":0,\"openpopup\":false,\"openpopup_id\":0}' \/><div class=\"inv-recaptcha-holder\"><\/div>\n<\/form>\n<\/div>\n[\/vc_column][\/vc_row][vc_row][vc_column][vc_column_text]<\/p>\n<div style=\"position: relative; top: -60px;\">\n<p style=\"text-align: center;\"><strong>We will contact you if you are selected.<\/strong><\/p>\n<p style=\"text-align: center;\"><\/div>\n<p>[\/vc_column_text][\/vc_column][\/vc_row][vc_row][vc_column][vc_column_text]<\/p>\n<p>[\/vc_column_text][\/vc_column][\/vc_row][vc_row][vc_column][vc_raw_html]JTNDc2NyaXB0JTIwZGVmZXIlM0UlMEFsZXQlMjBhY3RpdmUlMjAlM0QlMjBudWxsJTNCJTBBJTBBY29uc29sZS5sb2clMjhkb2N1bWVudC5xdWVyeVNlbGVjdG9yQWxsJTI4JTI3YnV0dG9uJTVCZGF0YS1lbXBsb2klNUQlMjclMjklMjklM0IlMEElMEFmdW5jdGlvbiUyMHNlbGVjdCUyOGV2ZW50JTI5JTIwJTdCJTBBJTIwJTIwJTIwJTIwJTBBJTIwJTIwbGV0JTIwYnV0dG9uJTIwJTNEJTIwZXZlbnQuY3VycmVudFRhcmdldCUzQiUwQSUyMCUyMGxldCUyMHRvQWN0aXZhdGUlMjAlM0QlMjBldmVudC5jdXJyZW50VGFyZ2V0LmdldEF0dHJpYnV0ZSUyOCUyN2RhdGEtZW1wbG9pJTI3JTI5JTNCJTBBJTIwJTIwbGV0JTIwZGl2JTIwJTNEJTIwZG9jdW1lbnQucXVlcnlTZWxlY3RvciUyOCU2MCUyMyUyNCU3QnRvQWN0aXZhdGUlN0QlNjAlMjklM0IlMEElMjAlMjBsZXQlMjBwb3N0ZSUyMCUzRCUyMGRvY3VtZW50LnF1ZXJ5U2VsZWN0b3IlMjglMjdpbnB1dCU1Qm5hbWUlM0QlMjJwb3N0ZSUyMiU1RCUyNyUyOSUzQiUwQSUwQSUyMCUyMGNvbnNvbGUubG9nJTI4JTIydG8lMjBhY3RpdmF0ZSUyMCUzQSUyMiUyMCUyQiUyMHRvQWN0aXZhdGUlMjklMEElMjAlMjAlMjAlMjBpZiUyOGFjdGl2ZSUyMCUyNiUyNiUyMGFjdGl2ZSUyMCUyMSUzRCUzRCUyMHRvQWN0aXZhdGUlMjklMjAlN0IlMEElMjAlMjAlMjAlMjAlMjAlMjB3aW5kb3cuYWxlcnQlMjglMjdWZXVpbGxleiUyMGNob2lzaXIlMjBxdSU1QyUyN3VuJTIwc2V1bCUyMHBvc3RlJTIwJUMzJUEwJTIwbGElMjBmb2lzJTI3JTI5JTNCJTBBJTIwJTIwJTIwJTIwJTdEJTIwZWxzZSUyMGlmJTI4YWN0aXZlJTIwJTI2JTI2JTIwYWN0aXZlJTIwJTNEJTNEJTNEJTIwdG9BY3RpdmF0ZSUyOSUyMCU3QiUwQSUyMCUyMCUyMCUyMCUyMCUyMGFjdGl2ZSUyMCUzRCUyMG51bGwlM0IlMEElMjAlMjAlMjAlMjAlMjAlMjBwb3N0ZS52YWx1ZSUyMCUzRCUyMCUyMiUyMiUzQiUwQSUyMCUyMCUyMCUyMCUyMCUyMGJ1dHRvbi5pbm5lclRleHQlMjAlM0QlMjAlMjJTZWxlY3QlMjB0aGlzJTIwcG9zaXRpb24lMjIlM0IlMEElMjAlMjAlMjAlMjAlMjAlMjBkaXYuc3R5bGUub3V0bGluZSUyMCUzRCUyMCUyMm5vbmUlMjIlM0IlMEElMjAlMjAlMjAlMjAlN0QlMjBlbHNlJTIwJTdCJTBBJTIwJTIwJTIwJTIwJTIwJTIwYWN0aXZlJTIwJTNEJTIwdG9BY3RpdmF0ZSUzQiUwQSUyMCUyMCUyMCUyMCUyMCUyMHBvc3RlLnZhbHVlJTIwJTNEJTIwYWN0aXZlJTNCJTBBJTIwJTIwJTIwJTIwJTIwJTIwYnV0dG9uLmlubmVyVGV4dCUyMCUzRCUyMCUyMlVuc2VsZWN0JTIyJTNCJTBBJTIwJTIwJTIwJTIwJTIwJTIwZGl2LnN0eWxlLm91dGxpbmUlMjAlM0QlMjAlMjIycHglMjBzb2xpZCUyMCUyMzI5OTFkNiUyMiUzQiUwQSUyMCUyMCUyMCUyMCU3RCUwQSUyMCUyMGNvbnNvbGUubG9nJTI4JTIyYWN0aXZlJTIwJTNBJTIyJTIwJTJCJTIwYWN0aXZlJTI5JTBBY29uc29sZS5sb2clMjglMjJwb3N0ZSUyMCUzQSUyMiUyMCUyQiUyMHBvc3RlLnZhbHVlJTI5JTBBJTdEJTBBJTBBbGV0JTIwYnV0dG9ucyUyMCUzRCUyMGRvY3VtZW50LnF1ZXJ5U2VsZWN0b3JBbGwlMjglMjdidXR0b24lNUJkYXRhLWVtcGxvaSU1RCUyNyUyOSUzQiUwQWJ1dHRvbnMuZm9yRWFjaCUyOCUyMGIlMjAlM0QlM0UlMjAlN0IlMEFjb25zb2xlLmxvZyUyOGIlMjklM0IlMEFiLmFkZEV2ZW50TGlzdGVuZXIlMjglMjdjbGljayUyNyUyMCUyQyUyMCUyOGV2ZW50JTI5JTIwJTNEJTNFJTIwJTdCJTBBc2VsZWN0JTI4ZXZlbnQlMjklM0IlMEElN0QlMjklN0QlMjklM0IlMEElM0MlMkZzY3JpcHQlM0U=[\/vc_raw_html][\/vc_column][\/vc_row]<\/p>\n","protected":false},"excerpt":{"rendered":"<p>[vc_row][vc_column][\/vc_column][\/vc_row][vc_row][vc_column][\/vc_column][\/vc_row][vc_row][vc_column][vc_column_text] Be part of a dynamic team offering a stimulating work environment and a common vision of excellence. Join ExcelleMD. Select the position that interests you [&hellip;]<\/p>\n","protected":false},"author":15,"featured_media":0,"parent":0,"menu_order":0,"comment_status":"closed","ping_status":"closed","template":"","meta":{"_acf_changed":false,"_kad_blocks_custom_css":"","_kad_blocks_head_custom_js":"","_kad_blocks_body_custom_js":"","_kad_blocks_footer_custom_js":"","footnotes":""},"class_list":["post-7191","page","type-page","status-publish","hentry"],"acf":[],"yoast_head":"<!-- This site is optimized with the Yoast SEO plugin v27.3 - https:\/\/yoast.com\/product\/yoast-seo-wordpress\/ -->\n<title>Careers - Excelle MD<\/title>\n<meta name=\"robots\" content=\"index, follow, max-snippet:-1, max-image-preview:large, max-video-preview:-1\" \/>\n<link rel=\"canonical\" href=\"https:\/\/excellemd.com\/en\/career\/\" \/>\n<meta property=\"og:locale\" content=\"en_US\" \/>\n<meta property=\"og:type\" content=\"article\" \/>\n<meta property=\"og:title\" content=\"Careers - Excelle MD\" \/>\n<meta property=\"og:description\" content=\"[vc_row][vc_column][\/vc_column][\/vc_row][vc_row][vc_column][\/vc_column][\/vc_row][vc_row][vc_column][vc_column_text] Be part of a dynamic team offering a stimulating work environment and a common vision of excellence. Join ExcelleMD. Select the position that interests you [&hellip;]\" \/>\n<meta property=\"og:url\" content=\"https:\/\/excellemd.com\/en\/career\/\" \/>\n<meta property=\"og:site_name\" content=\"Excelle MD\" \/>\n<meta property=\"article:modified_time\" content=\"2023-02-09T01:46:42+00:00\" \/>\n<meta name=\"twitter:card\" content=\"summary_large_image\" \/>\n<meta name=\"twitter:label1\" content=\"Est. reading time\" \/>\n\t<meta name=\"twitter:data1\" content=\"3 minutes\" \/>\n<script type=\"application\/ld+json\" class=\"yoast-schema-graph\">{\"@context\":\"https:\\\/\\\/schema.org\",\"@graph\":[{\"@type\":\"WebPage\",\"@id\":\"https:\\\/\\\/excellemd.com\\\/en\\\/career\\\/\",\"url\":\"https:\\\/\\\/excellemd.com\\\/en\\\/career\\\/\",\"name\":\"Careers - Excelle MD\",\"isPartOf\":{\"@id\":\"https:\\\/\\\/excellemd.com\\\/#website\"},\"datePublished\":\"2021-08-09T20:34:40+00:00\",\"dateModified\":\"2023-02-09T01:46:42+00:00\",\"breadcrumb\":{\"@id\":\"https:\\\/\\\/excellemd.com\\\/en\\\/career\\\/#breadcrumb\"},\"inLanguage\":\"en-US\",\"potentialAction\":[{\"@type\":\"ReadAction\",\"target\":[\"https:\\\/\\\/excellemd.com\\\/en\\\/career\\\/\"]}]},{\"@type\":\"BreadcrumbList\",\"@id\":\"https:\\\/\\\/excellemd.com\\\/en\\\/career\\\/#breadcrumb\",\"itemListElement\":[{\"@type\":\"ListItem\",\"position\":1,\"name\":\"Accueil\",\"item\":\"https:\\\/\\\/excellemd.com\\\/en\\\/\"},{\"@type\":\"ListItem\",\"position\":2,\"name\":\"Careers\"}]},{\"@type\":\"WebSite\",\"@id\":\"https:\\\/\\\/excellemd.com\\\/#website\",\"url\":\"https:\\\/\\\/excellemd.com\\\/\",\"name\":\"Excelle MD\",\"description\":\"une clinique priv\u00e9e, qui offre \u00e0 leur client\u00e8le des soins m\u00e9dicaux rapides d\u2019acc\u00e8s\",\"potentialAction\":[{\"@type\":\"SearchAction\",\"target\":{\"@type\":\"EntryPoint\",\"urlTemplate\":\"https:\\\/\\\/excellemd.com\\\/?s={search_term_string}\"},\"query-input\":{\"@type\":\"PropertyValueSpecification\",\"valueRequired\":true,\"valueName\":\"search_term_string\"}}],\"inLanguage\":\"en-US\"}]}<\/script>\n<!-- \/ Yoast SEO plugin. -->","yoast_head_json":{"title":"Careers - Excelle MD","robots":{"index":"index","follow":"follow","max-snippet":"max-snippet:-1","max-image-preview":"max-image-preview:large","max-video-preview":"max-video-preview:-1"},"canonical":"https:\/\/excellemd.com\/en\/career\/","og_locale":"en_US","og_type":"article","og_title":"Careers - Excelle MD","og_description":"[vc_row][vc_column][\/vc_column][\/vc_row][vc_row][vc_column][\/vc_column][\/vc_row][vc_row][vc_column][vc_column_text] Be part of a dynamic team offering a stimulating work environment and a common vision of excellence. Join ExcelleMD. Select the position that interests you [&hellip;]","og_url":"https:\/\/excellemd.com\/en\/career\/","og_site_name":"Excelle MD","article_modified_time":"2023-02-09T01:46:42+00:00","twitter_card":"summary_large_image","twitter_misc":{"Est. reading time":"3 minutes"},"schema":{"@context":"https:\/\/schema.org","@graph":[{"@type":"WebPage","@id":"https:\/\/excellemd.com\/en\/career\/","url":"https:\/\/excellemd.com\/en\/career\/","name":"Careers - Excelle MD","isPartOf":{"@id":"https:\/\/excellemd.com\/#website"},"datePublished":"2021-08-09T20:34:40+00:00","dateModified":"2023-02-09T01:46:42+00:00","breadcrumb":{"@id":"https:\/\/excellemd.com\/en\/career\/#breadcrumb"},"inLanguage":"en-US","potentialAction":[{"@type":"ReadAction","target":["https:\/\/excellemd.com\/en\/career\/"]}]},{"@type":"BreadcrumbList","@id":"https:\/\/excellemd.com\/en\/career\/#breadcrumb","itemListElement":[{"@type":"ListItem","position":1,"name":"Accueil","item":"https:\/\/excellemd.com\/en\/"},{"@type":"ListItem","position":2,"name":"Careers"}]},{"@type":"WebSite","@id":"https:\/\/excellemd.com\/#website","url":"https:\/\/excellemd.com\/","name":"Excelle MD","description":"une clinique priv\u00e9e, qui offre \u00e0 leur client\u00e8le des soins m\u00e9dicaux rapides d\u2019acc\u00e8s","potentialAction":[{"@type":"SearchAction","target":{"@type":"EntryPoint","urlTemplate":"https:\/\/excellemd.com\/?s={search_term_string}"},"query-input":{"@type":"PropertyValueSpecification","valueRequired":true,"valueName":"search_term_string"}}],"inLanguage":"en-US"}]}},"taxonomy_info":[],"featured_image_src_large":false,"author_info":{"display_name":"Vikrant Datta","author_link":"https:\/\/excellemd.com\/en\/author\/vikrant-dattawell-company\/"},"comment_info":0,"_links":{"self":[{"href":"https:\/\/excellemd.com\/en\/wp-json\/wp\/v2\/pages\/7191","targetHints":{"allow":["GET"]}}],"collection":[{"href":"https:\/\/excellemd.com\/en\/wp-json\/wp\/v2\/pages"}],"about":[{"href":"https:\/\/excellemd.com\/en\/wp-json\/wp\/v2\/types\/page"}],"author":[{"embeddable":true,"href":"https:\/\/excellemd.com\/en\/wp-json\/wp\/v2\/users\/15"}],"replies":[{"embeddable":true,"href":"https:\/\/excellemd.com\/en\/wp-json\/wp\/v2\/comments?post=7191"}],"version-history":[{"count":5,"href":"https:\/\/excellemd.com\/en\/wp-json\/wp\/v2\/pages\/7191\/revisions"}],"predecessor-version":[{"id":10111,"href":"https:\/\/excellemd.com\/en\/wp-json\/wp\/v2\/pages\/7191\/revisions\/10111"}],"wp:attachment":[{"href":"https:\/\/excellemd.com\/en\/wp-json\/wp\/v2\/media?parent=7191"}],"curies":[{"name":"wp","href":"https:\/\/api.w.org\/{rel}","templated":true}]}}