{"id":7491,"date":"2021-11-02T20:01:52","date_gmt":"2021-11-02T19:01:52","guid":{"rendered":"https:\/\/excellemd.com\/?page_id=7491"},"modified":"2026-02-20T16:09:15","modified_gmt":"2026-02-20T15:09:15","slug":"currentpricing","status":"publish","type":"page","link":"https:\/\/excellemd.com\/en\/currentpricing\/","title":{"rendered":"currentpricing"},"content":{"rendered":"<p>[vc_row][vc_column][vc_raw_html]JTNDZGl2JTIwaWQlM0QlMjJhZG9iZS1kYy12aWV3LTIlMjIlMjBzdHlsZSUzRCUyMmhlaWdodCUzQTEwMDBweCUzQiUyMHBvc2l0aW9uJTNBcmVsYXRpdmUlM0JtYXJnaW4tdG9wJTNBMnJlbSUzQiUyMiUzRSUzQyUyRmRpdiUzRSUwQSUzQyUyMS0taHR0cHMlM0ElMkYlMkZleGNlbGxlbWQuY29tJTJGd3AtY29udGVudCUyRnVwbG9hZHMlMkYyMDI2JTJGMDIlMkZjYXRhbG9nLXBhdGllbnRzLWVuLnBkZi0tJTNFJTBBJTNDc2NyaXB0JTIwc3JjJTNEJTIyaHR0cHMlM0ElMkYlMkZkb2N1bWVudHNlcnZpY2VzLmFkb2JlLmNvbSUyRnZpZXctc2RrJTJGdmlld2VyLmpzJTIyJTNFJTNDJTJGc2NyaXB0JTNFJTBBJTNDc2NyaXB0JTIwdHlwZSUzRCUyMnRleHQlMkZqYXZhc2NyaXB0JTIyJTNFJTBBJTBBJTBBJTBBY29uc3QlMjBhbGxvd1RleHRTZWxlY3Rpb24lMjAlM0QlMjBmYWxzZSUzQiUwQSUwQWxldCUyMGNvbmZpZyUyMCUzRCUyMCU3QiUwQSUyMCUyMCUyMHNob3dEb3dubG9hZFBERiUzQSUyMGZhbHNlJTJDJTBBJTIwJTIwJTIwc2hvd1BhZ2VDb250cm9scyUzQSUyMGZhbHNlJTJDJTBBJTIwJTIwJTIwc2hvd0Fubm90YXRpb25Ub29scyUzQSUyMGZhbHNlJTJDJTBBJTIwJTIwJTIwc2hvd0xlZnRIYW5kUGFuZWwlM0ElMjBmYWxzZSUyQyUwQSUyMCUyMCUyMHNob3dEb3dubG9hZFBERiUzQSUyMGZhbHNlJTJDJTBBJTIwJTIwJTIwc2hvd1ByaW50UERGJTNBJTIwZmFsc2UlMkMlMEElMjAlMjAlMjBlbmFibGVGb3JtRmlsbGluZyUzQSUyMGZhbHNlJTJDJTBBZW1iZWRNb2RlJTNBJTIwJTIyU0laRURfQ09OVEFJTkVSJTIyJTJDJTBBJTdEJTBBJTBBZG9jdW1lbnQuYWRkRXZlbnRMaXN0ZW5lciUyOCUyMmFkb2JlX2RjX3ZpZXdfc2RrLnJlYWR5JTIyJTJDJTIwZnVuY3Rpb24lMjglMjklN0IlMjAlMEElMDklMEElMEF2YXIlMjBhZG9iZURDVmlldzIlMjAlM0QlMjBuZXclMjBBZG9iZURDLlZpZXclMjglN0JjbGllbnRJZCUzQSUyMCUyMmRlNDkwOGU0YmY1YjQ5MWU4MzM3ZWNiNGZhOThkZDIwJTIyJTJDJTIwZGl2SWQlM0ElMjAlMjJhZG9iZS1kYy12aWV3LTIlMjIlN0QlMjklM0IlMEElMDklMEElMEElMEFhZG9iZURDVmlldzIucHJldmlld0ZpbGUlMjglN0IlMEElMjAlMjAlMjAlMjAlMjAlMjAlMjAlMjBjb250ZW50JTNBJTdCJTBBJTIwJTIwJTIwJTIwJTIwJTIwJTIwJTIwJTIwJTIwJTIwJTIwJTIwJTIwJTIwJTIwbG9jYXRpb24lM0ElMjAlN0IlMEElMjAlMjAlMjAlMjAlMjAlMjAlMjAlMjAlMjAlMjAlMjAlMjAlMjAlMjAlMjAlMjAlMjAlMjAlMjAlMjAlMjAlMjAlMjAlMjB1cmwlM0ElMjAlMjJodHRwcyUzQSUyRiUyRmV4Y2VsbGVtZC5jb20lMkZ3cC1jb250ZW50JTJGdXBsb2FkcyUyRjIwMjYlMkYwMiUyRmNhdGFsb2ctcGF0aWVudHMtZW4ucGRmJTIyJTBBJTIwJTIwJTIwJTIwJTIwJTIwJTIwJTIwJTIwJTIwJTIwJTIwJTIwJTIwJTIwJTIwJTdEJTBBJTIwJTIwJTIwJTIwJTIwJTIwJTIwJTIwJTdEJTJDJTBBJTIwJTIwJTIwJTIwJTIwJTIwJTIwJTIwbWV0YURhdGElM0ElN0JmaWxlTmFtZSUzQSUyMCUyMlByaWNlJTIwbGlzdCUyMCUyOFN0YXJ0aW5nJTIwSnVseSUyMDE1dGglMjAyMDIzJTI5LnBkZiUyMiU3RCUwQSUwOSU3RCUyQyUyMGNvbmZpZyUyMCUyOS50aGVuJTI4YWRvYmVWaWV3ZXIlMjAlM0QlM0UlMjAlN0IlMEElMjAlMjAlMjAlMjAlMjAlMjAlMjAlMjAlMjAlMjAlMjAlMjAlMjAlMjAlMjAlMjBhZG9iZVZpZXdlci5nZXRBUElzJTI4JTI5LnRoZW4lMjhhcGlzJTIwJTNEJTNFJTIwJTdCJTBBJTIwJTIwJTIwJTIwJTIwJTIwJTIwJTIwJTIwJTIwJTIwJTIwJTIwJTIwJTIwJTIwJTIwJTIwJTIwJTIwJTIwJTIwJTIwYXBpcy5lbmFibGVUZXh0U2VsZWN0aW9uJTI4YWxsb3dUZXh0U2VsZWN0aW9uJTI5JTBBJTIwJTIwJTIwJTIwJTIwJTIwJTIwJTIwJTIwJTIwJTIwJTIwJTIwJTIwJTIwJTIwJTIwJTIwJTIwJTIwJTIwJTIwJTIwJTIwJTIwJTIwJTIwJTIwJTIwJTIwJTIwJTIwLnRoZW4lMjglMjglMjklMjAlM0QlM0UlMjBjb25zb2xlLmxvZyUyOCUyMlN1Y2Nlc3MlMjIlMjklMjklMEElMjAlMjAlMjAlMjAlMjAlMjAlMjAlMjAlMjAlMjAlMjAlMjAlMjAlMjAlMjAlMjAlMjAlMjAlMjAlMjAlMjAlMjAlMjAlMjAlMjAlMjAlMjAlMjAlMjAlMjAlMjAlMjAuY2F0Y2glMjhlcnJvciUyMCUzRCUzRSUyMGNvbnNvbGUubG9nJTI4ZXJyb3IlMjklMjklM0IlMEElMjAlMjAlMjAlMjAlMjAlMjAlMjAlMjAlMjAlMjAlMjAlMjAlMjAlMjAlMjAlMjAlMjAlMjAlMjAlMjAlMjAlMjAlMjAlMjAlN0QlMjklM0IlMEElMjAlMjAlMjAlMjAlMjAlMjAlMjAlMjAlMjAlMjAlMjAlMjAlMjAlMjAlMjAlMjAlN0QlMjklM0IlMEElMEElN0QlMjklM0IlMEElMjAlMjAlMjAlMjAlMjAlMjAlMjAlMEElM0MlMkZzY3JpcHQlM0UlMEE=[\/vc_raw_html][\/vc_column][\/vc_row]<\/p>\n","protected":false},"excerpt":{"rendered":"<p>[vc_row][vc_column][vc_raw_html]JTNDZGl2JTIwaWQlM0QlMjJhZG9iZS1kYy12aWV3LTIlMjIlMjBzdHlsZSUzRCUyMmhlaWdodCUzQTEwMDBweCUzQiUyMHBvc2l0aW9uJTNBcmVsYXRpdmUlM0JtYXJnaW4tdG9wJTNBMnJlbSUzQiUyMiUzRSUzQyUyRmRpdiUzRSUwQSUzQyUyMS0taHR0cHMlM0ElMkYlMkZleGNlbGxlbWQuY29tJTJGd3AtY29udGVudCUyRnVwbG9hZHMlMkYyMDI2JTJGMDIlMkZjYXRhbG9nLXBhdGllbnRzLWVuLnBkZi0tJTNFJTBBJTNDc2NyaXB0JTIwc3JjJTNEJTIyaHR0cHMlM0ElMkYlMkZkb2N1bWVudHNlcnZpY2VzLmFkb2JlLmNvbSUyRnZpZXctc2RrJTJGdmlld2VyLmpzJTIyJTNFJTNDJTJGc2NyaXB0JTNFJTBBJTNDc2NyaXB0JTIwdHlwZSUzRCUyMnRleHQlMkZqYXZhc2NyaXB0JTIyJTNFJTBBJTBBJTBBJTBBY29uc3QlMjBhbGxvd1RleHRTZWxlY3Rpb24lMjAlM0QlMjBmYWxzZSUzQiUwQSUwQWxldCUyMGNvbmZpZyUyMCUzRCUyMCU3QiUwQSUyMCUyMCUyMHNob3dEb3dubG9hZFBERiUzQSUyMGZhbHNlJTJDJTBBJTIwJTIwJTIwc2hvd1BhZ2VDb250cm9scyUzQSUyMGZhbHNlJTJDJTBBJTIwJTIwJTIwc2hvd0Fubm90YXRpb25Ub29scyUzQSUyMGZhbHNlJTJDJTBBJTIwJTIwJTIwc2hvd0xlZnRIYW5kUGFuZWwlM0ElMjBmYWxzZSUyQyUwQSUyMCUyMCUyMHNob3dEb3dubG9hZFBERiUzQSUyMGZhbHNlJTJDJTBBJTIwJTIwJTIwc2hvd1ByaW50UERGJTNBJTIwZmFsc2UlMkMlMEElMjAlMjAlMjBlbmFibGVGb3JtRmlsbGluZyUzQSUyMGZhbHNlJTJDJTBBZW1iZWRNb2RlJTNBJTIwJTIyU0laRURfQ09OVEFJTkVSJTIyJTJDJTBBJTdEJTBBJTBBZG9jdW1lbnQuYWRkRXZlbnRMaXN0ZW5lciUyOCUyMmFkb2JlX2RjX3ZpZXdfc2RrLnJlYWR5JTIyJTJDJTIwZnVuY3Rpb24lMjglMjklN0IlMjAlMEElMDklMEElMEF2YXIlMjBhZG9iZURDVmlldzIlMjAlM0QlMjBuZXclMjBBZG9iZURDLlZpZXclMjglN0JjbGllbnRJZCUzQSUyMCUyMmRlNDkwOGU0YmY1YjQ5MWU4MzM3ZWNiNGZhOThkZDIwJTIyJTJDJTIwZGl2SWQlM0ElMjAlMjJhZG9iZS1kYy12aWV3LTIlMjIlN0QlMjklM0IlMEElMDklMEElMEElMEFhZG9iZURDVmlldzIucHJldmlld0ZpbGUlMjglN0IlMEElMjAlMjAlMjAlMjAlMjAlMjAlMjAlMjBjb250ZW50JTNBJTdCJTBBJTIwJTIwJTIwJTIwJTIwJTIwJTIwJTIwJTIwJTIwJTIwJTIwJTIwJTIwJTIwJTIwbG9jYXRpb24lM0ElMjAlN0IlMEElMjAlMjAlMjAlMjAlMjAlMjAlMjAlMjAlMjAlMjAlMjAlMjAlMjAlMjAlMjAlMjAlMjAlMjAlMjAlMjAlMjAlMjAlMjAlMjB1cmwlM0ElMjAlMjJodHRwcyUzQSUyRiUyRmV4Y2VsbGVtZC5jb20lMkZ3cC1jb250ZW50JTJGdXBsb2FkcyUyRjIwMjYlMkYwMiUyRmNhdGFsb2ctcGF0aWVudHMtZW4ucGRmJTIyJTBBJTIwJTIwJTIwJTIwJTIwJTIwJTIwJTIwJTIwJTIwJTIwJTIwJTIwJTIwJTIwJTIwJTdEJTBBJTIwJTIwJTIwJTIwJTIwJTIwJTIwJTIwJTdEJTJDJTBBJTIwJTIwJTIwJTIwJTIwJTIwJTIwJTIwbWV0YURhdGElM0ElN0JmaWxlTmFtZSUzQSUyMCUyMlByaWNlJTIwbGlzdCUyMCUyOFN0YXJ0aW5nJTIwSnVseSUyMDE1dGglMjAyMDIzJTI5LnBkZiUyMiU3RCUwQSUwOSU3RCUyQyUyMGNvbmZpZyUyMCUyOS50aGVuJTI4YWRvYmVWaWV3ZXIlMjAlM0QlM0UlMjAlN0IlMEElMjAlMjAlMjAlMjAlMjAlMjAlMjAlMjAlMjAlMjAlMjAlMjAlMjAlMjAlMjAlMjBhZG9iZVZpZXdlci5nZXRBUElzJTI4JTI5LnRoZW4lMjhhcGlzJTIwJTNEJTNFJTIwJTdCJTBBJTIwJTIwJTIwJTIwJTIwJTIwJTIwJTIwJTIwJTIwJTIwJTIwJTIwJTIwJTIwJTIwJTIwJTIwJTIwJTIwJTIwJTIwJTIwYXBpcy5lbmFibGVUZXh0U2VsZWN0aW9uJTI4YWxsb3dUZXh0U2VsZWN0aW9uJTI5JTBBJTIwJTIwJTIwJTIwJTIwJTIwJTIwJTIwJTIwJTIwJTIwJTIwJTIwJTIwJTIwJTIwJTIwJTIwJTIwJTIwJTIwJTIwJTIwJTIwJTIwJTIwJTIwJTIwJTIwJTIwJTIwJTIwLnRoZW4lMjglMjglMjklMjAlM0QlM0UlMjBjb25zb2xlLmxvZyUyOCUyMlN1Y2Nlc3MlMjIlMjklMjklMEElMjAlMjAlMjAlMjAlMjAlMjAlMjAlMjAlMjAlMjAlMjAlMjAlMjAlMjAlMjAlMjAlMjAlMjAlMjAlMjAlMjAlMjAlMjAlMjAlMjAlMjAlMjAlMjAlMjAlMjAlMjAlMjAuY2F0Y2glMjhlcnJvciUyMCUzRCUzRSUyMGNvbnNvbGUubG9nJTI4ZXJyb3IlMjklMjklM0IlMEElMjAlMjAlMjAlMjAlMjAlMjAlMjAlMjAlMjAlMjAlMjAlMjAlMjAlMjAlMjAlMjAlMjAlMjAlMjAlMjAlMjAlMjAlMjAlMjAlN0QlMjklM0IlMEElMjAlMjAlMjAlMjAlMjAlMjAlMjAlMjAlMjAlMjAlMjAlMjAlMjAlMjAlMjAlMjAlN0QlMjklM0IlMEElMEElN0QlMjklM0IlMEElMjAlMjAlMjAlMjAlMjAlMjAlMjAlMEElM0MlMkZzY3JpcHQlM0UlMEE=[\/vc_raw_html][\/vc_column][\/vc_row]<\/p>\n","protected":false},"author":15,"featured_media":0,"parent":0,"menu_order":0,"comment_status":"closed","ping_status":"closed","template":"","meta":{"_acf_changed":false,"_kad_blocks_custom_css":"","_kad_blocks_head_custom_js":"","_kad_blocks_body_custom_js":"","_kad_blocks_footer_custom_js":"","footnotes":""},"class_list":["post-7491","page","type-page","status-publish","hentry"],"acf":[],"yoast_head":"<!-- This site is optimized with the Yoast SEO plugin v27.5 - https:\/\/yoast.com\/product\/yoast-seo-wordpress\/ -->\n<title>currentpricing - Excelle MD<\/title>\n<meta name=\"robots\" content=\"index, follow, max-snippet:-1, max-image-preview:large, max-video-preview:-1\" \/>\n<link rel=\"canonical\" href=\"https:\/\/excellemd.com\/en\/currentpricing\/\" \/>\n<meta property=\"og:locale\" content=\"en_US\" \/>\n<meta property=\"og:type\" content=\"article\" \/>\n<meta property=\"og:title\" content=\"currentpricing - Excelle MD\" \/>\n<meta property=\"og:description\" content=\"[vc_row][vc_column][vc_raw_html]JTNDZGl2JTIwaWQlM0QlMjJhZG9iZS1kYy12aWV3LTIlMjIlMjBzdHlsZSUzRCUyMmhlaWdodCUzQTEwMDBweCUzQiUyMHBvc2l0aW9uJTNBcmVsYXRpdmUlM0JtYXJnaW4tdG9wJTNBMnJlbSUzQiUyMiUzRSUzQyUyRmRpdiUzRSUwQSUzQyUyMS0taHR0cHMlM0ElMkYlMkZleGNlbGxlbWQuY29tJTJGd3AtY29udGVudCUyRnVwbG9hZHMlMkYyMDI2JTJGMDIlMkZjYXRhbG9nLXBhdGllbnRzLWVuLnBkZi0tJTNFJTBBJTNDc2NyaXB0JTIwc3JjJTNEJTIyaHR0cHMlM0ElMkYlMkZkb2N1bWVudHNlcnZpY2VzLmFkb2JlLmNvbSUyRnZpZXctc2RrJTJGdmlld2VyLmpzJTIyJTNFJTNDJTJGc2NyaXB0JTNFJTBBJTNDc2NyaXB0JTIwdHlwZSUzRCUyMnRleHQlMkZqYXZhc2NyaXB0JTIyJTNFJTBBJTBBJTBBJTBBY29uc3QlMjBhbGxvd1RleHRTZWxlY3Rpb24lMjAlM0QlMjBmYWxzZSUzQiUwQSUwQWxldCUyMGNvbmZpZyUyMCUzRCUyMCU3QiUwQSUyMCUyMCUyMHNob3dEb3dubG9hZFBERiUzQSUyMGZhbHNlJTJDJTBBJTIwJTIwJTIwc2hvd1BhZ2VDb250cm9scyUzQSUyMGZhbHNlJTJDJTBBJTIwJTIwJTIwc2hvd0Fubm90YXRpb25Ub29scyUzQSUyMGZhbHNlJTJDJTBBJTIwJTIwJTIwc2hvd0xlZnRIYW5kUGFuZWwlM0ElMjBmYWxzZSUyQyUwQSUyMCUyMCUyMHNob3dEb3dubG9hZFBERiUzQSUyMGZhbHNlJTJDJTBBJTIwJTIwJTIwc2hvd1ByaW50UERGJTNBJTIwZmFsc2UlMkMlMEElMjAlMjAlMjBlbmFibGVGb3JtRmlsbGluZyUzQSUyMGZhbHNlJTJDJTBBZW1iZWRNb2RlJTNBJTIwJTIyU0laRURfQ09OVEFJTkVSJTIyJTJDJTBBJTdEJTBBJTBBZG9jdW1lbnQuYWRkRXZlbnRMaXN0ZW5lciUyOCUyMmFkb2JlX2RjX3ZpZXdfc2RrLnJlYWR5JTIyJTJDJTIwZnVuY3Rpb24lMjglMjklN0IlMjAlMEElMDklMEElMEF2YXIlMjBhZG9iZURDVmlldzIlMjAlM0QlMjBuZXclMjBBZG9iZURDLlZpZXclMjglN0JjbGllbnRJZCUzQSUyMCUyMmRlNDkwOGU0YmY1YjQ5MWU4MzM3ZWNiNGZhOThkZDIwJTIyJTJDJTIwZGl2SWQlM0ElMjAlMjJhZG9iZS1kYy12aWV3LTIlMjIlN0QlMjklM0IlMEElMDklMEElMEElMEFhZG9iZURDVmlldzIucHJldmlld0ZpbGUlMjglN0IlMEElMjAlMjAlMjAlMjAlMjAlMjAlMjAlMjBjb250ZW50JTNBJTdCJTBBJTIwJTIwJTIwJTIwJTIwJTIwJTIwJTIwJTIwJTIwJTIwJTIwJTIwJTIwJTIwJTIwbG9jYXRpb24lM0ElMjAlN0IlMEElMjAlMjAlMjAlMjAlMjAlMjAlMjAlMjAlMjAlMjAlMjAlMjAlMjAlMjAlMjAlMjAlMjAlMjAlMjAlMjAlMjAlMjAlMjAlMjB1cmwlM0ElMjAlMjJodHRwcyUzQSUyRiUyRmV4Y2VsbGVtZC5jb20lMkZ3cC1jb250ZW50JTJGdXBsb2FkcyUyRjIwMjYlMkYwMiUyRmNhdGFsb2ctcGF0aWVudHMtZW4ucGRmJTIyJTBBJTIwJTIwJTIwJTIwJTIwJTIwJTIwJTIwJTIwJTIwJTIwJTIwJTIwJTIwJTIwJTIwJTdEJTBBJTIwJTIwJTIwJTIwJTIwJTIwJTIwJTIwJTdEJTJDJTBBJTIwJTIwJTIwJTIwJTIwJTIwJTIwJTIwbWV0YURhdGElM0ElN0JmaWxlTmFtZSUzQSUyMCUyMlByaWNlJTIwbGlzdCUyMCUyOFN0YXJ0aW5nJTIwSnVseSUyMDE1dGglMjAyMDIzJTI5LnBkZiUyMiU3RCUwQSUwOSU3RCUyQyUyMGNvbmZpZyUyMCUyOS50aGVuJTI4YWRvYmVWaWV3ZXIlMjAlM0QlM0UlMjAlN0IlMEElMjAlMjAlMjAlMjAlMjAlMjAlMjAlMjAlMjAlMjAlMjAlMjAlMjAlMjAlMjAlMjBhZG9iZVZpZXdlci5nZXRBUElzJTI4JTI5LnRoZW4lMjhhcGlzJTIwJTNEJTNFJTIwJTdCJTBBJTIwJTIwJTIwJTIwJTIwJTIwJTIwJTIwJTIwJTIwJTIwJTIwJTIwJTIwJTIwJTIwJTIwJTIwJTIwJTIwJTIwJTIwJTIwYXBpcy5lbmFibGVUZXh0U2VsZWN0aW9uJTI4YWxsb3dUZXh0U2VsZWN0aW9uJTI5JTBBJTIwJTIwJTIwJTIwJTIwJTIwJTIwJTIwJTIwJTIwJTIwJTIwJTIwJTIwJTIwJTIwJTIwJTIwJTIwJTIwJTIwJTIwJTIwJTIwJTIwJTIwJTIwJTIwJTIwJTIwJTIwJTIwLnRoZW4lMjglMjglMjklMjAlM0QlM0UlMjBjb25zb2xlLmxvZyUyOCUyMlN1Y2Nlc3MlMjIlMjklMjklMEElMjAlMjAlMjAlMjAlMjAlMjAlMjAlMjAlMjAlMjAlMjAlMjAlMjAlMjAlMjAlMjAlMjAlMjAlMjAlMjAlMjAlMjAlMjAlMjAlMjAlMjAlMjAlMjAlMjAlMjAlMjAlMjAuY2F0Y2glMjhlcnJvciUyMCUzRCUzRSUyMGNvbnNvbGUubG9nJTI4ZXJyb3IlMjklMjklM0IlMEElMjAlMjAlMjAlMjAlMjAlMjAlMjAlMjAlMjAlMjAlMjAlMjAlMjAlMjAlMjAlMjAlMjAlMjAlMjAlMjAlMjAlMjAlMjAlMjAlN0QlMjklM0IlMEElMjAlMjAlMjAlMjAlMjAlMjAlMjAlMjAlMjAlMjAlMjAlMjAlMjAlMjAlMjAlMjAlN0QlMjklM0IlMEElMEElN0QlMjklM0IlMEElMjAlMjAlMjAlMjAlMjAlMjAlMjAlMEElM0MlMkZzY3JpcHQlM0UlMEE=[\/vc_raw_html][\/vc_column][\/vc_row]\" \/>\n<meta property=\"og:url\" content=\"https:\/\/excellemd.com\/en\/currentpricing\/\" \/>\n<meta property=\"og:site_name\" content=\"Excelle MD\" \/>\n<meta property=\"article:modified_time\" content=\"2026-02-20T15:09:15+00:00\" \/>\n<meta name=\"twitter:card\" content=\"summary_large_image\" \/>\n<meta name=\"twitter:label1\" content=\"Est. reading time\" \/>\n\t<meta name=\"twitter:data1\" content=\"1 minute\" \/>\n<script type=\"application\/ld+json\" class=\"yoast-schema-graph\">{\"@context\":\"https:\\\/\\\/schema.org\",\"@graph\":[{\"@type\":\"WebPage\",\"@id\":\"https:\\\/\\\/excellemd.com\\\/en\\\/currentpricing\\\/\",\"url\":\"https:\\\/\\\/excellemd.com\\\/en\\\/currentpricing\\\/\",\"name\":\"currentpricing - Excelle MD\",\"isPartOf\":{\"@id\":\"https:\\\/\\\/excellemd.com\\\/#website\"},\"datePublished\":\"2021-11-02T19:01:52+00:00\",\"dateModified\":\"2026-02-20T15:09:15+00:00\",\"breadcrumb\":{\"@id\":\"https:\\\/\\\/excellemd.com\\\/en\\\/currentpricing\\\/#breadcrumb\"},\"inLanguage\":\"en-US\",\"potentialAction\":[{\"@type\":\"ReadAction\",\"target\":[\"https:\\\/\\\/excellemd.com\\\/en\\\/currentpricing\\\/\"]}]},{\"@type\":\"BreadcrumbList\",\"@id\":\"https:\\\/\\\/excellemd.com\\\/en\\\/currentpricing\\\/#breadcrumb\",\"itemListElement\":[{\"@type\":\"ListItem\",\"position\":1,\"name\":\"Accueil\",\"item\":\"https:\\\/\\\/excellemd.com\\\/en\\\/\"},{\"@type\":\"ListItem\",\"position\":2,\"name\":\"currentpricing\"}]},{\"@type\":\"WebSite\",\"@id\":\"https:\\\/\\\/excellemd.com\\\/#website\",\"url\":\"https:\\\/\\\/excellemd.com\\\/\",\"name\":\"Excelle MD\",\"description\":\"une clinique priv\u00e9e, qui offre \u00e0 leur client\u00e8le des soins m\u00e9dicaux rapides d\u2019acc\u00e8s\",\"potentialAction\":[{\"@type\":\"SearchAction\",\"target\":{\"@type\":\"EntryPoint\",\"urlTemplate\":\"https:\\\/\\\/excellemd.com\\\/?s={search_term_string}\"},\"query-input\":{\"@type\":\"PropertyValueSpecification\",\"valueRequired\":true,\"valueName\":\"search_term_string\"}}],\"inLanguage\":\"en-US\"}]}<\/script>\n<!-- \/ Yoast SEO plugin. -->","yoast_head_json":{"title":"currentpricing - Excelle MD","robots":{"index":"index","follow":"follow","max-snippet":"max-snippet:-1","max-image-preview":"max-image-preview:large","max-video-preview":"max-video-preview:-1"},"canonical":"https:\/\/excellemd.com\/en\/currentpricing\/","og_locale":"en_US","og_type":"article","og_title":"currentpricing - Excelle MD","og_description":"[vc_row][vc_column][vc_raw_html]JTNDZGl2JTIwaWQlM0QlMjJhZG9iZS1kYy12aWV3LTIlMjIlMjBzdHlsZSUzRCUyMmhlaWdodCUzQTEwMDBweCUzQiUyMHBvc2l0aW9uJTNBcmVsYXRpdmUlM0JtYXJnaW4tdG9wJTNBMnJlbSUzQiUyMiUzRSUzQyUyRmRpdiUzRSUwQSUzQyUyMS0taHR0cHMlM0ElMkYlMkZleGNlbGxlbWQuY29tJTJGd3AtY29udGVudCUyRnVwbG9hZHMlMkYyMDI2JTJGMDIlMkZjYXRhbG9nLXBhdGllbnRzLWVuLnBkZi0tJTNFJTBBJTNDc2NyaXB0JTIwc3JjJTNEJTIyaHR0cHMlM0ElMkYlMkZkb2N1bWVudHNlcnZpY2VzLmFkb2JlLmNvbSUyRnZpZXctc2RrJTJGdmlld2VyLmpzJTIyJTNFJTNDJTJGc2NyaXB0JTNFJTBBJTNDc2NyaXB0JTIwdHlwZSUzRCUyMnRleHQlMkZqYXZhc2NyaXB0JTIyJTNFJTBBJTBBJTBBJTBBY29uc3QlMjBhbGxvd1RleHRTZWxlY3Rpb24lMjAlM0QlMjBmYWxzZSUzQiUwQSUwQWxldCUyMGNvbmZpZyUyMCUzRCUyMCU3QiUwQSUyMCUyMCUyMHNob3dEb3dubG9hZFBERiUzQSUyMGZhbHNlJTJDJTBBJTIwJTIwJTIwc2hvd1BhZ2VDb250cm9scyUzQSUyMGZhbHNlJTJDJTBBJTIwJTIwJTIwc2hvd0Fubm90YXRpb25Ub29scyUzQSUyMGZhbHNlJTJDJTBBJTIwJTIwJTIwc2hvd0xlZnRIYW5kUGFuZWwlM0ElMjBmYWxzZSUyQyUwQSUyMCUyMCUyMHNob3dEb3dubG9hZFBERiUzQSUyMGZhbHNlJTJDJTBBJTIwJTIwJTIwc2hvd1ByaW50UERGJTNBJTIwZmFsc2UlMkMlMEElMjAlMjAlMjBlbmFibGVGb3JtRmlsbGluZyUzQSUyMGZhbHNlJTJDJTBBZW1iZWRNb2RlJTNBJTIwJTIyU0laRURfQ09OVEFJTkVSJTIyJTJDJTBBJTdEJTBBJTBBZG9jdW1lbnQuYWRkRXZlbnRMaXN0ZW5lciUyOCUyMmFkb2JlX2RjX3ZpZXdfc2RrLnJlYWR5JTIyJTJDJTIwZnVuY3Rpb24lMjglMjklN0IlMjAlMEElMDklMEElMEF2YXIlMjBhZG9iZURDVmlldzIlMjAlM0QlMjBuZXclMjBBZG9iZURDLlZpZXclMjglN0JjbGllbnRJZCUzQSUyMCUyMmRlNDkwOGU0YmY1YjQ5MWU4MzM3ZWNiNGZhOThkZDIwJTIyJTJDJTIwZGl2SWQlM0ElMjAlMjJhZG9iZS1kYy12aWV3LTIlMjIlN0QlMjklM0IlMEElMDklMEElMEElMEFhZG9iZURDVmlldzIucHJldmlld0ZpbGUlMjglN0IlMEElMjAlMjAlMjAlMjAlMjAlMjAlMjAlMjBjb250ZW50JTNBJTdCJTBBJTIwJTIwJTIwJTIwJTIwJTIwJTIwJTIwJTIwJTIwJTIwJTIwJTIwJTIwJTIwJTIwbG9jYXRpb24lM0ElMjAlN0IlMEElMjAlMjAlMjAlMjAlMjAlMjAlMjAlMjAlMjAlMjAlMjAlMjAlMjAlMjAlMjAlMjAlMjAlMjAlMjAlMjAlMjAlMjAlMjAlMjB1cmwlM0ElMjAlMjJodHRwcyUzQSUyRiUyRmV4Y2VsbGVtZC5jb20lMkZ3cC1jb250ZW50JTJGdXBsb2FkcyUyRjIwMjYlMkYwMiUyRmNhdGFsb2ctcGF0aWVudHMtZW4ucGRmJTIyJTBBJTIwJTIwJTIwJTIwJTIwJTIwJTIwJTIwJTIwJTIwJTIwJTIwJTIwJTIwJTIwJTIwJTdEJTBBJTIwJTIwJTIwJTIwJTIwJTIwJTIwJTIwJTdEJTJDJTBBJTIwJTIwJTIwJTIwJTIwJTIwJTIwJTIwbWV0YURhdGElM0ElN0JmaWxlTmFtZSUzQSUyMCUyMlByaWNlJTIwbGlzdCUyMCUyOFN0YXJ0aW5nJTIwSnVseSUyMDE1dGglMjAyMDIzJTI5LnBkZiUyMiU3RCUwQSUwOSU3RCUyQyUyMGNvbmZpZyUyMCUyOS50aGVuJTI4YWRvYmVWaWV3ZXIlMjAlM0QlM0UlMjAlN0IlMEElMjAlMjAlMjAlMjAlMjAlMjAlMjAlMjAlMjAlMjAlMjAlMjAlMjAlMjAlMjAlMjBhZG9iZVZpZXdlci5nZXRBUElzJTI4JTI5LnRoZW4lMjhhcGlzJTIwJTNEJTNFJTIwJTdCJTBBJTIwJTIwJTIwJTIwJTIwJTIwJTIwJTIwJTIwJTIwJTIwJTIwJTIwJTIwJTIwJTIwJTIwJTIwJTIwJTIwJTIwJTIwJTIwYXBpcy5lbmFibGVUZXh0U2VsZWN0aW9uJTI4YWxsb3dUZXh0U2VsZWN0aW9uJTI5JTBBJTIwJTIwJTIwJTIwJTIwJTIwJTIwJTIwJTIwJTIwJTIwJTIwJTIwJTIwJTIwJTIwJTIwJTIwJTIwJTIwJTIwJTIwJTIwJTIwJTIwJTIwJTIwJTIwJTIwJTIwJTIwJTIwLnRoZW4lMjglMjglMjklMjAlM0QlM0UlMjBjb25zb2xlLmxvZyUyOCUyMlN1Y2Nlc3MlMjIlMjklMjklMEElMjAlMjAlMjAlMjAlMjAlMjAlMjAlMjAlMjAlMjAlMjAlMjAlMjAlMjAlMjAlMjAlMjAlMjAlMjAlMjAlMjAlMjAlMjAlMjAlMjAlMjAlMjAlMjAlMjAlMjAlMjAlMjAuY2F0Y2glMjhlcnJvciUyMCUzRCUzRSUyMGNvbnNvbGUubG9nJTI4ZXJyb3IlMjklMjklM0IlMEElMjAlMjAlMjAlMjAlMjAlMjAlMjAlMjAlMjAlMjAlMjAlMjAlMjAlMjAlMjAlMjAlMjAlMjAlMjAlMjAlMjAlMjAlMjAlMjAlN0QlMjklM0IlMEElMjAlMjAlMjAlMjAlMjAlMjAlMjAlMjAlMjAlMjAlMjAlMjAlMjAlMjAlMjAlMjAlN0QlMjklM0IlMEElMEElN0QlMjklM0IlMEElMjAlMjAlMjAlMjAlMjAlMjAlMjAlMEElM0MlMkZzY3JpcHQlM0UlMEE=[\/vc_raw_html][\/vc_column][\/vc_row]","og_url":"https:\/\/excellemd.com\/en\/currentpricing\/","og_site_name":"Excelle MD","article_modified_time":"2026-02-20T15:09:15+00:00","twitter_card":"summary_large_image","twitter_misc":{"Est. reading time":"1 minute"},"schema":{"@context":"https:\/\/schema.org","@graph":[{"@type":"WebPage","@id":"https:\/\/excellemd.com\/en\/currentpricing\/","url":"https:\/\/excellemd.com\/en\/currentpricing\/","name":"currentpricing - Excelle MD","isPartOf":{"@id":"https:\/\/excellemd.com\/#website"},"datePublished":"2021-11-02T19:01:52+00:00","dateModified":"2026-02-20T15:09:15+00:00","breadcrumb":{"@id":"https:\/\/excellemd.com\/en\/currentpricing\/#breadcrumb"},"inLanguage":"en-US","potentialAction":[{"@type":"ReadAction","target":["https:\/\/excellemd.com\/en\/currentpricing\/"]}]},{"@type":"BreadcrumbList","@id":"https:\/\/excellemd.com\/en\/currentpricing\/#breadcrumb","itemListElement":[{"@type":"ListItem","position":1,"name":"Accueil","item":"https:\/\/excellemd.com\/en\/"},{"@type":"ListItem","position":2,"name":"currentpricing"}]},{"@type":"WebSite","@id":"https:\/\/excellemd.com\/#website","url":"https:\/\/excellemd.com\/","name":"Excelle MD","description":"une clinique priv\u00e9e, qui offre \u00e0 leur client\u00e8le des soins m\u00e9dicaux rapides d\u2019acc\u00e8s","potentialAction":[{"@type":"SearchAction","target":{"@type":"EntryPoint","urlTemplate":"https:\/\/excellemd.com\/?s={search_term_string}"},"query-input":{"@type":"PropertyValueSpecification","valueRequired":true,"valueName":"search_term_string"}}],"inLanguage":"en-US"}]}},"taxonomy_info":[],"featured_image_src_large":false,"author_info":{"display_name":"Vikrant Datta","author_link":"https:\/\/excellemd.com\/en\/author\/vikrant-dattawell-company\/"},"comment_info":0,"_links":{"self":[{"href":"https:\/\/excellemd.com\/en\/wp-json\/wp\/v2\/pages\/7491","targetHints":{"allow":["GET"]}}],"collection":[{"href":"https:\/\/excellemd.com\/en\/wp-json\/wp\/v2\/pages"}],"about":[{"href":"https:\/\/excellemd.com\/en\/wp-json\/wp\/v2\/types\/page"}],"author":[{"embeddable":true,"href":"https:\/\/excellemd.com\/en\/wp-json\/wp\/v2\/users\/15"}],"replies":[{"embeddable":true,"href":"https:\/\/excellemd.com\/en\/wp-json\/wp\/v2\/comments?post=7491"}],"version-history":[{"count":5,"href":"https:\/\/excellemd.com\/en\/wp-json\/wp\/v2\/pages\/7491\/revisions"}],"predecessor-version":[{"id":12753,"href":"https:\/\/excellemd.com\/en\/wp-json\/wp\/v2\/pages\/7491\/revisions\/12753"}],"wp:attachment":[{"href":"https:\/\/excellemd.com\/en\/wp-json\/wp\/v2\/media?parent=7491"}],"curies":[{"name":"wp","href":"https:\/\/api.w.org\/{rel}","templated":true}]}}