{"id":7724,"date":"2022-01-04T19:03:55","date_gmt":"2022-01-04T18:03:55","guid":{"rendered":"https:\/\/excellemd.com\/?page_id=7724"},"modified":"2025-06-15T22:43:09","modified_gmt":"2025-06-15T20:43:09","slug":"hematologie-et-oncologie-2","status":"publish","type":"page","link":"https:\/\/excellemd.com\/en\/hematologie-et-oncologie-2\/","title":{"rendered":"H\u00e9matologie et oncologie"},"content":{"rendered":"[vc_row][vc_column][vc_column_text]<p>[\/vc_column_text][\/vc_column][\/vc_row][vc_row][vc_column]<div id=\"ultimate-heading-132469d97ccfa91c1\" class=\"uvc-heading ult-adjust-bottom-margin ultimate-heading-132469d97ccfa91c1 uvc-8170 \" data-hspacer=\"line_only\"  data-halign=\"center\" style=\"text-align:center\"><div class=\"uvc-main-heading ult-responsive\"  data-ultimate-target='.uvc-heading.ultimate-heading-132469d97ccfa91c1 h2'  data-responsive-json-new='{\"font-size\":\"desktop:30px;\",\"line-height\":\"desktop:60px;\"}' ><h2 style=\"font-family:&#039;Open Sans&#039;;font-weight:700;\">Hematology \/ Oncology<\/h2><\/div><div class=\"uvc-heading-spacer line_only\" style=\"topheight:5px;\"><span class=\"uvc-headings-line\" style=\"border-style:solid;border-bottom-width:5px;border-color:#0288d1;width:200px;\"><\/span><\/div><\/div>[vc_column_text]<\/p>\n<div style=\"text-align: center;\">\n<strong>The ExcelleMD clinic in Saint-Eustache is proud to offer hematology and oncology services!<\/strong><\/p>\n<p>We quickly offer customers suffering from cancerous pathologies or haematological problems, quality services in a warm atmosphere.<\/p>\n<p>We receive people with suspected cancer for investigation, confirmed cancers to initiate systemic treatments and blood diseases. We also receive patients diagnosed with cancer for a second opinion and for cancer screening counseling. We can inform you about your pathology, provide appropriate care and \/ or quickly refer you to a center of expertise and provide support to patients and their families.<\/p>\n<p>All appointments are given at the Saint-Eustache clinic with Dre. Mich\u00e8le Racine-Rainville.<\/p>\n<p>She will be able to see you at the clinic for several types of treatment, depending on your diagnosis.<\/p>\n<p><strong>Contact us now at 450-735-8111.<\/strong><\/p>\n<\/div>\n<p>[\/vc_column_text][vc_empty_space height=&#8221;10px&#8221;][\/vc_column][\/vc_row][vc_row][vc_column][vc_column_text]<\/p>\n[\/vc_column_text][\/vc_column][\/vc_row][vc_row][vc_column][vc_column_text]<p>[\/vc_column_text][\/vc_column][\/vc_row][vc_row equal_height=&#8221;yes&#8221;][vc_column width=&#8221;1\/2&#8243;][vc_column_text]<\/p>\n<h3 style=\"color: #444444; font-size: 26px; font-weight: bold;\">Eligible reasons for consultation<\/h3>\n<hr style=\"position: relative; background-color: #0288d1; height: 5px; width: 540px; left: -20px; margin-bottom: 50px;\">\n<ul style=\"color: #626262;\">\n<li>Splenomegaly (spleen increased in size) <\/li>\n<li>Lymphadenopathy (large lymph node)<\/li>\n<li>Suspected lymphoma (lymph node cancer)<\/li>\n<li>Anemia (lack of red blood cells)<\/li>\n<li>Polycythemia (too many red blood cells)<\/li>\n<li>Microcytosis, macrocytosis (red blood cells too small or too large)<\/li>\n<li>Leukopenia (lack of white blood cells)<\/li>\n<li>Leukophilia (too many white blood cells)<\/li>\n<li>Thrombocytopenia (lack of platelets)<\/li>\n<li>Thrombocytosis (too many platelets)<\/li>\n<li>Hemoglobinopathy (red blood cell\/hemoglobin formation problem)<\/li>\n<li>Coagulopathy (abnormal bleeding problem)<\/li>\n<li>Thrombophilia (blood clot problem, unusual thrombosis)<\/li>\n<li>Monoclonal peak, dysproteinemia, MGUS (blood protein levels too high)<\/li>\n<li>Suspected leukemia, myelodysplastic syndrome, myeloproliferative syndrome, myelemia (Pre-cancers of the blood)<\/li>\n<li>Lytic and blast bone lesions (bone cancer, metastases)<\/li>\n<li>Hyperferritinemia (high ferritin, too much iron in the blood)<\/li>\n<li>Cancer treatment (chemotherapy, immunotherapy, targeted therapy)<\/li>\n<li>Cancer screening\/prevention<\/li>\n<li>Second oncological opinion (following a cancer diagnosis \/ treatment proposal, if desired, a 2nd opinion will be offered for rediscussion of the diagnosis and treatment; no medical reference required)<\/li>\n<\/ul>\n<p>[\/vc_column_text][\/vc_column][vc_column width=&#8221;1\/2&#8243;][vc_column_text]<\/p>\n<div style=\"display:flex; flex-direction:column;justify-content:space-between;\">\n<div>\n<h3 style=\"color: #444444; font-size: 26px; font-weight: bold;\">Treatments<\/h3>\n<hr style=\"position: relative; background-color: #0288d1; height: 5px; width: 540px; left: -20px; margin-bottom: 50px;\">\n<p>\n<strong style=\"color: #626262; font-weight:bold;font-style:normal;\">Treatment of all types of confirmed cancer <\/strong><br \/>(Certain chemotherapy agents, immunotherapy, targeted therapy)<\/p>\n<p>Examples<\/p>\n<ul>\n<li>Lung<\/li>\n<li>Breast<\/li>\n<li>Prostate<\/li>\n<li>Etc.<\/li>\n<\/ul>\n<p style=\"color: #444444; font-weight:bold;\">Cancer screening based on your risk factors<\/p>\n<p>Examples<\/p>\n<ul>\n<li>Age<\/li>\n<li>Gender<\/li>\n<li>Lifestyle (e.g. smoking, work in asbestos)<\/li>\n<li>Family history (e.g. breast, colon or any other cancer)<\/li>\n<\/ul>\n<p>\nExcelleMD is the first private clinic in Quebec to offer systemic oncology treatments.<\/p>\n<\/div>\n<div style=\"display:flex; flex-direction:column;justify-content:space-between;\">\n<div>\n<h3 style=\"color: #444444; font-size: 26px; font-weight: bold;\">To make an appointment<\/h3>\n<hr style=\"position: relative; background-color: #0288d1; height: 5px; width: 540px; left: -20px; margin-bottom: 50px;\">\n<p><strong style=\"font-size:20px;\">We only see adults (18+) for this service.<\/strong><\/p>\n<p style=\"margin-top:1rem\">Have on hand:<\/p>\n<ul style=\"color: #626262;\">\n<li>Documents \/ reports of assessments already made (laboratory imaging results, biospy, etc.)<\/li>\n<li>Up-to-date medication list<\/li>\n<p>        <!--\n\n<li>Request from your doctor with explanations<\/li>\n\n-->\n<\/ul>\n<p style=\"color:#444444;font-weight:bold;\">No reference required<\/p>\n<p><strong style=\"color: #2991D6\">Contact us at 450-735-8111 to make an appointment<\/strong>\n<\/div>\n<div style=\"margin-top:auto;margin-bottom:0px;\">\n<h3 style=\"color: #444444; font-size: 26px; font-weight: bold;\">Exclusions (We can&#8217;t treat)<\/h3>\n<hr style=\"position: relative; background-color: #0288d1; height: 5px; width: 540px; left: -20px; margin-bottom: 50px;\">\n<ul style=\"color: #626262;\">\n<li>Request for a bone marrow biopsy<\/li>\n<\/ul>\n<\/div>\n<\/div>\n<p>[\/vc_column_text][\/vc_column][\/vc_row][vc_row][vc_column][vc_column_text]<\/p><\/div>\n<p>[vc_row][vc_column width=&#8221;1\/1&#8243;][vc_column_text]<\/p>\n[\/vc_column_text][\/vc_column][\/vc_row][vc_row][vc_column][vc_empty_space height=&#8221;10px&#8221;][\/vc_column][\/vc_row][vc_row full_width=&#8221;stretch_row_content_no_spaces&#8221; content_placement=&#8221;middle&#8221; bg_type=&#8221;grad&#8221; bg_override=&#8221;full&#8221; css=&#8221;.vc_custom_1622119674442{background-color: #ffffff !important;}&#8221; bg_grad=&#8221;background: -webkit-gradient(linear, left top, left bottom, color-stop(0%, #49B4E2), color-stop(99%, #0271A8));background: -moz-linear-gradient(left,#49B4E2 0%,#0271A8 99%);background: -webkit-linear-gradient(left,#49B4E2 0%,#0271A8 99%);background: -o-linear-gradient(left,#49B4E2 0%,#0271A8 99%);background: -ms-linear-gradient(left,#49B4E2 0%,#0271A8 99%);background: linear-gradient(left,#49B4E2 0%,#0271A8 99%);&#8221;][vc_column css=&#8221;.vc_custom_1622119847062{padding-top: 70px !important;padding-bottom: 20px !important;}&#8221;]<div id=\"ultimate-heading-423369d97ccfa9363\" class=\"uvc-heading ult-adjust-bottom-margin ultimate-heading-423369d97ccfa9363 uvc-2297 \" data-hspacer=\"no_spacer\"  data-halign=\"center\" style=\"text-align:center\"><div class=\"uvc-heading-spacer no_spacer\" style=\"top\"><\/div><div class=\"uvc-main-heading ult-responsive\"  data-ultimate-target='.uvc-heading.ultimate-heading-423369d97ccfa9363 h2'  data-responsive-json-new='{\"font-size\":\"desktop:30px;\",\"line-height\":\"\"}' ><h2 style=\"font-family:&#039;Open Sans&#039;;font-weight:700;color:#ffffff;\">MAKE AN APPOINTMENT TODAY!<\/h2><\/div><\/div><div class=\" ubtn-ctn-center \"><a class=\"ubtn-link ult-adjust-bottom-margin ubtn-center ubtn-large \" href=\"https:\/\/clients3.clicsante.ca\/65565\/take-appt\" ><button type=\"button\" id=\"ubtn-8719\"  class=\"ubtn ult-adjust-bottom-margin ult-responsive ubtn-large ubtn-no-hover-bg  none  ubtn-sep-icon ubtn-sep-icon-right-push  ubtn-center   tooltip-69d97ccfa9417\"  data-hover=\"\" data-border-color=\"\" data-bg=\"#efefef\" data-hover-bg=\"\" data-border-hover=\"\" data-shadow-hover=\"\" data-shadow-click=\"none\" data-shadow=\"\" data-shd-shadow=\"\"  data-ultimate-target='#ubtn-8719'  data-responsive-json-new='{\"font-size\":\"desktop:25px;\",\"line-height\":\"\"}'  style=\"font-family:&#039;Open Sans&#039;;font-weight:700;border:none;background: #efefef;color: #1e73be;\"><span class=\"ubtn-data ubtn-icon\"><i class=\"Defaults-angle-right\" style=\"font-size:50px;color:#1e73be;\"><\/i><\/span><span class=\"ubtn-hover\" style=\"background-color:\"><\/span><span class=\"ubtn-data ubtn-text \" >MAKE AN APPOINTMENT<\/span><\/button><\/a><\/div>[\/vc_column][\/vc_row][vc_row][vc_column][vc_column_text]<p>[\/vc_column_text][\/vc_column][\/vc_row][vc_row el_class=&#8221;section-grey-bg&#8221; css=&#8221;.vc_custom_1622111609400{margin-top: 0px !important;margin-right: 0px !important;margin-bottom: 0px !important;margin-left: 0px !important;padding-top: 30px !important;padding-right: 0px !important;padding-bottom: 0px !important;padding-left: 0px !important;background-color: #fcfcfc !important;}&#8221;][vc_column css=&#8221;.vc_custom_1622103924862{margin: 0px !important;padding: 0px !important;}&#8221;]<div id=\"ultimate-heading-896769d97ccfa952e\" class=\"uvc-heading ult-adjust-bottom-margin ultimate-heading-896769d97ccfa952e uvc-3903 \" data-hspacer=\"line_only\"  data-halign=\"center\" style=\"text-align:center\"><div class=\"uvc-main-heading ult-responsive\"  data-ultimate-target='.uvc-heading.ultimate-heading-896769d97ccfa952e h2'  data-responsive-json-new='{\"font-size\":\"desktop:25px;\",\"line-height\":\"desktop:60px;\"}' ><h2 style=\"font-family:&#039;Open Sans&#039;;font-weight:600;\">Dre. Mich\u00e8le Racine-Rainville<\/h2><\/div><div class=\"uvc-heading-spacer line_only\" style=\"topheight:5px;\"><span class=\"uvc-headings-line\" style=\"border-style:solid;border-bottom-width:5px;border-color:#0288d1;width:375px;\"><\/span><\/div><\/div>[vc_column_text]<\/p>\n<table style=\"border-collapse: collapse; cell-padding: 0; cell-spacing: 0; border: 0;\">\n<tbody>\n<tr>\n<td style=\"border: 0;background:none;\" width=\"300\" height=\"300\"><img loading=\"lazy\" decoding=\"async\" src=\"https:\/\/excellemd.com\/wp-content\/uploads\/2021\/12\/Ellipse-1-300x300.png\" alt=\"Dre.\u00e9 Mich\u00e8le Racine-Rainville photo\" width=\"300\" height=\"300\"><\/td>\n<td style=\"text-align: left; align: top; padding-left: 25px; vertical-align: top; border: 0;background:none;\">Dre. Mich\u00e8le Racine-Rainville is a graduate of the University of Montreal where she completed her residency and obtained her specialty certification in hematology and oncology. In 2015, she worked concurrently at the Sacr\u00e9-Coeur Hospital and Saint-Eustache Hospital as a hemato-oncologist until 2018. She then decided to focus her practice at the Saint-Eustache Hospital where, in collaboration with two other doctors, she participates in the establishment of the cancer center. Today, she offers her services to the private sector, in our ExcelleMD clinic in Saint-Eustache. <\/td>\n<\/tr>\n<\/tbody>\n<\/table>\n<p>[\/vc_column_text][\/vc_column][\/vc_row][vc_row][vc_column][vc_column_text]<\/p>\n[\/vc_column_text][\/vc_column][\/vc_row]","protected":false},"excerpt":{"rendered":"<p>[vc_row][vc_column][vc_column_text][\/vc_column_text][\/vc_column][\/vc_row][vc_row][vc_column][vc_column_text][\/vc_column_text][\/vc_column][\/vc_row][vc_row][vc_column][vc_empty_space height=&#8221;10px&#8221;][\/vc_column][\/vc_row][vc_row full_width=&#8221;stretch_row_content_no_spaces&#8221; content_placement=&#8221;middle&#8221; bg_type=&#8221;grad&#8221; bg_override=&#8221;full&#8221; css=&#8221;.vc_custom_1622119674442{background-color: #ffffff !important;}&#8221; bg_grad=&#8221;background: -webkit-gradient(linear, left top, left bottom, color-stop(0%, #49B4E2), color-stop(99%, #0271A8));background: -moz-linear-gradient(left,#49B4E2 0%,#0271A8 99%);background: -webkit-linear-gradient(left,#49B4E2 0%,#0271A8 99%);background: -o-linear-gradient(left,#49B4E2 [&hellip;]<\/p>\n","protected":false},"author":15,"featured_media":0,"parent":0,"menu_order":0,"comment_status":"closed","ping_status":"closed","template":"","meta":{"_acf_changed":false,"_kad_blocks_custom_css":"","_kad_blocks_head_custom_js":"","_kad_blocks_body_custom_js":"","_kad_blocks_footer_custom_js":"","footnotes":""},"class_list":["post-7724","page","type-page","status-publish","hentry"],"acf":[],"yoast_head":"<!-- This site is optimized with the Yoast SEO plugin v27.3 - https:\/\/yoast.com\/product\/yoast-seo-wordpress\/ -->\n<title>H\u00e9matologie et oncologie - Excelle MD<\/title>\n<meta name=\"robots\" content=\"index, follow, max-snippet:-1, max-image-preview:large, max-video-preview:-1\" \/>\n<link rel=\"canonical\" href=\"https:\/\/excellemd.com\/en\/hematologie-et-oncologie-2\/\" \/>\n<meta property=\"og:locale\" content=\"en_US\" \/>\n<meta property=\"og:type\" content=\"article\" \/>\n<meta property=\"og:title\" content=\"H\u00e9matologie et oncologie - Excelle MD\" \/>\n<meta property=\"og:description\" content=\"[vc_row][vc_column][vc_column_text][\/vc_column_text][\/vc_column][\/vc_row][vc_row][vc_column][vc_column_text][\/vc_column_text][\/vc_column][\/vc_row][vc_row][vc_column][vc_empty_space height=&#8221;10px&#8221;][\/vc_column][\/vc_row][vc_row full_width=&#8221;stretch_row_content_no_spaces&#8221; content_placement=&#8221;middle&#8221; bg_type=&#8221;grad&#8221; bg_override=&#8221;full&#8221; css=&#8221;.vc_custom_1622119674442{background-color: #ffffff !important;}&#8221; bg_grad=&#8221;background: -webkit-gradient(linear, left top, left bottom, color-stop(0%, #49B4E2), color-stop(99%, #0271A8));background: -moz-linear-gradient(left,#49B4E2 0%,#0271A8 99%);background: -webkit-linear-gradient(left,#49B4E2 0%,#0271A8 99%);background: -o-linear-gradient(left,#49B4E2 [&hellip;]\" \/>\n<meta property=\"og:url\" content=\"https:\/\/excellemd.com\/en\/hematologie-et-oncologie-2\/\" \/>\n<meta property=\"og:site_name\" content=\"Excelle MD\" \/>\n<meta property=\"article:modified_time\" content=\"2025-06-15T20:43:09+00:00\" \/>\n<meta property=\"og:image\" content=\"https:\/\/excellemd.com\/wp-content\/uploads\/2021\/12\/Ellipse-1-300x300.png\" \/>\n<meta name=\"twitter:card\" content=\"summary_large_image\" \/>\n<meta name=\"twitter:label1\" content=\"Est. reading time\" \/>\n\t<meta name=\"twitter:data1\" content=\"5 minutes\" \/>\n<script type=\"application\/ld+json\" class=\"yoast-schema-graph\">{\"@context\":\"https:\\\/\\\/schema.org\",\"@graph\":[{\"@type\":\"WebPage\",\"@id\":\"https:\\\/\\\/excellemd.com\\\/en\\\/hematologie-et-oncologie-2\\\/\",\"url\":\"https:\\\/\\\/excellemd.com\\\/en\\\/hematologie-et-oncologie-2\\\/\",\"name\":\"H\u00e9matologie et oncologie - Excelle MD\",\"isPartOf\":{\"@id\":\"https:\\\/\\\/excellemd.com\\\/#website\"},\"primaryImageOfPage\":{\"@id\":\"https:\\\/\\\/excellemd.com\\\/en\\\/hematologie-et-oncologie-2\\\/#primaryimage\"},\"image\":{\"@id\":\"https:\\\/\\\/excellemd.com\\\/en\\\/hematologie-et-oncologie-2\\\/#primaryimage\"},\"thumbnailUrl\":\"https:\\\/\\\/excellemd.com\\\/wp-content\\\/uploads\\\/2021\\\/12\\\/Ellipse-1-300x300.png\",\"datePublished\":\"2022-01-04T18:03:55+00:00\",\"dateModified\":\"2025-06-15T20:43:09+00:00\",\"breadcrumb\":{\"@id\":\"https:\\\/\\\/excellemd.com\\\/en\\\/hematologie-et-oncologie-2\\\/#breadcrumb\"},\"inLanguage\":\"en-US\",\"potentialAction\":[{\"@type\":\"ReadAction\",\"target\":[\"https:\\\/\\\/excellemd.com\\\/en\\\/hematologie-et-oncologie-2\\\/\"]}]},{\"@type\":\"ImageObject\",\"inLanguage\":\"en-US\",\"@id\":\"https:\\\/\\\/excellemd.com\\\/en\\\/hematologie-et-oncologie-2\\\/#primaryimage\",\"url\":\"https:\\\/\\\/excellemd.com\\\/wp-content\\\/uploads\\\/2021\\\/12\\\/Ellipse-1-300x300.png\",\"contentUrl\":\"https:\\\/\\\/excellemd.com\\\/wp-content\\\/uploads\\\/2021\\\/12\\\/Ellipse-1-300x300.png\"},{\"@type\":\"BreadcrumbList\",\"@id\":\"https:\\\/\\\/excellemd.com\\\/en\\\/hematologie-et-oncologie-2\\\/#breadcrumb\",\"itemListElement\":[{\"@type\":\"ListItem\",\"position\":1,\"name\":\"Accueil\",\"item\":\"https:\\\/\\\/excellemd.com\\\/en\\\/\"},{\"@type\":\"ListItem\",\"position\":2,\"name\":\"H\u00e9matologie et oncologie\"}]},{\"@type\":\"WebSite\",\"@id\":\"https:\\\/\\\/excellemd.com\\\/#website\",\"url\":\"https:\\\/\\\/excellemd.com\\\/\",\"name\":\"Excelle MD\",\"description\":\"une clinique priv\u00e9e, qui offre \u00e0 leur client\u00e8le des soins m\u00e9dicaux rapides d\u2019acc\u00e8s\",\"potentialAction\":[{\"@type\":\"SearchAction\",\"target\":{\"@type\":\"EntryPoint\",\"urlTemplate\":\"https:\\\/\\\/excellemd.com\\\/?s={search_term_string}\"},\"query-input\":{\"@type\":\"PropertyValueSpecification\",\"valueRequired\":true,\"valueName\":\"search_term_string\"}}],\"inLanguage\":\"en-US\"}]}<\/script>\n<!-- \/ Yoast SEO plugin. -->","yoast_head_json":{"title":"H\u00e9matologie et oncologie - Excelle MD","robots":{"index":"index","follow":"follow","max-snippet":"max-snippet:-1","max-image-preview":"max-image-preview:large","max-video-preview":"max-video-preview:-1"},"canonical":"https:\/\/excellemd.com\/en\/hematologie-et-oncologie-2\/","og_locale":"en_US","og_type":"article","og_title":"H\u00e9matologie et oncologie - Excelle MD","og_description":"[vc_row][vc_column][vc_column_text][\/vc_column_text][\/vc_column][\/vc_row][vc_row][vc_column][vc_column_text][\/vc_column_text][\/vc_column][\/vc_row][vc_row][vc_column][vc_empty_space height=&#8221;10px&#8221;][\/vc_column][\/vc_row][vc_row full_width=&#8221;stretch_row_content_no_spaces&#8221; content_placement=&#8221;middle&#8221; bg_type=&#8221;grad&#8221; bg_override=&#8221;full&#8221; css=&#8221;.vc_custom_1622119674442{background-color: #ffffff !important;}&#8221; bg_grad=&#8221;background: -webkit-gradient(linear, left top, left bottom, color-stop(0%, #49B4E2), color-stop(99%, #0271A8));background: -moz-linear-gradient(left,#49B4E2 0%,#0271A8 99%);background: -webkit-linear-gradient(left,#49B4E2 0%,#0271A8 99%);background: -o-linear-gradient(left,#49B4E2 [&hellip;]","og_url":"https:\/\/excellemd.com\/en\/hematologie-et-oncologie-2\/","og_site_name":"Excelle MD","article_modified_time":"2025-06-15T20:43:09+00:00","og_image":[{"url":"https:\/\/excellemd.com\/wp-content\/uploads\/2021\/12\/Ellipse-1-300x300.png","type":"","width":"","height":""}],"twitter_card":"summary_large_image","twitter_misc":{"Est. reading time":"5 minutes"},"schema":{"@context":"https:\/\/schema.org","@graph":[{"@type":"WebPage","@id":"https:\/\/excellemd.com\/en\/hematologie-et-oncologie-2\/","url":"https:\/\/excellemd.com\/en\/hematologie-et-oncologie-2\/","name":"H\u00e9matologie et oncologie - Excelle MD","isPartOf":{"@id":"https:\/\/excellemd.com\/#website"},"primaryImageOfPage":{"@id":"https:\/\/excellemd.com\/en\/hematologie-et-oncologie-2\/#primaryimage"},"image":{"@id":"https:\/\/excellemd.com\/en\/hematologie-et-oncologie-2\/#primaryimage"},"thumbnailUrl":"https:\/\/excellemd.com\/wp-content\/uploads\/2021\/12\/Ellipse-1-300x300.png","datePublished":"2022-01-04T18:03:55+00:00","dateModified":"2025-06-15T20:43:09+00:00","breadcrumb":{"@id":"https:\/\/excellemd.com\/en\/hematologie-et-oncologie-2\/#breadcrumb"},"inLanguage":"en-US","potentialAction":[{"@type":"ReadAction","target":["https:\/\/excellemd.com\/en\/hematologie-et-oncologie-2\/"]}]},{"@type":"ImageObject","inLanguage":"en-US","@id":"https:\/\/excellemd.com\/en\/hematologie-et-oncologie-2\/#primaryimage","url":"https:\/\/excellemd.com\/wp-content\/uploads\/2021\/12\/Ellipse-1-300x300.png","contentUrl":"https:\/\/excellemd.com\/wp-content\/uploads\/2021\/12\/Ellipse-1-300x300.png"},{"@type":"BreadcrumbList","@id":"https:\/\/excellemd.com\/en\/hematologie-et-oncologie-2\/#breadcrumb","itemListElement":[{"@type":"ListItem","position":1,"name":"Accueil","item":"https:\/\/excellemd.com\/en\/"},{"@type":"ListItem","position":2,"name":"H\u00e9matologie et oncologie"}]},{"@type":"WebSite","@id":"https:\/\/excellemd.com\/#website","url":"https:\/\/excellemd.com\/","name":"Excelle MD","description":"une clinique priv\u00e9e, qui offre \u00e0 leur client\u00e8le des soins m\u00e9dicaux rapides d\u2019acc\u00e8s","potentialAction":[{"@type":"SearchAction","target":{"@type":"EntryPoint","urlTemplate":"https:\/\/excellemd.com\/?s={search_term_string}"},"query-input":{"@type":"PropertyValueSpecification","valueRequired":true,"valueName":"search_term_string"}}],"inLanguage":"en-US"}]}},"taxonomy_info":[],"featured_image_src_large":false,"author_info":{"display_name":"Vikrant Datta","author_link":"https:\/\/excellemd.com\/en\/author\/vikrant-dattawell-company\/"},"comment_info":0,"_links":{"self":[{"href":"https:\/\/excellemd.com\/en\/wp-json\/wp\/v2\/pages\/7724","targetHints":{"allow":["GET"]}}],"collection":[{"href":"https:\/\/excellemd.com\/en\/wp-json\/wp\/v2\/pages"}],"about":[{"href":"https:\/\/excellemd.com\/en\/wp-json\/wp\/v2\/types\/page"}],"author":[{"embeddable":true,"href":"https:\/\/excellemd.com\/en\/wp-json\/wp\/v2\/users\/15"}],"replies":[{"embeddable":true,"href":"https:\/\/excellemd.com\/en\/wp-json\/wp\/v2\/comments?post=7724"}],"version-history":[{"count":5,"href":"https:\/\/excellemd.com\/en\/wp-json\/wp\/v2\/pages\/7724\/revisions"}],"predecessor-version":[{"id":12683,"href":"https:\/\/excellemd.com\/en\/wp-json\/wp\/v2\/pages\/7724\/revisions\/12683"}],"wp:attachment":[{"href":"https:\/\/excellemd.com\/en\/wp-json\/wp\/v2\/media?parent=7724"}],"curies":[{"name":"wp","href":"https:\/\/api.w.org\/{rel}","templated":true}]}}