{"id":7790,"date":"2022-01-11T14:54:15","date_gmt":"2022-01-11T13:54:15","guid":{"rendered":"https:\/\/excellemd.com\/?page_id=7790"},"modified":"2024-12-20T15:07:04","modified_gmt":"2024-12-20T14:07:04","slug":"dermatology","status":"publish","type":"page","link":"https:\/\/excellemd.com\/en\/dermatology\/","title":{"rendered":"Dermatology"},"content":{"rendered":"<p>[vc_row][vc_column]<div id=\"ultimate-heading-141069d11ca7898c3\" class=\"uvc-heading ult-adjust-bottom-margin ultimate-heading-141069d11ca7898c3 uvc-9706 \" data-hspacer=\"line_only\"  data-halign=\"center\" style=\"text-align:center\"><div class=\"uvc-main-heading ult-responsive\"  data-ultimate-target='.uvc-heading.ultimate-heading-141069d11ca7898c3 h2'  data-responsive-json-new='{\"font-size\":\"desktop:30px;\",\"line-height\":\"desktop:60px;\"}' ><h2 style=\"font-family:&#039;Open Sans&#039;;font-weight:700;\">Dermatology<\/h2><\/div><div class=\"uvc-heading-spacer line_only\" style=\"topheight:5px;\"><span class=\"uvc-headings-line\" style=\"border-style:solid;border-bottom-width:5px;border-color:#0288d1;width:200px;\"><\/span><\/div><\/div>[vc_column_text]<\/p>\n<div style=\"text-align: center;\">\n<p><strong>The ExcelleMD clinics in are proud to offer you the services of Dr. Pouliot!<\/strong><\/p>\n<p><strong>Dr. Pouliot is a family physician and has been providing dermatology services for many years.<\/strong><\/p>\n<p>We quickly offer customers with dermatological pathologies quality services in a warm atmosphere.<\/p>\n<p>He will be able to see you for several types of assessments or treatments.<\/p>\n<p><strong>Contact us now at 450-735-8111, Ext 1007.<\/strong><\/p>\n<\/div>\n<p>[\/vc_column_text][vc_empty_space height=&#8221;10px&#8221;][\/vc_column][\/vc_row][vc_row equal_height=&#8221;yes&#8221;][vc_column width=&#8221;1\/2&#8243;][vc_column_text]<\/p>\n<h3 style=\"color: #444444; font-size: 26px; font-weight: bold;\">Assessment<\/h3>\n<hr style=\"position: relative; background-color: #0288d1; height: 5px; width: 540px; left: -20px; margin-bottom: 50px;\" \/>\n<ul>\n<li>All types of skin lesions (Both benign and malignant)\n<ul>\n<li>Keratosis, skin tag, mole (nevus), angioma, milium grain, &#8230;<\/li>\n<\/ul>\n<\/li>\n<li>Skin diseases\n<ul>\n<li>Dermatitis, dermatosis, rosacea, psoriasis, eczema, acne, pruritus, &#8230;<\/li>\n<\/ul>\n<\/li>\n<li>Hair loss\n<ul>\n<li>Alopecia<\/li>\n<\/ul>\n<\/li>\n<li>Nail problems<\/li>\n<li>Follow-up of patients with multiple nevi or history of skin cancer<\/li>\n<li>Diagnosis by clinical, dermoscopic and biopsy evaluation depending on the lesions or pathologies encountered.<\/li>\n<\/ul>\n<p>[\/vc_column_text][\/vc_column][vc_column width=&#8221;1\/2&#8243;][vc_raw_html]JTNDaDMlMjBzdHlsZSUzRCUyMmNvbG9yJTNBJTIzNDQ0NDQ0JTNCZm9udC1zaXplJTNBMjZweCUzQmZvbnQtd2VpZ2h0JTNBYm9sZCUzQiUyMiUzRVRyZWF0bWVudCUzQyUyRmgzJTNFJTBBJTNDaHIlMjBzdHlsZSUzRCUyMnBvc2l0aW9uJTNBJTIwcmVsYXRpdmUlM0IlMjBiYWNrZ3JvdW5kLWNvbG9yJTNBJTIwJTIzMDI4OGQxJTNCJTIwaGVpZ2h0JTNBJTIwNXB4JTNCJTIwd2lkdGglM0ElMjA1NDBweCUzQiUyMGxlZnQlM0ElMjAtMjBweCUzQm1hcmdpbi1ib3R0b20lM0E1MHB4JTNCJTIyJTIwJTJGJTNFJTBBJTBBJTNDdWwlM0UlMEElMjAlMDklM0NsaSUzRVVzZSUyMG9mJTIwZGlmZmVyZW50JTIwbWVkaWNhbCUyMGFuZCUyMG1pbm9yJTIwc3VyZ2ljYWwlMjBwcm9jZWR1cmVzJTIwZGVwZW5kaW5nJTIwb24lMjB0aGUlMjB0eXBlJTIwb2YlMjBza2luJTIwbGVzaW9uLiUzQyUyRmxpJTNFJTBBJTNDJTJGdWwlM0U=[\/vc_raw_html][\/vc_column][\/vc_row][vc_row][vc_column][vc_empty_space height=&#8221;10px&#8221;][\/vc_column][\/vc_row][vc_row full_width=&#8221;stretch_row_content_no_spaces&#8221; content_placement=&#8221;middle&#8221; bg_type=&#8221;grad&#8221; bg_override=&#8221;full&#8221; css=&#8221;.vc_custom_1622119674442{background-color: #ffffff !important;}&#8221; bg_grad=&#8221;background: -webkit-gradient(linear, left top, left bottom, color-stop(0%, #49B4E2), color-stop(99%, #0271A8));background: -moz-linear-gradient(left,#49B4E2 0%,#0271A8 99%);background: -webkit-linear-gradient(left,#49B4E2 0%,#0271A8 99%);background: -o-linear-gradient(left,#49B4E2 0%,#0271A8 99%);background: -ms-linear-gradient(left,#49B4E2 0%,#0271A8 99%);background: linear-gradient(left,#49B4E2 0%,#0271A8 99%);&#8221;][vc_column css=&#8221;.vc_custom_1622119847062{padding-top: 70px !important;padding-bottom: 20px !important;}&#8221;]<div id=\"ultimate-heading-319169d11ca7899bb\" class=\"uvc-heading ult-adjust-bottom-margin ultimate-heading-319169d11ca7899bb uvc-16 \" data-hspacer=\"no_spacer\"  data-halign=\"center\" style=\"text-align:center\"><div class=\"uvc-heading-spacer no_spacer\" style=\"top\"><\/div><div class=\"uvc-main-heading ult-responsive\"  data-ultimate-target='.uvc-heading.ultimate-heading-319169d11ca7899bb h2'  data-responsive-json-new='{\"font-size\":\"desktop:30px;\",\"line-height\":\"\"}' ><h2 style=\"font-family:&#039;Open Sans&#039;;font-weight:700;color:#ffffff;\">MAKE AN APPOINTMENT TODAY<\/h2><\/div><\/div><div class=\" ubtn-ctn-center \"><a class=\"ubtn-link ult-adjust-bottom-margin ubtn-center ubtn-large \" href=\"https:\/\/excellemd.com\/make-an-appointment\/\" ><button type=\"button\" id=\"ubtn-8778\"  class=\"ubtn ult-adjust-bottom-margin ult-responsive ubtn-large ubtn-no-hover-bg  none  ubtn-sep-icon ubtn-sep-icon-right-push  ubtn-center   tooltip-69d11ca789a4d\"  data-hover=\"\" data-border-color=\"\" data-bg=\"#efefef\" data-hover-bg=\"\" data-border-hover=\"\" data-shadow-hover=\"\" data-shadow-click=\"none\" data-shadow=\"\" data-shd-shadow=\"\"  data-ultimate-target='#ubtn-8778'  data-responsive-json-new='{\"font-size\":\"desktop:25px;\",\"line-height\":\"\"}'  style=\"font-family:&#039;Open Sans&#039;;font-weight:700;border:none;background: #efefef;color: #1e73be;\"><span class=\"ubtn-data ubtn-icon\"><i class=\"Defaults-angle-right\" style=\"font-size:50px;color:#1e73be;\"><\/i><\/span><span class=\"ubtn-hover\" style=\"background-color:\"><\/span><span class=\"ubtn-data ubtn-text \" >MAKE AN APPOINTMENT<\/span><\/button><\/a><\/div>[\/vc_column][\/vc_row][vc_row css=&#8221;.vc_custom_1640723822640{margin-top: 0px !important;margin-right: 0px !important;margin-bottom: 0px !important;margin-left: 0px !important;padding-top: 30px !important;padding-right: 0px !important;padding-bottom: 0px !important;padding-left: 0px !important;background-color: #fcfcfc !important;}&#8221;][vc_column css=&#8221;.vc_custom_1622103924862{margin: 0px !important;padding: 0px !important;}&#8221;]<div id=\"ultimate-heading-969269d11ca789b3e\" class=\"uvc-heading ult-adjust-bottom-margin ultimate-heading-969269d11ca789b3e uvc-6820 \" data-hspacer=\"line_only\"  data-halign=\"center\" style=\"text-align:center\"><div class=\"uvc-main-heading ult-responsive\"  data-ultimate-target='.uvc-heading.ultimate-heading-969269d11ca789b3e h2'  data-responsive-json-new='{\"font-size\":\"desktop:25px;\",\"line-height\":\"desktop:60px;\"}' ><h2 style=\"font-family:&#039;Open Sans&#039;;font-weight:600;\">Dr. Claude Pouliot<\/h2><\/div><div class=\"uvc-heading-spacer line_only\" style=\"topheight:5px;\"><span class=\"uvc-headings-line\" style=\"border-style:solid;border-bottom-width:5px;border-color:#0288d1;width:375px;\"><\/span><\/div><\/div>[vc_column_text css=&#8221;.vc_custom_1642108652864{background-color: #ffffff !important;}&#8221;]<\/p>\n<table style=\"border-collapse: collapse; cell-padding: 0; cell-spacing: 0; border: 0;\">\n<tbody>\n<tr>\n<td style=\"border: 0; background: none;\" width=\"300\" height=\"300\"><img loading=\"lazy\" decoding=\"async\" class=\"alignnone size-medium wp-image-7772\" src=\"https:\/\/excellemd.com\/wp-content\/uploads\/2022\/01\/claude-pouliot-300x300.png\" alt=\"\" width=\"300\" height=\"300\" srcset=\"https:\/\/excellemd.com\/wp-content\/uploads\/2022\/01\/claude-pouliot-300x300.png 300w, https:\/\/excellemd.com\/wp-content\/uploads\/2022\/01\/claude-pouliot-150x150.png 150w, https:\/\/excellemd.com\/wp-content\/uploads\/2022\/01\/claude-pouliot-146x146.png 146w, https:\/\/excellemd.com\/wp-content\/uploads\/2022\/01\/claude-pouliot-50x50.png 50w, https:\/\/excellemd.com\/wp-content\/uploads\/2022\/01\/claude-pouliot-75x75.png 75w, https:\/\/excellemd.com\/wp-content\/uploads\/2022\/01\/claude-pouliot-85x85.png 85w, https:\/\/excellemd.com\/wp-content\/uploads\/2022\/01\/claude-pouliot-80x80.png 80w, https:\/\/excellemd.com\/wp-content\/uploads\/2022\/01\/claude-pouliot.png 307w\" sizes=\"auto, (max-width: 300px) 100vw, 300px\" \/><\/td>\n<td style=\"border: 0; background: none; text-align: left; align: top; padding-left: 25px; vertical-align: top;\">Dr. Claude Pouliot has been a specialist in family medicine for 34 years with a very marked interest in dermatology for several years. He has had advanced training in dermoscopy, has experience as a consultant to general practitioners and specialists, and has diagnosed hundreds of skin cancers.You can make an appointment with Dr. Pouliot without request.<\/p>\n<p><strong>Contact us to make an appointment ! (450-735-8111 \/ 1-844-735-8111)<\/strong><\/td>\n<\/tr>\n<\/tbody>\n<\/table>\n<p>[\/vc_column_text][\/vc_column][\/vc_row]<\/p>\n","protected":false},"excerpt":{"rendered":"<p>[vc_row][vc_column][vc_column_text] The ExcelleMD clinics in are proud to offer you the services of Dr. Pouliot! Dr. Pouliot is a family physician and has been providing dermatology [&hellip;]<\/p>\n","protected":false},"author":15,"featured_media":0,"parent":0,"menu_order":0,"comment_status":"closed","ping_status":"closed","template":"","meta":{"_acf_changed":false,"_kad_blocks_custom_css":"","_kad_blocks_head_custom_js":"","_kad_blocks_body_custom_js":"","_kad_blocks_footer_custom_js":"","footnotes":""},"class_list":["post-7790","page","type-page","status-publish","hentry"],"acf":[],"yoast_head":"<!-- This site is optimized with the Yoast SEO plugin v27.3 - https:\/\/yoast.com\/product\/yoast-seo-wordpress\/ -->\n<title>Dermatology - Excelle MD<\/title>\n<meta name=\"robots\" content=\"index, follow, max-snippet:-1, max-image-preview:large, max-video-preview:-1\" \/>\n<link rel=\"canonical\" href=\"https:\/\/excellemd.com\/en\/dermatology\/\" \/>\n<meta property=\"og:locale\" content=\"en_US\" \/>\n<meta property=\"og:type\" content=\"article\" \/>\n<meta property=\"og:title\" content=\"Dermatology - Excelle MD\" \/>\n<meta property=\"og:description\" content=\"[vc_row][vc_column][vc_column_text] The ExcelleMD clinics in are proud to offer you the services of Dr. Pouliot! Dr. Pouliot is a family physician and has been providing dermatology [&hellip;]\" \/>\n<meta property=\"og:url\" content=\"https:\/\/excellemd.com\/en\/dermatology\/\" \/>\n<meta property=\"og:site_name\" content=\"Excelle MD\" \/>\n<meta property=\"article:modified_time\" content=\"2024-12-20T14:07:04+00:00\" \/>\n<meta property=\"og:image\" content=\"https:\/\/excellemd.com\/wp-content\/uploads\/2022\/01\/claude-pouliot.png\" \/>\n\t<meta property=\"og:image:width\" content=\"307\" \/>\n\t<meta property=\"og:image:height\" content=\"307\" \/>\n\t<meta property=\"og:image:type\" content=\"image\/png\" \/>\n<meta name=\"twitter:card\" content=\"summary_large_image\" \/>\n<meta name=\"twitter:label1\" content=\"Est. reading time\" \/>\n\t<meta name=\"twitter:data1\" content=\"3 minutes\" \/>\n<script type=\"application\/ld+json\" class=\"yoast-schema-graph\">{\"@context\":\"https:\\\/\\\/schema.org\",\"@graph\":[{\"@type\":\"WebPage\",\"@id\":\"https:\\\/\\\/excellemd.com\\\/en\\\/dermatology\\\/\",\"url\":\"https:\\\/\\\/excellemd.com\\\/en\\\/dermatology\\\/\",\"name\":\"Dermatology - Excelle MD\",\"isPartOf\":{\"@id\":\"https:\\\/\\\/excellemd.com\\\/#website\"},\"primaryImageOfPage\":{\"@id\":\"https:\\\/\\\/excellemd.com\\\/en\\\/dermatology\\\/#primaryimage\"},\"image\":{\"@id\":\"https:\\\/\\\/excellemd.com\\\/en\\\/dermatology\\\/#primaryimage\"},\"thumbnailUrl\":\"https:\\\/\\\/excellemd.com\\\/wp-content\\\/uploads\\\/2022\\\/01\\\/claude-pouliot-300x300.png\",\"datePublished\":\"2022-01-11T13:54:15+00:00\",\"dateModified\":\"2024-12-20T14:07:04+00:00\",\"breadcrumb\":{\"@id\":\"https:\\\/\\\/excellemd.com\\\/en\\\/dermatology\\\/#breadcrumb\"},\"inLanguage\":\"en-US\",\"potentialAction\":[{\"@type\":\"ReadAction\",\"target\":[\"https:\\\/\\\/excellemd.com\\\/en\\\/dermatology\\\/\"]}]},{\"@type\":\"ImageObject\",\"inLanguage\":\"en-US\",\"@id\":\"https:\\\/\\\/excellemd.com\\\/en\\\/dermatology\\\/#primaryimage\",\"url\":\"https:\\\/\\\/excellemd.com\\\/wp-content\\\/uploads\\\/2022\\\/01\\\/claude-pouliot-300x300.png\",\"contentUrl\":\"https:\\\/\\\/excellemd.com\\\/wp-content\\\/uploads\\\/2022\\\/01\\\/claude-pouliot-300x300.png\"},{\"@type\":\"BreadcrumbList\",\"@id\":\"https:\\\/\\\/excellemd.com\\\/en\\\/dermatology\\\/#breadcrumb\",\"itemListElement\":[{\"@type\":\"ListItem\",\"position\":1,\"name\":\"Accueil\",\"item\":\"https:\\\/\\\/excellemd.com\\\/en\\\/\"},{\"@type\":\"ListItem\",\"position\":2,\"name\":\"Dermatology\"}]},{\"@type\":\"WebSite\",\"@id\":\"https:\\\/\\\/excellemd.com\\\/#website\",\"url\":\"https:\\\/\\\/excellemd.com\\\/\",\"name\":\"Excelle MD\",\"description\":\"une clinique priv\u00e9e, qui offre \u00e0 leur client\u00e8le des soins m\u00e9dicaux rapides d\u2019acc\u00e8s\",\"potentialAction\":[{\"@type\":\"SearchAction\",\"target\":{\"@type\":\"EntryPoint\",\"urlTemplate\":\"https:\\\/\\\/excellemd.com\\\/?s={search_term_string}\"},\"query-input\":{\"@type\":\"PropertyValueSpecification\",\"valueRequired\":true,\"valueName\":\"search_term_string\"}}],\"inLanguage\":\"en-US\"}]}<\/script>\n<!-- \/ Yoast SEO plugin. -->","yoast_head_json":{"title":"Dermatology - Excelle MD","robots":{"index":"index","follow":"follow","max-snippet":"max-snippet:-1","max-image-preview":"max-image-preview:large","max-video-preview":"max-video-preview:-1"},"canonical":"https:\/\/excellemd.com\/en\/dermatology\/","og_locale":"en_US","og_type":"article","og_title":"Dermatology - Excelle MD","og_description":"[vc_row][vc_column][vc_column_text] The ExcelleMD clinics in are proud to offer you the services of Dr. Pouliot! Dr. Pouliot is a family physician and has been providing dermatology [&hellip;]","og_url":"https:\/\/excellemd.com\/en\/dermatology\/","og_site_name":"Excelle MD","article_modified_time":"2024-12-20T14:07:04+00:00","og_image":[{"width":307,"height":307,"url":"https:\/\/excellemd.com\/wp-content\/uploads\/2022\/01\/claude-pouliot.png","type":"image\/png"}],"twitter_card":"summary_large_image","twitter_misc":{"Est. reading time":"3 minutes"},"schema":{"@context":"https:\/\/schema.org","@graph":[{"@type":"WebPage","@id":"https:\/\/excellemd.com\/en\/dermatology\/","url":"https:\/\/excellemd.com\/en\/dermatology\/","name":"Dermatology - Excelle MD","isPartOf":{"@id":"https:\/\/excellemd.com\/#website"},"primaryImageOfPage":{"@id":"https:\/\/excellemd.com\/en\/dermatology\/#primaryimage"},"image":{"@id":"https:\/\/excellemd.com\/en\/dermatology\/#primaryimage"},"thumbnailUrl":"https:\/\/excellemd.com\/wp-content\/uploads\/2022\/01\/claude-pouliot-300x300.png","datePublished":"2022-01-11T13:54:15+00:00","dateModified":"2024-12-20T14:07:04+00:00","breadcrumb":{"@id":"https:\/\/excellemd.com\/en\/dermatology\/#breadcrumb"},"inLanguage":"en-US","potentialAction":[{"@type":"ReadAction","target":["https:\/\/excellemd.com\/en\/dermatology\/"]}]},{"@type":"ImageObject","inLanguage":"en-US","@id":"https:\/\/excellemd.com\/en\/dermatology\/#primaryimage","url":"https:\/\/excellemd.com\/wp-content\/uploads\/2022\/01\/claude-pouliot-300x300.png","contentUrl":"https:\/\/excellemd.com\/wp-content\/uploads\/2022\/01\/claude-pouliot-300x300.png"},{"@type":"BreadcrumbList","@id":"https:\/\/excellemd.com\/en\/dermatology\/#breadcrumb","itemListElement":[{"@type":"ListItem","position":1,"name":"Accueil","item":"https:\/\/excellemd.com\/en\/"},{"@type":"ListItem","position":2,"name":"Dermatology"}]},{"@type":"WebSite","@id":"https:\/\/excellemd.com\/#website","url":"https:\/\/excellemd.com\/","name":"Excelle MD","description":"une clinique priv\u00e9e, qui offre \u00e0 leur client\u00e8le des soins m\u00e9dicaux rapides d\u2019acc\u00e8s","potentialAction":[{"@type":"SearchAction","target":{"@type":"EntryPoint","urlTemplate":"https:\/\/excellemd.com\/?s={search_term_string}"},"query-input":{"@type":"PropertyValueSpecification","valueRequired":true,"valueName":"search_term_string"}}],"inLanguage":"en-US"}]}},"taxonomy_info":[],"featured_image_src_large":false,"author_info":{"display_name":"Vikrant Datta","author_link":"https:\/\/excellemd.com\/en\/author\/vikrant-dattawell-company\/"},"comment_info":0,"_links":{"self":[{"href":"https:\/\/excellemd.com\/en\/wp-json\/wp\/v2\/pages\/7790","targetHints":{"allow":["GET"]}}],"collection":[{"href":"https:\/\/excellemd.com\/en\/wp-json\/wp\/v2\/pages"}],"about":[{"href":"https:\/\/excellemd.com\/en\/wp-json\/wp\/v2\/types\/page"}],"author":[{"embeddable":true,"href":"https:\/\/excellemd.com\/en\/wp-json\/wp\/v2\/users\/15"}],"replies":[{"embeddable":true,"href":"https:\/\/excellemd.com\/en\/wp-json\/wp\/v2\/comments?post=7790"}],"version-history":[{"count":5,"href":"https:\/\/excellemd.com\/en\/wp-json\/wp\/v2\/pages\/7790\/revisions"}],"predecessor-version":[{"id":12297,"href":"https:\/\/excellemd.com\/en\/wp-json\/wp\/v2\/pages\/7790\/revisions\/12297"}],"wp:attachment":[{"href":"https:\/\/excellemd.com\/en\/wp-json\/wp\/v2\/media?parent=7790"}],"curies":[{"name":"wp","href":"https:\/\/api.w.org\/{rel}","templated":true}]}}