{"id":8264,"date":"2022-05-17T14:28:05","date_gmt":"2022-05-17T12:28:05","guid":{"rendered":"https:\/\/excellemd.com\/?page_id=8264"},"modified":"2024-01-23T17:35:33","modified_gmt":"2024-01-23T16:35:33","slug":"vasectomy","status":"publish","type":"page","link":"https:\/\/excellemd.com\/en\/vasectomy\/","title":{"rendered":"Vasectomy"},"content":{"rendered":"\n<div class=\"wp-block-columns is-layout-flex wp-container-core-columns-is-layout-9d6595d7 wp-block-columns-is-layout-flex\">\n<div class=\"wp-block-column is-layout-flow wp-block-column-is-layout-flow\" style=\"flex-basis:40%\">\n<p>Thinking about vasectomy?<\/p>\n\n\n\n<figure class=\"wp-block-image size-full\"><img loading=\"lazy\" decoding=\"async\" width=\"400\" height=\"225\" src=\"https:\/\/excellemd.com\/wp-content\/uploads\/2022\/05\/rsw_400cg_true-1.webp\" alt=\"\" class=\"wp-image-8281\" srcset=\"https:\/\/excellemd.com\/wp-content\/uploads\/2022\/05\/rsw_400cg_true-1.webp 400w, https:\/\/excellemd.com\/wp-content\/uploads\/2022\/05\/rsw_400cg_true-1-300x169.webp 300w, https:\/\/excellemd.com\/wp-content\/uploads\/2022\/05\/rsw_400cg_true-1-260x146.webp 260w, https:\/\/excellemd.com\/wp-content\/uploads\/2022\/05\/rsw_400cg_true-1-50x28.webp 50w, https:\/\/excellemd.com\/wp-content\/uploads\/2022\/05\/rsw_400cg_true-1-133x75.webp 133w\" sizes=\"auto, (max-width: 400px) 100vw, 400px\" \/><\/figure>\n<\/div>\n\n\n\n<div class=\"wp-block-column is-layout-flow wp-block-column-is-layout-flow\">\n<p style=\"font-size:1.5rem\"><strong>No-scalpel vasectomy<\/strong><\/p>\n\n\n\n<p>The vasectomy is a minor surgery performed in an office at the Saint-Eustache clinic.<br>The procedure is done under local anesthesia with a micro needle and lasts between 15 and 30 minutes. <br>Recovery is quick. <br>No stitches, no glue.<\/p>\n\n\n\n<h3>First visit before vasectomy<\/h3>\n\n\n\n<p>The first step is a <strong>preoperative consultation.<\/strong><\/p>\n\n\n\n<p>The first meeting allows the doctor to confirm that the vasectomy is the best birth control option for you, taking into account your medical condition. <br>Your spouse is welcome.<\/p>\n\n\n\n<p><strong>The appointment for the surgery can then be scheduled in a second time except in certain exceptions:<\/strong><\/p>\n\n\n\n<p>For example, if the canals are difficult to palpate (excess weight, past surgery, or other constraints).<\/p>\n\n\n\n<p>In all benevolence, the doctor might not recommend vasectomy.<\/p>\n\n\n\n<p>Certain screenings may be required before the procedure depending on your state of health.<\/p>\n\n\n\n<br>\n\n\n\nForm coming soon.\n<\/div>\n<\/div>\n\n\n\n<p><\/p>\n","protected":false},"excerpt":{"rendered":"<p>Thinking about vasectomy? No-scalpel vasectomy The vasectomy is a minor surgery performed in an office at the Saint-Eustache clinic.The procedure is done under local anesthesia with [&hellip;]<\/p>\n","protected":false},"author":15,"featured_media":0,"parent":0,"menu_order":0,"comment_status":"closed","ping_status":"closed","template":"","meta":{"_acf_changed":false,"_kad_blocks_custom_css":"","_kad_blocks_head_custom_js":"","_kad_blocks_body_custom_js":"","_kad_blocks_footer_custom_js":"","footnotes":""},"class_list":["post-8264","page","type-page","status-publish","hentry"],"acf":[],"yoast_head":"<!-- This site is optimized with the Yoast SEO plugin v27.3 - https:\/\/yoast.com\/product\/yoast-seo-wordpress\/ -->\n<title>Vasectomy - Excelle MD<\/title>\n<meta name=\"robots\" content=\"index, follow, max-snippet:-1, max-image-preview:large, max-video-preview:-1\" \/>\n<link rel=\"canonical\" href=\"https:\/\/excellemd.com\/en\/vasectomy\/\" \/>\n<meta property=\"og:locale\" content=\"en_US\" \/>\n<meta property=\"og:type\" content=\"article\" \/>\n<meta property=\"og:title\" content=\"Vasectomy - Excelle MD\" \/>\n<meta property=\"og:description\" content=\"Thinking about vasectomy? No-scalpel vasectomy The vasectomy is a minor surgery performed in an office at the Saint-Eustache clinic.The procedure is done under local anesthesia with [&hellip;]\" \/>\n<meta property=\"og:url\" content=\"https:\/\/excellemd.com\/en\/vasectomy\/\" \/>\n<meta property=\"og:site_name\" content=\"Excelle MD\" \/>\n<meta property=\"article:modified_time\" content=\"2024-01-23T16:35:33+00:00\" \/>\n<meta property=\"og:image\" content=\"https:\/\/excellemd.com\/wp-content\/uploads\/2022\/05\/rsw_400cg_true-1.webp\" \/>\n\t<meta property=\"og:image:width\" content=\"400\" \/>\n\t<meta property=\"og:image:height\" content=\"225\" \/>\n\t<meta property=\"og:image:type\" content=\"image\/webp\" \/>\n<meta name=\"twitter:card\" content=\"summary_large_image\" \/>\n<meta name=\"twitter:label1\" content=\"Est. reading time\" \/>\n\t<meta name=\"twitter:data1\" content=\"1 minute\" \/>\n<script type=\"application\/ld+json\" class=\"yoast-schema-graph\">{\"@context\":\"https:\\\/\\\/schema.org\",\"@graph\":[{\"@type\":\"WebPage\",\"@id\":\"https:\\\/\\\/excellemd.com\\\/en\\\/vasectomy\\\/\",\"url\":\"https:\\\/\\\/excellemd.com\\\/en\\\/vasectomy\\\/\",\"name\":\"Vasectomy - Excelle MD\",\"isPartOf\":{\"@id\":\"https:\\\/\\\/excellemd.com\\\/#website\"},\"primaryImageOfPage\":{\"@id\":\"https:\\\/\\\/excellemd.com\\\/en\\\/vasectomy\\\/#primaryimage\"},\"image\":{\"@id\":\"https:\\\/\\\/excellemd.com\\\/en\\\/vasectomy\\\/#primaryimage\"},\"thumbnailUrl\":\"https:\\\/\\\/excellemd.com\\\/wp-content\\\/uploads\\\/2022\\\/05\\\/rsw_400cg_true-1.webp\",\"datePublished\":\"2022-05-17T12:28:05+00:00\",\"dateModified\":\"2024-01-23T16:35:33+00:00\",\"breadcrumb\":{\"@id\":\"https:\\\/\\\/excellemd.com\\\/en\\\/vasectomy\\\/#breadcrumb\"},\"inLanguage\":\"en-US\",\"potentialAction\":[{\"@type\":\"ReadAction\",\"target\":[\"https:\\\/\\\/excellemd.com\\\/en\\\/vasectomy\\\/\"]}]},{\"@type\":\"ImageObject\",\"inLanguage\":\"en-US\",\"@id\":\"https:\\\/\\\/excellemd.com\\\/en\\\/vasectomy\\\/#primaryimage\",\"url\":\"https:\\\/\\\/excellemd.com\\\/wp-content\\\/uploads\\\/2022\\\/05\\\/rsw_400cg_true-1.webp\",\"contentUrl\":\"https:\\\/\\\/excellemd.com\\\/wp-content\\\/uploads\\\/2022\\\/05\\\/rsw_400cg_true-1.webp\"},{\"@type\":\"BreadcrumbList\",\"@id\":\"https:\\\/\\\/excellemd.com\\\/en\\\/vasectomy\\\/#breadcrumb\",\"itemListElement\":[{\"@type\":\"ListItem\",\"position\":1,\"name\":\"Accueil\",\"item\":\"https:\\\/\\\/excellemd.com\\\/en\\\/\"},{\"@type\":\"ListItem\",\"position\":2,\"name\":\"Vasectomy\"}]},{\"@type\":\"WebSite\",\"@id\":\"https:\\\/\\\/excellemd.com\\\/#website\",\"url\":\"https:\\\/\\\/excellemd.com\\\/\",\"name\":\"Excelle MD\",\"description\":\"une clinique priv\u00e9e, qui offre \u00e0 leur client\u00e8le des soins m\u00e9dicaux rapides d\u2019acc\u00e8s\",\"potentialAction\":[{\"@type\":\"SearchAction\",\"target\":{\"@type\":\"EntryPoint\",\"urlTemplate\":\"https:\\\/\\\/excellemd.com\\\/?s={search_term_string}\"},\"query-input\":{\"@type\":\"PropertyValueSpecification\",\"valueRequired\":true,\"valueName\":\"search_term_string\"}}],\"inLanguage\":\"en-US\"}]}<\/script>\n<!-- \/ Yoast SEO plugin. -->","yoast_head_json":{"title":"Vasectomy - Excelle MD","robots":{"index":"index","follow":"follow","max-snippet":"max-snippet:-1","max-image-preview":"max-image-preview:large","max-video-preview":"max-video-preview:-1"},"canonical":"https:\/\/excellemd.com\/en\/vasectomy\/","og_locale":"en_US","og_type":"article","og_title":"Vasectomy - Excelle MD","og_description":"Thinking about vasectomy? No-scalpel vasectomy The vasectomy is a minor surgery performed in an office at the Saint-Eustache clinic.The procedure is done under local anesthesia with [&hellip;]","og_url":"https:\/\/excellemd.com\/en\/vasectomy\/","og_site_name":"Excelle MD","article_modified_time":"2024-01-23T16:35:33+00:00","og_image":[{"width":400,"height":225,"url":"https:\/\/excellemd.com\/wp-content\/uploads\/2022\/05\/rsw_400cg_true-1.webp","type":"image\/webp"}],"twitter_card":"summary_large_image","twitter_misc":{"Est. reading time":"1 minute"},"schema":{"@context":"https:\/\/schema.org","@graph":[{"@type":"WebPage","@id":"https:\/\/excellemd.com\/en\/vasectomy\/","url":"https:\/\/excellemd.com\/en\/vasectomy\/","name":"Vasectomy - Excelle MD","isPartOf":{"@id":"https:\/\/excellemd.com\/#website"},"primaryImageOfPage":{"@id":"https:\/\/excellemd.com\/en\/vasectomy\/#primaryimage"},"image":{"@id":"https:\/\/excellemd.com\/en\/vasectomy\/#primaryimage"},"thumbnailUrl":"https:\/\/excellemd.com\/wp-content\/uploads\/2022\/05\/rsw_400cg_true-1.webp","datePublished":"2022-05-17T12:28:05+00:00","dateModified":"2024-01-23T16:35:33+00:00","breadcrumb":{"@id":"https:\/\/excellemd.com\/en\/vasectomy\/#breadcrumb"},"inLanguage":"en-US","potentialAction":[{"@type":"ReadAction","target":["https:\/\/excellemd.com\/en\/vasectomy\/"]}]},{"@type":"ImageObject","inLanguage":"en-US","@id":"https:\/\/excellemd.com\/en\/vasectomy\/#primaryimage","url":"https:\/\/excellemd.com\/wp-content\/uploads\/2022\/05\/rsw_400cg_true-1.webp","contentUrl":"https:\/\/excellemd.com\/wp-content\/uploads\/2022\/05\/rsw_400cg_true-1.webp"},{"@type":"BreadcrumbList","@id":"https:\/\/excellemd.com\/en\/vasectomy\/#breadcrumb","itemListElement":[{"@type":"ListItem","position":1,"name":"Accueil","item":"https:\/\/excellemd.com\/en\/"},{"@type":"ListItem","position":2,"name":"Vasectomy"}]},{"@type":"WebSite","@id":"https:\/\/excellemd.com\/#website","url":"https:\/\/excellemd.com\/","name":"Excelle MD","description":"une clinique priv\u00e9e, qui offre \u00e0 leur client\u00e8le des soins m\u00e9dicaux rapides d\u2019acc\u00e8s","potentialAction":[{"@type":"SearchAction","target":{"@type":"EntryPoint","urlTemplate":"https:\/\/excellemd.com\/?s={search_term_string}"},"query-input":{"@type":"PropertyValueSpecification","valueRequired":true,"valueName":"search_term_string"}}],"inLanguage":"en-US"}]}},"taxonomy_info":[],"featured_image_src_large":false,"author_info":{"display_name":"Vikrant Datta","author_link":"https:\/\/excellemd.com\/en\/author\/vikrant-dattawell-company\/"},"comment_info":0,"_links":{"self":[{"href":"https:\/\/excellemd.com\/en\/wp-json\/wp\/v2\/pages\/8264","targetHints":{"allow":["GET"]}}],"collection":[{"href":"https:\/\/excellemd.com\/en\/wp-json\/wp\/v2\/pages"}],"about":[{"href":"https:\/\/excellemd.com\/en\/wp-json\/wp\/v2\/types\/page"}],"author":[{"embeddable":true,"href":"https:\/\/excellemd.com\/en\/wp-json\/wp\/v2\/users\/15"}],"replies":[{"embeddable":true,"href":"https:\/\/excellemd.com\/en\/wp-json\/wp\/v2\/comments?post=8264"}],"version-history":[{"count":5,"href":"https:\/\/excellemd.com\/en\/wp-json\/wp\/v2\/pages\/8264\/revisions"}],"predecessor-version":[{"id":12114,"href":"https:\/\/excellemd.com\/en\/wp-json\/wp\/v2\/pages\/8264\/revisions\/12114"}],"wp:attachment":[{"href":"https:\/\/excellemd.com\/en\/wp-json\/wp\/v2\/media?parent=8264"}],"curies":[{"name":"wp","href":"https:\/\/api.w.org\/{rel}","templated":true}]}}