{"id":9153,"date":"2022-11-03T19:39:21","date_gmt":"2022-11-03T18:39:21","guid":{"rendered":"https:\/\/excellemd.com\/?page_id=9153"},"modified":"2025-05-25T17:41:48","modified_gmt":"2025-05-25T15:41:48","slug":"directory","status":"publish","type":"page","link":"https:\/\/excellemd.com\/en\/directory\/","title":{"rendered":"Directory"},"content":{"rendered":"\n<div style=\"margin-bottom:4rem;\"><p style=\"text-align:center;font-size:30px;font-weight:bold;color:black;\"><u style=\"text-decoration:none;border-bottom:4px solid #2991d6;\">Extension directory<\/u><\/p><\/div>\n\n\n\n<p class=\"has-black-color has-text-color has-medium-font-size\">Here are our most popular extensions. If the assistant is busy or absent, leave a message and she will call you back as soon as possible.<\/p>\n\n\n\n<div style=\"height:100px\" aria-hidden=\"true\" class=\"wp-block-spacer\"><\/div>\n\n\n\n<ul class=\"wp-block-list has-black-color has-text-color has-medium-font-size\">\n<li>ADHD, Aviation and Diving\n<ul class=\"wp-block-list\">\n<li>Ext 1003<\/li>\n<\/ul>\n<\/li>\n\n\n\n<li>Dr. Doyon, Dr. Lessard (General Surgery), Urology and Vasectomy, Dr. Lamarre, Dr. Anctil, Dr. Bonnaud\n<ul class=\"wp-block-list\">\n<li>Ext 1005<\/li>\n<\/ul>\n<\/li>\n\n\n\n<li>Dr. Souaid, Dr. Pouliot, Dr. Renaud, Dr. Javed, Migraine Clinic\n<ul class=\"wp-block-list\">\n<li>Ext 1007<\/li>\n<\/ul>\n<\/li>\n\n\n\n<li>Dr. Racine Rainville\n<ul class=\"wp-block-list\">\n<li>Ext 5310<\/li>\n<\/ul>\n<\/li>\n<\/ul>\n\n\n\n<div style=\"height:100px\" aria-hidden=\"true\" class=\"wp-block-spacer\"><\/div>\n\n\n\n<p class=\"has-black-color has-text-color has-medium-font-size\">If the doctor you saw is not listed, call the clinic you visited. You can leave a message or send an email via our <a href=\"https:\/\/excellemd.com\/en\/contact-us-2\/\" data-type=\"URL\" data-id=\"https:\/\/excellemd.com\/en\/contact-us-2\/\">Contact<\/a> page by filling out the &#8220;In-Clinic appointment or question&#8221; form.<\/p>\n","protected":false},"excerpt":{"rendered":"<p>Extension directory Here are our most popular extensions. If the assistant is busy or absent, leave a message and she will call you back as soon [&hellip;]<\/p>\n","protected":false},"author":15,"featured_media":0,"parent":0,"menu_order":0,"comment_status":"closed","ping_status":"closed","template":"","meta":{"_acf_changed":false,"_kad_blocks_custom_css":"","_kad_blocks_head_custom_js":"","_kad_blocks_body_custom_js":"","_kad_blocks_footer_custom_js":"","footnotes":""},"class_list":["post-9153","page","type-page","status-publish","hentry"],"acf":[],"yoast_head":"<!-- This site is optimized with the Yoast SEO plugin v27.3 - https:\/\/yoast.com\/product\/yoast-seo-wordpress\/ -->\n<title>Directory - ExcelleMD<\/title>\n<meta name=\"description\" content=\"Find the most popular extensions at ExcelleMD.\" \/>\n<meta name=\"robots\" content=\"index, follow, max-snippet:-1, max-image-preview:large, max-video-preview:-1\" \/>\n<link rel=\"canonical\" href=\"https:\/\/excellemd.com\/en\/directory\/\" \/>\n<meta property=\"og:locale\" content=\"en_US\" \/>\n<meta property=\"og:type\" content=\"article\" \/>\n<meta property=\"og:title\" content=\"Directory - ExcelleMD\" \/>\n<meta property=\"og:description\" content=\"Find the most popular extensions at ExcelleMD.\" \/>\n<meta property=\"og:url\" content=\"https:\/\/excellemd.com\/en\/directory\/\" \/>\n<meta property=\"og:site_name\" content=\"Excelle MD\" \/>\n<meta property=\"article:modified_time\" content=\"2025-05-25T15:41:48+00:00\" \/>\n<meta name=\"twitter:card\" content=\"summary_large_image\" \/>\n<meta name=\"twitter:label1\" content=\"Est. reading time\" \/>\n\t<meta name=\"twitter:data1\" content=\"1 minute\" \/>\n<script type=\"application\/ld+json\" class=\"yoast-schema-graph\">{\"@context\":\"https:\\\/\\\/schema.org\",\"@graph\":[{\"@type\":\"WebPage\",\"@id\":\"https:\\\/\\\/excellemd.com\\\/en\\\/directory\\\/\",\"url\":\"https:\\\/\\\/excellemd.com\\\/en\\\/directory\\\/\",\"name\":\"Directory - ExcelleMD\",\"isPartOf\":{\"@id\":\"https:\\\/\\\/excellemd.com\\\/#website\"},\"datePublished\":\"2022-11-03T18:39:21+00:00\",\"dateModified\":\"2025-05-25T15:41:48+00:00\",\"description\":\"Find the most popular extensions at ExcelleMD.\",\"breadcrumb\":{\"@id\":\"https:\\\/\\\/excellemd.com\\\/en\\\/directory\\\/#breadcrumb\"},\"inLanguage\":\"en-US\",\"potentialAction\":[{\"@type\":\"ReadAction\",\"target\":[\"https:\\\/\\\/excellemd.com\\\/en\\\/directory\\\/\"]}]},{\"@type\":\"BreadcrumbList\",\"@id\":\"https:\\\/\\\/excellemd.com\\\/en\\\/directory\\\/#breadcrumb\",\"itemListElement\":[{\"@type\":\"ListItem\",\"position\":1,\"name\":\"Accueil\",\"item\":\"https:\\\/\\\/excellemd.com\\\/en\\\/\"},{\"@type\":\"ListItem\",\"position\":2,\"name\":\"Directory\"}]},{\"@type\":\"WebSite\",\"@id\":\"https:\\\/\\\/excellemd.com\\\/#website\",\"url\":\"https:\\\/\\\/excellemd.com\\\/\",\"name\":\"Excelle MD\",\"description\":\"une clinique priv\u00e9e, qui offre \u00e0 leur client\u00e8le des soins m\u00e9dicaux rapides d\u2019acc\u00e8s\",\"potentialAction\":[{\"@type\":\"SearchAction\",\"target\":{\"@type\":\"EntryPoint\",\"urlTemplate\":\"https:\\\/\\\/excellemd.com\\\/?s={search_term_string}\"},\"query-input\":{\"@type\":\"PropertyValueSpecification\",\"valueRequired\":true,\"valueName\":\"search_term_string\"}}],\"inLanguage\":\"en-US\"}]}<\/script>\n<!-- \/ Yoast SEO plugin. -->","yoast_head_json":{"title":"Directory - ExcelleMD","description":"Find the most popular extensions at ExcelleMD.","robots":{"index":"index","follow":"follow","max-snippet":"max-snippet:-1","max-image-preview":"max-image-preview:large","max-video-preview":"max-video-preview:-1"},"canonical":"https:\/\/excellemd.com\/en\/directory\/","og_locale":"en_US","og_type":"article","og_title":"Directory - ExcelleMD","og_description":"Find the most popular extensions at ExcelleMD.","og_url":"https:\/\/excellemd.com\/en\/directory\/","og_site_name":"Excelle MD","article_modified_time":"2025-05-25T15:41:48+00:00","twitter_card":"summary_large_image","twitter_misc":{"Est. reading time":"1 minute"},"schema":{"@context":"https:\/\/schema.org","@graph":[{"@type":"WebPage","@id":"https:\/\/excellemd.com\/en\/directory\/","url":"https:\/\/excellemd.com\/en\/directory\/","name":"Directory - ExcelleMD","isPartOf":{"@id":"https:\/\/excellemd.com\/#website"},"datePublished":"2022-11-03T18:39:21+00:00","dateModified":"2025-05-25T15:41:48+00:00","description":"Find the most popular extensions at ExcelleMD.","breadcrumb":{"@id":"https:\/\/excellemd.com\/en\/directory\/#breadcrumb"},"inLanguage":"en-US","potentialAction":[{"@type":"ReadAction","target":["https:\/\/excellemd.com\/en\/directory\/"]}]},{"@type":"BreadcrumbList","@id":"https:\/\/excellemd.com\/en\/directory\/#breadcrumb","itemListElement":[{"@type":"ListItem","position":1,"name":"Accueil","item":"https:\/\/excellemd.com\/en\/"},{"@type":"ListItem","position":2,"name":"Directory"}]},{"@type":"WebSite","@id":"https:\/\/excellemd.com\/#website","url":"https:\/\/excellemd.com\/","name":"Excelle MD","description":"une clinique priv\u00e9e, qui offre \u00e0 leur client\u00e8le des soins m\u00e9dicaux rapides d\u2019acc\u00e8s","potentialAction":[{"@type":"SearchAction","target":{"@type":"EntryPoint","urlTemplate":"https:\/\/excellemd.com\/?s={search_term_string}"},"query-input":{"@type":"PropertyValueSpecification","valueRequired":true,"valueName":"search_term_string"}}],"inLanguage":"en-US"}]}},"taxonomy_info":[],"featured_image_src_large":false,"author_info":{"display_name":"Vikrant Datta","author_link":"https:\/\/excellemd.com\/en\/author\/vikrant-dattawell-company\/"},"comment_info":0,"_links":{"self":[{"href":"https:\/\/excellemd.com\/en\/wp-json\/wp\/v2\/pages\/9153","targetHints":{"allow":["GET"]}}],"collection":[{"href":"https:\/\/excellemd.com\/en\/wp-json\/wp\/v2\/pages"}],"about":[{"href":"https:\/\/excellemd.com\/en\/wp-json\/wp\/v2\/types\/page"}],"author":[{"embeddable":true,"href":"https:\/\/excellemd.com\/en\/wp-json\/wp\/v2\/users\/15"}],"replies":[{"embeddable":true,"href":"https:\/\/excellemd.com\/en\/wp-json\/wp\/v2\/comments?post=9153"}],"version-history":[{"count":5,"href":"https:\/\/excellemd.com\/en\/wp-json\/wp\/v2\/pages\/9153\/revisions"}],"predecessor-version":[{"id":12651,"href":"https:\/\/excellemd.com\/en\/wp-json\/wp\/v2\/pages\/9153\/revisions\/12651"}],"wp:attachment":[{"href":"https:\/\/excellemd.com\/en\/wp-json\/wp\/v2\/media?parent=9153"}],"curies":[{"name":"wp","href":"https:\/\/api.w.org\/{rel}","templated":true}]}}