{"id":9549,"date":"2022-12-19T17:08:22","date_gmt":"2022-12-19T16:08:22","guid":{"rendered":"https:\/\/excellemd.com\/?page_id=9549"},"modified":"2023-08-15T16:05:25","modified_gmt":"2023-08-15T14:05:25","slug":"urology","status":"publish","type":"page","link":"https:\/\/excellemd.com\/en\/urology\/","title":{"rendered":"Urology"},"content":{"rendered":"\n<div style=\"width:40ch;margin-left:auto;margin-right:auto;border-bottom:6px solid #2992D6;margin-bottom:2rem;\"><h1 class=\"alignwide has-text-align-center\" style=\"font-size:52px;line-height:1.1;font-weight:bold\">Urology<\/h1><\/div>\n\n\n\n<p class=\"has-text-align-center has-medium-font-size\"><strong>ExcelleMD is proud to offer urology services!<\/strong><\/p>\n\n\n\n<p class=\"has-text-align-center has-medium-font-size\">Urology is a practice aimed at diagnosing and treating diseases that affect the urinary tract. This service is available for both men and women.<\/p>\n\n\n\n<p class=\"has-text-align-center has-medium-font-size\">The urologist is also specialized in diagnosing and treating problems with the reproductive system in men.<\/p>\n\n\n\n<p class=\"has-text-align-center has-medium-font-size\"><strong> Contact us at 450-735-8111. <\/strong><\/p>\n\n\n\n<div style=\"height:50px\" aria-hidden=\"true\" class=\"wp-block-spacer\"><\/div>\n\n\n\n<div class=\"wp-block-columns is-layout-flex wp-container-core-columns-is-layout-9d6595d7 wp-block-columns-is-layout-flex\">\n<div class=\"wp-block-column is-layout-flow wp-block-column-is-layout-flow\">\n<div style=\"width:45ch;margin-left:auto;margin-right:auto;border-bottom:6px solid #2992D6;margin-bottom:2rem;\"><h1 class=\"alignwide has-text-align-center\" style=\"font-size:52px;line-height:1.1;font-weight:bold\">Area of Expertise<\/h1><\/div>\n\n\n\n<p class=\"has-medium-font-size\">The problems we treat are related to urinary problems such as, incontinence, urinary difficulty, screening for urological cancers such as prostate and bladder, male infertility, erectile dysfunction and benign prostatic hyperplasia. We also offer minor surgeries such as circumcision, vasectomy and frenulectomy.<\/p>\n<\/div>\n\n\n\n<div class=\"wp-block-column is-layout-flow wp-block-column-is-layout-flow\">\n<div style=\"width:45ch;margin-left:auto;margin-right:auto;border-bottom:6px solid #2992D6;margin-bottom:2rem;\"><h1 class=\"alignwide has-text-align-center\" style=\"font-size:52px;line-height:1.1;font-weight:bold\">Examples of services:<\/h1><\/div>\n\n\n\n<ul class=\"has-medium-font-size wp-block-list\">\n<li>FUSION ECHO MRI prostate biopsy for cancer diagnosis<\/li>\n\n\n\n<li>Bladder biopsy for early detection and treatment of most bladder tumors &nbsp;<\/li>\n\n\n\n<li>Diagnostic cystoscopy&nbsp;<\/li>\n\n\n\n<li>Ultrasound of the kidney, bladder, prostate and scrotum<\/li>\n\n\n\n<li>Circumcision for babies, children and adults,<\/li>\n\n\n\n<li>Circumcision revision<\/li>\n\n\n\n<li>Frenulectomy<\/li>\n\n\n\n<li>Vasectomy without scalpel<\/li>\n\n\n\n<li>Laser urethral dilation<\/li>\n\n\n\n<li>Residue flow test<\/li>\n<\/ul>\n<\/div>\n<\/div>\n\n\n\n<p> [vc_row][vc_column][vc_empty_space height=&#8221;10px&#8221;][\/vc_column][\/vc_row][vc_row full_width=&#8221;stretch_row_content_no_spaces&#8221; content_placement=&#8221;middle&#8221; bg_type=&#8221;grad&#8221; bg_override=&#8221;full&#8221; css=&#8221;.vc_custom_1622119674442{background-color: #ffffff !important;}&#8221; bg_grad=&#8221;background: -webkit-gradient(linear, left top, left bottom, color-stop(0%, #49B4E2), color-stop(99%, #0271A8));background: -moz-linear-gradient(left,#49B4E2 0%,#0271A8 99%);background: -webkit-linear-gradient(left,#49B4E2 0%,#0271A8 99%);background: -o-linear-gradient(left,#49B4E2 0%,#0271A8 99%);background: -ms-linear-gradient(left,#49B4E2 0%,#0271A8 99%);background: linear-gradient(left,#49B4E2 0%,#0271A8 99%);&#8221;][vc_column css=&#8221;.vc_custom_1622119847062{padding-top: 70px !important;padding-bottom: 20px !important;}&#8221;]<div id=\"ultimate-heading-438369d11ec5be176\" class=\"uvc-heading ult-adjust-bottom-margin ultimate-heading-438369d11ec5be176 uvc-561 \" data-hspacer=\"no_spacer\"  data-halign=\"center\" style=\"text-align:center\"><div class=\"uvc-heading-spacer no_spacer\" style=\"top\"><\/div><div class=\"uvc-main-heading ult-responsive\"  data-ultimate-target='.uvc-heading.ultimate-heading-438369d11ec5be176 h2'  data-responsive-json-new='{\"font-size\":\"desktop:30px;\",\"line-height\":\"\"}' ><h2 style=\"font-family:&#039;Open Sans&#039;;font-weight:700;color:#ffffff;\">MAKE AN APPOINTMENT TODAY<\/h2><\/div><\/div><div class=\" ubtn-ctn-center \"><a class=\"ubtn-link ult-adjust-bottom-margin ubtn-center ubtn-large \" href=\"https:\/\/excellemd.com\/en\/make-appointment\" ><button type=\"button\" id=\"ubtn-4679\"  class=\"ubtn ult-adjust-bottom-margin ult-responsive ubtn-large ubtn-no-hover-bg  none  ubtn-sep-icon ubtn-sep-icon-right-push  ubtn-center   tooltip-69d11ec5be277\"  data-hover=\"\" data-border-color=\"\" data-bg=\"#efefef\" data-hover-bg=\"\" data-border-hover=\"\" data-shadow-hover=\"\" data-shadow-click=\"none\" data-shadow=\"\" data-shd-shadow=\"\"  data-ultimate-target='#ubtn-4679'  data-responsive-json-new='{\"font-size\":\"desktop:25px;\",\"line-height\":\"\"}'  style=\"font-family:&#039;Open Sans&#039;;font-weight:700;border:none;background: #efefef;color: #1e73be;\"><span class=\"ubtn-data ubtn-icon\"><i class=\"Defaults-angle-right\" style=\"font-size:50px;color:#1e73be;\"><\/i><\/span><span class=\"ubtn-hover\" style=\"background-color:\"><\/span><span class=\"ubtn-data ubtn-text \" > MAKE AN APPOINTMENT<\/span><\/button><\/a><\/div>[\/vc_column][\/vc_row] <\/p>\n\n\n\n<div style=\"height:100px\" aria-hidden=\"true\" class=\"wp-block-spacer\"><\/div>\n\n\n\n<div style=\"height:25px\" aria-hidden=\"true\" class=\"wp-block-spacer\"><\/div>\n\n\n\n<div style=\"max-width:70ch;margin-left:auto;margin-right:auto;border-bottom:6px solid #2992D6;margin-bottom:2rem;\"><h2 class=\"alignwide has-text-align-center\" style=\"font-size:48px;line-height:1.1;font-weight:bold\">Dre. Genevi\u00e8ve Desbiens<\/h2><\/div>\n\n\n\n<div class=\"wp-block-columns is-layout-flex wp-container-core-columns-is-layout-9d6595d7 wp-block-columns-is-layout-flex\">\n<div class=\"wp-block-column is-layout-flow wp-block-column-is-layout-flow\" style=\"flex-basis:33.33%\">\n<figure class=\"wp-block-image size-large is-style-rounded\"><img loading=\"lazy\" decoding=\"async\" width=\"1024\" height=\"999\" src=\"https:\/\/excellemd.com\/wp-content\/uploads\/2023\/03\/P2-1024x999.jpg\" alt=\"\" class=\"wp-image-10355\" srcset=\"https:\/\/excellemd.com\/wp-content\/uploads\/2023\/03\/P2-1024x999.jpg 1024w, https:\/\/excellemd.com\/wp-content\/uploads\/2023\/03\/P2-300x293.jpg 300w, https:\/\/excellemd.com\/wp-content\/uploads\/2023\/03\/P2-768x749.jpg 768w, https:\/\/excellemd.com\/wp-content\/uploads\/2023\/03\/P2-1536x1498.jpg 1536w, https:\/\/excellemd.com\/wp-content\/uploads\/2023\/03\/P2-2048x1998.jpg 2048w, https:\/\/excellemd.com\/wp-content\/uploads\/2023\/03\/P2-150x146.jpg 150w, https:\/\/excellemd.com\/wp-content\/uploads\/2023\/03\/P2-50x50.jpg 50w, https:\/\/excellemd.com\/wp-content\/uploads\/2023\/03\/P2-77x75.jpg 77w\" sizes=\"auto, (max-width: 1024px) 100vw, 1024px\" \/><\/figure>\n<\/div>\n\n\n\n<div class=\"wp-block-column is-layout-flow wp-block-column-is-layout-flow\" style=\"flex-basis:66.66%\">\n<p class=\"has-medium-font-size\">Dr. Desbiens completed his medical studies at the University of Montreal. At the same time, she obtained a master&#8217;s degree in biomedical sciences allowing her to deepen her knowledge in surgical research. She has practiced in many hospitals in the greater Montreal area, in which she has been at different times either head of service, head of department and\/or president of the CPDP. Being passionate about improving clinical practices in healthcare institutions, she made it her hobbyhorse and her thesis topic for her Doctorate in Administration (PhD) obtained at HEC Montr\u00e9al in 2017. She has acquired extensive experience in urology general both in the hospital and in private practice. Practicing exclusively in private since 2021, she offers personalized service to her patients, many of whom have complex problems and\/or concerns about their care. His attentive listening, his scientific rigor, the precision and clarity of his explanations, his humanity and his integrity make you feel treated like a member of his family.<\/p>\n\n\n\n<p class=\"has-medium-font-size\">Dr. Desbiens was also a pioneer in urethropexy techniques. She has performed numerous oncological surgeries, as well as endourology. Dr. Desbiens has also developed expertise in community urooncology and has set up a supervision program for the management of patients requiring local advanced care with their attending physicians.<\/p>\n\n\n\n<p class=\"has-medium-font-size\">Dr. Desbiens participates in numerous courses and conferences, in order to deepen his fields of interest and to offer a practice based on the latest scientific evidence to his patients.<\/p>\n<\/div>\n<\/div>\n","protected":false},"excerpt":{"rendered":"<p>Urology ExcelleMD is proud to offer urology services! Urology is a practice aimed at diagnosing and treating diseases that affect the urinary tract. This service is [&hellip;]<\/p>\n","protected":false},"author":15,"featured_media":0,"parent":0,"menu_order":0,"comment_status":"closed","ping_status":"closed","template":"","meta":{"_acf_changed":false,"_kad_blocks_custom_css":"","_kad_blocks_head_custom_js":"","_kad_blocks_body_custom_js":"","_kad_blocks_footer_custom_js":"","footnotes":""},"class_list":["post-9549","page","type-page","status-publish","hentry"],"acf":[],"yoast_head":"<!-- This site is optimized with the Yoast SEO plugin v27.3 - https:\/\/yoast.com\/product\/yoast-seo-wordpress\/ -->\n<title>Urology - Excelle MD<\/title>\n<meta name=\"robots\" content=\"index, follow, max-snippet:-1, max-image-preview:large, max-video-preview:-1\" \/>\n<link rel=\"canonical\" href=\"https:\/\/excellemd.com\/en\/urology\/\" \/>\n<meta property=\"og:locale\" content=\"en_US\" \/>\n<meta property=\"og:type\" content=\"article\" \/>\n<meta property=\"og:title\" content=\"Urology - Excelle MD\" \/>\n<meta property=\"og:description\" content=\"Urology ExcelleMD is proud to offer urology services! Urology is a practice aimed at diagnosing and treating diseases that affect the urinary tract. This service is [&hellip;]\" \/>\n<meta property=\"og:url\" content=\"https:\/\/excellemd.com\/en\/urology\/\" \/>\n<meta property=\"og:site_name\" content=\"Excelle MD\" \/>\n<meta property=\"article:modified_time\" content=\"2023-08-15T14:05:25+00:00\" \/>\n<meta property=\"og:image\" content=\"https:\/\/excellemd.com\/wp-content\/uploads\/2023\/03\/P2-scaled.jpg\" \/>\n\t<meta property=\"og:image:width\" content=\"2560\" \/>\n\t<meta property=\"og:image:height\" content=\"2497\" \/>\n\t<meta property=\"og:image:type\" content=\"image\/jpeg\" \/>\n<meta name=\"twitter:card\" content=\"summary_large_image\" \/>\n<meta name=\"twitter:label1\" content=\"Est. reading time\" \/>\n\t<meta name=\"twitter:data1\" content=\"3 minutes\" \/>\n<script type=\"application\/ld+json\" class=\"yoast-schema-graph\">{\"@context\":\"https:\\\/\\\/schema.org\",\"@graph\":[{\"@type\":\"WebPage\",\"@id\":\"https:\\\/\\\/excellemd.com\\\/en\\\/urology\\\/\",\"url\":\"https:\\\/\\\/excellemd.com\\\/en\\\/urology\\\/\",\"name\":\"Urology - Excelle MD\",\"isPartOf\":{\"@id\":\"https:\\\/\\\/excellemd.com\\\/#website\"},\"primaryImageOfPage\":{\"@id\":\"https:\\\/\\\/excellemd.com\\\/en\\\/urology\\\/#primaryimage\"},\"image\":{\"@id\":\"https:\\\/\\\/excellemd.com\\\/en\\\/urology\\\/#primaryimage\"},\"thumbnailUrl\":\"https:\\\/\\\/excellemd.com\\\/wp-content\\\/uploads\\\/2023\\\/03\\\/P2-1024x999.jpg\",\"datePublished\":\"2022-12-19T16:08:22+00:00\",\"dateModified\":\"2023-08-15T14:05:25+00:00\",\"breadcrumb\":{\"@id\":\"https:\\\/\\\/excellemd.com\\\/en\\\/urology\\\/#breadcrumb\"},\"inLanguage\":\"en-US\",\"potentialAction\":[{\"@type\":\"ReadAction\",\"target\":[\"https:\\\/\\\/excellemd.com\\\/en\\\/urology\\\/\"]}]},{\"@type\":\"ImageObject\",\"inLanguage\":\"en-US\",\"@id\":\"https:\\\/\\\/excellemd.com\\\/en\\\/urology\\\/#primaryimage\",\"url\":\"https:\\\/\\\/excellemd.com\\\/wp-content\\\/uploads\\\/2023\\\/03\\\/P2-1024x999.jpg\",\"contentUrl\":\"https:\\\/\\\/excellemd.com\\\/wp-content\\\/uploads\\\/2023\\\/03\\\/P2-1024x999.jpg\"},{\"@type\":\"BreadcrumbList\",\"@id\":\"https:\\\/\\\/excellemd.com\\\/en\\\/urology\\\/#breadcrumb\",\"itemListElement\":[{\"@type\":\"ListItem\",\"position\":1,\"name\":\"Accueil\",\"item\":\"https:\\\/\\\/excellemd.com\\\/en\\\/\"},{\"@type\":\"ListItem\",\"position\":2,\"name\":\"Urology\"}]},{\"@type\":\"WebSite\",\"@id\":\"https:\\\/\\\/excellemd.com\\\/#website\",\"url\":\"https:\\\/\\\/excellemd.com\\\/\",\"name\":\"Excelle MD\",\"description\":\"une clinique priv\u00e9e, qui offre \u00e0 leur client\u00e8le des soins m\u00e9dicaux rapides d\u2019acc\u00e8s\",\"potentialAction\":[{\"@type\":\"SearchAction\",\"target\":{\"@type\":\"EntryPoint\",\"urlTemplate\":\"https:\\\/\\\/excellemd.com\\\/?s={search_term_string}\"},\"query-input\":{\"@type\":\"PropertyValueSpecification\",\"valueRequired\":true,\"valueName\":\"search_term_string\"}}],\"inLanguage\":\"en-US\"}]}<\/script>\n<!-- \/ Yoast SEO plugin. -->","yoast_head_json":{"title":"Urology - Excelle MD","robots":{"index":"index","follow":"follow","max-snippet":"max-snippet:-1","max-image-preview":"max-image-preview:large","max-video-preview":"max-video-preview:-1"},"canonical":"https:\/\/excellemd.com\/en\/urology\/","og_locale":"en_US","og_type":"article","og_title":"Urology - Excelle MD","og_description":"Urology ExcelleMD is proud to offer urology services! Urology is a practice aimed at diagnosing and treating diseases that affect the urinary tract. This service is [&hellip;]","og_url":"https:\/\/excellemd.com\/en\/urology\/","og_site_name":"Excelle MD","article_modified_time":"2023-08-15T14:05:25+00:00","og_image":[{"width":2560,"height":2497,"url":"https:\/\/excellemd.com\/wp-content\/uploads\/2023\/03\/P2-scaled.jpg","type":"image\/jpeg"}],"twitter_card":"summary_large_image","twitter_misc":{"Est. reading time":"3 minutes"},"schema":{"@context":"https:\/\/schema.org","@graph":[{"@type":"WebPage","@id":"https:\/\/excellemd.com\/en\/urology\/","url":"https:\/\/excellemd.com\/en\/urology\/","name":"Urology - Excelle MD","isPartOf":{"@id":"https:\/\/excellemd.com\/#website"},"primaryImageOfPage":{"@id":"https:\/\/excellemd.com\/en\/urology\/#primaryimage"},"image":{"@id":"https:\/\/excellemd.com\/en\/urology\/#primaryimage"},"thumbnailUrl":"https:\/\/excellemd.com\/wp-content\/uploads\/2023\/03\/P2-1024x999.jpg","datePublished":"2022-12-19T16:08:22+00:00","dateModified":"2023-08-15T14:05:25+00:00","breadcrumb":{"@id":"https:\/\/excellemd.com\/en\/urology\/#breadcrumb"},"inLanguage":"en-US","potentialAction":[{"@type":"ReadAction","target":["https:\/\/excellemd.com\/en\/urology\/"]}]},{"@type":"ImageObject","inLanguage":"en-US","@id":"https:\/\/excellemd.com\/en\/urology\/#primaryimage","url":"https:\/\/excellemd.com\/wp-content\/uploads\/2023\/03\/P2-1024x999.jpg","contentUrl":"https:\/\/excellemd.com\/wp-content\/uploads\/2023\/03\/P2-1024x999.jpg"},{"@type":"BreadcrumbList","@id":"https:\/\/excellemd.com\/en\/urology\/#breadcrumb","itemListElement":[{"@type":"ListItem","position":1,"name":"Accueil","item":"https:\/\/excellemd.com\/en\/"},{"@type":"ListItem","position":2,"name":"Urology"}]},{"@type":"WebSite","@id":"https:\/\/excellemd.com\/#website","url":"https:\/\/excellemd.com\/","name":"Excelle MD","description":"une clinique priv\u00e9e, qui offre \u00e0 leur client\u00e8le des soins m\u00e9dicaux rapides d\u2019acc\u00e8s","potentialAction":[{"@type":"SearchAction","target":{"@type":"EntryPoint","urlTemplate":"https:\/\/excellemd.com\/?s={search_term_string}"},"query-input":{"@type":"PropertyValueSpecification","valueRequired":true,"valueName":"search_term_string"}}],"inLanguage":"en-US"}]}},"taxonomy_info":[],"featured_image_src_large":false,"author_info":{"display_name":"Vikrant Datta","author_link":"https:\/\/excellemd.com\/en\/author\/vikrant-dattawell-company\/"},"comment_info":0,"_links":{"self":[{"href":"https:\/\/excellemd.com\/en\/wp-json\/wp\/v2\/pages\/9549","targetHints":{"allow":["GET"]}}],"collection":[{"href":"https:\/\/excellemd.com\/en\/wp-json\/wp\/v2\/pages"}],"about":[{"href":"https:\/\/excellemd.com\/en\/wp-json\/wp\/v2\/types\/page"}],"author":[{"embeddable":true,"href":"https:\/\/excellemd.com\/en\/wp-json\/wp\/v2\/users\/15"}],"replies":[{"embeddable":true,"href":"https:\/\/excellemd.com\/en\/wp-json\/wp\/v2\/comments?post=9549"}],"version-history":[{"count":5,"href":"https:\/\/excellemd.com\/en\/wp-json\/wp\/v2\/pages\/9549\/revisions"}],"predecessor-version":[{"id":11355,"href":"https:\/\/excellemd.com\/en\/wp-json\/wp\/v2\/pages\/9549\/revisions\/11355"}],"wp:attachment":[{"href":"https:\/\/excellemd.com\/en\/wp-json\/wp\/v2\/media?parent=9549"}],"curies":[{"name":"wp","href":"https:\/\/api.w.org\/{rel}","templated":true}]}}